{"id":1798,"date":"2023-10-04T16:05:44","date_gmt":"2023-10-04T20:05:44","guid":{"rendered":"https:\/\/oceaneering.com\/?page_id=1798"},"modified":"2025-11-18T03:31:27","modified_gmt":"2025-11-18T09:31:27","slug":"maxmover-cb-d-2000","status":"publish","type":"page","link":"https:\/\/www.oceaneering.com\/pt\/oceaneering-mobile-robotics-omr\/maxmover-cb-d-2000\/","title":{"rendered":"Empilhadeira de contrapeso: MaxMover\u2122 CB D 2000"},"content":{"rendered":"<a href=\"https:\/\/www.oceaneering.com\/pt\/oceaneering-mobile-robotics-omr\/#contact\" target=\"_self\">\n\t\t\t\t\t\t\tDiscutir um projeto\n\t\t\t\t\t<\/a>\n\t\tEmpilhadeira de contrapeso\n<h1>\n\t\tMaxMover\u2122 CB D 2000\n\t<\/h1>\n\t<p>O vers\u00e1til MaxMover\u2122 CB D 2000 acomoda uma variedade de tipos de carga de diferentes tamanhos e pesos.<\/p>\n\t\t\t\t<img loading=\"lazy\" decoding=\"async\" src=\"https:\/\/www.oceaneering.com\/wp-content\/uploads\/2025\/08\/240823_Maxmover_Perspective-view-header-b.webp\" alt=\"The Oceaneering Mobile Robotics MaxMover\u2122 CB D 2000 Counterbalance Forklift from side view.\" itemprop=\"image\" height=\"930\" width=\"882\" title=\"240823_Maxmover_Perspective view header b\" onerror=\"this.style.display='none'\"  \/>\n<h3>\n\t\tMaxMover\u2122 CB D 2000\n\t<\/h3>\n\t<p>Resolva os desafios operacionais e supere a escassez de m\u00e3o de obra com solu\u00e7\u00f5es rob\u00f3ticas m\u00f3veis inovadoras baseadas em tecnologia aut\u00f4noma. Projetado especificamente para uso em log\u00edstica de armaz\u00e9ns, opera\u00e7\u00f5es de fabrica\u00e7\u00e3o, centros de distribui\u00e7\u00e3o e linhas de montagem, o MaxMoverTM CB D 2000 oferece um verdadeiro substituto para as empilhadeiras de contrapeso convencionais.<\/p>\n<h5>\n\t\tTipos de carga\n\t<\/h5>\n\t<ul>\n\t\t\t\t\t<li>\n\t\t\t\tPaletes convencionais (GMA, EUR)\n\t\t\t<\/li>\n\t\t\t\t\t<li>\n\t\t\t\tPaletes automotivos especializados\n\t\t\t<\/li>\n\t\t\t\t\t<li>\n\t\t\t\tRacks\n\t\t\t<\/li>\n\t\t\t\t\t<li>\n\t\t\t\tCarrinhos\n\t\t\t<\/li>\n\t\t\t<\/ul>\n<h5>\n\t\tFolhetos\n\t<\/h5>\n\t\t\t<a href=\"https:\/\/oceaneering.canto.com\/download\/document\/pjmmen9qq1719cvisj0epn4f6n\/original.pdf\" target=\"_blank\" rel=\"noopener\">\n\t\t\t\t\t\t\tMaxMover\u2122 CB D 2000 | Ingl\u00eas\n\t\t\t<\/a>\n\t\t\t\t<img decoding=\"async\" src=\"https:\/\/oceaneering.com\/wp-content\/uploads\/2023\/10\/AGV-Vehicle-Features-Icons_Set-01_Drive-small.png\" alt=\"AGV-Vehicle-Features-Icons_Set-01_Drive-small\" itemprop=\"image\" title=\"AGV-Ve\u00edculo-Recursos-Icones_Set-01_Drive-small\" onerror=\"this.style.display='none'\"  \/>\n<h3>\n\t\tDirigir\n\t<\/h3>\n\t<p>Diferencial<\/p>\n\t\t\t\t<img decoding=\"async\" src=\"https:\/\/oceaneering.com\/wp-content\/uploads\/2023\/10\/AGV-Vehicle-Features-Icons_Set-01_Drive-speed-small.png\" alt=\"AGV-Vehicle-Features-Icons_Set-01_Drive-speed-small\" itemprop=\"image\" title=\"AGV-Vehicle-Features-Icons_Set-01_Drive-speed-small\" onerror=\"this.style.display='none'\"  \/>\n<h3>\n\t\tVelocidade de acionamento\n\t<\/h3>\n\t<p>At\u00e9 6,6 p\u00e9s\/s | 2 m\/s<\/p>\n\t\t\t\t<img decoding=\"async\" src=\"https:\/\/oceaneering.com\/wp-content\/uploads\/2023\/10\/AGV-Vehicle-Features-Icons_Set-01_Navigation-small.png\" alt=\"AGV-Vehicle-Features-Icons_Set-01_Navigation-small\" itemprop=\"image\" title=\"AGV-Vehicle-Features-Icons_Set-01_Navigation-small\" onerror=\"this.style.display='none'\"  \/>\n<h3>\n\t\tSistema de navega\u00e7\u00e3o\n\t<\/h3>\n\t<p>Recurso natural<\/p>\n\t\t\t\t<img decoding=\"async\" src=\"https:\/\/oceaneering.com\/wp-content\/uploads\/2023\/10\/AGV-Vehicle-Features-Icons_Set-01_Handling-height-small.png\" alt=\"AGV-Vehicle-Features-Icons_Set-01_Handling-height-small\" itemprop=\"image\" title=\"AGV-Vehicle-Features-Icons_Set-01_Handling-height-small\" onerror=\"this.style.display='none'\"  \/>\n<h3>\n\t\tAltura de eleva\u00e7\u00e3o\n\t<\/h3>\n\tAt\u00e9 196 pol.\/500 cm<br \/>\n(Depende das op\u00e7\u00f5es de mastro)\n\t\t\t\t<img decoding=\"async\" src=\"https:\/\/oceaneering.com\/wp-content\/uploads\/2023\/10\/AGV-Vehicle-Features-Icons_Set-01_Max-payload-small.png\" alt=\"AGV-Vehicle-Features-Icons_Set-01_Max-payload-small\" itemprop=\"image\" title=\"AGV-Vehicle-Features-Icons_Set-01_Max-payload-small\" onerror=\"this.style.display='none'\"  \/>\n<h3>\n\t\tCarga \u00fatil m\u00e1xima\n\t<\/h3>\n\tAt\u00e9 4.400 lb \/<br \/>\n2000 kg (20 pol.\/<br \/>\n500 mm de centro de carga)\n\t\t\t\t\t\t\t<a href=\"https:\/\/www.oceaneering.com\/wp-content\/uploads\/2025\/08\/241122_Maxmover_side-view-copy.webp\" data-fancybox=\"photo-carousel-\">\n\t\t\t\t\t\t\t\t\t\t\t\t\t\t\t\t\t<img decoding=\"async\" src=\"https:\/\/www.oceaneering.com\/wp-content\/uploads\/2025\/08\/241122_Maxmover_side-view-copy.webp\" alt=\"\"\/>\n\t\t\t\t\t\t\t\t\t\t\t\t\t\t\t<\/a>\n\t\t\t\t\t\t\t<a href=\"https:\/\/www.oceaneering.com\/wp-content\/uploads\/2025\/08\/240823_Maxmover_Perspective-view.webp\" data-fancybox=\"photo-carousel-\">\n\t\t\t\t\t\t\t\t\t\t\t\t\t\t\t\t\t<img decoding=\"async\" src=\"https:\/\/www.oceaneering.com\/wp-content\/uploads\/2025\/08\/240823_Maxmover_Perspective-view.webp\" alt=\"\"\/>\n\t\t\t\t\t\t\t\t\t\t\t\t\t\t\t<\/a>\n\t\t\t\t\t\t\t<a href=\"https:\/\/www.oceaneering.com\/wp-content\/uploads\/2025\/08\/241122_Maxmover_5meter-mast.webp\" data-fancybox=\"photo-carousel-\">\n\t\t\t\t\t\t\t\t\t\t\t\t\t\t\t\t\t<img decoding=\"async\" src=\"https:\/\/www.oceaneering.com\/wp-content\/uploads\/2025\/08\/241122_Maxmover_5meter-mast.webp\" alt=\"\"\/>\n\t\t\t\t\t\t\t\t\t\t\t\t\t\t\t<\/a>\n\t\t\t\t\t\t\t<a href=\"https:\/\/www.oceaneering.com\/wp-content\/uploads\/2025\/08\/241122_Maxmover_3meter-mast.webp\" data-fancybox=\"photo-carousel-\">\n\t\t\t\t\t\t\t\t\t\t\t\t\t\t\t\t\t<img decoding=\"async\" src=\"https:\/\/www.oceaneering.com\/wp-content\/uploads\/2025\/08\/241122_Maxmover_3meter-mast.webp\" alt=\"\"\/>\n\t\t\t\t\t\t\t\t\t\t\t\t\t\t\t<\/a>\n\t\t\t\t\t\t\t<a href=\"https:\/\/www.oceaneering.com\/wp-content\/uploads\/2025\/08\/241122_Maxmover_2meter-mast.webp\" data-fancybox=\"photo-carousel-\">\n\t\t\t\t\t\t\t\t\t\t\t\t\t\t\t\t\t<img decoding=\"async\" src=\"https:\/\/www.oceaneering.com\/wp-content\/uploads\/2025\/08\/241122_Maxmover_2meter-mast.webp\" alt=\"\"\/>\n\t\t\t\t\t\t\t\t\t\t\t\t\t\t\t<\/a>\n\t\t\t\t\t\t\t<a href=\"https:\/\/www.oceaneering.com\/wp-content\/uploads\/2025\/08\/241122_All-Maxmover-with-different-Mast.webp\" data-fancybox=\"photo-carousel-\">\n\t\t\t\t\t\t\t\t\t\t\t\t\t\t\t\t\t<img decoding=\"async\" src=\"https:\/\/www.oceaneering.com\/wp-content\/uploads\/2025\/08\/241122_All-Maxmover-with-different-Mast.webp\" alt=\"\"\/>\n\t\t\t\t\t\t\t\t\t\t\t\t\t\t\t<\/a>\n\t\t\t<button>\n\t\t\t\tAnterior\n\t\t\t<\/button>\n\t\t\t<button>\n\t\t\t\tPr\u00f3ximo\n\t\t\t<\/button>\n<h2>\n\t\tMaxMover\u2122 CB D 2000 - Rob\u00f4 de contrapeso\n\t<\/h2>\n\t\t\t<img decoding=\"async\" src=\"https:\/\/www.oceaneering.com\/wp-content\/uploads\/2024\/03\/maxmover.jpg\" title=\"maxmover\" alt=\"MaxMover\" \/>\t\t\t\t\t\t\t\n\t\t\t\t\tReproduzir v\u00eddeo\n<h2>\n\t\tVeja o MaxMover em a\u00e7\u00e3o \n\t<\/h2>\n\t\t\t<img decoding=\"async\" src=\"https:\/\/www.oceaneering.com\/wp-content\/uploads\/2025\/03\/EOD_MaxMover_forklift-obstacle-1.png\" title=\"Empilhadeira de contrapeso EOD MaxMover\" alt=\"The MaxMover\u2122 Counterbalance Forklift is equipped with Empty Drop-off Detection (EDD) capabilities, which actively scans drop-off zones to ensure they are clear before payload release.\" \/>\t\t\t\t\t\t\t\n\t\t\t\t\tReproduzir v\u00eddeo\n<h3>\n\t\tDetec\u00e7\u00e3o de obst\u00e1culos elevados (EOD)\n\t<\/h3>\n\t<p>Detecta obst\u00e1culos acima do n\u00edvel do solo que os sensores de seguran\u00e7a padr\u00e3o n\u00e3o detectam.<\/p>\n\t\t\t<img decoding=\"async\" src=\"https:\/\/www.oceaneering.com\/wp-content\/uploads\/2025\/03\/EDD_MaxMover_Blue-Scanning.jpg\" title=\"EDD_MaxMover_Blue Scanning\" alt=\"\" \/>\t\t\t\t\t\t\t\n\t\t\t\t\tReproduzir v\u00eddeo\n<h3>\n\t\tDetec\u00e7\u00e3o de descarte vazio (EDD)\n\t<\/h3>\n\t<p>Verifica a exist\u00eancia de obst\u00e1culos antes da entrega, evitando o empilhamento duplo, colis\u00f5es e posicionamentos incorretos.<\/p>\n\t\t\t<img decoding=\"async\" src=\"https:\/\/www.oceaneering.com\/wp-content\/uploads\/2025\/03\/FPA_MaxMover_adjust-forks-2.png\" title=\"FPA_MaxMover_adjust forks 2\" alt=\"\" \/>\t\t\t\t\t\t\t\n\t\t\t\t\tReproduzir v\u00eddeo\n<h3>\n\t\tAjuste do passo do garfo (FPA)\n\t<\/h3>\n\t<p>Ajuste automatizado da largura do garfo para tamanhos de carga variados.<\/p>\n\t\t\t<img decoding=\"async\" src=\"https:\/\/www.oceaneering.com\/wp-content\/uploads\/2025\/03\/250224_Destacking_Screenshot_03.png\" title=\"250224_Destacking_Screenshot_03\" alt=\"\" \/>\t\t\t\t\t\t\t\n\t\t\t\t\tReproduzir v\u00eddeo\n<h3>\n\t\tDestacamento\n\t<\/h3>\n\t<p>Identifica e manipula a carga mais alta em uma pilha.<\/p>\n\t\tEntre em contato conosco\n<h3>\n\t\tEntre em contato com nossos especialistas \n\t<\/h3>\n\t<p>Voc\u00ea tem alguma d\u00favida ou precisa de mais informa\u00e7\u00f5es sobre nossos rob\u00f4s m\u00f3veis? Insira seus dados de contato e descreva sua consulta, e entraremos em contato com voc\u00ea o mais r\u00e1pido poss\u00edvel. Obrigado!<\/p>","protected":false},"excerpt":{"rendered":"<p>Discuta um projeto Empilhadeira de contrapeso MaxMover\u2122 CB D 2000 O vers\u00e1til MaxMover\u2122 CB D 2000 acomoda uma variedade de tipos de carga de diferentes tamanhos e pesos. MaxMover\u2122 CB D 2000 Resolva os desafios operacionais e supere a escassez de m\u00e3o de obra com solu\u00e7\u00f5es inovadoras de rob\u00f3tica m\u00f3vel baseadas em tecnologia aut\u00f4noma. Projetado especificamente para uso em log\u00edstica de armaz\u00e9ns, opera\u00e7\u00f5es de manufatura, ... <a title=\"Empilhadeira de contrapeso: MaxMover\u2122 CB D 2000\" class=\"read-more\" href=\"https:\/\/www.oceaneering.com\/pt\/oceaneering-mobile-robotics-omr\/maxmover-cb-d-2000\/\" aria-label=\"Leia mais sobre a empilhadeira de contrapeso: MaxMover\u2122 CB D 2000\">Leia mais<\/a><\/p>","protected":false},"author":19,"featured_media":68557,"parent":1718,"menu_order":2,"comment_status":"closed","ping_status":"closed","template":"","meta":{"_acf_changed":false,"footnotes":"","_links_to":"","_links_to_target":""},"product_category":[1237],"search_tags":[1726,1138],"class_list":["post-1798","page","type-page","status-publish","has-post-thumbnail","product_category-mobile-robotics","search_tags-forklifts","search_tags-mobile-robotics"],"acf":[],"aioseo_notices":[],"_links":{"self":[{"href":"https:\/\/www.oceaneering.com\/pt\/wp-json\/wp\/v2\/pages\/1798","targetHints":{"allow":["GET"]}}],"collection":[{"href":"https:\/\/www.oceaneering.com\/pt\/wp-json\/wp\/v2\/pages"}],"about":[{"href":"https:\/\/www.oceaneering.com\/pt\/wp-json\/wp\/v2\/types\/page"}],"author":[{"embeddable":true,"href":"https:\/\/www.oceaneering.com\/pt\/wp-json\/wp\/v2\/users\/19"}],"replies":[{"embeddable":true,"href":"https:\/\/www.oceaneering.com\/pt\/wp-json\/wp\/v2\/comments?post=1798"}],"version-history":[{"count":5,"href":"https:\/\/www.oceaneering.com\/pt\/wp-json\/wp\/v2\/pages\/1798\/revisions"}],"predecessor-version":[{"id":79983,"href":"https:\/\/www.oceaneering.com\/pt\/wp-json\/wp\/v2\/pages\/1798\/revisions\/79983"}],"up":[{"embeddable":true,"href":"https:\/\/www.oceaneering.com\/pt\/wp-json\/wp\/v2\/pages\/1718"}],"wp:featuredmedia":[{"embeddable":true,"href":"https:\/\/www.oceaneering.com\/pt\/wp-json\/wp\/v2\/media\/68557"}],"wp:attachment":[{"href":"https:\/\/www.oceaneering.com\/pt\/wp-json\/wp\/v2\/media?parent=1798"}],"wp:term":[{"taxonomy":"product_category","embeddable":true,"href":"https:\/\/www.oceaneering.com\/pt\/wp-json\/wp\/v2\/product_category?post=1798"},{"taxonomy":"search_tags","embeddable":true,"href":"https:\/\/www.oceaneering.com\/pt\/wp-json\/wp\/v2\/search_tags?post=1798"}],"curies":[{"name":"wp","href":"https:\/\/api.w.org\/{rel}","templated":true}]}}