{"id":1718,"date":"2023-10-03T09:22:20","date_gmt":"2023-10-03T13:22:20","guid":{"rendered":"https:\/\/oceaneering.com\/?page_id=1718"},"modified":"2025-12-09T03:07:05","modified_gmt":"2025-12-09T09:07:05","slug":"oceaneering-mobile-robotics-omr","status":"publish","type":"page","link":"https:\/\/www.oceaneering.com\/pt\/oceaneering-mobile-robotics-omr\/","title":{"rendered":"Oceaneering Mobile Robotics (OMR)"},"content":{"rendered":"<a href=\"https:\/\/www.oceaneering.com\/pt\/oceaneering-mobile-robotics-omr\/#contact\" target=\"_self\">\n\t\t\t\t\t\t\tDiscutir um projeto\n\t\t\t\t\t<\/a>\n<h1>\n\t\tOceaneering Mobile Robotics (OMR)\n\t<\/h1>\n\n\t\tResolva seus desafios operacionais e otimize efetivamente o manuseio de materiais e a log\u00edstica com rob\u00f4s m\u00f3veis inovadores que integram tecnologia aut\u00f4noma.\n\t\n<h2>\n\t\tConhe\u00e7a nossos rob\u00f4s\n\t<\/h2>\n\t<p>Fornecemos rob\u00f4s m\u00f3veis padronizados com navega\u00e7\u00e3o sem infraestrutura, garantindo o menor custo total de propriedade por ve\u00edculo. Cada rob\u00f4 m\u00f3vel aut\u00f4nomo (AMR) \u00e9 equipado com as mais recentes tecnologias de seguran\u00e7a que criam o melhor ambiente de trabalho para rob\u00f4s m\u00f3veis e seres humanos.<\/p>\n\t\t\t\t<a href=\"https:\/\/www.oceaneering.com\/pt\/maxmover-cb-d-2000\/\"  target=\"_self\" itemprop=\"url\">\n\t\t\t\t<img loading=\"lazy\" decoding=\"async\" src=\"https:\/\/www.oceaneering.com\/wp-content\/uploads\/2024\/03\/240301_Maxmover_01-edited.png\" alt=\"MaxMover Counterbalance Forklift\" itemprop=\"image\" height=\"1227\" width=\"1300\" title=\"240301_Maxmover_01-edited\" onerror=\"this.style.display='none'\"  \/>\n\t\t\t\t<\/a>\n<h3>\n\t\tMaxMover<sup>TM<\/sup> CB D 2000\n\t<\/h3>\n\n\t\tEmpilhadeira de contrapeso\n\t\n\t\t\t<a href=\"https:\/\/www.oceaneering.com\/pt\/maxmover-cb-d-2000\/\" target=\"_self\">\n\t\t\t\t\t\t\tExplorar rob\u00f4\n\t\t\t<\/a>\n\t\t\t\t<a href=\"https:\/\/www.oceaneering.com\/pt\/unimover-o-600\/\"  target=\"_self\" itemprop=\"url\">\n\t\t\t\t<img loading=\"lazy\" decoding=\"async\" src=\"https:\/\/www.oceaneering.com\/wp-content\/uploads\/2023\/10\/UniMover-O-600-220317_Unimover_apollo_03-1.png\" alt=\"UniMover Underride Robot\" itemprop=\"image\" height=\"1080\" width=\"1920\" title=\"UniMoverTM O 600 Underride\" onerror=\"this.style.display='none'\"  \/>\n\t\t\t\t<\/a>\n<h3>\n\t\tUniMover<sup>TM<\/sup> O 600\n\t<\/h3>\n\n\t\tSubterr\u00e2neo\n\t\n\t\t\t<a href=\"https:\/\/www.oceaneering.com\/pt\/unimover-o-600\/\" target=\"_self\">\n\t\t\t\t\t\t\tExplorar rob\u00f4\n\t\t\t<\/a>\n\t\t\t\t<a href=\"https:\/\/www.oceaneering.com\/pt\/compactmover-fol-u-1200\/\"  target=\"_self\" itemprop=\"url\">\n\t\t\t\t<img loading=\"lazy\" decoding=\"async\" src=\"https:\/\/www.oceaneering.com\/wp-content\/uploads\/2023\/12\/CompactMover-FOL-U-1200-220321_CM_FOL_01-edited-position2-1-700x394-landscape-landscape-51aea4ec2832f234b10cff85ab3bfa02-.png\" alt=\"CompactMover Fork over leg\" itemprop=\"image\" height=\"394\" width=\"563\" title=\"CompactMover-FOL-U-1200-220321_CM_FOL_01-edited-position2-1-700x394-landscape-landscape-51aea4ec2832f234b10cff85ab3bfa02-\" onerror=\"this.style.display='none'\"  \/>\n\t\t\t\t<\/a>\n<h3>\n\t\tCompactMover<sup>TM<\/sup> FOL U 1200\n\t<\/h3>\n\n\t\tGarfo sobre a perna\n\t\n\t\t\t<a href=\"https:\/\/www.oceaneering.com\/pt\/oceaneering-mobile-robotics-omr\/compactmover-1200-forklift\/\" target=\"_self\">\n\t\t\t\t\t\t\tExplorar rob\u00f4\n\t\t\t<\/a>\n<h2>\n\t\tAlgo COMPACTO est\u00e1 chegando\n\t<\/h2>\n\n\t\tRevela\u00e7\u00e3o em 8 de outubro de 2025\n\t\n\t\t\t<a href=\"\/pt\/oceaneering-mobile-robotics-omr\/compactmover-800-forklift\/\" target=\"_self\">\n\t\t\t\t\t\t\tEspreitadela\n\t\t\t<\/a>\n\t\t1,700+\n\n\t\trob\u00f4s m\u00f3veis implementados globalmente\n\t\n\t\t30+\n\n\t\tanos de experi\u00eancia em desenvolvimento, integra\u00e7\u00e3o e manuten\u00e7\u00e3o de rob\u00f4s m\u00f3veis industriais\n\t\n\t\t100+\n\n\t\trob\u00f4s na maior frota ativa\n\t\n<h2>\n\t\tAutomatize suas opera\u00e7\u00f5es de fabrica\u00e7\u00e3o e log\u00edstica\n\t<\/h2>\n\t<p>Adapt\u00e1veis a uma ampla gama de setores, nossos inovadores sistemas de rob\u00f3tica m\u00f3vel revolucionam a efici\u00eancia operacional. Explore as v\u00e1rias aplica\u00e7\u00f5es e casos de uso em que a nossa tecnologia de rob\u00f3tica m\u00f3vel aut\u00f4noma (AMR) abriu caminho para opera\u00e7\u00f5es perfeitas e seguras.<\/p>\n<h2>\n\t\tSolu\u00e7\u00e3o dos desafios de manuseio de materiais\n\t<\/h2>\n\t<p>Os desafios associados \u00e0s opera\u00e7\u00f5es de manuseio de materiais e log\u00edstica exigem novas abordagens. A automa\u00e7\u00e3o \u00e9 o catalisador do sucesso no mercado atual. Nossos sistemas rob\u00f3ticos m\u00f3veis se integram perfeitamente aos fluxos de trabalho de intralog\u00edstica, otimizando processos, reduzindo erros e aumentando a agilidade operacional geral.<\/p>\n\t\t\t\t<img loading=\"lazy\" decoding=\"async\" src=\"https:\/\/www.oceaneering.com\/wp-content\/uploads\/2024\/03\/OMR-Labor-shortage-Icon-3.png\" alt=\"OMR Labor shortage Icon\" itemprop=\"image\" height=\"500\" width=\"766\" title=\"OMR-Labor-shortage-Icon-3\" onerror=\"this.style.display='none'\"  \/>\n<h3>\n\t\tSuperar a escassez de m\u00e3o de obra \n\t<\/h3>\n\t\t\t\t<img loading=\"lazy\" decoding=\"async\" src=\"https:\/\/www.oceaneering.com\/wp-content\/uploads\/2024\/03\/OMR-reduce-costs-icon-2.png\" alt=\"OMR reduce costs icon\" itemprop=\"image\" height=\"500\" width=\"569\" title=\"OMR-reduce-costs-icon-2\" onerror=\"this.style.display='none'\"  \/>\n<h3>\n\t\tReduzir custos em todas as opera\u00e7\u00f5es \n\t<\/h3>\n\t\t\t\t<img loading=\"lazy\" decoding=\"async\" src=\"https:\/\/www.oceaneering.com\/wp-content\/uploads\/2024\/03\/OMR-lower-emissions-icon-slimmer.png\" alt=\"OMR-lower-emissions-icon-2\" itemprop=\"image\" height=\"500\" width=\"503\" title=\"OMR-lower-emissions-icon-slimmer\" onerror=\"this.style.display='none'\"  \/>\n<h3>\n\t\tEmiss\u00f5es mais baixas\n\t<\/h3>\n\t\t\t\t<img loading=\"lazy\" decoding=\"async\" src=\"https:\/\/www.oceaneering.com\/wp-content\/uploads\/2024\/03\/OMR-improve-efficiency-icon-2.png\" alt=\"OMR improve efficiency icon\" itemprop=\"image\" height=\"500\" width=\"527\" title=\"OMR-improve-efficiency-icon-2\" onerror=\"this.style.display='none'\"  \/>\n<h3>\n\t\tMelhore a efici\u00eancia, o rendimento e a seguran\u00e7a\n\t<\/h3>\n\t\t\t\t<img loading=\"lazy\" decoding=\"async\" src=\"https:\/\/www.oceaneering.com\/wp-content\/uploads\/2023\/11\/OMR_warehouse_MaxMover_02-1-1536x864-1.jpeg\" alt=\"Warehouse illustration showing Oceaneering Mobile Robots at work\" itemprop=\"image\" height=\"864\" width=\"1536\" title=\"OMR_warehouse_MaxMover_02-1-1536x864\" onerror=\"this.style.display='none'\"  \/>\n<h3>\n\t\tWhat&#8217;s Moving Your Operations Forward?\n\t<\/h3>\n\t<p>Uma vis\u00e3o geral dos ve\u00edculos guiados automatizados (AGVs) e dos rob\u00f4s m\u00f3veis aut\u00f4nomos (AMRs).<\/p>\n\t\t\t<a href=\"https:\/\/www.oceaneering.com\/pt\/white-papers\/the-differences-between-automated-guided-vehicles-and-autonomous-mobile-robots\/\" target=\"_self\">\n\t\t\t\t\t\t\tLeia o white paper\n\t\t\t<\/a>\n\t\t\t\t<img loading=\"lazy\" decoding=\"async\" src=\"https:\/\/www.oceaneering.com\/wp-content\/uploads\/2023\/11\/ecc9e93ad27c4b64ac005da5b19c763e.800.jpg\" alt=\"Digital blue dots on dark background\" itemprop=\"image\" height=\"450\" width=\"800\" title=\"Software de supervis\u00e3o OMR\" onerror=\"this.style.display='none'\"  \/>\n<h3>\n\t\tSoftware de supervis\u00e3o OMR\n\t<\/h3>\n\t<p>Eleve suas opera\u00e7\u00f5es a novos patamares com o Software de Supervis\u00e3o da Oceaneering. Estamos impulsionando a evolu\u00e7\u00e3o das m\u00e1quinas inteligentes com um software que incorpora computa\u00e7\u00e3o em nuvem, IIoT, aprendizado de m\u00e1quina e tecnologias de big data para apresentar uma vis\u00e3o simplificada dos dados e permitir uma melhor tomada de decis\u00f5es.<\/p>\n\t\t\t<a href=\"https:\/\/oceaneering.canto.com\/download\/document\/gpdmgvd24l45rbamai98vbqa2i\/original.pdf\" target=\"_blank\" rel=\"noopener\">\n\t\t\t\t\t\t\tSoftware de supervis\u00e3o da Oceaneering\n\t\t\t<\/a>\n\t\t\t\t<img loading=\"lazy\" decoding=\"async\" src=\"https:\/\/www.oceaneering.com\/wp-content\/uploads\/2023\/11\/DSC2917s-edited-1-1024x1536-1.jpeg\" alt=\"Oceaneering technician doing repair work on a mobile robot\" itemprop=\"image\" height=\"1536\" width=\"1024\" title=\"DSC2917s-edited-1-1024x1536\" onerror=\"this.style.display='none'\"  \/>\n<h3>\n\t\tServi\u00e7os de ciclo de vida de OMR \n\t<\/h3>\n\t<p>Nossos servi\u00e7os de ciclo de vida de OMR garantem a continuidade e o desempenho de nossos rob\u00f4s m\u00f3veis, incluindo plataformas e software legados. Oferecemos suporte r\u00e1pido e profissional em qualquer lugar do mundo, 24 horas por dia, 7 dias por semana.<\/p>\n\t\t\t<a href=\"https:\/\/www.oceaneering.com\/pt\/oceaneering-mobile-robotics-omr\/customer-care-program\/\" target=\"_self\">\n\t\t\t\t\t\t\tSaiba mais\n\t\t\t<\/a>\n<h2>\n\t\tFeiras de neg\u00f3cios, webinars e eventos\n\t<\/h2>\n\n\t\tSaiba mais sobre nossos rob\u00f4s l\u00edderes do setor e interaja com os especialistas em Rob\u00f3tica M\u00f3vel da Oceaneeing em nossos pr\u00f3ximos eventos.  \n\t\n\t\t\t<a href=\"https:\/\/www.oceaneering.com\/pt\/news-media\/events\/\" target=\"_self\">\n\t\t\t\t\t\t\tVer tudo\n\t\t\t<\/a>\n<h2>\n\t\t\u00daltimas not\u00edcias\n\t<\/h2>\n\t\t\t<a href='https:\/\/www.oceaneering.com\/pt\/oceaneering-mobile-robotics-unveils-new-autonomous-features-for-smarter-safer-and-more-efficient-material-handling\/' title='A Oceaneering Mobile Robotics revela novos recursos aut\u00f4nomos para um manuseio de materiais mais inteligente, seguro e eficiente'><img width=\"1024\" height=\"576\" src=\"https:\/\/www.oceaneering.com\/wp-content\/uploads\/2025\/03\/EOD_MaxMover_forklift-obstacle-1-1024x576.png\" alt=\"The MaxMover\u2122 Counterbalance Forklift is equipped with Empty Drop off Detection EDD capabilities which actively scans drop off zones to ensure they are clear before payload release\" itemprop=\"image\" decoding=\"async\" loading=\"lazy\" srcset=\"https:\/\/www.oceaneering.com\/wp-content\/uploads\/2025\/03\/EOD_MaxMover_forklift-obstacle-1-1024x576.png 1024w, https:\/\/www.oceaneering.com\/wp-content\/uploads\/2025\/03\/EOD_MaxMover_forklift-obstacle-1-300x169.png 300w, https:\/\/www.oceaneering.com\/wp-content\/uploads\/2025\/03\/EOD_MaxMover_forklift-obstacle-1-768x432.png 768w, https:\/\/www.oceaneering.com\/wp-content\/uploads\/2025\/03\/EOD_MaxMover_forklift-obstacle-1-1536x864.png 1536w, https:\/\/www.oceaneering.com\/wp-content\/uploads\/2025\/03\/EOD_MaxMover_forklift-obstacle-1-18x10.png 18w, https:\/\/www.oceaneering.com\/wp-content\/uploads\/2025\/03\/EOD_MaxMover_forklift-obstacle-1-1280x720.png 1280w, https:\/\/www.oceaneering.com\/wp-content\/uploads\/2025\/03\/EOD_MaxMover_forklift-obstacle-1-960x540.png 960w, https:\/\/www.oceaneering.com\/wp-content\/uploads\/2025\/03\/EOD_MaxMover_forklift-obstacle-1-640x360.png 640w, https:\/\/www.oceaneering.com\/wp-content\/uploads\/2025\/03\/EOD_MaxMover_forklift-obstacle-1-320x180.png 320w, https:\/\/www.oceaneering.com\/wp-content\/uploads\/2025\/03\/EOD_MaxMover_forklift-obstacle-1.png 1920w\" sizes=\"auto, (max-width: 1024px) 100vw, 1024px\" title=\"Empilhadeira de contrapeso EOD MaxMover | Oceaneering\" \/><\/a>\n\t\t8\/8\/2025\n\t<h3><a href='https:\/\/www.oceaneering.com\/pt\/oceaneering-mobile-robotics-unveils-new-autonomous-features-for-smarter-safer-and-more-efficient-material-handling\/' title='A Oceaneering Mobile Robotics revela novos recursos aut\u00f4nomos para um manuseio de materiais mais inteligente, seguro e eficiente'>A Oceaneering Mobile Robotics revela novos recursos aut\u00f4nomos para um manuseio de materiais mais inteligente, seguro e eficiente<\/a><\/h3>\n\t\t\t<a href='https:\/\/www.oceaneering.com\/pt\/oceaneering-mobile-robotics-completes-successful-pilot-project-with-zeiss-group\/' title='Oceaneering Mobile Robotics conclui projeto piloto bem-sucedido com o ZEISS Group'><img width=\"1024\" height=\"683\" src=\"https:\/\/www.oceaneering.com\/wp-content\/uploads\/2023\/11\/OMR-UniMover-at-Zeiss-4U7A9136-scaled-1-1024x683.jpg\" alt=\"Oceaneering Mobile Robotics UniMover AMR operating on the shop floor of a warehouse\" itemprop=\"image\" decoding=\"async\" loading=\"lazy\" srcset=\"https:\/\/www.oceaneering.com\/wp-content\/uploads\/2023\/11\/OMR-UniMover-at-Zeiss-4U7A9136-scaled-1-1024x683.jpg 1024w, https:\/\/www.oceaneering.com\/wp-content\/uploads\/2023\/11\/OMR-UniMover-at-Zeiss-4U7A9136-scaled-1-300x200.jpg 300w, https:\/\/www.oceaneering.com\/wp-content\/uploads\/2023\/11\/OMR-UniMover-at-Zeiss-4U7A9136-scaled-1-768x512.jpg 768w, https:\/\/www.oceaneering.com\/wp-content\/uploads\/2023\/11\/OMR-UniMover-at-Zeiss-4U7A9136-scaled-1-1536x1024.jpg 1536w, https:\/\/www.oceaneering.com\/wp-content\/uploads\/2023\/11\/OMR-UniMover-at-Zeiss-4U7A9136-scaled-1-2048x1366.jpg 2048w, https:\/\/www.oceaneering.com\/wp-content\/uploads\/2023\/11\/OMR-UniMover-at-Zeiss-4U7A9136-scaled-1-18x12.jpg 18w\" sizes=\"auto, (max-width: 1024px) 100vw, 1024px\" title=\"OMRUniMoveratZeiss4U7A9136scaled | Oceaneering\" \/><\/a>\n\t\t10\/4\/2023\n\t<h3><a href='https:\/\/www.oceaneering.com\/pt\/oceaneering-mobile-robotics-completes-successful-pilot-project-with-zeiss-group\/' title='Oceaneering Mobile Robotics conclui projeto piloto bem-sucedido com o ZEISS Group'>Oceaneering Mobile Robotics conclui projeto piloto bem-sucedido com o ZEISS Group<\/a><\/h3>\n\t\t\t<a href='https:\/\/www.oceaneering.com\/pt\/oceaneering-mobile-robotics-announces-new-german-office-location\/' title='Oceaneering Mobile Robotics anuncia nova localiza\u00e7\u00e3o de escrit\u00f3rio na Alemanha'><img width=\"1024\" height=\"683\" src=\"https:\/\/www.oceaneering.com\/wp-content\/uploads\/2023\/11\/CB-D2000-132-edited-1-1024x683.jpg\" alt=\"Oceaneering Mobile Robotics MaxMover CB D2000 autonomous forklift positioned in a warehouse with forks lifted\" itemprop=\"image\" decoding=\"async\" loading=\"lazy\" srcset=\"https:\/\/www.oceaneering.com\/wp-content\/uploads\/2023\/11\/CB-D2000-132-edited-1-1024x683.jpg 1024w, https:\/\/www.oceaneering.com\/wp-content\/uploads\/2023\/11\/CB-D2000-132-edited-1-300x200.jpg 300w, https:\/\/www.oceaneering.com\/wp-content\/uploads\/2023\/11\/CB-D2000-132-edited-1-768x512.jpg 768w, https:\/\/www.oceaneering.com\/wp-content\/uploads\/2023\/11\/CB-D2000-132-edited-1-1536x1024.jpg 1536w, https:\/\/www.oceaneering.com\/wp-content\/uploads\/2023\/11\/CB-D2000-132-edited-1-18x12.jpg 18w, https:\/\/www.oceaneering.com\/wp-content\/uploads\/2023\/11\/CB-D2000-132-edited-1.jpg 1920w\" sizes=\"auto, (max-width: 1024px) 100vw, 1024px\" title=\"CBD2000132edited1 | Oceaneering\" \/><\/a>\n\t\t9\/25\/2023\n\t<h3><a href='https:\/\/www.oceaneering.com\/pt\/oceaneering-mobile-robotics-announces-new-german-office-location\/' title='Oceaneering Mobile Robotics anuncia nova localiza\u00e7\u00e3o de escrit\u00f3rio na Alemanha'>Oceaneering Mobile Robotics anuncia nova localiza\u00e7\u00e3o de escrit\u00f3rio na Alemanha<\/a><\/h3>\n\t\t<!-- .pp-content-posts -->\n\t\t\t<a href=\"https:\/\/www.oceaneering.com\/pt\/tag\/mobile-robotics\/\" target=\"_self\">\n\t\t\t\t\t\t\tVer todas as not\u00edcias\n\t\t\t\t\t<\/a>\n\t\tEntre em contato conosco\n<h3>\n\t\tEntre em contato com nossos especialistas \n\t<\/h3>\n\t<p>Voc\u00ea tem alguma d\u00favida ou precisa de mais informa\u00e7\u00f5es sobre nossos rob\u00f4s m\u00f3veis? Insira seus dados de contato e descreva sua consulta, e entraremos em contato com voc\u00ea o mais r\u00e1pido poss\u00edvel. Obrigado!<\/p>","protected":false},"excerpt":{"rendered":"<p>Discuta um projeto Oceaneering Mobile Robotics (OMR) Resolva seus desafios operacionais e otimize efetivamente o manuseio de materiais e a log\u00edstica com rob\u00f4s m\u00f3veis inovadores que integram tecnologia aut\u00f4noma. Conhe\u00e7a nossos rob\u00f4s Fornecemos rob\u00f4s m\u00f3veis padronizados com navega\u00e7\u00e3o sem infraestrutura, garantindo o menor custo total de propriedade por ve\u00edculo. Cada rob\u00f4 m\u00f3vel aut\u00f4nomo (AMR) \u00e9 equipado com ... <a title=\"Oceaneering Mobile Robotics (OMR)\" class=\"read-more\" href=\"https:\/\/www.oceaneering.com\/pt\/oceaneering-mobile-robotics-omr\/\" aria-label=\"Leia mais sobre a Oceaneering Mobile Robotics (OMR)\">Leia mais<\/a><\/p>","protected":false},"author":20,"featured_media":0,"parent":0,"menu_order":2,"comment_status":"closed","ping_status":"closed","template":"","meta":{"_acf_changed":false,"footnotes":"","_links_to":"","_links_to_target":""},"product_category":[1237],"search_tags":[1138],"class_list":["post-1718","page","type-page","status-publish","product_category-mobile-robotics","search_tags-mobile-robotics"],"acf":[],"aioseo_notices":[],"_links":{"self":[{"href":"https:\/\/www.oceaneering.com\/pt\/wp-json\/wp\/v2\/pages\/1718","targetHints":{"allow":["GET"]}}],"collection":[{"href":"https:\/\/www.oceaneering.com\/pt\/wp-json\/wp\/v2\/pages"}],"about":[{"href":"https:\/\/www.oceaneering.com\/pt\/wp-json\/wp\/v2\/types\/page"}],"author":[{"embeddable":true,"href":"https:\/\/www.oceaneering.com\/pt\/wp-json\/wp\/v2\/users\/20"}],"replies":[{"embeddable":true,"href":"https:\/\/www.oceaneering.com\/pt\/wp-json\/wp\/v2\/comments?post=1718"}],"version-history":[{"count":9,"href":"https:\/\/www.oceaneering.com\/pt\/wp-json\/wp\/v2\/pages\/1718\/revisions"}],"predecessor-version":[{"id":80193,"href":"https:\/\/www.oceaneering.com\/pt\/wp-json\/wp\/v2\/pages\/1718\/revisions\/80193"}],"wp:attachment":[{"href":"https:\/\/www.oceaneering.com\/pt\/wp-json\/wp\/v2\/media?parent=1718"}],"wp:term":[{"taxonomy":"product_category","embeddable":true,"href":"https:\/\/www.oceaneering.com\/pt\/wp-json\/wp\/v2\/product_category?post=1718"},{"taxonomy":"search_tags","embeddable":true,"href":"https:\/\/www.oceaneering.com\/pt\/wp-json\/wp\/v2\/search_tags?post=1718"}],"curies":[{"name":"wp","href":"https:\/\/api.w.org\/{rel}","templated":true}]}}