{"id":1712,"date":"2023-10-02T13:32:44","date_gmt":"2023-10-02T17:32:44","guid":{"rendered":"https:\/\/oceaneering.com\/?page_id=1712"},"modified":"2024-09-11T04:12:01","modified_gmt":"2024-09-11T09:12:01","slug":"topside-chemical-throttle-valves","status":"publish","type":"page","link":"https:\/\/www.oceaneering.com\/pt\/rotator-technologies\/topside-chemical-throttle-valves\/","title":{"rendered":"V\u00e1lvulas de acelera\u00e7\u00e3o qu\u00edmica de superf\u00edcie (T-CTV)"},"content":{"rendered":"<a href=\"https:\/\/www.oceaneering.com\/pt\/rotator-technologies\/#contact\" target=\"_self\" rel=\"noopener\">\n\t\t\t\t\t\t\tDiscutir um projeto\n\t\t\t\t\t<\/a>\n<h1>\n\t\tV\u00e1lvula de acelera\u00e7\u00e3o qu\u00edmica de superf\u00edcie (T-CTV)\n\t<\/h1>\n\t<p>Nosso T-CTV \u00e9 um pacote de dosagem de produtos qu\u00edmicos totalmente automatizado e sem filtro que combina medi\u00e7\u00e3o de fluxo cont\u00ednua e precisa em um projeto modular plug-and-play.<\/p>\n\t\t\t<a href=\"https:\/\/oceaneering.canto.com\/download\/document\/q724qeep9105l989bvem5t0a5g\/original.pdf\" target=\"_blank\" rel=\"noopener\">\n\t\t\t\t\t\t\tV\u00e1lvula de acelera\u00e7\u00e3o qu\u00edmica de superf\u00edcie (T-CTV)\n\t\t\t<\/a>\n\n\t\tA T-CTV fornece fluxo medido com precis\u00e3o, independentemente do tipo de fluido, da viscosidade e da press\u00e3o do sistema. A tecnologia de medi\u00e7\u00e3o de fluxo Coriolis da v\u00e1lvula garante uma precis\u00e3o de dosagem qu\u00edmica superior, cont\u00ednua e a melhor da categoria.\n\t\n\t\t\t\t<img decoding=\"async\" src=\"https:\/\/oceaneering.com\/wp-content\/uploads\/2023\/11\/Best-in-class-accuracy-1.png\" alt=\"Best-in-class-accuracy-1\" itemprop=\"image\" title=\"A melhor precis\u00e3o da categoria-1\" onerror=\"this.style.display='none'\"  \/>\n<h3>\n\t\tA melhor precis\u00e3o da categoria\n\t<\/h3>\n\t<p>+\/- 0,2% da leitura<\/p>\n\t\t\t\t<img decoding=\"async\" src=\"https:\/\/oceaneering.com\/wp-content\/uploads\/2023\/11\/Contamination-tolerant-1.png\" alt=\"Contamination-tolerant-1\" itemprop=\"image\" title=\"Tolerante \u00e0 contamina\u00e7\u00e3o-1\" onerror=\"this.style.display='none'\"  \/>\n<h3>\n\t\tTolerante \u00e0 contamina\u00e7\u00e3o\n\t<\/h3>\n\t<p>Design sem filtro<\/p>\n\t\t\t\t<img decoding=\"async\" src=\"https:\/\/oceaneering.com\/wp-content\/uploads\/2023\/11\/Remote-connectivity-capability-1.png\" alt=\"Remote-connectivity-capability-1\" itemprop=\"image\" title=\"Capacidade de conectividade remota-1\" onerror=\"this.style.display='none'\"  \/>\n<h3>\n\t\tCapacidade de conectividade remota\n\t<\/h3>\n\t<p>Preparado para o futuro<\/p>\n\t\t\t\t<img decoding=\"async\" src=\"https:\/\/oceaneering.com\/wp-content\/uploads\/2023\/11\/Easy-system-integration-1.png\" alt=\"Easy-system-integration-1\" itemprop=\"image\" title=\"Integra\u00e7\u00e3o f\u00e1cil ao sistema-1\" onerror=\"this.style.display='none'\"  \/>\n<h3>\n\t\tF\u00e1cil integra\u00e7\u00e3o do sistema\n\t<\/h3>\n\t<p>Plug-and-play<\/p>\n\t\t\t<img decoding=\"async\" src=\"https:\/\/www.oceaneering.com\/wp-content\/uploads\/2023\/11\/CTV-Video-thumbnail.jpeg\" title=\"Miniatura de v\u00eddeo do T-CTV\" alt=\"\" \/>\t\t\t\t\t\t\t\n\t\t\t\t\tReproduzir v\u00eddeo\n<h2>\n\t\tDesign vers\u00e1til e robusto\n\t<\/h2>\n\n\t\tFornecemos o T-CTV mais vers\u00e1til, preciso e robusto do setor. Seu design modular plug-and-play garante que ele seja facilmente integrado a sistemas novos e existentes.\n\t\n\t\t\t<img decoding=\"async\" src=\"https:\/\/www.oceaneering.com\/wp-content\/uploads\/2024\/02\/201230_T-CTV_05-cropped.png\" alt=\"\"\/>\n\t\t\t\t\t\t\t\t\t\tRestritor de vari\u00e1veis\n\t\t\t\t\t\t\t\t\t\t\t\t\t\t<h6><strong>Restritor de vari\u00e1veis<\/strong><\/h6>\t\t\t\t\t\t\t\t\t\t\t\t\t\n\t\t\t\t\t\t\t\t\t\tCorpo da v\u00e1lvula\n\t\t\t\t\t\t\t\t\t\t\t\t\t\t<h6><strong>Corpo da v\u00e1lvula<\/strong><\/h6>\t\t\t\t\t\t\t\t\t\t\t\t\t\n\t\t\t\t\t\t\t\t\t\tCaixa do controlador Ex d\n\t\t\t\t\t\t\t\t\t\t\t\t\t\t<h6><strong>Caixa do controlador Ex d<\/strong><\/h6>\t\t\t\t\t\t\t\t\t\t\t\t\t\n\t\t\t\t\t\t\t\t\t\tCaixa de jun\u00e7\u00e3o Ex e\n\t\t\t\t\t\t\t\t\t\t\t\t\t\t<h6><strong>Caixa de jun\u00e7\u00e3o Ex e<\/strong><\/h6>\t\t\t\t\t\t\t\t\t\t\t\t\t\n\t\t\t\t\t\t\t\t\t\tM\u00f3dulo de medidor de vaz\u00e3o Coriolis\n\t\t\t\t\t\t\t\t\t\t\t\t\t\t<h6><strong>M\u00f3dulo de medidor de vaz\u00e3o Coriolis<\/strong><\/h6>\t\t\t\t\t\t\t\t\t\t\t\t\t\n<h2>\n\t\tDesign autolimpante e sem filtro\n\t<\/h2>\n\n\t\tNosso T-CTV \u00e9 o \u00fanico projeto do setor que integra uma posi\u00e7\u00e3o de descarga total combinada com um raspador mec\u00e2nico integrado. Esse recurso garante toler\u00e2ncia superior \u00e0 contamina\u00e7\u00e3o e proporciona um desempenho inigual\u00e1vel, preciso e de longo prazo sem a necessidade de filtros.\n\t\n\t\t\t\t\t\t\t\t\t<img decoding=\"async\" src=\"https:\/\/oceaneering.canto.com\/direct\/image\/9630de4erd2d53dgteu616n536\/AEkesfiGbbQkZaYGZTg4Ft5Loog\/original?content-type=image%2Fgif&#038;name=Shot_11_720p.gif\" alt=\"original?content-type=image%2Fgif&amp;name=Shot_11_720p.gif\" itemprop=\"image\" title=\"original?content-type=image%2Fgif&amp;name=Shot_11_720p.gif\" onerror=\"this.style.display='none'\"  \/>\n<h2>\n\t\tAcelere sua transi\u00e7\u00e3o digital\n\t<\/h2>\n\n\t\tNosso T-CTV preparado para o futuro foi projetado para acelerar sua transi\u00e7\u00e3o digital. O T-CTV \u00e9 ideal para aplica\u00e7\u00f5es n\u00e3o tripuladas e operadas remotamente em todos os setores e pode ser configurado com recursos Wi-Fi opcionais.\n\t\n\t\t\t\t\t\t\t\t\t\t\t\t<h3>Petr\u00f3leo e g\u00e1s<\/h3>\n\t\t\t\t\t\t\t\t\t\t\t\t<h3>Processamento qu\u00edmico <\/h3>\n\t\t\t\t\t\t\t\t\t\t\t\t<h3>Tratamento de \u00e1guas residuais <\/h3>\n\t\t\t\t\t\t\t\t\t\t\t\t<h3>M\u00e9dico e farmac\u00eautico<\/h3>\n<h2>\n\t\tGaleria de imagens da T-CTV\n\t<\/h2>\n\t\t\t\t\t\t\t<a href=\"https:\/\/oceaneering.com\/wp-content\/uploads\/2023\/11\/201230_T-CTV_01-1-1.png\" data-fancybox=\"photo-carousel-\">\n\t\t\t\t\t\t\t\t\t\t\t\t\t\t\t\t\t<img decoding=\"async\" src=\"https:\/\/oceaneering.com\/wp-content\/uploads\/2023\/11\/201230_T-CTV_01-1-1.png\" alt=\"\"\/>\n\t\t\t\t\t\t\t\t\t\t\t\t\t\t\t<\/a>\n\t\t\t\t\t\t\t<a href=\"https:\/\/oceaneering.com\/wp-content\/uploads\/2023\/11\/Back-View-Tiny.jpeg\" data-fancybox=\"photo-carousel-\">\n\t\t\t\t\t\t\t\t\t\t\t\t\t\t\t\t\t<img decoding=\"async\" src=\"https:\/\/oceaneering.com\/wp-content\/uploads\/2023\/11\/Back-View-Tiny.jpeg\" alt=\"\"\/>\n\t\t\t\t\t\t\t\t\t\t\t\t\t\t\t<\/a>\n\t\t\t\t\t\t\t<a href=\"https:\/\/oceaneering.com\/wp-content\/uploads\/2023\/11\/Rotator-Display-Layout-2.jpeg\" data-fancybox=\"photo-carousel-\">\n\t\t\t\t\t\t\t\t\t\t\t\t\t\t\t\t\t<img decoding=\"async\" src=\"https:\/\/oceaneering.com\/wp-content\/uploads\/2023\/11\/Rotator-Display-Layout-2.jpeg\" alt=\"\"\/>\n\t\t\t\t\t\t\t\t\t\t\t\t\t\t\t<\/a>\n\t\t\t\t\t\t\t<a href=\"https:\/\/oceaneering.com\/wp-content\/uploads\/2023\/11\/Front-View-Tiny.jpeg\" data-fancybox=\"photo-carousel-\">\n\t\t\t\t\t\t\t\t\t\t\t\t\t\t\t\t\t<img decoding=\"async\" src=\"https:\/\/oceaneering.com\/wp-content\/uploads\/2023\/11\/Front-View-Tiny.jpeg\" alt=\"\"\/>\n\t\t\t\t\t\t\t\t\t\t\t\t\t\t\t<\/a>\n\t\t\t\t\t\t\t<a href=\"https:\/\/oceaneering.com\/wp-content\/uploads\/2023\/11\/201230_T-CTV_05-1.jpeg\" data-fancybox=\"photo-carousel-\">\n\t\t\t\t\t\t\t\t\t\t\t\t\t\t\t\t\t<img decoding=\"async\" src=\"https:\/\/oceaneering.com\/wp-content\/uploads\/2023\/11\/201230_T-CTV_05-1.jpeg\" alt=\"\"\/>\n\t\t\t\t\t\t\t\t\t\t\t\t\t\t\t<\/a>\n\t\t\t\t\t\t\t<a href=\"https:\/\/oceaneering.com\/wp-content\/uploads\/2023\/11\/201230_T-CTV_03-1.jpeg\" data-fancybox=\"photo-carousel-\">\n\t\t\t\t\t\t\t\t\t\t\t\t\t\t\t\t\t<img decoding=\"async\" src=\"https:\/\/oceaneering.com\/wp-content\/uploads\/2023\/11\/201230_T-CTV_03-1.jpeg\" alt=\"\"\/>\n\t\t\t\t\t\t\t\t\t\t\t\t\t\t\t<\/a>\n\t\t\t\t\t\t\t<a href=\"https:\/\/oceaneering.com\/wp-content\/uploads\/2023\/11\/201230_T-CTV_06-1.jpeg\" data-fancybox=\"photo-carousel-\">\n\t\t\t\t\t\t\t\t\t\t\t\t\t\t\t\t\t<img decoding=\"async\" src=\"https:\/\/oceaneering.com\/wp-content\/uploads\/2023\/11\/201230_T-CTV_06-1.jpeg\" alt=\"\"\/>\n\t\t\t\t\t\t\t\t\t\t\t\t\t\t\t<\/a>\n\t\t\t\t\t\t\t<a href=\"https:\/\/oceaneering.com\/wp-content\/uploads\/2023\/11\/201230_T-CTV_04-1.jpeg\" data-fancybox=\"photo-carousel-\">\n\t\t\t\t\t\t\t\t\t\t\t\t\t\t\t\t\t<img decoding=\"async\" src=\"https:\/\/oceaneering.com\/wp-content\/uploads\/2023\/11\/201230_T-CTV_04-1.jpeg\" alt=\"\"\/>\n\t\t\t\t\t\t\t\t\t\t\t\t\t\t\t<\/a>\n\t\t\t\t\t\t\t<a href=\"https:\/\/oceaneering.com\/wp-content\/uploads\/2023\/11\/Shot_13_Transparent_BG-Tiny.png\" data-fancybox=\"photo-carousel-\">\n\t\t\t\t\t\t\t\t\t\t\t\t\t\t\t\t\t<img decoding=\"async\" src=\"https:\/\/oceaneering.com\/wp-content\/uploads\/2023\/11\/Shot_13_Transparent_BG-Tiny.png\" alt=\"\"\/>\n\t\t\t\t\t\t\t\t\t\t\t\t\t\t\t<\/a>\n\t\t\t\t\t\t\t<a href=\"https:\/\/oceaneering.com\/wp-content\/uploads\/2023\/11\/201117_Shot_10_Transparent_BG_V2.jpeg\" data-fancybox=\"photo-carousel-\">\n\t\t\t\t\t\t\t\t\t\t\t\t\t\t\t\t\t<img decoding=\"async\" src=\"https:\/\/oceaneering.com\/wp-content\/uploads\/2023\/11\/201117_Shot_10_Transparent_BG_V2.jpeg\" alt=\"\"\/>\n\t\t\t\t\t\t\t\t\t\t\t\t\t\t\t<\/a>\n\t\t\t<button>\n\t\t\t\tAnterior\n\t\t\t<\/button>\n\t\t\t<button>\n\t\t\t\tPr\u00f3ximo\n\t\t\t<\/button>\n<h2>\n\t\tWebinar sob demanda\n\t<\/h2>\n\n\t\tAssista ao nosso webinar sobre a v\u00e1lvula de estrangulamento qu\u00edmico Rotator\u00ae Topside.\n\t\n\t\t\t<a href=\"https:\/\/www.oceaneering.com\/pt\/webinars\/accelerate-your-digital-transition-with-the-rotator-topside-chemical-throttle-valve\/\" target=\"_self\" rel=\"noopener\">\n\t\t\t\t\t\t\tAssistir sob demanda\n\t\t\t<\/a>\n\t\t\t\t<img decoding=\"async\" src=\"https:\/\/oceaneering.com\/wp-content\/uploads\/2023\/12\/T-CTV-thumb-1-667x540.jpg\" alt=\"T-CTV-thumb-1\" itemprop=\"image\" title=\"T-CTV-polegar-1\" onerror=\"this.style.display='none'\"  \/>\n<h1>\n\t\tEntre em contato conosco\n\t<\/h1>\n<h2>\n\t\tNossa equipe de especialistas est\u00e1 pronta para ajud\u00e1-lo a come\u00e7ar.\n\t<\/h2>\n\t<p>A Oceaneering oferece os melhores produtos e solu\u00e7\u00f5es da categoria, respaldados por qualidade, confiabilidade e suporte global inigual\u00e1veis. Preencha o formul\u00e1rio de consulta para iniciar uma conversa hoje mesmo.<\/p>","protected":false},"excerpt":{"rendered":"<p>Discuta um projeto V\u00e1lvula de estrangulamento de produtos qu\u00edmicos de superf\u00edcie (T-CTV) Nossa T-CTV \u00e9 um pacote de dosagem de produtos qu\u00edmicos totalmente automatizado e sem filtro que combina medi\u00e7\u00e3o de fluxo cont\u00ednua e precisa em um projeto modular plug-and-play. V\u00e1lvula de Acelera\u00e7\u00e3o de Produtos Qu\u00edmicos Topside (T-CTV) A T-CTV fornece fluxo medido com precis\u00e3o, independentemente do tipo de fluido, da viscosidade e da press\u00e3o do sistema. A tecnologia de medi\u00e7\u00e3o de fluxo Coriolis da v\u00e1lvula garante ... <a title=\"V\u00e1lvulas de acelera\u00e7\u00e3o qu\u00edmica de superf\u00edcie (T-CTV)\" class=\"read-more\" href=\"https:\/\/www.oceaneering.com\/pt\/rotator-technologies\/topside-chemical-throttle-valves\/\" aria-label=\"Leia mais sobre as V\u00e1lvulas de Acelera\u00e7\u00e3o Qu\u00edmica Topside (T-CTV)\">Leia mais<\/a><\/p>","protected":false},"author":20,"featured_media":0,"parent":1550,"menu_order":2,"comment_status":"closed","ping_status":"closed","template":"","meta":{"_acf_changed":false,"footnotes":"","_links_to":"","_links_to_target":""},"product_category":[1495],"search_tags":[1806,1807],"class_list":["post-1712","page","type-page","status-publish","product_category-valves-rotator-technologies","search_tags-rotator-technologies","search_tags-subsea-valves"],"acf":[],"aioseo_notices":[],"_links":{"self":[{"href":"https:\/\/www.oceaneering.com\/pt\/wp-json\/wp\/v2\/pages\/1712","targetHints":{"allow":["GET"]}}],"collection":[{"href":"https:\/\/www.oceaneering.com\/pt\/wp-json\/wp\/v2\/pages"}],"about":[{"href":"https:\/\/www.oceaneering.com\/pt\/wp-json\/wp\/v2\/types\/page"}],"author":[{"embeddable":true,"href":"https:\/\/www.oceaneering.com\/pt\/wp-json\/wp\/v2\/users\/20"}],"replies":[{"embeddable":true,"href":"https:\/\/www.oceaneering.com\/pt\/wp-json\/wp\/v2\/comments?post=1712"}],"version-history":[{"count":0,"href":"https:\/\/www.oceaneering.com\/pt\/wp-json\/wp\/v2\/pages\/1712\/revisions"}],"up":[{"embeddable":true,"href":"https:\/\/www.oceaneering.com\/pt\/wp-json\/wp\/v2\/pages\/1550"}],"wp:attachment":[{"href":"https:\/\/www.oceaneering.com\/pt\/wp-json\/wp\/v2\/media?parent=1712"}],"wp:term":[{"taxonomy":"product_category","embeddable":true,"href":"https:\/\/www.oceaneering.com\/pt\/wp-json\/wp\/v2\/product_category?post=1712"},{"taxonomy":"search_tags","embeddable":true,"href":"https:\/\/www.oceaneering.com\/pt\/wp-json\/wp\/v2\/search_tags?post=1712"}],"curies":[{"name":"wp","href":"https:\/\/api.w.org\/{rel}","templated":true}]}}