{"id":1703,"date":"2023-10-02T12:57:25","date_gmt":"2023-10-02T16:57:25","guid":{"rendered":"https:\/\/oceaneering.com\/?page_id=1703"},"modified":"2024-09-11T04:14:31","modified_gmt":"2024-09-11T09:14:31","slug":"rotator-test-and-qualification-center","status":"publish","type":"page","link":"https:\/\/www.oceaneering.com\/pt\/rotator-technologies\/rotator-test-and-qualification-center\/","title":{"rendered":"Centro de teste e qualifica\u00e7\u00e3o de rotadores"},"content":{"rendered":"<a href=\"https:\/\/www.oceaneering.com\/pt\/rotator-technologies\/#contact\" target=\"_self\" rel=\"noopener\">\n\t\t\t\t\t\t\tDiscutir um projeto\n\t\t\t\t\t<\/a>\n<h1>\n\t\tCentro de teste e qualifica\u00e7\u00e3o de rotadores\n\t<\/h1>\n\t<p>Oferecemos um servi\u00e7o completo e completo de testes de produtos para atender \u00e0s diversas necessidades de seus projetos.<\/p>\n\n\t\tNossas instala\u00e7\u00f5es de \u00faltima gera\u00e7\u00e3o em Kristiansand, Noruega, oferecem uma instala\u00e7\u00e3o totalmente integrada para garantir que nossos produtos atendam \u00e0s suas rigorosas exig\u00eancias.\n\t\n\t\t\t\t<img decoding=\"async\" src=\"https:\/\/oceaneering.com\/wp-content\/uploads\/2023\/11\/Screen-Shot-2023-11-10-at-3.18.23-PM.png\" alt=\"Screen Shot 2023-11-10 at 3.18.23 PM\" itemprop=\"image\" title=\"Captura de tela 2023-11-10 at 3.18.23 PM\" onerror=\"this.style.display='none'\"  \/>\n<h3>\n\t\tBalc\u00e3o \u00fanico\n\t<\/h3>\n\t<p>Diversos recursos de teste, qualifica\u00e7\u00e3o e documenta\u00e7\u00e3o em um \u00fanico local.<\/p>\n\t\t\t\t<img decoding=\"async\" src=\"https:\/\/oceaneering.com\/wp-content\/uploads\/2023\/11\/Screen-Shot-2023-11-10-at-3.18.47-PM.png\" alt=\"Screen Shot 2023-11-10 at 3.18.47 PM\" itemprop=\"image\" title=\"Captura de tela 2023-11-10 at 3.18.47 PM\" onerror=\"this.style.display='none'\"  \/>\n<h3>\n\t\tSuporte a testes\n\t<\/h3>\n\t<p>Suporte de reengenharia, fabrica\u00e7\u00e3o e reteste completo.<\/p>\n\t\t\t\t<img decoding=\"async\" src=\"https:\/\/oceaneering.com\/wp-content\/uploads\/2023\/11\/Screen-Shot-2023-11-10-at-3.19.03-PM.png\" alt=\"Screen Shot 2023-11-10 at 3.19.03 PM\" itemprop=\"image\" title=\"Captura de tela 2023-11-10 at 3.19.03 PM\" onerror=\"this.style.display='none'\"  \/>\n<h3>\n\t\tExperi\u00eancia\n\t<\/h3>\n\t<p>D\u00e9cadas de experi\u00eancia no setor offshore e submarino.<\/p>\n<h2>\n\t\tRecursos de testes padronizados\n\t<\/h2>\n\n\t\tPara atender \u00e0s diversas necessidades do seu projeto, nossa equipe altamente experiente oferecer\u00e1 testes cont\u00ednuos e de longo prazo, al\u00e9m de relat\u00f3rios transparentes e simplificados durante todo o processo de desenvolvimento e qualifica\u00e7\u00e3o do produto. Tamb\u00e9m oferecemos reengenharia e fabrica\u00e7\u00e3o, conforme necess\u00e1rio.\n\t\n\t<ul>\n\t\t\t\t\t<li>\n\t\t\t\tTestes hiperb\u00e1ricos\n\t\t\t<\/li>\n\t\t\t\t\t<li>\n\t\t\t\tTeste em c\u00e2mara clim\u00e1tica\n\t\t\t<\/li>\n\t\t\t\t\t<li>\n\t\t\t\tTestes de choque e vibra\u00e7\u00e3o\n\t\t\t<\/li>\n\t\t\t\t\t<li>\n\t\t\t\tTeste de vazamento de h\u00e9lio\n\t\t\t<\/li>\n\t\t\t\t\t<li>\n\t\t\t\tTestes de press\u00e3o, fluxo e fun\u00e7\u00e3o\n\t\t\t<\/li>\n\t\t\t\t\t<li>\n\t\t\t\tTestes de contamina\u00e7\u00e3o e eros\u00e3o\n\t\t\t<\/li>\n\t\t\t<\/ul>\n<h2>\n\t\tSetores que atendemos\n\t<\/h2>\n\n\t\tNossos programas de teste personalizados atendem a uma ampla gama de especifica\u00e7\u00f5es e requisitos internacionais.\n\t\n\t\t\t\t\t\t\t\t\t\t\t\t<h3>Petr\u00f3leo e g\u00e1s<\/h3>\n\t\t\t\t\t\t\t\t\t\t\t\t<h3>Automotivo<\/h3>\n\t\t\t\t\t\t\t\t\t\t\t\t<h3>Avia\u00e7\u00e3o<\/h3>\n\t\t\t\t\t\t\t\t\t\t\t\t<h3>Mar\u00edtimo<\/h3>\n\t\t\t\t\t\t\t\t\t\t\t\t<h3>Defesa<\/h3>\n<h1>\n\t\tEntre em contato conosco\n\t<\/h1>\n<h2>\n\t\tNossa equipe de especialistas est\u00e1 pronta para ajud\u00e1-lo a come\u00e7ar.\n\t<\/h2>\n\t<p>A Oceaneering oferece os melhores produtos e solu\u00e7\u00f5es da categoria, respaldados por qualidade, confiabilidade e suporte global inigual\u00e1veis. Preencha o formul\u00e1rio de consulta para iniciar uma conversa hoje mesmo.<\/p>","protected":false},"excerpt":{"rendered":"<p>Discuta um projeto Centro de teste e qualifica\u00e7\u00e3o de rotadores Oferecemos um local abrangente e \u00fanico para testes de produtos para atender \u00e0s diversas necessidades de seus projetos. Nossas instala\u00e7\u00f5es de \u00faltima gera\u00e7\u00e3o em Kristiansand, Noruega, oferecem uma instala\u00e7\u00e3o totalmente integrada para garantir que nossos produtos atendam aos seus rigorosos requisitos. One-Stop-Shop Diversos recursos de teste, qualifica\u00e7\u00e3o e documenta\u00e7\u00e3o em um \u00fanico local. Suporte a testes Suporte a reengenharia, ... <a title=\"Centro de teste e qualifica\u00e7\u00e3o de rotadores\" class=\"read-more\" href=\"https:\/\/www.oceaneering.com\/pt\/rotator-technologies\/rotator-test-and-qualification-center\/\" aria-label=\"Leia mais sobre o Centro de Teste e Qualifica\u00e7\u00e3o de Rotadores\">Leia mais<\/a><\/p>","protected":false},"author":20,"featured_media":0,"parent":1550,"menu_order":2,"comment_status":"closed","ping_status":"closed","template":"","meta":{"_acf_changed":false,"footnotes":"","_links_to":"","_links_to_target":""},"product_category":[1495],"search_tags":[1806,1807],"class_list":["post-1703","page","type-page","status-publish","product_category-valves-rotator-technologies","search_tags-rotator-technologies","search_tags-subsea-valves"],"acf":[],"aioseo_notices":[],"_links":{"self":[{"href":"https:\/\/www.oceaneering.com\/pt\/wp-json\/wp\/v2\/pages\/1703","targetHints":{"allow":["GET"]}}],"collection":[{"href":"https:\/\/www.oceaneering.com\/pt\/wp-json\/wp\/v2\/pages"}],"about":[{"href":"https:\/\/www.oceaneering.com\/pt\/wp-json\/wp\/v2\/types\/page"}],"author":[{"embeddable":true,"href":"https:\/\/www.oceaneering.com\/pt\/wp-json\/wp\/v2\/users\/20"}],"replies":[{"embeddable":true,"href":"https:\/\/www.oceaneering.com\/pt\/wp-json\/wp\/v2\/comments?post=1703"}],"version-history":[{"count":0,"href":"https:\/\/www.oceaneering.com\/pt\/wp-json\/wp\/v2\/pages\/1703\/revisions"}],"up":[{"embeddable":true,"href":"https:\/\/www.oceaneering.com\/pt\/wp-json\/wp\/v2\/pages\/1550"}],"wp:attachment":[{"href":"https:\/\/www.oceaneering.com\/pt\/wp-json\/wp\/v2\/media?parent=1703"}],"wp:term":[{"taxonomy":"product_category","embeddable":true,"href":"https:\/\/www.oceaneering.com\/pt\/wp-json\/wp\/v2\/product_category?post=1703"},{"taxonomy":"search_tags","embeddable":true,"href":"https:\/\/www.oceaneering.com\/pt\/wp-json\/wp\/v2\/search_tags?post=1703"}],"curies":[{"name":"wp","href":"https:\/\/api.w.org\/{rel}","templated":true}]}}