{"id":1698,"date":"2023-10-02T12:44:25","date_gmt":"2023-10-02T16:44:25","guid":{"rendered":"https:\/\/oceaneering.com\/?page_id=1698"},"modified":"2024-09-11T04:13:32","modified_gmt":"2024-09-11T09:13:32","slug":"rotary-control-valves","status":"publish","type":"page","link":"https:\/\/www.oceaneering.com\/pt\/rotator-technologies\/rotary-control-valves\/","title":{"rendered":"V\u00e1lvulas de controle rotativas (RCV)"},"content":{"rendered":"<a href=\"https:\/\/www.oceaneering.com\/pt\/rotator-technologies\/#contact\" target=\"_self\" rel=\"noopener\">\n\t\t\t\t\t\t\tDiscutir um projeto\n\t\t\t\t\t<\/a>\n<h1>\n\t\tV\u00e1lvulas de controle rotativas (RCV)\n\t<\/h1>\n\t<p>Nossos RCVs de alta press\u00e3o e vazamento zero atendem aos seus desafios mais dif\u00edceis, do topside ao submarino.<\/p>\n\t\t\t<a href=\"https:\/\/oceaneering.canto.com\/download\/document\/coakr817pl47tcvhd19dthg15n\/original.pdf\" target=\"_blank\" rel=\"noopener\">\n\t\t\t\t\t\t\tV\u00e1lvulas de controle rotativas\n\t\t\t<\/a>\n\n\t\tNossa linha de RCVs topside e submarinos \u00e9 adequada para ambientes adversos e para uso com press\u00f5es de at\u00e9 10.000 psi (690 bar). Com capacidade de alta press\u00e3o e desempenho sem vazamento, nosso portf\u00f3lio \u00e9 projetado e fabricado para atender \u00e0s suas necessidades com uma variedade de op\u00e7\u00f5es de atua\u00e7\u00e3o e fluxo.\n\t\n\t\t\t<img decoding=\"async\" src=\"https:\/\/oceaneering.com\/wp-content\/uploads\/2023\/11\/RCV-video-overlay.jpeg\" title=\"Sobreposi\u00e7\u00e3o de v\u00eddeo RCV\" alt=\"\" \/>\t\t\t\t\t\t\t\n\t\t\t\t\tReproduzir v\u00eddeo\n<h2>\n\t\tTecnologia de veda\u00e7\u00e3o metal-metal\n\t<\/h2>\n\t<p>A verdadeira vantagem de nossos RCVs \u00e9 o princ\u00edpio comprovado de veda\u00e7\u00e3o metal-metal, que tamb\u00e9m \u00e9 usado em nossos <a href=\"https:\/\/www.oceaneering.com\/pt\/rotator-technologies\/hydraulic-directional-control-valves\/\">v\u00e1lvula de controle hidr\u00e1ulico direcional<\/a> linha de produtos.<\/p>\n\t<ul>\n\t\t\t\t\t<li>\n\t\t\t\tProjetado para uso na maioria dos circuitos hidr\u00e1ulicos e compat\u00edvel com a maioria dos fluidos hidr\u00e1ulicos\n\t\t\t<\/li>\n\t\t\t\t\t<li>\n\t\t\t\tVazamento interno insignificante em compara\u00e7\u00e3o com as v\u00e1lvulas convencionais\n\t\t\t<\/li>\n\t\t\t\t\t<li>\n\t\t\t\tOp\u00e7\u00f5es de materiais para componentes internos\n\t\t\t<\/li>\n\t\t\t\t\t<li>\n\t\t\t\tAlta resist\u00eancia ao desgaste\n\t\t\t<\/li>\n\t\t\t\t\t<li>\n\t\t\t\tVida \u00fatil de pelo menos 30 anos\n\t\t\t<\/li>\n\t\t\t<\/ul>\n<h2>\n\t\tGaleria de imagens do RCV\n\t<\/h2>\n\t\t\t\t\t\t\t<a href=\"https:\/\/oceaneering.com\/wp-content\/uploads\/2023\/11\/200526_RCV_Render_01-1.jpeg\" data-fancybox=\"photo-carousel-\">\n\t\t\t\t\t\t\t\t\t\t\t\t\t\t\t\t\t<img decoding=\"async\" src=\"https:\/\/oceaneering.com\/wp-content\/uploads\/2023\/11\/200526_RCV_Render_01-1.jpeg\" alt=\"\"\/>\n\t\t\t\t\t\t\t\t\t\t\t\t\t\t\t<\/a>\n\t\t\t\t\t\t\t<a href=\"https:\/\/oceaneering.com\/wp-content\/uploads\/2023\/11\/200526_RCV_Render_02-1-1.jpeg\" data-fancybox=\"photo-carousel-\">\n\t\t\t\t\t\t\t\t\t\t\t\t\t\t\t\t\t<img decoding=\"async\" src=\"https:\/\/oceaneering.com\/wp-content\/uploads\/2023\/11\/200526_RCV_Render_02-1-1.jpeg\" alt=\"\"\/>\n\t\t\t\t\t\t\t\t\t\t\t\t\t\t\t<\/a>\n\t\t\t\t\t\t\t<a href=\"https:\/\/oceaneering.com\/wp-content\/uploads\/2023\/11\/200526_RCV_Render_03_Optional-1.jpeg\" data-fancybox=\"photo-carousel-\">\n\t\t\t\t\t\t\t\t\t\t\t\t\t\t\t\t\t<img decoding=\"async\" src=\"https:\/\/oceaneering.com\/wp-content\/uploads\/2023\/11\/200526_RCV_Render_03_Optional-1.jpeg\" alt=\"\"\/>\n\t\t\t\t\t\t\t\t\t\t\t\t\t\t\t<\/a>\n\t\t\t\t\t\t\t<a href=\"https:\/\/oceaneering.com\/wp-content\/uploads\/2023\/11\/200526_RCV_Render_03-1-1.jpeg\" data-fancybox=\"photo-carousel-\">\n\t\t\t\t\t\t\t\t\t\t\t\t\t\t\t\t\t<img decoding=\"async\" src=\"https:\/\/oceaneering.com\/wp-content\/uploads\/2023\/11\/200526_RCV_Render_03-1-1.jpeg\" alt=\"\"\/>\n\t\t\t\t\t\t\t\t\t\t\t\t\t\t\t<\/a>\n\t\t\t\t\t\t\t<a href=\"https:\/\/oceaneering.com\/wp-content\/uploads\/2023\/11\/200522_RCV_Render_04-1-1.jpeg\" data-fancybox=\"photo-carousel-\">\n\t\t\t\t\t\t\t\t\t\t\t\t\t\t\t\t\t<img decoding=\"async\" src=\"https:\/\/oceaneering.com\/wp-content\/uploads\/2023\/11\/200522_RCV_Render_04-1-1.jpeg\" alt=\"\"\/>\n\t\t\t\t\t\t\t\t\t\t\t\t\t\t\t<\/a>\n\t\t\t<button>\n\t\t\t\tAnterior\n\t\t\t<\/button>\n\t\t\t<button>\n\t\t\t\tPr\u00f3ximo\n\t\t\t<\/button>\n<h1>\n\t\tEntre em contato conosco\n\t<\/h1>\n<h2>\n\t\tNossa equipe de especialistas est\u00e1 pronta para ajud\u00e1-lo a come\u00e7ar.\n\t<\/h2>\n\t<p>A Oceaneering oferece os melhores produtos e solu\u00e7\u00f5es da categoria, respaldados por qualidade, confiabilidade e suporte global inigual\u00e1veis. Preencha o formul\u00e1rio de consulta para iniciar uma conversa hoje mesmo.<\/p>","protected":false},"excerpt":{"rendered":"<p>Discuta um projeto V\u00e1lvulas de controle rotativas (RCV) Nossas RCVs de alta press\u00e3o e vazamento zero atendem aos seus desafios mais dif\u00edceis, de topside a subsea. V\u00e1lvulas de controle rotativas Nossa linha de RCVs topside e submarinas \u00e9 adequada para ambientes adversos e para uso com press\u00f5es de at\u00e9 10.000 psi (690 bar). Com capacidade de alta press\u00e3o e desempenho sem vazamento, nosso portf\u00f3lio foi projetado ... <a title=\"V\u00e1lvulas de controle rotativas (RCV)\" class=\"read-more\" href=\"https:\/\/www.oceaneering.com\/pt\/rotator-technologies\/rotary-control-valves\/\" aria-label=\"Leia mais sobre as V\u00e1lvulas de Controle Rotativas (RCV)\">Leia mais<\/a><\/p>","protected":false},"author":20,"featured_media":0,"parent":1550,"menu_order":2,"comment_status":"closed","ping_status":"closed","template":"","meta":{"_acf_changed":false,"footnotes":"","_links_to":"","_links_to_target":""},"product_category":[1495],"search_tags":[1525,1806],"class_list":["post-1698","page","type-page","status-publish","product_category-valves-rotator-technologies","search_tags-rotator","search_tags-rotator-technologies"],"acf":[],"aioseo_notices":[],"_links":{"self":[{"href":"https:\/\/www.oceaneering.com\/pt\/wp-json\/wp\/v2\/pages\/1698","targetHints":{"allow":["GET"]}}],"collection":[{"href":"https:\/\/www.oceaneering.com\/pt\/wp-json\/wp\/v2\/pages"}],"about":[{"href":"https:\/\/www.oceaneering.com\/pt\/wp-json\/wp\/v2\/types\/page"}],"author":[{"embeddable":true,"href":"https:\/\/www.oceaneering.com\/pt\/wp-json\/wp\/v2\/users\/20"}],"replies":[{"embeddable":true,"href":"https:\/\/www.oceaneering.com\/pt\/wp-json\/wp\/v2\/comments?post=1698"}],"version-history":[{"count":0,"href":"https:\/\/www.oceaneering.com\/pt\/wp-json\/wp\/v2\/pages\/1698\/revisions"}],"up":[{"embeddable":true,"href":"https:\/\/www.oceaneering.com\/pt\/wp-json\/wp\/v2\/pages\/1550"}],"wp:attachment":[{"href":"https:\/\/www.oceaneering.com\/pt\/wp-json\/wp\/v2\/media?parent=1698"}],"wp:term":[{"taxonomy":"product_category","embeddable":true,"href":"https:\/\/www.oceaneering.com\/pt\/wp-json\/wp\/v2\/product_category?post=1698"},{"taxonomy":"search_tags","embeddable":true,"href":"https:\/\/www.oceaneering.com\/pt\/wp-json\/wp\/v2\/search_tags?post=1698"}],"curies":[{"name":"wp","href":"https:\/\/api.w.org\/{rel}","templated":true}]}}