{"id":1694,"date":"2023-10-02T12:20:11","date_gmt":"2023-10-02T16:20:11","guid":{"rendered":"https:\/\/oceaneering.com\/?page_id=1694"},"modified":"2024-09-11T04:13:00","modified_gmt":"2024-09-11T09:13:00","slug":"hydraulic-directional-control-valves","status":"publish","type":"page","link":"https:\/\/www.oceaneering.com\/pt\/rotator-technologies\/hydraulic-directional-control-valves\/","title":{"rendered":"V\u00e1lvulas hidr\u00e1ulicas de controle direcional (HCV)"},"content":{"rendered":"<a href=\"https:\/\/www.oceaneering.com\/pt\/rotator-technologies\/#contact\" target=\"_self\" rel=\"noopener\">\n\t\t\t\t\t\t\tDiscutir um projeto\n\t\t\t\t\t<\/a>\n<h1>\n\t\tV\u00e1lvula de controle hidr\u00e1ulico direcional (HCV)\n\t<\/h1>\n\t<p>Nossos HCVs controlam fun\u00e7\u00f5es essenciais em 40% dos po\u00e7os submarinos do mundo.<\/p>\n\n\t\tOs HCVs controlam as fun\u00e7\u00f5es cr\u00edticas da \u00e1rvore de Natal submarina (XMT) e das ferramentas de acesso ao po\u00e7o dentro dos manifolds submarinos e dos sistemas de controle.\n\t\n\t\t\t<img decoding=\"async\" src=\"https:\/\/oceaneering.com\/wp-content\/uploads\/2023\/11\/Minipod-4-HCV.jpeg\" title=\"Minipod-4-HCV\" alt=\"\" \/>\t\t\t\t\t\t\t\n\t\t\t\t\tReproduzir v\u00eddeo\n\t\t\t\t<img decoding=\"async\" src=\"https:\/\/oceaneering.com\/wp-content\/uploads\/2023\/11\/200409_Hydraulic-Control-Valves_shot_5-120x365-1.png\" alt=\"200409_Hydraulic-Control-Valves_shot_5-120x365\" itemprop=\"image\" title=\"200409_Hydraulic-Control-Valves_shot_5-120x365\" onerror=\"this.style.display='none'\"  \/>\n<h2>\n\t\tFornecimento de solu\u00e7\u00f5es confi\u00e1veis\n\t<\/h2>\n\t<p>Nossos HCVs s\u00e3o adequados para uso em ambientes submarinos adversos e s\u00e3o projetados para atender a requisitos de press\u00e3o de at\u00e9 20.000 psi (1380 bar) e profundidades de trabalho de 13.120 p\u00e9s (4000 m). Nosso projeto metal-metal melhora o desempenho, a confiabilidade e a robustez.<\/p>\n\t<ul>\n\t\t\t\t\t<li>\n\t\t\t\tClassifica\u00e7\u00f5es de alta press\u00e3o\n\t\t\t<\/li>\n\t\t\t\t\t<li>\n\t\t\t\tDesign robusto e tolerante \u00e0 contamina\u00e7\u00e3o\n\t\t\t<\/li>\n\t\t\t\t\t<li>\n\t\t\t\tEst\u00e1gio principal operado por piloto eletro-hidr\u00e1ulico ou sistema hidr\u00e1ulico direto\n\t\t\t<\/li>\n\t\t\t\t\t<li>\n\t\t\t\tOperado por solenoide ou hidr\u00e1ulico direto\n\t\t\t<\/li>\n\t\t\t\t\t<li>\n\t\t\t\tCertificado para uso em sistemas de n\u00edvel de integridade de seguran\u00e7a (SIL)\n\t\t\t<\/li>\n\t\t\t\t\t<li>\n\t\t\t\tAmpla linha de produtos para diversas aplica\u00e7\u00f5es submarinas\n\t\t\t<\/li>\n\t\t\t<\/ul>\n<h2>\n\t\tHCVs para qualquer aplica\u00e7\u00e3o\n\t<\/h2>\n\n\t\tN\u00e3o importa quais sejam suas necessidades, h\u00e1 um HCV adequado para seu projeto. Nosso portf\u00f3lio de produtos oferece 900 tipos de HCV. Nossos tipos de s\u00e9ries mais comuns incluem:\n\t\n\t<h5>S\u00e9rie HCV 15<\/h5>\n<ul>\n<li>Nosso HCV mais popular<\/li>\n<li>At\u00e9 20.000 psi (1380 bar) e profundidades de 13.120 p\u00e9s (4000 m)<\/li>\n<\/ul>\n<h5>S\u00e9rie HCV 16<\/h5>\n<ul>\n<li>Para aplica\u00e7\u00f5es cr\u00edticas de alto fluxo<\/li>\n<li>At\u00e9 345 bar (5.000 psi) e profundidades de 4000 m (13.120 p\u00e9s)<\/li>\n<\/ul>\n<h5>S\u00e9rie HCV 18<\/h5>\n<ul>\n<li>Design compacto com op\u00e7\u00e3o de transmissor de press\u00e3o<\/li>\n<li>At\u00e9 20.000 psi (1380 bar) e profundidades de 13.120 p\u00e9s (4000 m)<\/li>\n<\/ul>\n\t<h5>V\u00e1lvula de reten\u00e7\u00e3o HCV<\/h5>\n<ul>\n<li>Seleciona automaticamente entre duas linhas de suprimento hidr\u00e1ulico<\/li>\n<li>At\u00e9 10.000 psi (690 bar) e profundidades de 13.120 p\u00e9s (4000 m)<\/li>\n<\/ul>\n<h5>V\u00e1lvula de troca HCV<\/h5>\n<ul>\n<li>Permite que o usu\u00e1rio selecione entre duas linhas de alimenta\u00e7\u00e3o hidr\u00e1ulica<\/li>\n<li>At\u00e9 20.000 psi (1380 bar) e profundidades de 13.120 p\u00e9s (4000 m)<\/li>\n<\/ul>\n<h5>V\u00e1lvula de alta press\u00e3o na parte superior<\/h5>\n<ul>\n<li>Uma linha completa de v\u00e1lvulas topside<\/li>\n<\/ul>\n<h2>\n\t\tUnidade de controle submarino MiniPod\n\t<\/h2>\n\n\t\tAdicione linhas de controle adicionais ao seu sistema\n\t\n\n\t\tA unidade de controle submarino MiniPod combina v\u00e1lvulas de controle hidr\u00e1ulico de alta qualidade com a interface dos conectores el\u00e9tricos submarinos mais comuns.\n\t\n\t<ul>\n\t\t\t\t\t<li>\n\t\t\t\tGabinetes com compensa\u00e7\u00e3o de press\u00e3o e preenchidos com silicone para profundidades de at\u00e9 3000 m (9.850 p\u00e9s)\n\t\t\t<\/li>\n\t\t\t\t\t<li>\n\t\t\t\tSolu\u00e7\u00f5es fixas ou recuper\u00e1veis\n\t\t\t<\/li>\n\t\t\t\t\t<li>\n\t\t\t\tAlojamento para conectores el\u00e9tricos e HCVs\n\t\t\t<\/li>\n\t\t\t<\/ul>\n\t\t\t\t<img decoding=\"async\" src=\"https:\/\/oceaneering.com\/wp-content\/uploads\/2023\/11\/200409_Hydraulic-Control-Valves_shot_15.png\" alt=\"200409_Hydraulic-Control-Valves_shot_15\" itemprop=\"image\" title=\"200409_Hydraulic-Control-Valves_shot_15\" onerror=\"this.style.display='none'\"  \/>\n<h3>\n\t\tFolhetos\n\t<\/h3>\n\t\t\t<a href=\"https:\/\/oceaneering.canto.com\/download\/document\/h2tf4p2ajd60teqobg5ls0f95j\/original.pdf\" target=\"_blank\" rel=\"noopener\">\n\t\t\t\t\t\t\tV\u00e1lvula de controle hidr\u00e1ulico direcional (S\u00e9rie 15 - HCV 151.11.50.00-3.2)\n\t\t\t\t\t<\/a>\n\t\t\t<a href=\"https:\/\/oceaneering.canto.com\/download\/document\/a0a6l0tfv92kramj18i7i4b573\/original.pdf\" target=\"_blank\" rel=\"noopener\">\n\t\t\t\t\t\t\tV\u00e1lvula de controle hidr\u00e1ulico direcional (S\u00e9rie 15 - HCV 151.11.51.00-3.2)\n\t\t\t\t\t<\/a>\n\t\t\t<a href=\"https:\/\/oceaneering.canto.com\/download\/document\/sa876fdojp1ibb2lmn8daccg7t\/original.pdf\" target=\"_blank\" rel=\"noopener\">\n\t\t\t\t\t\t\tUnidade de controle submarino MiniPod\n\t\t\t\t\t<\/a>\n<h1>\n\t\tEntre em contato conosco\n\t<\/h1>\n<h2>\n\t\tNossa equipe de especialistas est\u00e1 pronta para ajud\u00e1-lo a come\u00e7ar.\n\t<\/h2>\n\t<p>A Oceaneering oferece os melhores produtos e solu\u00e7\u00f5es da categoria, respaldados por qualidade, confiabilidade e suporte global inigual\u00e1veis. Preencha o formul\u00e1rio de consulta para iniciar uma conversa hoje mesmo.<\/p>","protected":false},"excerpt":{"rendered":"<p>Discuta um projeto V\u00e1lvula de controle direcional hidr\u00e1ulica (HCV) Nossas HCVs controlam fun\u00e7\u00f5es essenciais em 40% dos po\u00e7os submarinos do mundo. As HCVs controlam as fun\u00e7\u00f5es cr\u00edticas da \u00e1rvore de Natal submarina (XMT) e das ferramentas de acesso ao po\u00e7o dentro dos manifolds submarinos e dos sistemas de controle. Reproduzir v\u00eddeo Fornecendo solu\u00e7\u00f5es confi\u00e1veis Nossos HCVs s\u00e3o adequados para uso em ambientes submarinos adversos e ... <a title=\"V\u00e1lvulas hidr\u00e1ulicas de controle direcional (HCV)\" class=\"read-more\" href=\"https:\/\/www.oceaneering.com\/pt\/rotator-technologies\/hydraulic-directional-control-valves\/\" aria-label=\"Leia mais sobre as V\u00e1lvulas de Controle Direcional Hidr\u00e1ulicas (HCV)\">Leia mais<\/a><\/p>","protected":false},"author":20,"featured_media":0,"parent":1550,"menu_order":2,"comment_status":"closed","ping_status":"closed","template":"","meta":{"_acf_changed":false,"footnotes":"","_links_to":"","_links_to_target":""},"product_category":[1495],"search_tags":[1525,1806],"class_list":["post-1694","page","type-page","status-publish","product_category-valves-rotator-technologies","search_tags-rotator","search_tags-rotator-technologies"],"acf":[],"aioseo_notices":[],"_links":{"self":[{"href":"https:\/\/www.oceaneering.com\/pt\/wp-json\/wp\/v2\/pages\/1694","targetHints":{"allow":["GET"]}}],"collection":[{"href":"https:\/\/www.oceaneering.com\/pt\/wp-json\/wp\/v2\/pages"}],"about":[{"href":"https:\/\/www.oceaneering.com\/pt\/wp-json\/wp\/v2\/types\/page"}],"author":[{"embeddable":true,"href":"https:\/\/www.oceaneering.com\/pt\/wp-json\/wp\/v2\/users\/20"}],"replies":[{"embeddable":true,"href":"https:\/\/www.oceaneering.com\/pt\/wp-json\/wp\/v2\/comments?post=1694"}],"version-history":[{"count":0,"href":"https:\/\/www.oceaneering.com\/pt\/wp-json\/wp\/v2\/pages\/1694\/revisions"}],"up":[{"embeddable":true,"href":"https:\/\/www.oceaneering.com\/pt\/wp-json\/wp\/v2\/pages\/1550"}],"wp:attachment":[{"href":"https:\/\/www.oceaneering.com\/pt\/wp-json\/wp\/v2\/media?parent=1694"}],"wp:term":[{"taxonomy":"product_category","embeddable":true,"href":"https:\/\/www.oceaneering.com\/pt\/wp-json\/wp\/v2\/product_category?post=1694"},{"taxonomy":"search_tags","embeddable":true,"href":"https:\/\/www.oceaneering.com\/pt\/wp-json\/wp\/v2\/search_tags?post=1694"}],"curies":[{"name":"wp","href":"https:\/\/api.w.org\/{rel}","templated":true}]}}