{"id":1688,"date":"2023-10-02T11:46:06","date_gmt":"2023-10-02T15:46:06","guid":{"rendered":"https:\/\/oceaneering.com\/?page_id=1688"},"modified":"2024-09-11T04:10:02","modified_gmt":"2024-09-11T09:10:02","slug":"chemical-throttle-valves","status":"publish","type":"page","link":"https:\/\/www.oceaneering.com\/pt\/rotator-technologies\/chemical-throttle-valves\/","title":{"rendered":"V\u00e1lvulas de estrangulamento qu\u00edmicas (CTV)"},"content":{"rendered":"<a href=\"https:\/\/www.oceaneering.com\/pt\/rotator-technologies\/#contact\" target=\"_self\" rel=\"noopener\">\n\t\t\t\t\t\t\tDiscutir um projeto\n\t\t\t\t\t<\/a>\n<h1>\n\t\tV\u00e1lvula de acelera\u00e7\u00e3o qu\u00edmica (CTV)\n\t<\/h1>\n\t<p>Nossos CTVs s\u00e3o instalados em \u00e1rvores submarinas e manifolds para fornecer inje\u00e7\u00e3o submarina cont\u00ednua e precisa de produtos qu\u00edmicos em seus sistemas de produ\u00e7\u00e3o.<\/p>\n\n\t\tOs CTVs eliminam efetivamente a necessidade de inje\u00e7\u00e3o no topside e de linhas umbilicais dedicadas, permitindo o projeto e a implanta\u00e7\u00e3o de umbilicais simplificados e mais eficientes. Fornecemos uma linha completa de produtos que podem ser operados remotamente e recuperados por ROVs para atender a todos os requisitos de inje\u00e7\u00e3o qu\u00edmica submarina. Desde 1995, fornecemos ao mercado um projeto superior, autolimpante e resistente a entupimentos.\n\t\n\t\t\t\t<img decoding=\"async\" src=\"https:\/\/oceaneering.com\/wp-content\/uploads\/2023\/11\/Lightest-CTV-landscape.jpeg\" alt=\"Lightest-CTV-landscape\" itemprop=\"image\" title=\"Paisagem de TV mais leve\" onerror=\"this.style.display='none'\"  \/>\n<h3>\n\t\tMenor e mais leve\n\t<\/h3>\n\t\t\t\t<img decoding=\"async\" src=\"https:\/\/oceaneering.com\/wp-content\/uploads\/2023\/11\/Contamination-Tolerant-landscape-landscape.jpeg\" alt=\"Contamination-Tolerant-landscape-landscape\" itemprop=\"image\" title=\"Paisagem tolerante \u00e0 contamina\u00e7\u00e3o - paisagem - paisagem\" onerror=\"this.style.display='none'\"  \/>\n<h3>\n\t\tTolerante \u00e0 contamina\u00e7\u00e3o\n\t<\/h3>\n\t\t\t\t<img decoding=\"async\" src=\"https:\/\/oceaneering.com\/wp-content\/uploads\/2023\/11\/Versatile-Installation-landscape-landscape.jpeg\" alt=\"Versatile-Installation-landscape-landscape\" itemprop=\"image\" title=\"Versatile-Installation-landscape-landscape\" onerror=\"this.style.display='none'\"  \/>\n<h3>\n\t\tInstala\u00e7\u00e3o horizontal e vertical\n\t<\/h3>\n\t\t\t\t<img decoding=\"async\" src=\"https:\/\/oceaneering.com\/wp-content\/uploads\/2023\/11\/Tested-landscape-landscape.jpeg\" alt=\"Tested-landscape-landscape\" itemprop=\"image\" title=\"Paisagem testada - paisagem - paisagem\" onerror=\"this.style.display='none'\"  \/>\n<h3>\n\t\tVida \u00fatil do projeto de 30 anos\n\t<\/h3>\n<h2>\n\t\tGaleria de v\u00eddeos da CTV\n\t<\/h2>\n\t\t\t\t\t\t\t<a href=\"https:\/\/oceaneering.canto.com\/direct\/video\/a744jt74a93rd40j7k7oef3u63\/LXVO-saQtQMnCDYUxNwbGqBTp-Q\/original?content-type=video%2Fmp4&#038;name=CTV-Ultra+Flow.mp4\" data-fancybox=\"video-carousel-\">\n\t\t\t\t\t\t\t\t<img decoding=\"async\" src=\"https:\/\/oceaneering.com\/wp-content\/uploads\/2023\/11\/CTV-Ultra-Flow.jpeg\" alt=\"\"\/>\n\t\t\t\t\t\t\t\t\tReproduzir v\u00eddeo\n\t\t\t\t\t\t\t<\/a>\n\t\t\t\t\t\t\t<a href=\"https:\/\/oceaneering.canto.com\/direct\/video\/sfcsn82o394fj1llr2057o4c29\/Jb512SduPckfCGJfaDEQHcvTiIU\/original?content-type=video%2Fmp4&#038;name=CTV-LF_720p.mp4\" data-fancybox=\"video-carousel-\">\n\t\t\t\t\t\t\t\t<img decoding=\"async\" src=\"https:\/\/oceaneering.com\/wp-content\/uploads\/2023\/11\/200424_CTV-LF-Subsea-Shot_2.jpeg\" alt=\"\"\/>\n\t\t\t\t\t\t\t\t\tReproduzir v\u00eddeo\n\t\t\t\t\t\t\t<\/a>\n\t\t\t\t\t\t\t<a href=\"https:\/\/oceaneering.canto.com\/direct\/video\/tnvb17r2j96pf171c3bd34pm2b\/iKr8GmZ_-1BizCMsTEQTTwGfgLc\/original?content-type=video%2Fmp4&#038;name=CTV-Torque_Tool_TorKey.mp4\" data-fancybox=\"video-carousel-\">\n\t\t\t\t\t\t\t\t<img decoding=\"async\" src=\"https:\/\/oceaneering.com\/wp-content\/uploads\/2023\/11\/19LW023.jpeg\" alt=\"\"\/>\n\t\t\t\t\t\t\t\t\tReproduzir v\u00eddeo\n\t\t\t\t\t\t\t<\/a>\n\t\t\t<button>\n\t\t\t\tAnterior\n\t\t\t<\/button>\n\t\t\t<button>\n\t\t\t\tPr\u00f3ximo\n\t\t\t<\/button>\n<h2>\n\t\tOrienta\u00e7\u00e3o Design independente\n\t<\/h2>\n\n\t\tAdequado para instala\u00e7\u00f5es horizontais e verticais\n\t\n\t\t\t\t<img decoding=\"async\" src=\"https:\/\/oceaneering.com\/wp-content\/uploads\/2023\/11\/200421_CTV-LF-PPT-Shot_5-700x394-1.png\" alt=\"200421_CTV-LF-PPT-Shot_5-700x394\" itemprop=\"image\" title=\"200421_CTV-LF-PPT-Shot_5-700x394\" onerror=\"this.style.display='none'\"  \/>\n\t<p>CTV-LF-15K<\/p>\n\t\t\t\t<img decoding=\"async\" src=\"https:\/\/oceaneering.com\/wp-content\/uploads\/2023\/11\/200421_CTV-LF-PPT-Shot_4-700x394-1.png\" alt=\"200421_CTV-LF-PPT-Shot_4-700x394\" itemprop=\"image\" title=\"200421_CTV-LF-PPT-Shot_4-700x394\" onerror=\"this.style.display='none'\"  \/>\n\t<p>RCH-LF-15K<\/p>\n\t\t\t\t<img decoding=\"async\" src=\"https:\/\/oceaneering.com\/wp-content\/uploads\/2023\/11\/200421_CTV-LF-PPT-Shot_3-700x394-1.png\" alt=\"200421_CTV-LF-PPT-Shot_3-700x394\" itemprop=\"image\" title=\"200421_CTV-LF-PPT-Shot_3-700x394\" onerror=\"this.style.display='none'\"  \/>\n\t<p>Recept\u00e1culo com CTV-LF-15K instalado<\/p>\n\t\t\t\t<img decoding=\"async\" src=\"https:\/\/oceaneering.com\/wp-content\/uploads\/2023\/11\/200421_CTV-LF-PPT-Shot_11-700x394-1.png\" alt=\"200421_CTV-LF-PPT-Shot_11-700x394\" itemprop=\"image\" title=\"200421_CTV-LF-PPT-Shot_11-700x394\" onerror=\"this.style.display='none'\"  \/>\n\t<p>RCH-LF-15K (vista frontal)<\/p>\n\t\t\t\t<img decoding=\"async\" src=\"https:\/\/oceaneering.com\/wp-content\/uploads\/2023\/11\/200421_CTV-LF-PPT-Shot_10-700x394-1.png\" alt=\"200421_CTV-LF-PPT-Shot_10-700x394\" itemprop=\"image\" title=\"200421_CTV-LF-PPT-Shot_10-700x394\" onerror=\"this.style.display='none'\"  \/>\n\t<p>RCH-LF-15K (vista traseira)<\/p>\n\t\t\t\t<img decoding=\"async\" src=\"https:\/\/oceaneering.com\/wp-content\/uploads\/2023\/11\/200421_CTV-LF-PPT-Shot_9-700x394-1.png\" alt=\"200421_CTV-LF-PPT-Shot_9-700x394\" itemprop=\"image\" title=\"200421_CTV-LF-PPT-Shot_9-700x394\" onerror=\"this.style.display='none'\"  \/>\n\t<p>Recept\u00e1culo com CTV-LF-15K instalado (vista frontal)<\/p>\n<h2>\n\t\tProjetado para ambientes agressivos\n\t<\/h2>\n\n\t\tNossos CTVs s\u00e3o projetados para uso em ambientes submarinos adversos. Eles s\u00e3o projetados para atender a requisitos de press\u00e3o de at\u00e9 1035 bar (15.000 psi) e profundidades de trabalho de at\u00e9 4000 m (13.123 p\u00e9s).\n\t\n\t\t\t<img decoding=\"async\" src=\"https:\/\/www.oceaneering.com\/wp-content\/uploads\/2024\/02\/201016_CTV-LF-SHOT-1-e1602848221605.png\" alt=\"\"\/>\n\t\t\t\t\t\t\t\t\t\tManopla em D sem solda\n\t\t\t\t\t\t\t\t\t\t\t\t\t\t<h6><strong>Manopla em D sem solda<\/strong><\/h6>\t\t\t\t\t\t\t\t\t\t\t\t\t\n\t\t\t\t\t\t\t\t\t\tControlador eletr\u00f4nico\n\t\t\t\t\t\t\t\t\t\t\t\t\t\t<h6><strong>Controlador eletr\u00f4nico<\/strong><\/h6>\t\t\t\t\t\t\t\t\t\t\t\t\t\n\t\t\t\t\t\t\t\t\t\tGuarni\u00e7\u00e3o de fluxo\n\t\t\t\t\t\t\t\t\t\t\t\t\t\t<h6><strong>Guarni\u00e7\u00e3o de fluxo<\/strong><\/h6>\t\t\t\t\t\t\t\t\t\t\t\t\t\n\t\t\t\t\t\t\t\t\t\tConector el\u00e9trico\n\t\t\t\t\t\t\t\t\t\t\t\t\t\t<h6><strong>Conector el\u00e9trico<\/strong><\/h6>\t\t\t\t\t\t\t\t\t\t\t\t\t\n\t\t\t\t\t\t\t\t\t\tAcopladores hidr\u00e1ulicos\n\t\t\t\t\t\t\t\t\t\t\t\t\t\t<h6><strong>Acopladores hidr\u00e1ulicos<\/strong><\/h6>\t\t\t\t\t\t\t\t\t\t\t\t\t\n\t\t\t\t\t\t\t\t\t\tTrem de for\u00e7a\n\t\t\t\t\t\t\t\t\t\t\t\t\t\t<h6><strong>Trem de for\u00e7a<\/strong><\/h6>\t\t\t\t\t\t\t\t\t\t\t\t\t\n\t\t\t\t\t\t\t\t\t\tMangueira do compensador\n\t\t\t\t\t\t\t\t\t\t\t\t\t\t<h6><strong>Mangueira do compensador<\/strong><\/h6>\t\t\t\t\t\t\t\t\t\t\t\t\t\n\t\t\t\t\t\t\t\t\t\tSensores de press\u00e3o\n\t\t\t\t\t\t\t\t\t\t\t\t\t\t<h6><strong>Sensor de press\u00e3o<\/strong><\/h6>\t\t\t\t\t\t\t\t\t\t\t\t\t\n\t\t\t\t\t\t\t\t\t\tMecanismo de travamento\n\t\t\t\t\t\t\t\t\t\t\t\t\t\t<h6><strong>Mecanismo de travamento<\/strong><\/h6>\t\t\t\t\t\t\t\t\t\t\t\t\t\n<h2>\n\t\tDesign autolimpante e sem filtro\n\t<\/h2>\n\n\t\tNosso CTV \u00e9 o \u00fanico projeto do setor que combina uma posi\u00e7\u00e3o de descarga total com um raspador mec\u00e2nico integrado. Esse recurso garante uma toler\u00e2ncia superior \u00e0 contamina\u00e7\u00e3o e proporciona um desempenho inigual\u00e1vel, preciso e de longo prazo sem a necessidade de filtros submarinos.\n\t\n\t\t\t\t<img decoding=\"async\" src=\"https:\/\/oceaneering.com\/wp-content\/uploads\/2023\/11\/200227_GIF-M-Scrapper-Fluid.gif\" alt=\"200227_GIF-M-Scrapper-Fluid\" itemprop=\"image\" title=\"200227_GIF-M-Scrapper-Fluid\" onerror=\"this.style.display='none'\"  \/>\n\t\t\t\t<img decoding=\"async\" src=\"https:\/\/oceaneering.com\/wp-content\/uploads\/2023\/11\/200421_CTV-LF-PPT-Shot_7-e1603106078530.png\" alt=\"200421_CTV-LF-PPT-Shot_7-e1603106078530\" itemprop=\"image\" title=\"200421_CTV-LF-PPT-Shot_7-e1603106078530\" onerror=\"this.style.display='none'\"  \/>\n<h2>\n\t\tProdutos e faixas de vaz\u00e3o\n\t<\/h2>\n\t\t\t<h3>CTV de baixo fluxo (CTV-LF-15K)<\/h3>\t\t\t\n\t\t\t\t<p>Faixa de vaz\u00e3o: 0,038 a 2.282 gal\/dia (0,001 a 6 l\/min). Dispon\u00edvel em variantes otimizadas para partes espec\u00edficas da faixa de vaz\u00e3o.<\/p>\n\t\t\t<h3>CTV de fluxo m\u00e9dio (CTV-MF-15K)<\/h3>\t\t\t\n\t\t\t\t<p>Faixa de vaz\u00e3o: 190 a 6.847 gal\/dia (0,5 a 18 l\/min)<\/p>\n\t\t\t<h3>CTV High-Flow (CTV-HF)<\/h3>\t\t\t\n\t\t\t\t<p>Faixa de vaz\u00e3o: 760 a 76.081 gal\/dia (2 a 200 l\/min)<\/p>\n\t\t\t<h3>CTV Ultra-Flow (CTV-UF-10K)<\/h3>\t\t\t\n\t\t\t\t<p>Faixa de vaz\u00e3o: 760 a 380.407 gal\/dia (2 a 1000+ l\/min)<\/p>\n\t\t\t<h3>Simulador de CTV<\/h3>\t\t\t\n\t\t\t\t<p>Compat\u00edvel com toda a linha de produtos<\/p>\n\t<p>As faixas de vaz\u00e3o dependem da viscosidade e da press\u00e3o diferencial.<\/p>\n<h3>\n\t\tFolhetos\n\t<\/h3>\n\t\t\t<a href=\"https:\/\/oceaneering.canto.com\/download\/document\/jd05u167nd2dla4vljhh9rqc02\/original.pdf\" target=\"_blank\" rel=\"noopener\">\n\t\t\t\t\t\t\tV\u00e1lvula de acelera\u00e7\u00e3o de inje\u00e7\u00e3o qu\u00edmica (CTV)\n\t\t\t\t\t<\/a>\n\t\t\t<a href=\"https:\/\/oceaneering.canto.com\/download\/document\/5dclkvcfg161f3iub7nvcdrj72\/original.pdf\" target=\"_blank\" rel=\"noopener\">\n\t\t\t\t\t\t\tV\u00e1lvula de acelera\u00e7\u00e3o qu\u00edmica (CTV-LF-15K)\n\t\t\t\t\t<\/a>\n\t\t\t<a href=\"https:\/\/oceaneering.canto.com\/download\/document\/ncppk1csmp6d1fmcvpg9md0s04\/original.pdf\" target=\"_blank\" rel=\"noopener\">\n\t\t\t\t\t\t\tV\u00e1lvula de acelera\u00e7\u00e3o qu\u00edmica (CTV-MF-15K)\n\t\t\t\t\t<\/a>\n\t\t\t<a href=\"https:\/\/oceaneering.canto.com\/download\/document\/n84pcps4ht5u50mt1d6tbmcn5b\/original.pdf\" target=\"_blank\" rel=\"noopener\">\n\t\t\t\t\t\t\tFerramenta de torque TorKey CTV\n\t\t\t\t\t<\/a>\n\t\t\t<a href=\"https:\/\/oceaneering.canto.com\/download\/document\/pn431n5lqd12b1ukspua181b0i\/original.pdf\" target=\"_blank\" rel=\"noopener\">\n\t\t\t\t\t\t\tSimulador para v\u00e1lvulas de acelera\u00e7\u00e3o de inje\u00e7\u00e3o qu\u00edmica\n\t\t\t\t\t<\/a>\n<h1>\n\t\tEntre em contato conosco\n\t<\/h1>\n<h2>\n\t\tNossa equipe de especialistas est\u00e1 pronta para ajud\u00e1-lo a come\u00e7ar.\n\t<\/h2>\n\t<p>A Oceaneering oferece os melhores produtos e solu\u00e7\u00f5es da categoria, respaldados por qualidade, confiabilidade e suporte global inigual\u00e1veis. Preencha o formul\u00e1rio de consulta para iniciar uma conversa hoje mesmo.<\/p>","protected":false},"excerpt":{"rendered":"<p>Discuta um projeto V\u00e1lvula de acelera\u00e7\u00e3o qu\u00edmica (CTV) Nossas CTVs s\u00e3o instaladas em \u00e1rvores e coletores submarinos para fornecer inje\u00e7\u00e3o submarina cont\u00ednua e precisa de produtos qu\u00edmicos em seus sistemas de produ\u00e7\u00e3o. As CTVs eliminam efetivamente a necessidade de inje\u00e7\u00e3o na parte superior e de linhas umbilicais dedicadas, permitindo o projeto e a implanta\u00e7\u00e3o de umbilicais simplificados e mais eficientes. Fornecemos uma linha completa ... <a title=\"V\u00e1lvulas de estrangulamento qu\u00edmicas (CTV)\" class=\"read-more\" href=\"https:\/\/www.oceaneering.com\/pt\/rotator-technologies\/chemical-throttle-valves\/\" aria-label=\"Leia mais sobre as V\u00e1lvulas de Acelera\u00e7\u00e3o Qu\u00edmica (CTV)\">Leia mais<\/a><\/p>","protected":false},"author":20,"featured_media":0,"parent":1550,"menu_order":2,"comment_status":"closed","ping_status":"closed","template":"","meta":{"_acf_changed":false,"footnotes":"","_links_to":"","_links_to_target":""},"product_category":[1495],"search_tags":[1525,1806],"class_list":["post-1688","page","type-page","status-publish","product_category-valves-rotator-technologies","search_tags-rotator","search_tags-rotator-technologies"],"acf":[],"aioseo_notices":[],"_links":{"self":[{"href":"https:\/\/www.oceaneering.com\/pt\/wp-json\/wp\/v2\/pages\/1688","targetHints":{"allow":["GET"]}}],"collection":[{"href":"https:\/\/www.oceaneering.com\/pt\/wp-json\/wp\/v2\/pages"}],"about":[{"href":"https:\/\/www.oceaneering.com\/pt\/wp-json\/wp\/v2\/types\/page"}],"author":[{"embeddable":true,"href":"https:\/\/www.oceaneering.com\/pt\/wp-json\/wp\/v2\/users\/20"}],"replies":[{"embeddable":true,"href":"https:\/\/www.oceaneering.com\/pt\/wp-json\/wp\/v2\/comments?post=1688"}],"version-history":[{"count":0,"href":"https:\/\/www.oceaneering.com\/pt\/wp-json\/wp\/v2\/pages\/1688\/revisions"}],"up":[{"embeddable":true,"href":"https:\/\/www.oceaneering.com\/pt\/wp-json\/wp\/v2\/pages\/1550"}],"wp:attachment":[{"href":"https:\/\/www.oceaneering.com\/pt\/wp-json\/wp\/v2\/media?parent=1688"}],"wp:term":[{"taxonomy":"product_category","embeddable":true,"href":"https:\/\/www.oceaneering.com\/pt\/wp-json\/wp\/v2\/product_category?post=1688"},{"taxonomy":"search_tags","embeddable":true,"href":"https:\/\/www.oceaneering.com\/pt\/wp-json\/wp\/v2\/search_tags?post=1688"}],"curies":[{"name":"wp","href":"https:\/\/api.w.org\/{rel}","templated":true}]}}