{"id":1550,"date":"2023-09-29T10:35:46","date_gmt":"2023-09-29T14:35:46","guid":{"rendered":"https:\/\/oceaneering.com\/?page_id=1550"},"modified":"2026-03-02T08:40:50","modified_gmt":"2026-03-02T14:40:50","slug":"rotator-technologies","status":"publish","type":"page","link":"https:\/\/www.oceaneering.com\/pt\/rotator-technologies\/","title":{"rendered":"Tecnologias de rotatores"},"content":{"rendered":"<p><a href=\"https:\/\/www.oceaneering.com\/pt\/rotator-technologies\/#contact\" target=\"_self\" rel=\"noopener\"> Discutir um projeto <\/a><\/p>\r\n<h1>Tecnologias de rotatores<\/h1>\r\n<p>Projetamos e fabricamos as principais v\u00e1lvulas do setor para opera\u00e7\u00f5es cr\u00edticas de petr\u00f3leo e g\u00e1s.<\/p>\r\n<p><img decoding=\"async\" title=\"OII-Rotator-white-2020-Tm-Logo\" src=\"https:\/\/oceaneering.com\/wp-content\/uploads\/2023\/11\/OII-Rotator-white-2020-Tm-Logo.png\" alt=\"OII-Rotator-white-2020-Tm-Logo\" \/> Aproveitamos mais de 60 anos de experi\u00eancia para fornecer v\u00e1lvulas submarinas e topside l\u00edderes do setor e comprovadas em campo. Nossos produtos s\u00e3o respaldados por qualidade, confiabilidade e suporte global inigual\u00e1veis.<\/p>\r\n<h2>Produtos submarinos e topside<\/h2>\r\n<p><a href=\"https:\/\/www.oceaneering.com\/pt\/rotator-technologies\/chemical-throttle-valves\/\" target=\"_self\" rel=\"noopener\"> <img decoding=\"async\" title=\"200309_CTV-UF-Subsea-Shot-3\" src=\"https:\/\/oceaneering.com\/wp-content\/uploads\/2023\/11\/200309_CTV-UF-Subsea-Shot-3.jpeg\" alt=\"200309_CTV-UF-Subsea-Shot-3\" \/> <\/a><\/p>\r\n<h3>V\u00e1lvula de acelera\u00e7\u00e3o qu\u00edmica (CTV)<\/h3>\r\n<p>Continuous subsea chemical injection via the industry&#8217;s smallest, lightest, and most contamination-tolerant designs.<\/p>\r\n<p><a href=\"https:\/\/www.oceaneering.com\/pt\/rotator-technologies\/chemical-throttle-valves\/\" target=\"_self\" rel=\"noopener\"> Saiba mais <\/a> <a href=\"https:\/\/www.oceaneering.com\/pt\/rotator-technologies\/hydraulic-directional-control-valves\/\" target=\"_self\" rel=\"noopener\"> <img decoding=\"async\" title=\"HCV\" src=\"https:\/\/oceaneering.com\/wp-content\/uploads\/2023\/11\/HCV.jpeg\" alt=\"HCV\" \/> <\/a><\/p>\r\n<h3>V\u00e1lvula de controle hidr\u00e1ulico direcional (HCV)<\/h3>\r\n<p>Controle fun\u00e7\u00f5es submarinas cr\u00edticas com mais de 900 projetos de HCV robustos e tolerantes \u00e0 contamina\u00e7\u00e3o.<\/p>\r\n<p><a href=\"https:\/\/www.oceaneering.com\/pt\/rotator-technologies\/hydraulic-directional-control-valves\/\" target=\"_self\" rel=\"noopener\"> Saiba mais <\/a> <a href=\"https:\/\/www.oceaneering.com\/pt\/rotator-technologies\/rotary-control-valves\/\" target=\"_self\" rel=\"noopener\"> <img decoding=\"async\" title=\"200526_RCV_render_10\" src=\"https:\/\/oceaneering.com\/wp-content\/uploads\/2023\/11\/200526_RCV_render_10.png\" alt=\"200526_RCV_render_10\" \/> <\/a><\/p>\r\n<h3>V\u00e1lvula de controle rotativa (RCV)<\/h3>\r\n<p>Garanta suas fun\u00e7\u00f5es cr\u00edticas em topside e subsea com nossos projetos robustos e de alta press\u00e3o.<\/p>\r\n<p><a href=\"https:\/\/www.oceaneering.com\/pt\/rotator-technologies\/rotary-control-valves\/\" target=\"_self\" rel=\"noopener\"> Saiba mais <\/a> <a href=\"https:\/\/www.oceaneering.com\/pt\/rotator-technologies\/topside-chemical-throttle-valves\/\" target=\"_self\" rel=\"noopener\"> <img decoding=\"async\" title=\"T-CTV-700\" src=\"https:\/\/oceaneering.com\/wp-content\/uploads\/2023\/11\/T-CTV-700.jpeg\" alt=\"T-CTV-700\" \/> <\/a><\/p>\r\n<h3>V\u00e1lvula de acelera\u00e7\u00e3o qu\u00edmica de superf\u00edcie (T-CTV)<\/h3>\r\n<p>Dosagem precisa e cont\u00ednua por meio de uma v\u00e1lvula dosadora de produtos qu\u00edmicos sem filtro, autolimpante e totalmente automatizada.<\/p>\r\n<p><a href=\"https:\/\/www.oceaneering.com\/pt\/rotator-technologies\/topside-chemical-throttle-valves\/\" target=\"_self\" rel=\"noopener\"> Saiba mais <\/a> <a href=\"https:\/\/www.oceaneering.com\/pt\/rotator-technologies\/subsea-hydraulic-cat-d-couplings\/\" target=\"_self\" rel=\"noopener\"> <img decoding=\"async\" title=\"Acoplamentos hidr\u00e1ulicos - Destaque\" src=\"https:\/\/oceaneering.com\/wp-content\/uploads\/2023\/11\/Hydraulic-Couplings-Featured.jpeg\" alt=\"Hydraulic-Couplings-Featured\" \/> <\/a><\/p>\r\n<h3>Acoplamentos hidr\u00e1ulicos submarinos CAT-D<\/h3>\r\n<p>Apoie o projeto otimizado do sistema e, ao mesmo tempo, reduza os custos e os riscos associados \u00e0 soldagem, \u00e0s inspe\u00e7\u00f5es e muito mais.<\/p>\r\n<p><a href=\"https:\/\/www.oceaneering.com\/pt\/rotator-technologies\/subsea-hydraulic-cat-d-couplings\/\" target=\"_self\" rel=\"noopener\"> Saiba mais <\/a><\/p>\r\n<h2>Centro de testes e qualifica\u00e7\u00e3o<\/h2>\r\n<p>Nossas instala\u00e7\u00f5es de \u00faltima gera\u00e7\u00e3o em Kristiansand, na Noruega, oferecem um local \u00fanico e totalmente integrado para atender aos requisitos exclusivos de seu projeto.<\/p>\r\n<ul>\r\n<li>Testes, qualifica\u00e7\u00e3o e documenta\u00e7\u00e3o<\/li>\r\n<li>Suporte \u00e0 reengenharia, fabrica\u00e7\u00e3o e novos testes<\/li>\r\n<li>D\u00e9cadas de experi\u00eancia no setor<\/li>\r\n<\/ul>\r\n<p><a href=\"https:\/\/www.oceaneering.com\/pt\/rotator-technologies\/rotator-test-and-qualification-center\/\" target=\"_self\" rel=\"noopener\"> Saiba mais <\/a><\/p>\r\n<h1>Entre em contato conosco<\/h1>\r\n<h2>Nossa equipe de especialistas est\u00e1 pronta para ajud\u00e1-lo a come\u00e7ar.<\/h2>\r\n<p>A Oceaneering oferece os melhores produtos e solu\u00e7\u00f5es da categoria, respaldados por qualidade, confiabilidade e suporte global inigual\u00e1veis. Preencha o formul\u00e1rio de consulta para iniciar uma conversa hoje mesmo.<\/p>","protected":false},"excerpt":{"rendered":"<p>Discuss a Project Rotator Technologies We design and manufacture the industry&#8217;s premier valves for critical oil and gas operations. We leverage over 60 years&#8217; experience to deliver industry-leading, field-proven subsea and topside valves. Our products are backed by unparalleled quality, reliability, and global support. Subsea and Topside Products Chemical Throttle Valve (CTV) Continuous subsea chemical &#8230; <a title=\"Tecnologias de rotatores\" class=\"read-more\" href=\"https:\/\/www.oceaneering.com\/pt\/rotator-technologies\/\" aria-label=\"Leia mais sobre a Rotator Technologies\">Leia mais<\/a><\/p>","protected":false},"author":20,"featured_media":0,"parent":0,"menu_order":2,"comment_status":"closed","ping_status":"closed","template":"","meta":{"_acf_changed":false,"footnotes":"","_links_to":"","_links_to_target":""},"product_category":[1495],"search_tags":[1525,1806],"class_list":["post-1550","page","type-page","status-publish","product_category-valves-rotator-technologies","search_tags-rotator","search_tags-rotator-technologies"],"acf":[],"aioseo_notices":[],"_links":{"self":[{"href":"https:\/\/www.oceaneering.com\/pt\/wp-json\/wp\/v2\/pages\/1550","targetHints":{"allow":["GET"]}}],"collection":[{"href":"https:\/\/www.oceaneering.com\/pt\/wp-json\/wp\/v2\/pages"}],"about":[{"href":"https:\/\/www.oceaneering.com\/pt\/wp-json\/wp\/v2\/types\/page"}],"author":[{"embeddable":true,"href":"https:\/\/www.oceaneering.com\/pt\/wp-json\/wp\/v2\/users\/20"}],"replies":[{"embeddable":true,"href":"https:\/\/www.oceaneering.com\/pt\/wp-json\/wp\/v2\/comments?post=1550"}],"version-history":[{"count":1,"href":"https:\/\/www.oceaneering.com\/pt\/wp-json\/wp\/v2\/pages\/1550\/revisions"}],"predecessor-version":[{"id":81252,"href":"https:\/\/www.oceaneering.com\/pt\/wp-json\/wp\/v2\/pages\/1550\/revisions\/81252"}],"wp:attachment":[{"href":"https:\/\/www.oceaneering.com\/pt\/wp-json\/wp\/v2\/media?parent=1550"}],"wp:term":[{"taxonomy":"product_category","embeddable":true,"href":"https:\/\/www.oceaneering.com\/pt\/wp-json\/wp\/v2\/product_category?post=1550"},{"taxonomy":"search_tags","embeddable":true,"href":"https:\/\/www.oceaneering.com\/pt\/wp-json\/wp\/v2\/search_tags?post=1550"}],"curies":[{"name":"wp","href":"https:\/\/api.w.org\/{rel}","templated":true}]}}