{"id":1183,"date":"2023-08-25T21:04:25","date_gmt":"2023-08-26T01:04:25","guid":{"rendered":"https:\/\/oceaneering.com\/terms-and-conditions\/"},"modified":"2024-02-08T13:31:17","modified_gmt":"2024-02-08T18:31:17","slug":"terms-and-conditions","status":"publish","type":"page","link":"https:\/\/www.oceaneering.com\/pt\/terms-and-conditions\/","title":{"rendered":"Termos e condi\u00e7\u00f5es"},"content":{"rendered":"<h1>Termos e condi\u00e7\u00f5es<\/h1>\r\n<h3>Termos e condi\u00e7\u00f5es<\/h3>\r\n<p>O Oceaneering.com (\"Site\") \u00e9 uma propriedade na Internet da Oceaneering International, Inc. ou de sua subsidi\u00e1ria ou empresa afiliada (\"OII\"). LEIA ATENTAMENTE OS TERMOS E CONDI\u00c7\u00d5ES DE USO (\"TERMOS\") ANTES DE USAR ESTE SITE.<\/p>\r\n<p>ESTES TERMOS CONSTITUEM UM ACORDO ENTRE A OII E VOC\u00ca QUE REGE SEU ACESSO E USO DO SITE. AO ACESSAR OU USAR O SITE, VOC\u00ca E QUALQUER ENTIDADE QUE VOC\u00ca ESTEJA AUTORIZADO A REPRESENTAR (\"VOC\u00ca\" OU \"SEU\") CONCORDAM EM ESTAR VINCULADOS A ESTES TERMOS.<\/p>\r\n<p>A OII PODER\u00c1 MODIFICAR ESTES TERMOS A QUALQUER MOMENTO, SEM AVISO PR\u00c9VIO, PUBLICANDO OS TERMOS REVISADOS NO SITE. O USO CONTINUADO DO SITE CONSTITUI SUA ACEITA\u00c7\u00c3O VINCULANTE DE QUAISQUER MODIFICA\u00c7\u00d5ES.<\/p>\r\n<p>O Site destina-se ao uso por pessoas com mais de 18 (dezoito) anos de idade. O OII n\u00e3o solicita nem coleta intencionalmente informa\u00e7\u00f5es de pessoas com menos de 18 (dezoito) anos de idade.<\/p>\r\n<h3>Uso do site<\/h3>\r\n<p>A OII lhe fornece acesso ao Site pela Internet, por meio do qual voc\u00ea pode acessar informa\u00e7\u00f5es, dados, textos, softwares, sons, fotografias, gr\u00e1ficos, v\u00eddeos, mensagens ou outros materiais que possam ser publicados no Site periodicamente. Quaisquer atualiza\u00e7\u00f5es, aprimoramentos, novos recursos e\/ou a adi\u00e7\u00e3o de novas propriedades da Web no Site est\u00e3o sujeitos a estes Termos. Voc\u00ea \u00e9 o \u00fanico respons\u00e1vel por fornecer um computador com conex\u00e3o de servi\u00e7o de Internet e por cumprir todas as exig\u00eancias do propriet\u00e1rio do equipamento de computador e do provedor de servi\u00e7os de Internet.<\/p>\r\n<p>A OII ou um terceiro agindo em seu nome pode monitorar seu uso do Site e pode usar e divulgar livremente quaisquer informa\u00e7\u00f5es e materiais recebidos de voc\u00ea ou coletados por meio de seu uso deste Site por qualquer motivo ou finalidade legal. Consulte nossa Pol\u00edtica de Privacidade com rela\u00e7\u00e3o \u00e0 coleta e ao uso de informa\u00e7\u00f5es.<\/p>\r\n<p>A OII pode alterar, suspender ou descontinuar qualquer aspecto deste Site a qualquer momento, inclusive a disponibilidade de qualquer recurso, conte\u00fado baixado ou transmitido, banco de dados de software ou outro conte\u00fado. A OII tamb\u00e9m pode impor limites a determinados recursos e servi\u00e7os ou restringir seu acesso a partes do Site ou a todo o Site sem aviso pr\u00e9vio ou responsabilidade.<\/p>\r\n<p>Voc\u00ea pode usar as informa\u00e7\u00f5es e os materiais deste Site somente para fins informativos ou pessoais. Qualquer c\u00f3pia de qualquer p\u00e1gina do Site, ou qualquer parte dela, deve incluir todos os avisos de direitos autorais e de propriedade na mesma forma e maneira que no original e n\u00e3o pode ser modificada de forma alguma. A OII se reserva o direito de revogar essa autoriza\u00e7\u00e3o a qualquer momento, e qualquer uso desse tipo dever\u00e1 ser interrompido imediatamente mediante aviso da OII, que poder\u00e1 ser publicado no Site.<\/p>\r\n<p>Todas as informa\u00e7\u00f5es publicadas no Site est\u00e3o sujeitas a altera\u00e7\u00f5es e disponibilidade. Em particular, as informa\u00e7\u00f5es t\u00e9cnicas e os pre\u00e7os est\u00e3o sujeitos a altera\u00e7\u00f5es sem aviso pr\u00e9vio, e determinados equipamentos ou servi\u00e7os podem n\u00e3o estar dispon\u00edveis em um determinado momento ou local.<\/p>\r\n<h3>Links para o site<\/h3>\r\n<p>A OII permite que qualquer pessoa crie um link para o Site, desde que o criador do link esteja em conformidade com estes Termos. Um site que tenha um link para o Site:<\/p>\r\n<p>(i) Poder\u00e1 criar links, mas n\u00e3o replicar, o conte\u00fado contido no Site;<\/p>\r\n<p>(ii) N\u00e3o deve criar um ambiente de borda ou navegador em torno do conte\u00fado contido no Site;<\/p>\r\n<p>(iii) N\u00e3o deve apresentar informa\u00e7\u00f5es enganosas ou falsas sobre os servi\u00e7os ou produtos da OII;<\/p>\r\n<p>(iv) N\u00e3o deve deturpar o relacionamento do OII com o vinculador;<\/p>\r\n<p>(v) N\u00e3o deve dar a entender que a OII est\u00e1 endossando ou patrocinando o vinculador ou os servi\u00e7os ou produtos do vinculador sem a aprova\u00e7\u00e3o espec\u00edfica por escrito do departamento jur\u00eddico da OII;<\/p>\r\n<p>(vi) N\u00e3o deve usar as marcas registradas, as marcas de servi\u00e7o, os logotipos ou a imagem comercial da OII sem a permiss\u00e3o pr\u00e9via por escrito da OII (inclusive em estudos de caso ou refer\u00eancias a relacionamentos com fornecedores);<\/p>\r\n<p>(vii) N\u00e3o deve conter conte\u00fado que possa ser interpretado como obsceno, calunioso, difamat\u00f3rio, pornogr\u00e1fico ou inadequado para pessoas de todas as idades;<\/p>\r\n<p>(viii) N\u00e3o deve conter materiais que possam violar quaisquer leis ou regulamentos aplic\u00e1veis; e<\/p>\r\n<p>(ix) Deve concordar que o link pode ser removido a qualquer momento mediante solicita\u00e7\u00e3o da OII, de acordo com os direitos reservados da OII de rescindir seu consentimento para permitir o link.<\/p>\r\n<h3>Envios<\/h3>\r\n<p>A OII n\u00e3o deseja receber informa\u00e7\u00f5es confidenciais ou propriet\u00e1rias por meio deste Site, exceto no que diz respeito a consultas sobre emprego, que podem ser fornecidas em car\u00e1ter confidencial.<\/p>\r\n<p>A OII pode monitorar seu uso deste Site e pode usar e divulgar livremente quaisquer informa\u00e7\u00f5es e materiais recebidos de voc\u00ea ou coletados por meio de seu uso deste Site para qualquer motivo ou finalidade legal, de acordo com nossa Pol\u00edtica de Privacidade relacionada \u00e0 coleta e ao uso de suas informa\u00e7\u00f5es pessoais. Voc\u00ea concede \u00e0 OII uma licen\u00e7a irrestrita, irrevog\u00e1vel e isenta de royalties para exibir, usar, modificar, executar, reproduzir, transmitir e distribuir quaisquer informa\u00e7\u00f5es enviadas \u00e0 OII por meio do Site, para todos e quaisquer fins comerciais e n\u00e3o comerciais.<\/p>\r\n<p>Voc\u00ea tamb\u00e9m concorda que a OII \u00e9 livre para usar quaisquer ideias, conceitos ou t\u00e9cnicas que voc\u00ea enviar \u00e0 OII atrav\u00e9s do Site, para qualquer finalidade, incluindo, mas n\u00e3o se limitando a, desenvolvimento, fabrica\u00e7\u00e3o e comercializa\u00e7\u00e3o de produtos e servi\u00e7os que incorporem tais ideias, conceitos ou t\u00e9cnicas.<\/p>\r\n<h3>Restri\u00e7\u00f5es de uso do site<\/h3>\r\n<p>Voc\u00ea n\u00e3o pode usar este Site para fazer nada do que segue:<\/p>\r\n<p>(i) fazer download, publicar, enviar por e-mail ou de outra forma transmitir ou receber intencionalmente qualquer conte\u00fado que seja il\u00edcito, ilegal, amea\u00e7ador, abusivo, assediador, tortuoso, difamat\u00f3rio, obsceno, calunioso, invasivo do direito de privacidade de outra pessoa, que revele informa\u00e7\u00f5es privadas sobre outra pessoa sem o consentimento dessa pessoa, ou que possa tender a incitar outros a realizar qualquer uma das atividades anteriores, ou que viole qualquer regulamenta\u00e7\u00e3o de exporta\u00e7\u00e3o ou importa\u00e7\u00e3o dos Estados Unidos ou de qualquer pa\u00eds de origem ou recebimento;<\/p>\r\n<p>(ii) baixar, publicar, enviar por e-mail ou transmitir de outra forma qualquer v\u00edrus de software ou outro c\u00f3digo de computador, arquivos ou programas projetados para interromper, destruir, limitar a funcionalidade ou causar uma nega\u00e7\u00e3o ou interrup\u00e7\u00e3o de servi\u00e7o de qualquer software ou hardware de computador ou equipamento de telecomunica\u00e7\u00f5es nosso ou de terceiros, incluindo, sem limita\u00e7\u00e3o, qualquer rede de telecomunica\u00e7\u00f5es;<\/p>\r\n<p>(iii) copiar, transmitir, usar, transmitir, distribuir ou modificar qualquer informa\u00e7\u00e3o ou material que viole os direitos de patente, direitos autorais, marca registrada ou segredo comercial de qualquer outra pessoa;<\/p>\r\n<p>(iv) usar este Site de qualquer maneira que viole quaisquer regras ou regulamentos impostos pelo propriet\u00e1rio do equipamento de inform\u00e1tica ou pelo Provedor de Servi\u00e7os de Internet que voc\u00ea escolheu usar para acessar este Site;<\/p>\r\n<p>(v) violar ou tentar violar a seguran\u00e7a, a efici\u00eancia, a confiabilidade ou a integridade deste Site ou de seu conte\u00fado de qualquer forma, inclusive, sem limita\u00e7\u00e3o, acessando dados, servidores ou contas que voc\u00ea n\u00e3o est\u00e1 autorizado a acessar, forjando cabe\u00e7alhos de pacotes TCP\/IP ou cargas \u00fateis, ou acessando ou tentando acessar partes deste Site que est\u00e3o sujeitas a restri\u00e7\u00f5es de acesso;<\/p>\r\n<p>(vi) usar o Site ou qualquer material obtido do Site para desenvolver, ou como componente de, qualquer sistema de informa\u00e7\u00e3o, armazenamento e recupera\u00e7\u00e3o, banco de dados, base de informa\u00e7\u00f5es, site ou recurso similar (em qualquer m\u00eddia atualmente existente ou desenvolvida no futuro) que seja oferecido para distribui\u00e7\u00e3o comercial de qualquer tipo, inclusive por meio de venda, licen\u00e7a, arrendamento, aluguel, assinatura ou qualquer outro mecanismo de distribui\u00e7\u00e3o comercial;<\/p>\r\n<p>(vii) remover, alterar ou ocultar qualquer aviso de direitos autorais ou outro aviso de propriedade ou termos de uso contidos no Site ou criar compila\u00e7\u00f5es ou trabalhos derivados de qualquer conte\u00fado publicado no Site; ou<\/p>\r\n<p>(viii) usar o Site ou qualquer um de seus conte\u00fados de maneira que viole qualquer lei estadual ou federal, ou qualquer regulamento estadual ou federal, ou qualquer lei ou regulamento referente a voc\u00ea devido \u00e0 sua localiza\u00e7\u00e3o, atividades ou opera\u00e7\u00f5es fora dos Estados Unidos.<\/p>\r\n<h3>Fornecedores terceirizados<\/h3>\r\n<p>O Site pode conter links para sites de propriedade de outras pessoas ou entidades, ou pode conter conte\u00fado fornecido por outras pessoas ou entidades (\"Fornecedores Terceirizados\"). Todas essas informa\u00e7\u00f5es fornecidas pela OII s\u00e3o apenas para fins informativos. O aparecimento de qualquer link para um Fornecedor Terceirizado n\u00e3o deve ser interpretado como um endosso a esse Fornecedor Terceirizado ou a quaisquer servi\u00e7os ou informa\u00e7\u00f5es fornecidos.<\/p>\r\n<p>A OII n\u00e3o garante a exatid\u00e3o, a atualidade, o conte\u00fado ou a qualidade dos servi\u00e7os ou das informa\u00e7\u00f5es fornecidas por tais Fornecedores Terceiros, e a OII n\u00e3o assume nenhuma responsabilidade por conte\u00fado n\u00e3o intencional, question\u00e1vel, impreciso, enganoso ou ilegal que possa estar presente em sites de Fornecedores Terceiros. O usu\u00e1rio reconhece e concorda que a OII n\u00e3o oferece nenhuma garantia e n\u00e3o assume nenhuma responsabilidade pela precis\u00e3o, atualidade, conte\u00fado ou qualidade de tais sites, servi\u00e7os ou informa\u00e7\u00f5es de Fornecedores Terceiros.<\/p>\r\n<h3>Garantias e isen\u00e7\u00f5es de responsabilidade<\/h3>\r\n<p>TODAS AS INFORMA\u00c7\u00d5ES E SERVI\u00c7OS DESTE SITE S\u00c3O FORNECIDOS \"NO ESTADO EM QUE SE ENCONTRAM\", SEM GARANTIAS OU CONDI\u00c7\u00d5ES DE QUALQUER TIPO, EXPRESSAS OU IMPL\u00cdCITAS, INCLUINDO, ENTRE OUTRAS, AS GARANTIAS OU CONDI\u00c7\u00d5ES IMPL\u00cdCITAS DE COMERCIALIZA\u00c7\u00c3O, ADEQUA\u00c7\u00c3O A UMA FINALIDADE ESPEC\u00cdFICA OU N\u00c3O VIOLA\u00c7\u00c3O.<\/p>\r\n<p>A OII N\u00c3O ASSUME NENHUMA RESPONSABILIDADE POR ERROS OU OMISS\u00d5ES NAS INFORMA\u00c7\u00d5ES OU EM OUTROS DOCUMENTOS REFERENCIADOS OU VINCULADOS A ESTE SITE. ESTE SITE PODE CONTER IMPRECIS\u00d5ES T\u00c9CNICAS OU DE OUTRA NATUREZA, INCLUINDO IMPRECIS\u00d5ES DE PRE\u00c7OS. PERIODICAMENTE, S\u00c3O FEITAS ALTERA\u00c7\u00d5ES NAS INFORMA\u00c7\u00d5ES PUBLICADAS NO SITE. NO ENTANTO, A OII N\u00c3O SE COMPROMETE A ATUALIZAR OS MATERIAIS DESTE SITE, INCLUINDO, SEM LIMITA\u00c7\u00c3O, DADOS T\u00c9CNICOS E DE PRE\u00c7OS.<\/p>\r\n<h3>Limita\u00e7\u00f5es de responsabilidade<\/h3>\r\n<p>EM NENHUMA HIP\u00d3TESE A OII SER\u00c1 RESPONS\u00c1VEL POR QUAISQUER DANOS ESPECIAIS, INCIDENTAIS, INDIRETOS OU CONSEQUENCIAIS DE QUALQUER TIPO, OU QUAISQUER DANOS DE QUALQUER NATUREZA (INCLUINDO, SEM LIMITA\u00c7\u00c3O, AQUELES RESULTANTES DE: (1) CONFIAN\u00c7A NOS MATERIAIS APRESENTADOS, (2) PERDA DE USO, DADOS OU LUCROS, (3) ATRASOS OU INTERRUP\u00c7\u00d5ES DE NEG\u00d3CIOS, (4) E QUALQUER TEORIA DE RESPONSABILIDADE, DECORRENTES DE OU EM CONEX\u00c3O COM O USO OU DESEMPENHO DESTE SITE) INDEPENDENTEMENTE DE A OII TER SIDO AVISADA OU N\u00c3O DA POSSIBILIDADE DE TAIS DANOS.<\/p>\r\n<p>ALGUNS ESTADOS OU OUTRAS JURISDI\u00c7\u00d5ES N\u00c3O PERMITEM A LIMITA\u00c7\u00c3O OU EXCLUS\u00c3O DE RESPONSABILIDADE POR DANOS INCIDENTAIS OU CONSEQUENCIAIS, PORTANTO, AS LIMITA\u00c7\u00d5ES OU EXCLUS\u00d5ES ACIMA PODEM N\u00c3O SE APLICAR A VOC\u00ca.<\/p>\r\n<h3>Indeniza\u00e7\u00e3o<\/h3>\r\n<p>Voc\u00ea concorda em indenizar, defender e manter a OII e todos os seus executivos, diretores, propriet\u00e1rios, agentes, funcion\u00e1rios, provedores de informa\u00e7\u00f5es, subsidi\u00e1rias, afiliadas, licenciantes e licenciados (coletivamente, as \"Partes Indenizadas\") isentos de toda e qualquer responsabilidade e custos incorridos pelas Partes Indenizadas em rela\u00e7\u00e3o a qualquer reivindica\u00e7\u00e3o decorrente de qualquer viola\u00e7\u00e3o destes Termos por voc\u00ea, incluindo, sem limita\u00e7\u00e3o, honor\u00e1rios e custos advocat\u00edcios. O usu\u00e1rio dever\u00e1 cooperar de forma t\u00e3o completa quanto razoavelmente necess\u00e1rio na defesa de qualquer reivindica\u00e7\u00e3o. A OII se reserva o direito, \u00e0s suas pr\u00f3prias custas, de assumir a defesa e o controle exclusivos de qualquer quest\u00e3o sujeita a indeniza\u00e7\u00e3o por parte do usu\u00e1rio e o usu\u00e1rio n\u00e3o dever\u00e1, em nenhuma hip\u00f3tese, resolver qualquer quest\u00e3o sem o consentimento por escrito da OII.<\/p>\r\n<h3>Propriedade intelectual<\/h3>\r\n<p>As informa\u00e7\u00f5es contidas neste Site s\u00e3o protegidas por leis de direitos autorais e\/ou marcas registradas. Exceto quando especificamente permitido, nenhuma parte deste Site pode ser distribu\u00edda ou reproduzida por qualquer meio, ou de qualquer forma, sem a permiss\u00e3o pr\u00e9via por escrito da OII.<\/p>\r\n<p>A OII ou suas empresas afiliadas s\u00e3o propriet\u00e1rias das seguintes marcas comerciais ou marcas de servi\u00e7o registradas, pendentes e n\u00e3o registradas (direito comum) usadas neste Site: OCEANEERING, o logotipo da OCEANEERING, a marca de design \"Rat Hat\", GRAYLOC, CTV-MEG, GTO, HYDRA MINIMUM, MAGNUM, MILLENIUM, OCEAN PROHD, SPIDER, SPIDERBOT, VISCOM e outras que possam ser identificadas de tempos em tempos. Muitas dessas marcas est\u00e3o registradas nos Estados Unidos e em outros pa\u00edses.<\/p>\r\n<p>Outras marcas comerciais que podem ser exibidas no Site s\u00e3o de propriedade de seus respectivos donos.<\/p>\r\n<p>A aus\u00eancia de uma marca, nome ou logotipo nestes Termos n\u00e3o constitui uma ren\u00fancia a todo e qualquer direito de propriedade intelectual que a OII ou suas empresas afiliadas tenham estabelecido em qualquer material, recurso, marca, imagem comercial, nome comercial ou logotipo.<\/p>\r\n<p>Entre em contato com o Departamento Jur\u00eddico para obter informa\u00e7\u00f5es adicionais e perguntar sobre a permiss\u00e3o para usar a propriedade intelectual da OII, fornecer um estudo de caso, fazer refer\u00eancia \u00e0 OII como cliente e itens semelhantes.<\/p>\r\n<h3>Avisos e informa\u00e7\u00f5es de contato<\/h3>\r\n<p>As notifica\u00e7\u00f5es \u00e0 OII devem ser enviadas para LEGAL@Oceaneering.com ou por correio postal para o seguinte endere\u00e7o ou para outro endere\u00e7o que possa ser fornecido neste Site periodicamente:<\/p>\r\n<p>Departamento Jur\u00eddico<br \/>Oceaneering International, Inc.<br \/>5875 N. Sam Houston Pkwy. W.<br \/>Su\u00edte 400<br \/>Houston, Texas, 77086 EUA<\/p>\r\n<p>Todas as notifica\u00e7\u00f5es exigidas ou permitidas por estes Termos podem ser enviadas a voc\u00ea no \u00faltimo endere\u00e7o de e-mail que voc\u00ea enviou \u00e0 OII ou por correio normal para seu \u00faltimo endere\u00e7o f\u00edsico enviado. Observe que as altera\u00e7\u00f5es a estes Termos podem ser publicadas no Site periodicamente, sem aviso pr\u00e9vio, e entrar\u00e3o em vigor ap\u00f3s o uso subsequente do Site.<\/p>\r\n<h3>Conformidade com direitos autorais e outras leis<\/h3>\r\n<p>A OII n\u00e3o fornece intencionalmente links para recursos, sites ou outros materiais que violem direitos autorais, marcas registradas ou outros direitos de propriedade intelectual de terceiros. Se voc\u00ea for o propriet\u00e1rio de tais direitos e se opuser \u00e0 cria\u00e7\u00e3o de links ou \u00e0 publica\u00e7\u00e3o de materiais no Site, envie uma notifica\u00e7\u00e3o para o endere\u00e7o postado acima para Notifica\u00e7\u00f5es. Seja o mais espec\u00edfico poss\u00edvel com rela\u00e7\u00e3o \u00e0 sua reivindica\u00e7\u00e3o e coopere fornecendo quaisquer informa\u00e7\u00f5es adicionais solicitadas. A OII investigar\u00e1 sua reclama\u00e7\u00e3o imediatamente e desativar\u00e1 ou remover\u00e1 links ou materiais que a OII acredite, de forma razo\u00e1vel, que possam violar os direitos de Fornecedores Terceiros. Da mesma forma, se voc\u00ea for propriet\u00e1rio de um site e preferir que o Site n\u00e3o inclua um link para o seu site, notifique a OII no endere\u00e7o acima, e a OII remover\u00e1 o link imediatamente.<\/p>\r\n<h3>Legisla\u00e7\u00e3o aplic\u00e1vel<\/h3>\r\n<p>Estes Termos ser\u00e3o regidos e interpretados de acordo com as leis do Estado do Texas, sem dar efeito aos princ\u00edpios de conflito de leis.<\/p>\r\n<h3>Severidade<\/h3>\r\n<p>Se qualquer disposi\u00e7\u00e3o deste contrato for considerada inv\u00e1lida ou inexequ\u00edvel por uma decis\u00e3o judicial, estatuto, regra ou de outra forma, as demais disposi\u00e7\u00f5es deste contrato n\u00e3o ser\u00e3o afetadas por isso.<\/p>\r\n<h3>Modifica\u00e7\u00f5es<\/h3>\r\n<p>A OII se reserva o direito de alterar ou modificar qualquer disposi\u00e7\u00e3o destes Termos a qualquer momento, a seu \u00fanico e exclusivo crit\u00e9rio. O usu\u00e1rio tamb\u00e9m pode estar sujeito a termos e condi\u00e7\u00f5es adicionais que podem ser aplicados ao usar conte\u00fado de provedores terceirizados ou software de terceiros.<\/p>\r\n<h3>Diversos<\/h3>\r\n<p>Estes Termos constituem o acordo integral entre as partes com rela\u00e7\u00e3o ao uso do Site ou de seu conte\u00fado, qualquer software ou servi\u00e7o, informa\u00e7\u00f5es e substituem todas as discuss\u00f5es, comunica\u00e7\u00f5es, conversas e acordos relativos ao assunto aqui tratado.<\/p>\r\n<p>O fato de a OII n\u00e3o exercer ou aplicar qualquer direito ou disposi\u00e7\u00e3o destes Termos n\u00e3o constituir\u00e1 uma ren\u00fancia a esse direito ou disposi\u00e7\u00e3o.<\/p>\r\n<p>Os t\u00edtulos das se\u00e7\u00f5es nos Termos s\u00e3o apenas para conveni\u00eancia e n\u00e3o t\u00eam efeito legal ou contratual.<\/p>\r\n<p>Todo o conte\u00fado deste site tem direitos autorais \u00a9 2016-2024 Oceaneering International, Inc. Todos os direitos reservados.<\/p>","protected":false},"excerpt":{"rendered":"<p>Termos e Condi\u00e7\u00f5es Termos e Condi\u00e7\u00f5es O Oceaneering.com (\"Site\") \u00e9 uma propriedade na Internet da Oceaneering International, Inc. ou de sua subsidi\u00e1ria ou empresa afiliada (\"OII\"). LEIA ATENTAMENTE OS TERMOS E CONDI\u00c7\u00d5ES DE USO (\"TERMOS\") ANTES DE USAR ESTE SITE. ESTES TERMOS CONSTITUEM UM ACORDO ENTRE A OII E VOC\u00ca QUE REGE O SEU ACESSO E USO DO SITE... <a title=\"Termos e condi\u00e7\u00f5es\" class=\"read-more\" href=\"https:\/\/www.oceaneering.com\/pt\/terms-and-conditions\/\" aria-label=\"Leia mais sobre os Termos e Condi\u00e7\u00f5es\">Leia mais<\/a><\/p>","protected":false},"author":7,"featured_media":0,"parent":0,"menu_order":7,"comment_status":"closed","ping_status":"closed","template":"","meta":{"_acf_changed":false,"footnotes":"","_links_to":"","_links_to_target":""},"product_category":[],"search_tags":[1865],"class_list":["post-1183","page","type-page","status-publish","search_tags-about"],"acf":[],"aioseo_notices":[],"_links":{"self":[{"href":"https:\/\/www.oceaneering.com\/pt\/wp-json\/wp\/v2\/pages\/1183","targetHints":{"allow":["GET"]}}],"collection":[{"href":"https:\/\/www.oceaneering.com\/pt\/wp-json\/wp\/v2\/pages"}],"about":[{"href":"https:\/\/www.oceaneering.com\/pt\/wp-json\/wp\/v2\/types\/page"}],"author":[{"embeddable":true,"href":"https:\/\/www.oceaneering.com\/pt\/wp-json\/wp\/v2\/users\/7"}],"replies":[{"embeddable":true,"href":"https:\/\/www.oceaneering.com\/pt\/wp-json\/wp\/v2\/comments?post=1183"}],"version-history":[{"count":0,"href":"https:\/\/www.oceaneering.com\/pt\/wp-json\/wp\/v2\/pages\/1183\/revisions"}],"wp:attachment":[{"href":"https:\/\/www.oceaneering.com\/pt\/wp-json\/wp\/v2\/media?parent=1183"}],"wp:term":[{"taxonomy":"product_category","embeddable":true,"href":"https:\/\/www.oceaneering.com\/pt\/wp-json\/wp\/v2\/product_category?post=1183"},{"taxonomy":"search_tags","embeddable":true,"href":"https:\/\/www.oceaneering.com\/pt\/wp-json\/wp\/v2\/search_tags?post=1183"}],"curies":[{"name":"wp","href":"https:\/\/api.w.org\/{rel}","templated":true}]}}