{"id":1160,"date":"2023-08-25T20:57:32","date_gmt":"2023-08-26T00:57:32","guid":{"rendered":"https:\/\/oceaneering.com\/locations\/"},"modified":"2026-04-21T12:52:18","modified_gmt":"2026-04-21T17:52:18","slug":"locations","status":"publish","type":"page","link":"https:\/\/www.oceaneering.com\/pt\/locations\/","title":{"rendered":"Locais"},"content":{"rendered":"\r\n\n\t\t\t\t<p class=\"rs-p-wp-fix\"><\/p>\n\t\t\t\t<sr7-module data-alias=\"locations-particle-header\" data-id=\"1\" id=\"SR7_1_1\" class=\"rs-ov-hidden\" data-version=\"6.7.54\">\n\t\t\t\t\t<sr7-adjuster><\/sr7-adjuster>\n\t\t\t\t\t<sr7-content>\n\t\t\t\t\t\t<sr7-slide id=\"SR7_1_1-1\" data-key=\"1\">\n\t\t\t\t\t\t\t<sr7-bg id=\"SR7_1_1-1-14\" class=\"sr7-layer\"><noscript><img decoding=\"async\" src=\"https:\/\/oceaneering.com\/wp-content\/uploads\/revslider\/locations-particle-header\/Space-with-stars.jpg\" alt=\"\" title=\"Space-with-stars.jpg\"><\/noscript><\/sr7-bg>\n\t\t\t\t\t\t\t<h1 id=\"SR7_1_1-1-2\" class=\"sr7-layer\">Locations<\/h1>\n\t\t\t\t\t\t\t<sr7-txt id=\"SR7_1_1-1-3\" class=\"sr7-layer\">View Locations<\/sr7-txt>\n\t\t\t\t\t\t\t<span id=\"SR7_1_1-1-13\" class=\"sr7-layer\">Solving your most complex operational challenges under water,  \non land, and in space from a convenient location near you. <\/span>\n\t\t\t\t\t\t<\/sr7-slide>\n\t\t\t\t\t\t<sr7-slide id=\"SR7_1_1-61\" data-key=\"61\">\n\t\t\t\t\t\t<\/sr7-slide>\n\t\t\t\t\t<\/sr7-content>\n\t\t\t\t\t<image_lists style=\"display:none\">\n\t\t\t\t\t\t<img data-src=\"\/\/oceaneering.com\/wp-content\/uploads\/revslider\/locations-particle-header\/Earth_V2_B.gif\" data-libid=\"60984\" data-lib=\"medialibrary\" title=\"Earth_V2_B.gif\" width=\"0\" height=\"0\" data-dbsrc=\"Ly9vY2VhbmVlcmluZy5jb20vd3AtY29udGVudC91cGxvYWRzL3JldnNsaWRlci9sb2NhdGlvbnMtcGFydGljbGUtaGVhZGVyL0VhcnRoX1YyX0IuZ2lm\"\/>\n\t\t\t\t\t\t<img data-src=\"\/\/oceaneering.com\/wp-content\/uploads\/revslider\/locations-particle-header\/Space-with-stars.jpg\" data-libid=\"60981\" data-lib=\"medialibrary\" title=\"Space-with-stars.jpg\" width=\"0\" height=\"0\" data-dbsrc=\"Ly9vY2VhbmVlcmluZy5jb20vd3AtY29udGVudC91cGxvYWRzL3JldnNsaWRlci9sb2NhdGlvbnMtcGFydGljbGUtaGVhZGVyL1NwYWNlLXdpdGgtc3RhcnMuanBn\"\/>\n\t\t\t\t\t<\/image_lists>\n\t\t\t\t<\/sr7-module>\n\t\t\t\t<script>\n\t\t\t\t\twindow.SR7 ??={};SR7.PMH ??={}; SR7.PMH[\"SR7_1_1\"] = {cn:100,state:false,fn: function() { if (window._tpt!==undefined && window._tpt.prepareModuleHeight !== undefined) {  _tpt.prepareModuleHeight({id:\"SR7_1_1\",el:[843,843,768,960,720],type:'hero',shdw:'0',gh:[843,843,768,960,720],gw:[1060,1060,1024,768,480],vpt:['-200px&#039;,&#039;-200px&#039;,&#039;-200px&#039;,&#039;-200px&#039;,&#039;-200px'],size:{fullWidth:true, fullHeight:false},mh:'0',onh:0,onw:0,bg:{color:'{\"type\":\"solid\",\"orig\":\"rgba(255, 255, 255, 0)\",\"string\":\"rgba(255, 255, 255, 0)\"}'},plType:'3',plColor:'#FFFFFF'});   SR7.PMH[\"SR7_1_1\"].state=true;} else if(SR7.PMH[\"SR7_1_1\"].cn-->0)\tsetTimeout( SR7.PMH[\"SR7_1_1\"].fn,19);}};SR7.PMH[\"SR7_1_1\" ].fn();\n\t\t\t\t<\/script>\n\r\n<h2>Global Reach<\/h2>\r\n<p>Oceaneering is a global provider of engineered products and services with headquarters in Houston, Texas. We maintain regional offices in the Americas, Asia, Africa, Europe, and the Middle East. 24 Operating Countries 70+ Operational Bases 12,000+ Valuable Employees <img loading=\"lazy\" decoding=\"async\" title=\"oceaneeringCorporateOffice-2024\" src=\"https:\/\/www.oceaneering.com\/wp-content\/uploads\/2024\/08\/oceaneeringCorporateOffice-2024.jpg\" alt=\"Oceaneering Corporate Office | Beltway Lakes | Houston, TX\" width=\"1000\" height=\"645\" \/><\/p>\r\n<h2>Oceaneering Corporate Headquarters<\/h2>\r\n<p><strong>Oceaneering International, Inc.<\/strong><br \/>5875 N. Sam Houston Pkwy. W. Suite 400<br \/>Houston, Texas, 77086<br \/>Tel: +1 713 329 4500 <label for=\"oii_map_toggle\">Show Map<\/label><\/p>\r\n<!-- Toggle Switch -->\r\n<p><label> <input id=\"oii_map_toggle\" checked=\"checked\" type=\"checkbox\" \/> <\/label> Regional Headquarters<\/p>\r\n<h3><a href=\"https:\/\/www.oceaneering.com\/locations\/united-kingdom\/\">Aberdeen, UK<\/a><\/h3>\r\n<hr \/>\r\n<p>Building 3, Levels 2&amp;3, Aberdeen International Business Park, Dyce Drive, Aberdeen, AB21 0BR,<br \/>UK +44 1224 758500 <a href=\"https:\/\/www.oceaneering.com\/locations\/united-kingdom\/\">View Regional Page<\/a> Regional Headquarters<\/p>\r\n<h3><a href=\"https:\/\/www.oceaneering.com\/locations\/middle-east\/\">Abu Dhabi, UAE<\/a><\/h3>\r\n<hr \/>\r\n<p>Office 604, Mazyad Mall Tower 1<br \/>28th Street, Mohamed Bin Zayed City, Musaffah, Abu Dhabi,UAE, PO Box 4074<br \/>+971 2 555 5855 <a href=\"https:\/\/www.oceaneering.com\/locations\/middle-east\/\">View Regional Page<\/a> Regional Headquarters<\/p>\r\n<h3><a href=\"https:\/\/www.oceaneering.com\/locations\/azerbaijan\/\">Baku, Azerbaijan<\/a><\/h3>\r\n<hr \/>\r\n<p>Sabail District, Salyan Highway,<br \/>13th km, Street 6\/10, AZ1023 <br \/>Baku City, Republic of Azerbaijan<br \/>+994 12 4047546 <br \/>+994 55 50 59 696<br \/><a href=\"https:\/\/www.oceaneering.com\/locations\/azerbaijan\/\">View Regional Page<\/a> Regional Headquarters<\/p>\r\n<h3><a href=\"https:\/\/www.oceaneering.com\/locations\/india\/\">Chandigarh, India<\/a><\/h3>\r\n<hr \/>\r\n<p>DLF Developers, Rajiv Gandhi Technology Park, Site 22-23, Tower E, Chandigarh, 160101<br \/>India +91 1726611500 <a href=\"https:\/\/www.oceaneering.com\/locations\/india\/\">View Regional Page<\/a> Regional Headquarters<\/p>\r\n<h3>Houston, Texas<\/h3>\r\n<hr \/>\r\n<p>5875 N. Sam Houston Pkwy. W., Suite 400, Houston, Texas, 77086,<br \/>USA +1 713 329 4500 Regional Headquarters<\/p>\r\n<h3><a href=\"https:\/\/www.oceaneering.com\/locations\/africa\/\">Luanda, Angola<\/a><\/h3>\r\n<hr \/>\r\n<p>Avenida Deolinda Rodrigues, No. 495 Terra Nova, Luanda,<br \/>Angola +244 222 635 400 <a href=\"https:\/\/www.oceaneering.com\/locations\/africa\/\">View Regional Page<\/a> Regional Headquarters<\/p>\r\n<h3>Newfoundland, Canada<\/h3>\r\n<hr \/>\r\n<p>214 McNamara Drive, Paradise, NL A1L 0A6,<br \/>Canada +1 709 570 7072 Regional Headquarters<\/p>\r\n<h3><a href=\"https:\/\/www.oceaneering.com\/locations\/australia\/\">Perth, Australia<\/a><\/h3>\r\n<hr \/>\r\n<p>634 Karel Ave, Jandakot WA 6164,<br \/>Australia +61 8 6499 0000 <a href=\"https:\/\/www.oceaneering.com\/locations\/australia\/\">View Regional Page<\/a> Regional Headquarters<\/p>\r\n<h3><a href=\"https:\/\/www.oceaneering.com\/locations\/brazil\/\">Rio de Janeiro, Brazil<\/a><\/h3>\r\n<hr \/>\r\n<p>Av. Rio Branco 123, 14th floor, Centro, Rio de Janeiro, RJ, 20040-005, Brazil +55 (21) 2729-8613 <a href=\"https:\/\/www.oceaneering.com\/locations\/brazil\/\">View Regional Page<\/a> Regional Headquarters<\/p>\r\n<h3>Selangor, Malaysia<\/h3>\r\n<hr \/>\r\n<p>2 Jalan Sungai Kayu Ara 32\/31, Taman Perindustrian Berjaya Seksyen 32, 40460 Shah Alam, Selangor,<br \/>Malaysia +60358701200 Regional Headquarters<\/p>\r\n<h3><a href=\"https:\/\/www.oceaneering.com\/locations\/norway\/\">Stavanger, Norway<\/a><\/h3>\r\n<hr \/>\r\n<p>Vestre Svanholmen 24, 4313 Sandnes,<br \/>Norway +47 52 91 30 00 <a href=\"https:\/\/www.oceaneering.com\/locations\/norway\/\">View Regional Page<\/a> Grayloc<\/p>\r\n<h3><a href=\"https:\/\/www.oceaneering.com\/locations\/united-kingdom\/\">Aberdeen, UK<\/a><\/h3>\r\n<hr \/>\r\n<p><b>Grayloc\u00ae Products<\/b><br \/>Site 39 Silverburn Place <br \/>Bridge of Don Industrial Estate <br \/>AB23 8EG <br \/>Aberdeen, Scotland +44 1224 222790 <a href=\"https:\/\/www.oceaneering.com\/locations\/united-kingdom\/\">View Regional Page<\/a> Grayloc<\/p>\r\n<h3><a href=\"https:\/\/www.oceaneering.com\/locations\/middle-east\/\">Abu Dhabi, UAE<\/a><\/h3>\r\n<hr \/>\r\n<p><b>Grayloc\u00ae Products<\/b><br \/>Mazyad Mall Tower 1<br \/>28th Street, Mohamed Bin Zayed City<br \/>Abu Dhabi, UAE +971 2 409 2852 <a href=\"https:\/\/www.oceaneering.com\/locations\/middle-east\/\">View Regional Page<\/a> Office<\/p>\r\n<h3><a href=\"https:\/\/www.oceaneering.com\/locations\/norway\/\">\u00c5gotnes, Norway<\/a><\/h3>\r\n<hr \/>\r\n<p>K2 CCB- Basen\u200b\u200b, 5347 \u00c5gotnes\u200b,<br \/>Norway <a href=\"https:\/\/www.oceaneering.com\/locations\/norway\/\">View Regional Page<\/a> Office<\/p>\r\n<h3><a href=\"https:\/\/www.oceaneering.com\/locations\/norway\/\">Bergen, Norway<\/a><\/h3>\r\n<hr \/>\r\n<p>Sandslimarka 61-63, 5254 Sandsli,<br \/>Norway +47 52 91 30 00 <a href=\"https:\/\/www.oceaneering.com\/locations\/norway\/\">View Regional Page<\/a> Grayloc<\/p>\r\n<h3>Burlington, Canada<\/h3>\r\n<hr \/>\r\n<p><b>Grayloc\u00ae Products Canada Ltd.<\/b><br \/>1129 Northside Road, Unit 1 <br \/>Burlington, Ontario <br \/>L7M 1H5 <br \/>Canada +1 905 842 3150 Office<\/p>\r\n<h3><a href=\"https:\/\/www.oceaneering.com\/locations\/middle-east\/\">Doha, Qatar<\/a><\/h3>\r\n<hr \/>\r\n<p>Alfardan Commercial Tower, Al Funduq Street, Doha, <br \/>Qatar <a href=\"https:\/\/www.oceaneering.com\/locations\/middle-east\/\">View Regional Page<\/a> Office<\/p>\r\n<h3><a href=\"https:\/\/www.oceaneering.com\/locations\/middle-east\/\">Dubai, UAE<\/a><\/h3>\r\n<hr \/>\r\n<p>Al Moosa Tower 2, Sheikh Zayed Road, Dubai, <br \/>UAE <a href=\"https:\/\/www.oceaneering.com\/locations\/middle-east\/\">View Regional Page<\/a> Office<\/p>\r\n<h3><a href=\"https:\/\/www.oceaneering.com\/locations\/norway\/\">Flor\u00f8, Norway<\/a><\/h3>\r\n<hr \/>\r\n<p>Fjordbase &#8211; Bygg 54\u200b\u200b, 6900 Flor\u00f8\u200b,<br \/>Norway +47 52 91 30 00 <a href=\"https:\/\/www.oceaneering.com\/locations\/norway\/\">View Regional Page<\/a> Office<\/p>\r\n<h3>Georgetown, Guyana<\/h3>\r\n<hr \/>\r\n<p>SR2 Plantation Rome, Georgetown, <br \/>Guyana Office<\/p>\r\n<h3><a href=\"https:\/\/www.oceaneering.com\/locations\/united-kingdom\/\">Gloucester, UK<\/a><\/h3>\r\n<hr \/>\r\n<p>Unit 3B, 325 Bristol Road, Gloucester, GL2 5DN, <br \/>UK +44 1452 304694 <a href=\"https:\/\/www.oceaneering.com\/locations\/united-kingdom\/\">View Regional Page<\/a> Office<\/p>\r\n<h3><a href=\"https:\/\/www.oceaneering.com\/locations\/united-kingdom\/\">Grimsby, UK<\/a><\/h3>\r\n<hr \/>\r\n<p>Unit 4 Westside Business Park, Estate Road No 2, <br \/>Grimsby, North East Lincolnshire, <br \/>DN31 2TG<br \/>UK +44 1472 287584 <a href=\"https:\/\/www.oceaneering.com\/locations\/united-kingdom\/\">View Regional Page<\/a> Office<\/p>\r\n<h3><a href=\"https:\/\/www.oceaneering.com\/locations\/norway\/\">Hammerfest, Norway<\/a><\/h3>\r\n<hr \/>\r\n<p>Havneveien 50, <br \/>9610 Rypefjord,<br \/>Norway <a href=\"https:\/\/www.oceaneering.com\/locations\/norway\/\">View Regional Page<\/a> Office<\/p>\r\n<h3>Hanover, Maryland<\/h3>\r\n<hr \/>\r\n<p>7001 Dorsey Road, Hanover, MD 21076,<br \/>USA +1 443 459 3700 Manufacturing Facility<\/p>\r\n<h3>Houston, Texas<\/h3>\r\n<hr \/>\r\n<p><b>High Bay<\/b><br \/>11917 Farm to Market Road 529<br \/>Houston, TX 77041<br \/>USA +1 713 329 4500 Grayloc<\/p>\r\n<h3>Houston, Texas<\/h3>\r\n<hr \/>\r\n<p><b>Grayloc\u00ae Products<\/b><br \/>11915 FM 529 <br \/>Houston, TX <br \/>77041 <br \/>USA +1 713 466 8853 Manufacturing Facility<\/p>\r\n<h3><a href=\"https:\/\/www.oceaneering.com\/locations\/india\/\">Kakinada, India<\/a><\/h3>\r\n<hr \/>\r\n<p>Plot No-12 and 13, APIIC, Opp-Rill-Yard-51, Vakalpudi, Thammavaram Post, Kakinada\u202f533005,<br \/>India <a href=\"https:\/\/www.oceaneering.com\/locations\/india\/\">View Regional Page<\/a> Office<\/p>\r\n<h3><a href=\"https:\/\/www.oceaneering.com\/locations\/norway\/\">Kristiansund, Norway<\/a><\/h3>\r\n<hr \/>\r\n<p>Omagata 110 C, Bygg 14, 6517 Kristiansund\u200b,<br \/>Norway <a href=\"https:\/\/www.oceaneering.com\/locations\/norway\/\">View Regional Page<\/a> Office<\/p>\r\n<h3><a href=\"https:\/\/www.oceaneering.com\/locations\/brazil\/\">Maca\u00e9, Brazil<\/a><\/h3>\r\n<hr \/>\r\n<p>Avenida Prefeito Aristeu Ferreira da Silva, 370, Maca\u00e9-RJ, Brazil +55 (22) 2757-9550 <a href=\"https:\/\/www.oceaneering.com\/locations\/brazil\/\">View Regional Page<\/a> Office<\/p>\r\n<h3><a href=\"https:\/\/www.oceaneering.com\/locations\/norway\/\">Mongstad, Norway<\/a><\/h3>\r\n<hr \/>\r\n<p>Litl\u00e5s 8\u200b\u200b. 5954 Mongstad,<br \/>Norway +47 52 91 30 00 <a href=\"https:\/\/www.oceaneering.com\/locations\/norway\/\">View Regional Page<\/a> Office<\/p>\r\n<h3>Morgan City, Louisiana<\/h3>\r\n<hr \/>\r\n<p>5004 Railroad Avenue, Morgan City, LA 70380,<br \/>USA +1 985 329 3900 Office<\/p>\r\n<h3><a href=\"https:\/\/www.oceaneering.com\/locations\/india\/\">Mumbai, India<\/a><\/h3>\r\n<hr \/>\r\n<p>C-302, Delphi, Hiranandani Gardens, Powai, Mumbai &#8211; 400076,<br \/>India +91 2241669800 <a href=\"https:\/\/www.oceaneering.com\/locations\/india\/\">View Regional Page<\/a> Office<\/p>\r\n<h3><a href=\"https:\/\/www.oceaneering.com\/locations\/middle-east\/\">Muscat, Oman<\/a><\/h3>\r\n<hr \/>\r\n<p>Globex Business Center at Panorama Mall, Al Khuwayr, Muscat, <br \/>Sultanate of Oman <a href=\"https:\/\/www.oceaneering.com\/locations\/middle-east\/\">View Regional Page<\/a> Manufacturing Facility<\/p>\r\n<h3><a href=\"https:\/\/www.oceaneering.com\/locations\/brazil\/\">Niter\u00f3i, Brazil<\/a><\/h3>\r\n<hr \/>\r\n<p>Rua Alcides Pereira 03, Ilha da Concei\u00e7\u00e3o, Niter\u00f3i, RJ, 24050-350, Brazil +55 (21) 2729-8900 <a href=\"https:\/\/www.oceaneering.com\/locations\/brazil\/\">View Regional Page<\/a> Manufacturing Facility<\/p>\r\n<h3><a href=\"https:\/\/www.oceaneering.com\/locations\/norway\/\">Nodeland, Norway<\/a><\/h3>\r\n<hr \/>\r\n<p>Hagen 20, 4645 Nodeland\u200b\u200b,<br \/>Norway +47 52 91 30 00 <a href=\"https:\/\/www.oceaneering.com\/locations\/norway\/\">View Regional Page<\/a> Office<\/p>\r\n<h3>Orlando, Florida<\/h3>\r\n<hr \/>\r\n<p>8046 Horizon Park Dr, <br \/>Suite 800, <br \/>Orlando, FL 32809 (407) 429-2700 Manufacturing Facility<\/p>\r\n<h3>Panama City, Florida<\/h3>\r\n<hr \/>\r\n<p>1700 C Ave, Panama City, FL 32401, United States +1 850 763 2366 Office<\/p>\r\n<h3><a href=\"https:\/\/www.oceaneering.com\/locations\/india\/\">Pune, India<\/a><\/h3>\r\n<hr \/>\r\n<p>Unit No.301, Building No. 2, 3rd Floor, Commerzone, Complex, Samrat Ashok Path, Off Airport Road, Yerwada, Pune, Maharashtra, 411006,<br \/>India +91 2067665600 <a href=\"https:\/\/www.oceaneering.com\/locations\/india\/\">View Regional Page<\/a> Manufacturing Facility<\/p>\r\n<h3><a href=\"https:\/\/www.oceaneering.com\/locations\/united-kingdom\/\">Rosyth, UK<\/a><\/h3>\r\n<hr \/>\r\n<p>Dundas Road, Port of Rosyth, Fife, Scotland, KY11 2XS,<br \/>UK +44 1383 643400 <a href=\"https:\/\/www.oceaneering.com\/locations\/united-kingdom\/\">View Regional Page<\/a> Office<\/p>\r\n<h3><a href=\"https:\/\/www.oceaneering.com\/locations\/norway\/\">Sandnessj\u00f8en, Norway<\/a><\/h3>\r\n<hr \/>\r\n<p>\u00d8yvind Lambes vei 28, 8803 Sandnessj\u00f8en,<br \/>Norway +47 52 91 30 00 <a href=\"https:\/\/www.oceaneering.com\/locations\/norway\/\">View Regional Page<\/a> Grayloc<\/p>\r\n<h3>Selangor, Malaysia<\/h3>\r\n<hr \/>\r\n<p><b>Oceaneering Grayloc\u00ae Connection Systems Sdn. Bhd.<\/b><br \/>Unit 2, Jalan Sungai Kayu Ara 32\/31 <br \/>Berjaya Industrial Park, Section 32 <br \/>40460 Shah Alam, Selangor Darul Ehsan <br \/>Malaysia +60 3 5870 1200 Office<\/p>\r\n<h3><a href=\"https:\/\/www.oceaneering.com\/locations\/united-kingdom\/\">Stockton, UK<\/a><\/h3>\r\n<hr \/>\r\n<p>109 Bowesfield Lane, Stockton on Tees, Cleveland, TS18 3HF, <br \/>UK +44 1642 604661 <a href=\"https:\/\/www.oceaneering.com\/locations\/united-kingdom\/\">View Regional Page<\/a> Office<\/p>\r\n<h3><a href=\"https:\/\/www.oceaneering.com\/locations\/united-kingdom\/\">Swansea, UK<\/a><\/h3>\r\n<hr \/>\r\n<p>Unit 5, Castell Close, Swansea Enterprise Park Llansamlet, Swansea, West Glamorgan, SA7 9FH, <br \/>UK +44 1792 700177 <a href=\"https:\/\/www.oceaneering.com\/locations\/united-kingdom\/\">View Regional Page<\/a> Office<\/p>\r\n<h3><a href=\"https:\/\/www.oceaneering.com\/locations\/azerbaijan\/\">Tbilisi, Georgia<\/a><\/h3>\r\n<hr \/>\r\n<p>2, Davit Gamrekeli Street, Axis Business Center 0192, Tbilisi, Georgia<br \/>+995 555 08 65 56 <br \/>+994 55 50 59 696 <a href=\"https:\/\/www.oceaneering.com\/locations\/azerbaijan\/\">View Regional Page<\/a> Office<\/p>\r\n<h3><a href=\"https:\/\/www.oceaneering.com\/locations\/norway\/\">Trondheim, Norway<\/a><\/h3>\r\n<hr \/>\r\n<p>\u200b\u200b\u200b\u200b\u200b\u200b\u200bSluppenvegen 12E, 7037 Trondheim,<br \/>Norway +47 52 91 30 00 <a href=\"https:\/\/www.oceaneering.com\/locations\/norway\/\">View Regional Page<\/a> Office<\/p>\r\n<h3><a href=\"https:\/\/www.oceaneering.com\/locations\/united-kingdom\/\">Whitley Bridge, UK<\/a><\/h3>\r\n<hr \/>\r\n<p>Unit 4b, 7 Doncaster Rd, <br \/>Whitley Bridge, Goole DN14 0HH, <br \/>UK +44 1977 661101 <a href=\"https:\/\/www.oceaneering.com\/locations\/united-kingdom\/\">View Regional Page<\/a> Office<\/p>\r\n<h3><a href=\"https:\/\/www.oceaneering.com\/locations\/united-kingdom\/\">Wilton, UK<\/a><\/h3>\r\n<hr \/>\r\n<p>Piccadilly Offices, Wilton International Site, Redcar,<br \/>TS10 4RG, <br \/>UK +44 1642 770800 <a href=\"https:\/\/www.oceaneering.com\/locations\/united-kingdom\/\">View Regional Page<\/a> Contact Us<\/p>\r\n<h2>Our team of experts is ready to help you get started.<\/h2>\r\n<p>Oceaneering offers best-in-class products and solutions, backed by unparalleled quality, reliability, and global support. Fill out the inquiry form to start a conversation today.<\/p>\r\n","protected":false},"excerpt":{"rendered":"<p>Global Reach Oceaneering is a global provider of engineered products and services with headquarters in Houston, Texas. We maintain regional offices in the Americas, Asia, Africa, Europe, and the Middle East. 24 Operating Countries 70+ Operational Bases 12,000+ Valuable Employees Oceaneering Corporate Headquarters Oceaneering International, Inc.5875 N. Sam Houston Pkwy. W. Suite 400Houston, Texas, 77086Tel: &#8230; <a title=\"Locais\" class=\"read-more\" href=\"https:\/\/www.oceaneering.com\/pt\/locations\/\" aria-label=\"Leia mais sobre Locais\">Leia mais<\/a><\/p>","protected":false},"author":7,"featured_media":0,"parent":0,"menu_order":6,"comment_status":"closed","ping_status":"closed","template":"","meta":{"_acf_changed":false,"footnotes":"","_links_to":"","_links_to_target":""},"product_category":[],"search_tags":[1162,1194,1195,1269,1196,1390,1163,1255,1809,1357,1197,1184,1474,1164],"class_list":["post-1160","page","type-page","status-publish","search_tags-regions","search_tags-angola","search_tags-apac","search_tags-australia","search_tags-brazil","search_tags-canada","search_tags-gulf-of-mexico","search_tags-india","search_tags-locations","search_tags-mexico","search_tags-middle-east","search_tags-norway","search_tags-south-america","search_tags-uk"],"acf":[],"aioseo_notices":[],"_links":{"self":[{"href":"https:\/\/www.oceaneering.com\/pt\/wp-json\/wp\/v2\/pages\/1160","targetHints":{"allow":["GET"]}}],"collection":[{"href":"https:\/\/www.oceaneering.com\/pt\/wp-json\/wp\/v2\/pages"}],"about":[{"href":"https:\/\/www.oceaneering.com\/pt\/wp-json\/wp\/v2\/types\/page"}],"author":[{"embeddable":true,"href":"https:\/\/www.oceaneering.com\/pt\/wp-json\/wp\/v2\/users\/7"}],"replies":[{"embeddable":true,"href":"https:\/\/www.oceaneering.com\/pt\/wp-json\/wp\/v2\/comments?post=1160"}],"version-history":[{"count":3,"href":"https:\/\/www.oceaneering.com\/pt\/wp-json\/wp\/v2\/pages\/1160\/revisions"}],"predecessor-version":[{"id":82520,"href":"https:\/\/www.oceaneering.com\/pt\/wp-json\/wp\/v2\/pages\/1160\/revisions\/82520"}],"wp:attachment":[{"href":"https:\/\/www.oceaneering.com\/pt\/wp-json\/wp\/v2\/media?parent=1160"}],"wp:term":[{"taxonomy":"product_category","embeddable":true,"href":"https:\/\/www.oceaneering.com\/pt\/wp-json\/wp\/v2\/product_category?post=1160"},{"taxonomy":"search_tags","embeddable":true,"href":"https:\/\/www.oceaneering.com\/pt\/wp-json\/wp\/v2\/search_tags?post=1160"}],"curies":[{"name":"wp","href":"https:\/\/api.w.org\/{rel}","templated":true}]}}