{"id":1148,"date":"2023-08-25T20:52:09","date_gmt":"2023-08-26T00:52:09","guid":{"rendered":"https:\/\/oceaneering.com\/careers\/"},"modified":"2026-04-22T07:49:01","modified_gmt":"2026-04-22T12:49:01","slug":"careers","status":"publish","type":"page","link":"https:\/\/www.oceaneering.com\/pt\/careers\/","title":{"rendered":"Carreiras"},"content":{"rendered":"<a href=\"https:\/\/www.oceaneering.com\/pt\/contact-us\/\" target=\"_self\">\n\t\t\t\t\t\t\tEntre em contato conosco\n\t\t\t\t\t<\/a>\n<h1>\n\t\tCarreiras\n\t<\/h1>\n\n\t\tIndependentemente de sua paix\u00e3o, h\u00e1 uma parte de nosso neg\u00f3cio feita especialmente para voc\u00ea.\n\t\n<h2>\n\t\tYour Next Career Move Starts Here\n\t<\/h2>\n\t<p>Join our teams working across industries, technologies, and regions worldwide. Discover current opportunities and see where your experience could take you.<\/p>\n\t\t\t<a href=\"https:\/\/ebfr.fa.us2.oraclecloud.com\/hcmUI\/CandidateExperience\" target=\"_blank\" rel=\"noopener\">\n\t\t\t\t\t\t\tVeja as posi\u00e7\u00f5es dispon\u00edveis\n\t\t\t\t\t<\/a>\n\t<p>Resumes submitted to this website by a third party, such as professional search firms or agencies, will be considered unsolicited and will become the property of Oceaneering International, Inc. (&#8220;Oceaneering&#8221;). Oceaneering will not be obligated to pay a referral fee for the hiring of a candidate by means of an unsolicited resume submitted directly or indirectly through this site or any other means.<\/p>\n\t<meta itemprop=\"name\" content=\"We Solve the Unsolvable\" \/><meta itemprop=\"description\" content=\"Step inside Oceaneering's world of innovation, collaboration, and exploration where we tackle the toughest challenges in the harshest environments and invite the bold to join us.   \" \/><meta itemprop=\"uploadDate\" content=\"2026-04-22\" \/><meta itemprop=\"thumbnailUrl\" content=\"https:\/\/www.oceaneering.com\/wp-content\/uploads\/2026\/04\/We-Solve-the-Unsolvable-Full-EVP-Video-copy-1.webp\" \/><meta itemprop=\"contentUrl\" content=\"https:\/\/oceaneering.canto.com\/direct\/video\/ggsleimogt6rtca34fab9p1o71\/t_dDiEFd67ORtti3s8wvb9beAOM\/original?content-type=video%2Fmp4&#038;name=We+Solve+the+Unsolvable+-+Full+EVP+Video.mp4\" \/><meta itemprop=\"embedUrl\" content=\"https:\/\/oceaneering.canto.com\/direct\/video\/ggsleimogt6rtca34fab9p1o71\/t_dDiEFd67ORtti3s8wvb9beAOM\/original?content-type=video%2Fmp4&#038;name=We+Solve+the+Unsolvable+-+Full+EVP+Video.mp4\" \/>\t\n\t\t\t<img decoding=\"async\" src=\"https:\/\/www.oceaneering.com\/wp-content\/uploads\/2026\/04\/We-Solve-the-Unsolvable-Full-EVP-Video-copy-1.webp\" title=\"We Solve the Unsolvable - Full EVP Video copy\" alt=\"Oceaneering logo with the text \"we solve the unsolvable.\"\" \/>\t\t\t\t\t\t\t\n\t\t\t\t\tReproduzir v\u00eddeo\n<h2>\n\t\tYour Next Adventure Starts Here\n\t<\/h2>\n\t<p>From the ocean floor to outer space, our story is one of relentless curiosity and bold innovation. We push the boundaries of what&#8217;s possible by designing, building, and operating advanced technologies that connect what&#8217;s needed with what&#8217;s next. As the world&#8217;s largest operator of <a href=\"https:\/\/www.oceaneering.com\/pt\/rov-services\/\">ve\u00edculos operados remotamente (ROVs)<\/a>, and a trusted partner in energy, defense, aerospace, manufacturing and logistics industries, we turn complex challenges into groundbreaking solutions.<\/p>\n<h2>\n\t\tPeople &#038; Culture\n\t<\/h2>\n\n\t\tDe rec\u00e9m-formados em faculdades a veteranos militares em transi\u00e7\u00e3o, buscamos unir candidatos talentosos a cargos gratificantes.\n\t\n\t\t\t<a href=\"https:\/\/www.oceaneering.com\/pt\/careers\/people-and-culture\/\" target=\"_self\">\n\t\t\t\t\t\t\tSaiba mais\n\t\t\t<\/a>\n\t\t\t\t<img decoding=\"async\" src=\"https:\/\/oceaneering.com\/wp-content\/uploads\/2023\/11\/shutterstock_2164682885-2-1.jpg\" alt=\"shutterstock_2164682885-2 (1)\" itemprop=\"image\" title=\"shutterstock_2164682885-2 (1)\" onerror=\"this.style.display='none'\"  \/>\n\t\t\t\t\t\t\t\t\t<a href=\"https:\/\/www.oceaneering.com\/pt\/careers\/information-for-job-seekers\/\" target=\"_self\">\n\t\t\t\t\t\t<img decoding=\"async\" src=\"https:\/\/oceaneering.com\/wp-content\/uploads\/2023\/11\/Internship-sized.jpeg\" alt=\"\"\/>\n\t\t\t\t\t\t<h3>Informa\u00e7\u00f5es para quem est\u00e1 procurando emprego<\/h3>\n\t\t\t\t\t\t<h3>Informa\u00e7\u00f5es para quem est\u00e1 procurando emprego<\/h3>\n\t\t\t\t\t\t<p>Visite esta p\u00e1gina para obter informa\u00e7\u00f5es importantes sobre como se candidatar a um emprego em nossa empresa.<\/p>\n\t\t\t\t\t\t\t\tSaiba mais\n\t\t\t\t\t\t\t<\/a>\n\t\t\t\t\t\t\t\t\t\t\t\t<a href=\"https:\/\/www.oceaneering.com\/pt\/careers\/benefits\/\" target=\"_self\">\n\t\t\t\t\t\t<img decoding=\"async\" src=\"https:\/\/oceaneering.com\/wp-content\/uploads\/2023\/11\/benefits-sized.jpeg\" alt=\"\"\/>\n\t\t\t\t\t\t<h3>Benef\u00edcios<\/h3>\n\t\t\t\t\t\t<h3>Benef\u00edcios<\/h3>\n\t\t\t\t\t\t<p>Oferecemos pacotes de benef\u00edcios competitivos nos EUA e em todo o mundo.<\/p>\n\t\t\t\t\t\t\t\tSaiba mais\n\t\t\t\t\t\t\t<\/a>\n\t\t\t\t\t\t\t\t\t\t\t\t<a href=\"\/pt\/sustainability\/social-impact\/\" target=\"_self\">\n\t\t\t\t\t\t<img decoding=\"async\" src=\"https:\/\/oceaneering.com\/wp-content\/uploads\/2023\/11\/shutterstock_370416890-edited-1.jpg\" alt=\"\"\/>\n\t\t\t\t\t\t<h3>A Oceaneering se preocupa<\/h3>\n\t\t\t\t\t\t<h3>A Oceaneering se preocupa<\/h3>\n\t\t\t\t\t\t<p>N\u00f3s nos esfor\u00e7amos para promover um forte senso de conex\u00e3o em nossa empresa e nas comunidades vizinhas.<\/p>\n\t\t\t\t\t\t\t\tSaiba mais\n\t\t\t\t\t\t\t<\/a>","protected":false},"excerpt":{"rendered":"<p>Contact Us Careers No matter your passion, there is a part of our business made just for you. Your Next Career Move Starts Here Join our teams working across industries, technologies, and regions worldwide. Discover current opportunities and see where your experience could take you. View Available Positions Resumes submitted to this website by a &#8230; <a title=\"Carreiras\" class=\"read-more\" href=\"https:\/\/www.oceaneering.com\/pt\/careers\/\" aria-label=\"Leia mais sobre Carreiras\">Leia mais<\/a><\/p>","protected":false},"author":7,"featured_media":0,"parent":0,"menu_order":4,"comment_status":"closed","ping_status":"closed","template":"","meta":{"_acf_changed":false,"footnotes":"","_links_to":"","_links_to_target":""},"product_category":[],"search_tags":[1826],"class_list":["post-1148","page","type-page","status-publish","search_tags-careers"],"acf":[],"aioseo_notices":[],"_links":{"self":[{"href":"https:\/\/www.oceaneering.com\/pt\/wp-json\/wp\/v2\/pages\/1148","targetHints":{"allow":["GET"]}}],"collection":[{"href":"https:\/\/www.oceaneering.com\/pt\/wp-json\/wp\/v2\/pages"}],"about":[{"href":"https:\/\/www.oceaneering.com\/pt\/wp-json\/wp\/v2\/types\/page"}],"author":[{"embeddable":true,"href":"https:\/\/www.oceaneering.com\/pt\/wp-json\/wp\/v2\/users\/7"}],"replies":[{"embeddable":true,"href":"https:\/\/www.oceaneering.com\/pt\/wp-json\/wp\/v2\/comments?post=1148"}],"version-history":[{"count":10,"href":"https:\/\/www.oceaneering.com\/pt\/wp-json\/wp\/v2\/pages\/1148\/revisions"}],"predecessor-version":[{"id":82563,"href":"https:\/\/www.oceaneering.com\/pt\/wp-json\/wp\/v2\/pages\/1148\/revisions\/82563"}],"wp:attachment":[{"href":"https:\/\/www.oceaneering.com\/pt\/wp-json\/wp\/v2\/media?parent=1148"}],"wp:term":[{"taxonomy":"product_category","embeddable":true,"href":"https:\/\/www.oceaneering.com\/pt\/wp-json\/wp\/v2\/product_category?post=1148"},{"taxonomy":"search_tags","embeddable":true,"href":"https:\/\/www.oceaneering.com\/pt\/wp-json\/wp\/v2\/search_tags?post=1148"}],"curies":[{"name":"wp","href":"https:\/\/api.w.org\/{rel}","templated":true}]}}