{"id":80322,"date":"2025-12-16T02:10:27","date_gmt":"2025-12-16T08:10:27","guid":{"rendered":"https:\/\/www.oceaneering.com\/?page_id=80322"},"modified":"2025-12-17T07:28:41","modified_gmt":"2025-12-17T13:28:41","slug":"subsea-xmas-tree-repair-in-situ","status":"publish","type":"page","link":"https:\/\/www.oceaneering.com\/es\/subsea-xmas-tree-repair-in-situ\/","title":{"rendered":"Reparaci\u00f3n in situ de \u00e1rbol de Navidad submarino. No se requiere recuperaci\u00f3n."},"content":{"rendered":"Soluciones de ingenier\u00eda submarina\n<h1>\n\t\tReparaci\u00f3n in situ de \u00e1rbol de Navidad submarino. No se requiere recuperaci\u00f3n. \n\t<\/h1>\n\t<p>Cuando es necesario reparar un \u00e1rbol de Navidad submarino, llevarlo a la costa no es la \u00fanica opci\u00f3n. Nuestros expertos ofrecen soluciones de ingenier\u00eda personalizadas, reparando o solucionando los problemas all\u00ed mismo, sin necesidad de recuperar el equipo.<\/p>\n\t\t\t<a href=\"#contact\" target=\"_self\">\n\t\t\t\t\t\t\tP\u00f3ngase en contacto con nosotros\n\t\t\t\t\t<\/a>\n<h2>\n\t\tPonemos sus activos a producir de nuevo. R\u00e1pidamente.\n\t<\/h2>\n\t<p>Our teams deliver proven engineered solutions wherever you operate. Unparalleled expertise enables us to solve your most complex subsea repair challenges, from subsea trees and manifolds to control lines and distribution systems. We get you back online faster and safely, helping you avoid costly downtime. With a proven global track record, we&#8217;ve tackled more than 800 subsea repair scopes.<\/p>\n<h3>\n\t\tReduzca el tiempo de restauraci\u00f3n\n\t<\/h3>\n\t<p>Evite las p\u00e9rdidas de producci\u00f3n asociadas con la recuperaci\u00f3n completa de \u00e1rboles y los trabajos de reparaci\u00f3n de \u00e1rboles de Navidad en tierra.<\/p>\n<h3>\n\t\tSoluciones submarinas integrales y llave en mano \n\t<\/h3>\n\t<p>Apoyo completo durante todo el ciclo de vida del proyecto, desde el diagn\u00f3stico y la ingenier\u00eda hasta la fabricaci\u00f3n, las pruebas y la ejecuci\u00f3n en alta mar.<\/p>\n<h3>\n\t\tPresencia global con presencia local \n\t<\/h3>\n\t<p>Nuestros equipos est\u00e1n listos para responder con un servicio de asistencia l\u00edder en el sector, independientemente de d\u00f3nde est\u00e9n instalados sus \u00e1rboles de Navidad.<\/p>\n<h3>\n\t\tEnfoque de seguridad ante todo \n\t<\/h3>\n\t<p>La intervenci\u00f3n operada por ROV reduce el riesgo operativo y elimina la necesidad de buzos.<\/p>\n<h2>\n\t\t\u00bfListo para mantener tu \u00e1rbol de Navidad fuera de la playa?\n\t<\/h2>\n\n\t\tP\u00f3ngase en contacto con nuestro equipo de soluciones de ingenier\u00eda para evaluar su reparaci\u00f3n o derivaci\u00f3n y poner en marcha un plan. \n\t\n\t\t\t<a href=\"#contact\" target=\"_self\">\n\t\t\t\t\t\t\tSuscr\u00edbase hoy mismo\n\t\t\t<\/a>\n<h2>\n\t\tPreguntas frecuentes\n\t<\/h2>\n\t<p>\u00bfProblemas con su \u00e1rbol submarino? A continuaci\u00f3n respondemos a las preguntas m\u00e1s frecuentes para ofrecer respuestas claras y pr\u00e1cticas a los retos a los que nos enfrentamos, c\u00f3mo los solucionamos y las normas que rigen nuestro trabajo.<\/p>\n\t\t\t\t\t\t<h5>\u00bfQu\u00e9 tipo de problemas relacionados con los \u00e1rboles de Navidad submarinos resuelven? \u00bfQu\u00e9 componentes pueden reparar o reemplazar?<\/h5>\n\t\t\t<p>Resolvemos una amplia gama de problemas, incluyendo fugas en las l\u00edneas de control, actuadores defectuosos, v\u00e1lvulas da\u00f1adas, problemas con los conectores y la remoci\u00f3n o sustituci\u00f3n de tapas de \u00e1rboles. Nuestro equipo tambi\u00e9n ofrece soluciones de derivaci\u00f3n dise\u00f1adas para fallas complejas, lo que garantiza que sus activos submarinos sigan siendo productivos.<\/p>\n\t\t\t\t\t\t<h5>\u00bfC\u00f3mo se asegura de que la soluci\u00f3n dise\u00f1ada funcionar\u00e1 en alta mar?<\/h5>\n\t\t\t<p>We focus on minimizing risk through onshore proving. Ninety percent of the work happens before going offshore-diagnosis, engineering, simulation, and testing ensure smooth, issue-free offshore execution.<\/p>\n\t\t\t\t\t\t<h5>\u00bfC\u00f3mo minimiza su proceso de reparaci\u00f3n de \u00e1rboles submarinos el tiempo de inactividad y los costos?<\/h5>\n\t\t\t<p>Our in-situ, diverless approach means repairs are performed offshore using ROV-compatible tooling-no need to retrieve equipment to shore. This reduces schedule risk, vessel days, and overall costs, getting your production back online faster.<\/p>\n\t\t\t\t\t\t<h5>\u00bfPueden restaurar todas las funciones hidr\u00e1ulicas y de control de mi \u00e1rbol submarino?<\/h5>\n\t\t\t<p>S\u00ed. Nuestras soluciones est\u00e1n dise\u00f1adas para restablecer todas las funciones hidr\u00e1ulicas y de control necesarias, ya sea mediante reparaci\u00f3n directa, sustituci\u00f3n de componentes o derivaci\u00f3n dise\u00f1ada. Trabajamos con usted para priorizar las funciones m\u00e1s importantes para sus operaciones.<\/p>\n\t\t\t\t\t\t<h5>\u00bfPuede adaptar sus herramientas a diferentes tama\u00f1os y configuraciones de \u00e1rboles?<\/h5>\n\t\t\t<p>S\u00ed. Nuestro completo conjunto de herramientas de reparaci\u00f3n submarina se puede modificar r\u00e1pidamente para adaptarse a diversos tama\u00f1os de \u00e1rboles y tipos de actuadores, lo que garantiza una r\u00e1pida respuesta y un tiempo de inactividad m\u00ednimo para su operaci\u00f3n.<\/p>\n\t\t\t\t\t\t<h5>\u00bfOfrecen servicios integrales de reparaci\u00f3n de \u00e1rboles submarinos?<\/h5>\n\t\t\t<p>Absolutely. We manage every step-from diagnosis and engineering to fabrication, testing, and offshore installation. Our global fleet and local teams ensure rapid mobilization and seamless project delivery.<\/p>\n\t\t\t<a href=\"#contact\" target=\"_self\">\n\t\t\t\t\t\t\t\u00bfTiene m\u00e1s preguntas? P\u00f3ngase en contacto con nosotros.\n\t\t\t<\/a>\n\t\t\t\t\t\t\t\t\t<h3>Historias reales de \u00e9xito en la reparaci\u00f3n de \u00e1rboles submarinos<\/h3>\n\t\t\t\t\t\t\t\t\t<p>Explore how we have successfully solved our customers&#8217; most challenging subsea tree issues.   <\/p>\n\t\t\t\t\t\t<a href=\"https:\/\/www.oceaneering.com\/es\/resources\/?_content_types=case-study\" target=\"_self\">\n\t\t\t\t\t\t\t\tVer todos los casos pr\u00e1cticos\t\t\t\t\t\t\t\n\t\t\t\t\t\t\t\t\t\t\t\t\t<\/a>\n\t\t\t\t\t\t<button>\n\t\t\t\t\t\t\tAnterior\n\t\t\t\t\t\t<\/button>\n\t\t\t\t\t\t<button>\n\t\t\t\t\t\t\tSiguiente\n\t\t\t\t\t\t<\/button>\n\t\t\t\t\t\t\t<a href=\"https:\/\/www.oceaneering.com\/es\/case-studies\/delivering-intervention-solutions-for-water-injection-trees-offshore-west-africa\/\">\n\t\t\t\t\t\t\t\t\t\t<img decoding=\"async\" src=\"https:\/\/www.oceaneering.com\/wp-content\/uploads\/2024\/12\/Oceaneering-equipment-being-deployed.png\" alt=\"\"\/>\n\t\t\t\t\t\t\t\t\t\t<h3>Soluciones de intervenci\u00f3n para \u00e1rboles de inyecci\u00f3n de agua en alta mar de \u00c1frica Occidental<\/h3>\n\t\t\t\t\t\t\t\t\t\t<h3>Soluciones de intervenci\u00f3n para \u00e1rboles de inyecci\u00f3n de agua en alta mar de \u00c1frica Occidental<\/h3>\n\t\t\t\t\t\t\t\t\t\t\t\t\t\t\t\t\t\t\t\t\t<p>In late 2021, a major operator identified a failure of the diverter block blind flange on two&#8230;<\/p>\n\t\t\t\t\t\t\t\t\t\t\tM\u00e1s informaci\u00f3n\n\t\t\t\t\t\t\t<\/a>\n\t\t\t\t\t\t\t<a href=\"https:\/\/www.oceaneering.com\/es\/case-studies\/bespoke-plem-repair-tooling-suite-enables-intervention-to-restore-production\/\">\n\t\t\t\t\t\t\t\t\t\t<img decoding=\"async\" src=\"https:\/\/www.oceaneering.com\/wp-content\/uploads\/2024\/02\/Cutting-Guide-on-PLEM.png\" alt=\"Cutting Guide on PLEM\"\/>\n\t\t\t\t\t\t\t\t\t\t<h3>El conjunto de herramientas de reparaci\u00f3n PLEM a medida permite intervenir para restablecer la producci\u00f3n<\/h3>\n\t\t\t\t\t\t\t\t\t\t<h3>El conjunto de herramientas de reparaci\u00f3n PLEM a medida permite intervenir para restablecer la producci\u00f3n<\/h3>\n\t\t\t\t\t\t\t\t\t\t\t\t\t\t\t\t\t\t\t\t\t<p>In early 2023, Oceaneering was contracted by a major Gulf of Mexico operator to provide a fast-track&#8230;<\/p>\n\t\t\t\t\t\t\t\t\t\t\tM\u00e1s informaci\u00f3n\n\t\t\t\t\t\t\t<\/a>\n\t\t\t\t\t\t\t<a href=\"https:\/\/www.oceaneering.com\/es\/case-studies\/oceaneering-addresses-stuck-valves-and-restores-production-for-okea\/\">\n\t\t\t\t\t\t\t\t\t\t<img decoding=\"async\" src=\"https:\/\/www.oceaneering.com\/wp-content\/uploads\/2023\/11\/OKEA-featured-1.jpeg\" alt=\"\"\/>\n\t\t\t\t\t\t\t\t\t\t<h3>Oceaneering soluciona el atasco de v\u00e1lvulas y restablece la producci\u00f3n de OKEA<\/h3>\n\t\t\t\t\t\t\t\t\t\t<h3>Oceaneering soluciona el atasco de v\u00e1lvulas y restablece la producci\u00f3n de OKEA<\/h3>\n\t\t\t\t\t\t\t\t\t\t\t\t\t\t\t\t\t\t\t\t\t<p>In October 2020, Norwegian operator OKEA approached Oceaneering seeking a solution to address four stuck actuators located&#8230;<\/p>\n\t\t\t\t\t\t\t\t\t\t\tM\u00e1s informaci\u00f3n\n\t\t\t\t\t\t\t<\/a>\n\n\t\tContacte con nosotros\n\t\n<h2>\n\t\tNuestro equipo de expertos est\u00e1 listo para ayudarle a empezar.\n\t<\/h2>\n\t<p>Oceaneering ofrece los mejores productos y soluciones de su clase, respaldados por una calidad, fiabilidad y asistencia global inigualables. Rellene el formulario de consulta para iniciar una conversaci\u00f3n hoy mismo.<\/p>","protected":false},"excerpt":{"rendered":"<p>Subsea Engineered Solutions Subsea Xmas Tree Repair In-Situ. No Retrieval Required. When a subsea Xmas tree needs repair, pulling it to shore is not your only option. Our experts deliver tailored engineered solutions, repairing or bypassing issues right where they happen, eliminating the need to recover equipment. Contact us We Get Your Assets Producing Again. &#8230; <a title=\"Reparaci\u00f3n in situ de \u00e1rbol de Navidad submarino. No se requiere recuperaci\u00f3n.\" class=\"read-more\" href=\"https:\/\/www.oceaneering.com\/es\/subsea-xmas-tree-repair-in-situ\/\" aria-label=\"Leer m\u00e1s sobre Subsea Xmas Tree Repair In-Situ. No Retrieval Required.\">Seguir leyendo<\/a><\/p>","protected":false},"author":25,"featured_media":0,"parent":0,"menu_order":0,"comment_status":"closed","ping_status":"closed","template":"","meta":{"_acf_changed":false,"footnotes":"","_links_to":"","_links_to_target":""},"product_category":[],"search_tags":[],"class_list":["post-80322","page","type-page","status-publish"],"acf":[],"aioseo_notices":[],"_links":{"self":[{"href":"https:\/\/www.oceaneering.com\/es\/wp-json\/wp\/v2\/pages\/80322","targetHints":{"allow":["GET"]}}],"collection":[{"href":"https:\/\/www.oceaneering.com\/es\/wp-json\/wp\/v2\/pages"}],"about":[{"href":"https:\/\/www.oceaneering.com\/es\/wp-json\/wp\/v2\/types\/page"}],"author":[{"embeddable":true,"href":"https:\/\/www.oceaneering.com\/es\/wp-json\/wp\/v2\/users\/25"}],"replies":[{"embeddable":true,"href":"https:\/\/www.oceaneering.com\/es\/wp-json\/wp\/v2\/comments?post=80322"}],"version-history":[{"count":30,"href":"https:\/\/www.oceaneering.com\/es\/wp-json\/wp\/v2\/pages\/80322\/revisions"}],"predecessor-version":[{"id":80442,"href":"https:\/\/www.oceaneering.com\/es\/wp-json\/wp\/v2\/pages\/80322\/revisions\/80442"}],"wp:attachment":[{"href":"https:\/\/www.oceaneering.com\/es\/wp-json\/wp\/v2\/media?parent=80322"}],"wp:term":[{"taxonomy":"product_category","embeddable":true,"href":"https:\/\/www.oceaneering.com\/es\/wp-json\/wp\/v2\/product_category?post=80322"},{"taxonomy":"search_tags","embeddable":true,"href":"https:\/\/www.oceaneering.com\/es\/wp-json\/wp\/v2\/search_tags?post=80322"}],"curies":[{"name":"wp","href":"https:\/\/api.w.org\/{rel}","templated":true}]}}