{"id":79504,"date":"2025-10-30T07:20:37","date_gmt":"2025-10-30T12:20:37","guid":{"rendered":"https:\/\/www.oceaneering.com\/?page_id=79504"},"modified":"2025-11-03T04:00:03","modified_gmt":"2025-11-03T10:00:03","slug":"centralizing-your-integrity-workflow","status":"publish","type":"page","link":"https:\/\/www.oceaneering.com\/es\/asset-integrity-management\/combining-engineering-data-and-visualization\/centralizing-your-integrity-workflow\/","title":{"rendered":"Centralizaci\u00f3n de su flujo de trabajo de integridad"},"content":{"rendered":"<p><a href=\"\/es\/asset-integrity\/#contact\" target=\"_self\"> Debatir un proyecto <\/a> INFORM\u2122 Asset Integrity Management Software<\/p>\r\n<h1>Centralizaci\u00f3n de su flujo de trabajo de integridad<\/h1>\r\n<p>Simplifique la gesti\u00f3n de la integridad de los activos con un sistema unificado dise\u00f1ado para la trazabilidad y el control.<\/p>\r\n<h2>La Fundaci\u00f3n para Decisiones m\u00e1s Inteligentes<\/h2>\r\n<p>La integridad no es opcional. Es esencial. Los datos dispersos y los sistemas desconectados siguen ralentizando las decisiones cr\u00edticas. Por eso las organizaciones conf\u00edan en Inform\u2122, un paquete de software de integridad modular y configurable que centraliza los flujos de trabajo de inspecci\u00f3n digital, el seguimiento de anomal\u00edas y la planificaci\u00f3n basada en el riesgo en una \u00fanica fuente de informaci\u00f3n fiable.<\/p>\r\n<p>Como parte de nuestra plataforma de gesti\u00f3n de activos digitales, Inform\u2122 refuerza sus programas de gesti\u00f3n de la integridad.<\/p>\r\n<p><img loading=\"lazy\" decoding=\"async\" title=\"INFORM-RBI-Software_1.\u00aa p\u00e1gina copia\" src=\"https:\/\/www.oceaneering.com\/wp-content\/uploads\/2025\/10\/INFORM-RBI-Software_1st-pg-copy.webp\" alt=\"INFORM-RBI-Software_1st-pg copy\" width=\"1920\" height=\"1080\" \/><\/p>\r\n<h3>Mejorar la eficacia y la supervisi\u00f3n<\/h3>\r\n<p>Elimine silos, acelere los procesos de toma de decisiones y digitalice la recopilaci\u00f3n de datos y la elaboraci\u00f3n de informes.<\/p>\r\n<!-- CTA -->\r\n<h3>Prep\u00e1rese para las auditor\u00edas y consiga una trazabilidad completa<\/h3>\r\n<p>Aseg\u00farese de que todas las inspecciones y decisiones queden documentadas para una defensa completa en caso de auditor\u00eda.<\/p>\r\n<!-- CTA -->\r\n<h3>Afrontar la escasez de mano de obra y los retrasos en el mantenimiento<\/h3>\r\n<p>Utilice la automatizaci\u00f3n para desplegar mejor el personal disponible y eliminar los retrasos en el mantenimiento.<\/p>\r\n<!-- CTA -->\r\n<h3>Aumente el tiempo de actividad y la productividad<\/h3>\r\n<p>Mejore la utilizaci\u00f3n y disponibilidad de los activos, reduzca el tiempo de inactividad y disminuya los gastos relacionados con las inspecciones.<\/p>\r\n<!-- CTA -->\r\n<h2>Construido para la precisi\u00f3n. Dise\u00f1ado para el rendimiento.<\/h2>\r\n<p>Inform\u2122 ofrece un control medible y una responsabilidad en la que puede confiar. Los datos se conservan y las decisiones son trazables. Inform\u2122, que goza de la confianza de los sectores de la energ\u00eda marina, el GNL, el refinado, la petroqu\u00edmica, el transporte y distribuci\u00f3n, los servicios p\u00fablicos y la industria pesada, es su base para la integridad, el cumplimiento normativo y la excelencia operativa.<\/p>\r\n<p>Configurar y escalar con un prop\u00f3sito<\/p>\r\n<h2>Software de gesti\u00f3n de integridad de activos Inform\u2122<\/h2>\r\n<p>La integridad de los activos evoluciona. Su tecnolog\u00eda debe evolucionar con ella. Inform\u2122 le ofrece la flexibilidad de comenzar con las capacidades de integridad que necesita hoy y ampliarla cuando est\u00e9 listo. Escale m\u00f3dulo por m\u00f3dulo o aproveche todo el potencial de una soluci\u00f3n combinada.<\/p>\r\n<h5>Sistema de inspecci\u00f3n digital Inform\u2122<\/h5>\r\n<p>Transforme la captura y gesti\u00f3n de datos de inspecci\u00f3n mediante una plataforma segura basada en dispositivos m\u00f3viles.<\/p>\r\n<h5>Software Inform\u2122 para inspecci\u00f3n basada en el riesgo (RBI)<\/h5>\r\n<p>Establezca prioridades bas\u00e1ndose en la probabilidad y las consecuencias, no en la rutina, utilizando una l\u00f3gica configurable.<\/p>\r\n<h5>Software de gesti\u00f3n de anomal\u00edas Inform\u2122<\/h5>\r\n<p>Aprovecha la visualizaci\u00f3n en 3D para detectar y rastrear anomal\u00edas a trav\u00e9s del flujo de trabajo dise\u00f1ado.<\/p>\r\n<h5>Software de an\u00e1lisis predictivo Inform\u2122<\/h5>\r\n<p>Eval\u00fae y pronostique las tendencias de degradaci\u00f3n con anticipaci\u00f3n para evitar paradas, al tiempo que se conecta al Registro de Datos de Activos para obtener una visibilidad completa de la jerarqu\u00eda.<\/p>\r\n<p><img decoding=\"async\" src=\"https:\/\/www.oceaneering.com\/wp-content\/plugins\/bb-ultimate-addon\/modules\/uabb-devices\/includes\/svg\/desktop.svg\" alt=\"uabb-device-desktop\" \/> <img decoding=\"async\" src=\"https:\/\/www.oceaneering.com\/wp-content\/plugins\/bb-ultimate-addon\/modules\/uabb-devices\/includes\/svg\/window.svg\" alt=\"uabb-device-window\" \/> Software de visualizaci\u00f3n de datos 3D Vision\u2122<\/p>\r\n<h2>Ampl\u00ede su perspectiva<\/h2>\r\n<p>Comience con Inform\u2122 como base y ampl\u00edelo con Vision\u2122 para la visualizaci\u00f3n de datos 3D de sus activos. Vision\u2122 e InformTM se integran a la perfecci\u00f3n para reforzar sus operaciones con contexto visual, proporcionando una claridad cuantificable que mejora la planificaci\u00f3n y transforma la toma de decisiones.<\/p>\r\n<h5>Vision\u2122 Parte superior<\/h5>\r\n<p>Aplique el escaneo l\u00e1ser para obtener una claridad 3D medible sobre la superficie, mejorando la planificaci\u00f3n de la inspecci\u00f3n.<\/p>\r\n<h5>Vision\u2122 Submarino<\/h5>\r\n<p>Captura la infraestructura submarina con ROV y escaneos fotogram\u00e9tricos para obtener una visualizaci\u00f3n precisa de su integridad.<\/p>\r\n<p><a href=\"https:\/\/www.oceaneering.com\/es\/visualizing-3d-data-for-asset-integrity\/\" target=\"_self\"> M\u00e1s informaci\u00f3n <\/a><\/p>\r\n<h2>Preguntas frecuentes<\/h2>\r\n<p>Whether you&#8217;re starting to digitize asset integrity or upgrading from a different solution, we&#8217;re here to support you. Explore frequently asked questions about the Inform\u2122 AIM Software.<\/p>\r\n<h5>\u00bfQu\u00e9 es Inform\u2122?<\/h5>\r\n<p>Inform\u2122 es una plataforma de software de gesti\u00f3n de la integridad de activos regulada que re\u00fane todo en un \u00fanico sistema de registro controlado. Sus m\u00f3dulos centralizan la jerarqu\u00eda de activos, la evaluaci\u00f3n basada en el riesgo, la gesti\u00f3n de anomal\u00edas y el an\u00e1lisis predictivo. Estandariza la ejecuci\u00f3n de la integridad, realiza un seguimiento de las pruebas y exige la rendici\u00f3n de cuentas, de modo que cada acci\u00f3n se verifica y cada decisi\u00f3n es defendible.<\/p>\r\n<h5>\u00bfInform\u2122 sustituye a las hojas de c\u00e1lculo y los informes manuales?<\/h5>\r\n<p>S\u00ed. Inform\u2122 elimina las hojas de c\u00e1lculo no controladas y los informes aislados al estandarizar la inspecci\u00f3n digital y crear un registro controlado de la actividad de integridad.<\/p>\r\n<h5>\u00bfInform\u2122 es compatible con la inspecci\u00f3n basada en el riesgo?<\/h5>\r\n<p>S\u00ed. Inform\u2122 incluye un motor de inspecci\u00f3n modular basado en el riesgo que calcula la probabilidad de las consecuencias y los resultados del riesgo para facilitar una planificaci\u00f3n m\u00e1s inteligente de las inspecciones.<\/p>\r\n<h5>\u00bfInform\u2122 incluye an\u00e1lisis predictivo?<\/h5>\r\n<p>S\u00ed. Inform\u2122 ofrece an\u00e1lisis predictivos a trav\u00e9s de un m\u00f3dulo espec\u00edfico. El m\u00f3dulo identifica las tendencias de degradaci\u00f3n de forma temprana para evitar paradas y se conecta al Registro de Datos de Activos para ofrecer una visibilidad completa de la jerarqu\u00eda. Tambi\u00e9n aplica modelos de aprendizaje autom\u00e1tico a los datos hist\u00f3ricos para optimizar los intervalos de inspecci\u00f3n y reducir los costos.<\/p>\r\n<h5>\u00bfSe puede integrar Inform\u2122 con Vision\u2122?<\/h5>\r\n<p>S\u00ed. Vision\u2122 se puede integrar con Inform\u2122 para ofrecer visualizaci\u00f3n en 3D y contexto de integridad medible para inspecciones y anomal\u00edas en todos los activos, por encima y por debajo de la l\u00ednea de flotaci\u00f3n y en tierra.<\/p>\r\n<h5>\u00bfSe puede utilizar Vision\u2122 sin Inform\u2122?<\/h5>\r\n<p>S\u00ed. Ambos son independientes. Vision\u2122 se puede implementar como una soluci\u00f3n de visualizaci\u00f3n independiente y posteriormente integrarse con Inform\u2122 cuando se requiera un control de integridad.<\/p>\r\n<h5>\u00bfPuedo utilizar los m\u00f3dulos de Inform\u2122 por separado?<\/h5>\r\n<p>S\u00ed. Inform\u2122 es modular, por lo que puede utilizar solo los m\u00f3dulos que necesite y a\u00f1adir otros m\u00e1s adelante. Puede empezar con la inspecci\u00f3n digital, la gesti\u00f3n de anomal\u00edas, la inspecci\u00f3n basada en el riesgo o el an\u00e1lisis predictivo, y ampliarlo en cualquier momento.<\/p>\r\n<h5>\u00bfInform\u2122 est\u00e1 disponible en la nube?<\/h5>\r\n<p>S\u00ed. Inform\u2122 est\u00e1 disponible como una implementaci\u00f3n segura en la nube para satisfacer sus requisitos de seguridad y acceso a la informaci\u00f3n.<\/p>\r\n<h5>\u00bfQu\u00e9 industrias utilizan Inform\u2122?<\/h5>\r\n<p>Inform\u2122 se utiliza en los sectores de energ\u00eda marina, GNL, refiner\u00eda, petroqu\u00edmica, transporte y distribuci\u00f3n, servicios p\u00fablicos, fabricaci\u00f3n y otras industrias con un uso intensivo de activos.<\/p>\r\n<h5>\u00bfC\u00f3mo mejora Inform\u2122 la preparaci\u00f3n para las auditor\u00edas?<\/h5>\r\n<p>Inform\u2122 mantiene la trazabilidad completa de cada registro, incluyendo el estado de propiedad, las marcas de tiempo de las decisiones y proporciona pruebas de respaldo para una defensa completa en caso de auditor\u00eda.<\/p>\r\n<p><a href=\"#contact\" target=\"_self\"> \u00bfTiene m\u00e1s preguntas? P\u00f3ngase en contacto con nosotros. <\/a> Contacte con nosotros<\/p>\r\n<h2>Nuestro equipo de expertos est\u00e1 listo para ayudarle a empezar.<\/h2>\r\n<p>Oceaneering ofrece los mejores productos y soluciones de su clase, respaldados por una calidad, fiabilidad y asistencia global inigualables. Rellene el formulario de consulta para iniciar una conversaci\u00f3n hoy mismo.<\/p>","protected":false},"excerpt":{"rendered":"<p>Discuss a Project INFORM\u2122 Asset Integrity Management Software Centralizing Your Integrity Workflow Simplify asset integrity management with a unified system built for traceability and control. The Foundation For Smarter Decisions Integrity is not optional. It is essential. Scattered data and disconnected systems continue to slow critical decisions. That is why organizations rely on Inform\u2122, a &#8230; <a title=\"Centralizaci\u00f3n de su flujo de trabajo de integridad\" class=\"read-more\" href=\"https:\/\/www.oceaneering.com\/es\/asset-integrity-management\/combining-engineering-data-and-visualization\/centralizing-your-integrity-workflow\/\" aria-label=\"Leer m\u00e1s sobre Centralizing Your Integrity Workflow\">Seguir leyendo<\/a><\/p>","protected":false},"author":25,"featured_media":0,"parent":79333,"menu_order":0,"comment_status":"closed","ping_status":"closed","template":"","meta":{"_acf_changed":false,"footnotes":"","_links_to":"","_links_to_target":""},"product_category":[1205],"search_tags":[],"class_list":["post-79504","page","type-page","status-publish","product_category-asset-integrity-management"],"acf":[],"aioseo_notices":[],"_links":{"self":[{"href":"https:\/\/www.oceaneering.com\/es\/wp-json\/wp\/v2\/pages\/79504","targetHints":{"allow":["GET"]}}],"collection":[{"href":"https:\/\/www.oceaneering.com\/es\/wp-json\/wp\/v2\/pages"}],"about":[{"href":"https:\/\/www.oceaneering.com\/es\/wp-json\/wp\/v2\/types\/page"}],"author":[{"embeddable":true,"href":"https:\/\/www.oceaneering.com\/es\/wp-json\/wp\/v2\/users\/25"}],"replies":[{"embeddable":true,"href":"https:\/\/www.oceaneering.com\/es\/wp-json\/wp\/v2\/comments?post=79504"}],"version-history":[{"count":55,"href":"https:\/\/www.oceaneering.com\/es\/wp-json\/wp\/v2\/pages\/79504\/revisions"}],"predecessor-version":[{"id":81529,"href":"https:\/\/www.oceaneering.com\/es\/wp-json\/wp\/v2\/pages\/79504\/revisions\/81529"}],"up":[{"embeddable":true,"href":"https:\/\/www.oceaneering.com\/es\/wp-json\/wp\/v2\/pages\/79333"}],"wp:attachment":[{"href":"https:\/\/www.oceaneering.com\/es\/wp-json\/wp\/v2\/media?parent=79504"}],"wp:term":[{"taxonomy":"product_category","embeddable":true,"href":"https:\/\/www.oceaneering.com\/es\/wp-json\/wp\/v2\/product_category?post=79504"},{"taxonomy":"search_tags","embeddable":true,"href":"https:\/\/www.oceaneering.com\/es\/wp-json\/wp\/v2\/search_tags?post=79504"}],"curies":[{"name":"wp","href":"https:\/\/api.w.org\/{rel}","templated":true}]}}