{"id":79372,"date":"2025-10-28T07:35:09","date_gmt":"2025-10-28T12:35:09","guid":{"rendered":"https:\/\/www.oceaneering.com\/?page_id=79372"},"modified":"2026-02-18T09:22:41","modified_gmt":"2026-02-18T15:22:41","slug":"visualizing-3d-data-for-asset-integrity","status":"publish","type":"page","link":"https:\/\/www.oceaneering.com\/es\/asset-integrity-management\/combining-engineering-data-and-visualization\/visualizing-3d-data-for-asset-integrity\/","title":{"rendered":"Visualizaci\u00f3n de datos 3D para la integridad de los activos"},"content":{"rendered":"<a href=\"\/es\/asset-integrity\/#contact\" target=\"_self\">\n\t\t\t\t\t\t\tDebatir un proyecto\n\t\t\t\t\t<\/a>\n\t\tSoftware de visualizaci\u00f3n de datos 3D Vision\u2122\n<h1>\n\t\tVisualizaci\u00f3n de datos 3D para la integridad de los activos\n\t<\/h1>\n\t<p>Convierta los datos en decisiones con soluciones de visualizaci\u00f3n 3D que combinan sus operaciones en superficie y submarinas en un gemelo digital conectado.<\/p>\n<h2>\n\t\tAportar claridad a la complejidad\n\t<\/h2>\n\t<p>Vision\u2122 conecta los datos de superficie y submarinos en una vista hol\u00edstica clara de los activos, lo que ayuda a los equipos a detectar problemas antes y actuar m\u00e1s r\u00e1pido. Como parte de nuestra plataforma de gesti\u00f3n de la integridad de los activos, Vision\u2122 ofrece visibilidad que ahorra tiempo, reduce costos y genera confianza en todo su programa de integridad.<\/p>\n<h3>\n\t\tIntegridad medida \n\t<\/h3>\n\t<p>Precisi\u00f3n de grado de ingenier\u00eda que respalda la toma de decisiones.<\/p>\n<h3>\n\t\tInformaci\u00f3n verificada \n\t<\/h3>\n\t<p>Datos que cumplen con los requisitos de cumplimiento reconocidos por la industria.<\/p>\n<h3>\n\t\tGarant\u00eda certificada \n\t<\/h3>\n\t<p>Acreditaci\u00f3n de confianza para inspecciones digitales.<\/p>\n<h2>\n\t\tTransmite confianza en cada decisi\u00f3n \n\t<\/h2>\n\t<p>Tome decisiones con confianza, respaldado por la tecnolog\u00eda l\u00edder en la industria. <a href=\"https:\/\/www.ukas.com\/resources\/resources\/soas-17020\/\" target=\"_blank\" rel=\"noopener\">UKAS ISO 17020<\/a> Acreditaci\u00f3n para inspecci\u00f3n de cubierta. El software Vision\u2122 le ayuda a liquidar el retraso en las inspecciones con una soluci\u00f3n en la que usted y el sector pueden confiar.<\/p>\n\t\t\t\t<img loading=\"lazy\" decoding=\"async\" src=\"https:\/\/www.oceaneering.com\/wp-content\/uploads\/2025\/10\/Vision-on-desktop.webp\" alt=\"Vision interface showing pint cloud view of an asset.\" itemprop=\"image\" height=\"1535\" width=\"1920\" title=\"Visi\u00f3n en el escritorio\" onerror=\"this.style.display='none'\"  \/>\n\t\t\t\t\t\t<h3>Cobertura total de activos <\/h3>\n\t\t\t\t\t\t<p>Desde la plataforma hasta la infraestructura submarina.<\/p>\n\t\t\t\t\t\t<!-- CTA -->\n\t\t\t\t\t\t<h3>Implementaci\u00f3n basada en la nube<\/h3>\n\t\t\t\t\t\t<p>Seguro y escalable para la colaboraci\u00f3n global.<\/p>\n\t\t\t\t\t\t<!-- CTA -->\n\t\t\t\t\t\t<h3>Listo para auditor\u00eda<\/h3>\n\t\t\t\t\t\t<p>Demostrar el cumplimiento de decisiones trazables.<\/p>\n\t\t\t\t\t\t<!-- CTA -->\n\t\t\t\t\t\t<h3>Perfiles de riesgo<\/h3>\n\t\t\t\t\t\t<p>Convierte los datos de inspecci\u00f3n en informaci\u00f3n 3D \u00fatil.<\/p>\n\t\t\t\t\t\t<!-- CTA -->\n\t\t\t\t\t\t<h3>Referenciaci\u00f3n geoespacial<\/h3>\n\t\t\t\t\t\t<p>Datos de posici\u00f3n precisos para cada activo y ubicaci\u00f3n de anomal\u00edas.<\/p>\n\t\t\t\t\t\t<!-- CTA -->\n<h2>\n\t\tDise\u00f1ado espec\u00edficamente para la gesti\u00f3n de la integridad de los activos\n\t<\/h2>\n\t<p>Dise\u00f1ado para garantizar la integridad total de los activos, Vision\u2122 conecta sus datos, tanto en tierra como en alta mar y bajo el mar. Permite realizar inspecciones pasivas durante operaciones simult\u00e1neas (SIMOPS), lo que permite evaluar la integridad sin interrumpir las campa\u00f1as en curso.<\/p>\n<h2>\n\t\tDe la visi\u00f3n a la verificaci\u00f3n\n\t<\/h2>\n\t<p>Conoce tus activos. Conoce tus riesgos. Toma todas las decisiones.<\/p>\n<h3>\n\t\tConstruyendo sobre la precisi\u00f3n \n\t<\/h3>\n\t<p>Laser scan data &#8211; the foundation for every reliable digital asset.<\/p>\n<h3>\n\t\tInteligencia de datos de integridad \n\t<\/h3>\n\t<p>Aportamos claridad al poner el foco en cada nivel de integridad.<\/p>\n\t\t<img decoding=\"async\" src=\"https:\/\/www.oceaneering.com\/wp-content\/uploads\/2025\/10\/Lazer-scan-data.webp\" alt=\"Vision interface showing scan station view.\"\/>\n\t\t<img decoding=\"async\" src=\"https:\/\/www.oceaneering.com\/wp-content\/uploads\/2025\/10\/image-3-copy.webp\" alt=\"Vision interface showing 3D view with anomaly, equipment and test points tags displayed.\"\/>\n<h2>\n\t\tExplore Vision\u2122 para instalaciones mar\u00edtimas y submarinas\n\t<\/h2>\n\t<p>Obtenga una visibilidad completa y confianza en todos sus activos.<\/p>\n\t\t\t\t\t<img decoding=\"async\" src=\"https:\/\/www.oceaneering.com\/wp-content\/plugins\/bb-ultimate-addon\/modules\/uabb-devices\/includes\/svg\/desktop.svg\" alt=\"uabb-device-desktop\" \/>\n<h3>\n\t\tVision\u2122 Parte superior\n\t<\/h3>\n\t<p>Vision\u2122 Topside le permite ver sus activos con un nivel de detalle 3D cuantificable gracias al escaneo l\u00e1ser avanzado. Los responsables de la toma de decisiones que utilizan Vision\u2122 Topside obtienen una visi\u00f3n m\u00e1s profunda, mayores capacidades de planificaci\u00f3n y mejoras cuantificables en la eficiencia de las campa\u00f1as de inspecci\u00f3n y actualizaci\u00f3n.<\/p>\n\t\t\t\t\t\t<h5>\u00bfQu\u00e9 se puede hacer con Vision\u2122 Topside?<\/h5>\n\t\t\t<ul>\n<li>Mida con confianza y capture la geometr\u00eda que se pasa por alto en las inspecciones visuales.<\/li>\n<li>Realizar inspecciones visuales remotas y evaluaciones del estado externo.<\/li>\n<li>Registre el equipo y acceda a los datos de ingenier\u00eda al instante.<\/li>\n<li>Planifique con precisi\u00f3n las actualizaciones, auditor\u00edas y modernizaciones de terrenos industriales abandonados.<\/li>\n<li>Apoyar tanto los desarrollos en terrenos industriales abandonados como en terrenos sin urbanizar.<\/li>\n<li>Colabora de forma remota y comparte modelos entre equipos.<\/li>\n<li>Reduzca el trabajo adicional y el tiempo de inactividad validando los dise\u00f1os antes de su ejecuci\u00f3n.<\/li>\n<li>Cree un registro digital verificable que resista cualquier auditor\u00eda.<\/li>\n<\/ul>\n\t\t\t\t\t<img decoding=\"async\" src=\"https:\/\/www.oceaneering.com\/wp-content\/plugins\/bb-ultimate-addon\/modules\/uabb-devices\/includes\/svg\/desktop.svg\" alt=\"uabb-device-desktop\" \/>\n<h3>\n\t\tVision\u2122 Submarino\n\t<\/h3>\n\t<p>Vision\u2122 Subsea transforma los datos de nubes de puntos recopilados por ROV de grado de ingenier\u00eda en una vista contextual y cuantificable de la integridad de los activos submarinos. Reduzca la exposici\u00f3n, acorte las inspecciones y ahorre costos mediante una planificaci\u00f3n m\u00e1s inteligente de las campa\u00f1as.<\/p>\n<p>Consulte nuestro <a href=\"https:\/\/www.oceaneering.com\/es\/oceaneering-expands-vision-platform-with-subsea-module-for-engineering%e2%80%91grade-integrity-visualization\/\" target=\"_blank\" rel=\"noopener\">\u00faltimas noticias<\/a>.<\/p>\n\t\t\t\t\t\t<h5>\u00bfQu\u00e9 se puede hacer con Vision\u2122 Subsea?<\/h5>\n\t\t\t<ul>\n<li>Reduzca las movilizaciones mar\u00edtimas mediante la supervisi\u00f3n y el seguimiento remoto de la corrosi\u00f3n, las anomal\u00edas y las reparaciones.<\/li>\n<li>Realizar inspecciones pasivas durante las operaciones en vivo.<\/li>\n<li>Verifique los cambios a lo largo del tiempo comparando los datos de las diferentes campa\u00f1as para detectar los primeros signos de deterioro.<\/li>\n<li>Mantenga el cumplimiento normativo y la confianza.<\/li>\n<li>Captura datos de activos para respaldar una toma de decisiones s\u00f3lida y reducir la intervenci\u00f3n.<\/li>\n<\/ul>\n<h2>\n\t\tPreguntas frecuentes\n\t<\/h2>\n\t<p>Whether you&#8217;re starting to digitize asset integrity or upgrading from a different solution, we&#8217;re here to support you. Explore frequently asked questions about Vision\u2122.<\/p>\n\t\t\t\t\t\t<h5>\u00bfEn qu\u00e9 se diferencia Vision\u2122 de un gemelo digital tradicional? <\/h5>\n\t\t\t<p>Los gemelos digitales tradicionales replican los activos de forma est\u00e1tica. Vision\u2122 va m\u00e1s all\u00e1 al combinar la automatizaci\u00f3n y la visualizaci\u00f3n en 3D para capturar datos de ingenier\u00eda de sus operaciones. Crea un registro visual contextualizado que revela los cambios, refuerza los programas de integridad y facilita una toma de decisiones m\u00e1s r\u00e1pida y segura.<\/p>\n\t\t\t\t\t\t<h5>\u00bfQu\u00e9 tipos de datos de inspecci\u00f3n admite Vision\u2122?<\/h5>\n\t\t\t<p>Vision\u2122 admite una amplia gama de datos de inspecci\u00f3n, incluyendo im\u00e1genes capturadas por ROV, video estereosc\u00f3pico, nubes de puntos basadas en fotogrametr\u00eda y modelos de ingenier\u00eda 3D. Al integrar todos estos datos, Vision\u2122 proporciona una vista digital completa de los activos de superficie y submarinos para una toma de decisiones m\u00e1s r\u00e1pida y basada en datos.<\/p>\n\t\t\t\t\t\t<h5>\u00bfC\u00f3mo garantiza Vision\u2122 el cumplimiento normativo y la preparaci\u00f3n para auditor\u00edas?<\/h5>\n\t\t\t<p>Vision\u2122 registra autom\u00e1ticamente cada cambio en los registros, creando un historial de auditor\u00eda transparente y rastreable. Esta documentaci\u00f3n integrada simplifica la presentaci\u00f3n de informes reglamentarios, refuerza el control de calidad y garantiza el pleno cumplimiento de las normas de integridad offshore.<\/p>\n\t\t\t\t\t\t<h5>\u00bfVision\u2122 est\u00e1 disponible en la nube?<\/h5>\n\t\t\t<p>S\u00ed. Vision\u2122 se puede implementar de forma segura en la nube. La implementaci\u00f3n en la nube permite el acceso global, la colaboraci\u00f3n en tiempo real y los controles de seguridad basados en roles para los equipos que gestionan activos mar\u00edtimos y submarinos.<\/p>\n\t\t\t\t\t\t<h5>\u00bfQui\u00e9n se beneficia m\u00e1s de Vision\u2122?<\/h5>\n\t\t\t<p>Vision\u2122 is designed for energy operators, integrity engineers, inspection coordinators, and digital transformation leaders managing topside and subsea assets. It supports projects from brownfield upgrades to greenfield developments, helping reduce exposure, improve safety, and simplify asset integrity management.<\/p>\n\t\t\t\t\t\t<h5>\u00bfEn qu\u00e9 se diferencia Vision\u2122 de los informes de inspecci\u00f3n tradicionales?<\/h5>\n\t\t\t<p>A diferencia de los informes de inspecci\u00f3n est\u00e1ticos, Vision\u2122 ofrece un espacio de trabajo interactivo en 2D y 3D donde los usuarios pueden colaborar en tiempo real, etiquetar anomal\u00edas y realizar un seguimiento del estado de los activos a lo largo de su ciclo de vida. Este enfoque de gemelo digital transforma los datos de inspecci\u00f3n en informaci\u00f3n \u00fatil para la gesti\u00f3n de la integridad en alta mar.<\/p>\n\t\t\t\t\t\t<h5>\u00bfSe puede ampliar Vision\u2122 a m\u00faltiples activos mar\u00edtimos?<\/h5>\n\t\t\t<p>S\u00ed. Vision\u2122 se adapta desde una \u00fanica plataforma hasta una cartera global, garantizando la coherencia, la visibilidad y la referencia geoespacial en todas las operaciones. Vision\u2122 puede utilizarse incluso para mejorar la gesti\u00f3n de la integridad de sus activos en tierra.<\/p>\n\t\t\t\t\t\t<h5>\u00bfC\u00f3mo se integra Vision\u2122 con Inform\u2122?<\/h5>\n\t\t\t<p>Vision\u2122 conecta los datos de inspecci\u00f3n espacial con nuestro software de gesti\u00f3n de la integridad de los activos Inform\u2122. Juntos, combinan plataformas de visualizaci\u00f3n y an\u00e1lisis para ofrecer una visibilidad completa, informaci\u00f3n \u00fatil y una planificaci\u00f3n del mantenimiento basada en el riesgo para todos los activos.<\/p>\n\t\t\t\t\t\t<h5>\u00bfQu\u00e9 industrias utilizan Vision?<\/h5>\n\t\t\t<p>Vision\u2122 se utiliza principalmente en los sectores de energ\u00eda marina, petr\u00f3leo y gas, y energ\u00edas renovables. Sin embargo, sus capacidades unificadas de gemelos digitales pueden beneficiar a cualquier industria que gestione infraestructuras complejas que requieran una gesti\u00f3n de la integridad segura y eficiente.<\/p>\n\t\t\t<a href=\"#contact\" target=\"_self\">\n\t\t\t\t\t\t\t\u00bfTiene m\u00e1s preguntas? P\u00f3ngase en contacto con nosotros.\n\t\t\t<\/a>\n\n\t\tContacte con nosotros\n\t\n<h2>\n\t\tNuestro equipo de expertos est\u00e1 listo para ayudarle a empezar.\n\t<\/h2>\n\t<p>Oceaneering ofrece los mejores productos y soluciones de su clase, respaldados por una calidad, fiabilidad y asistencia global inigualables. Rellene el formulario de consulta para iniciar una conversaci\u00f3n hoy mismo.<\/p>","protected":false},"excerpt":{"rendered":"<p>Discuss a Project Vision\u2122 3D Data Visualization Software Visualizing 3D Data for Asset Integrity Turn data into decisions with 3D visualization solutions that combine your topside and subsea operations into one connected digital twin. Bring Clarity to Complexity Vision\u2122 connects topside and subsea data into one clear holistic asset view, helping teams see issues sooner &#8230; <a title=\"Visualizaci\u00f3n de datos 3D para la integridad de los activos\" class=\"read-more\" href=\"https:\/\/www.oceaneering.com\/es\/asset-integrity-management\/combining-engineering-data-and-visualization\/visualizing-3d-data-for-asset-integrity\/\" aria-label=\"Leer m\u00e1s sobre Visualizing 3D Data for Asset Integrity\">Seguir leyendo<\/a><\/p>","protected":false},"author":25,"featured_media":0,"parent":79333,"menu_order":0,"comment_status":"closed","ping_status":"closed","template":"","meta":{"_acf_changed":false,"footnotes":"","_links_to":"","_links_to_target":""},"product_category":[1205],"search_tags":[],"class_list":["post-79372","page","type-page","status-publish","product_category-asset-integrity-management"],"acf":[],"aioseo_notices":[],"_links":{"self":[{"href":"https:\/\/www.oceaneering.com\/es\/wp-json\/wp\/v2\/pages\/79372","targetHints":{"allow":["GET"]}}],"collection":[{"href":"https:\/\/www.oceaneering.com\/es\/wp-json\/wp\/v2\/pages"}],"about":[{"href":"https:\/\/www.oceaneering.com\/es\/wp-json\/wp\/v2\/types\/page"}],"author":[{"embeddable":true,"href":"https:\/\/www.oceaneering.com\/es\/wp-json\/wp\/v2\/users\/25"}],"replies":[{"embeddable":true,"href":"https:\/\/www.oceaneering.com\/es\/wp-json\/wp\/v2\/comments?post=79372"}],"version-history":[{"count":117,"href":"https:\/\/www.oceaneering.com\/es\/wp-json\/wp\/v2\/pages\/79372\/revisions"}],"predecessor-version":[{"id":81089,"href":"https:\/\/www.oceaneering.com\/es\/wp-json\/wp\/v2\/pages\/79372\/revisions\/81089"}],"up":[{"embeddable":true,"href":"https:\/\/www.oceaneering.com\/es\/wp-json\/wp\/v2\/pages\/79333"}],"wp:attachment":[{"href":"https:\/\/www.oceaneering.com\/es\/wp-json\/wp\/v2\/media?parent=79372"}],"wp:term":[{"taxonomy":"product_category","embeddable":true,"href":"https:\/\/www.oceaneering.com\/es\/wp-json\/wp\/v2\/product_category?post=79372"},{"taxonomy":"search_tags","embeddable":true,"href":"https:\/\/www.oceaneering.com\/es\/wp-json\/wp\/v2\/search_tags?post=79372"}],"curies":[{"name":"wp","href":"https:\/\/api.w.org\/{rel}","templated":true}]}}