{"id":79333,"date":"2025-10-27T06:12:06","date_gmt":"2025-10-27T11:12:06","guid":{"rendered":"https:\/\/www.oceaneering.com\/?page_id=79333"},"modified":"2026-02-26T06:09:58","modified_gmt":"2026-02-26T12:09:58","slug":"combining-engineering-data-and-visualization","status":"publish","type":"page","link":"https:\/\/www.oceaneering.com\/es\/asset-integrity-management\/combining-engineering-data-and-visualization\/","title":{"rendered":"Combinaci\u00f3n de datos de ingenier\u00eda y visualizaci\u00f3n"},"content":{"rendered":"<a href=\"\/es\/asset-integrity\/#contact\" target=\"_self\">\n\t\t\t\t\t\t\tDebatir un proyecto\n\t\t\t\t\t<\/a>\n<h1>\n\t\tGesti\u00f3n de la integridad de los activos digitales\n\t<\/h1>\n<h2>\n\t\tCombinaci\u00f3n de datos de ingenier\u00eda y visualizaci\u00f3n\n\t<\/h2>\n\t<p>Bring\u00a0integrity to life in one connected view of your assets, from topside to subsea.<\/p>\n<h2>\n\t\tUn mundo. Dos puntos de vista. Integridad total.\n\t<\/h2>\n\t<p>Nuestra plataforma de gesti\u00f3n de la integridad de los activos combina Inform\u2122 y Vision\u2122 para transformar la complejidad en claridad. Combine su inteligencia de ingenier\u00eda con la visualizaci\u00f3n de datos en 3D para crear un gemelo digital que le ayude a tomar decisiones m\u00e1s r\u00e1pidas, seguras e inteligentes, desde la superficie hasta el fondo marino.<\/p>\n<h2>\n\t\tDise\u00f1o flexible. Potentes juntos.\n\t<\/h2>\n\t<p>Empiece donde se encuentre. Desbloquee toda la plataforma para obtener un gemelo digital contextual que proporcione a los responsables de la toma de decisiones una visi\u00f3n precisa del estado de los activos, la previsi\u00f3n para actuar y el poder de dar vida a la integridad. Utilice los m\u00f3dulos Inform\u2122 de forma individual o conjunta para satisfacer sus necesidades de integridad. A\u00f1ada Vision\u2122 para obtener una visualizaci\u00f3n inmersiva de los activos de superficie o submarinos.<\/p>\n\t\t\t\t\t Informar\u2122 <ul role=\"list\"><li role=\"listitem\">Inform\u2122, un sistema modular de gesti\u00f3n de datos de integridad (IDMS) que centraliza los datos de inspecci\u00f3n, el seguimiento de anomal\u00edas y la modelizaci\u00f3n de riesgos en una \u00fanica fuente de informaci\u00f3n verificable. Optimiza los flujos de trabajo y proporciona a las organizaciones la informaci\u00f3n necesaria para actuar con mayor rapidez gracias a datos que generan confianza.<\/li><\/ul>\n\t\t\t<a href=\"https:\/\/www.oceaneering.com\/es\/asset-integrity-management\/combining-engineering-data-and-visualization\/centralizing-your-integrity-workflow\/\" target=\"_self\">\n\t\t\t\t\t\t\tDescubra Inform\u2122\n\t\t\t\t\t<\/a>\n\t\t\t\t\t Vision\u2122 <ul role=\"list\"><li role=\"listitem\">Vision\u2122, una aplicaci\u00f3n de software de visualizaci\u00f3n de datos en 3D que transforma los datos en modelos inmersivos de ingenier\u00eda de infraestructuras mar\u00edtimas y submarinas. Vision\u2122, que se distribuye de forma segura a trav\u00e9s de la nube, permite la colaboraci\u00f3n global y un conocimiento completo de la situaci\u00f3n.<\/li><\/ul>\n\t\t\t<a href=\"https:\/\/www.oceaneering.com\/es\/asset-integrity-management\/combining-engineering-data-and-visualization\/visualizing-3d-data-for-asset-integrity\/\" target=\"_self\">\n\t\t\t\t\t\t\tExperiencia Vision\u2122\n\t\t\t\t\t<\/a>\n\t\t\t\t\t Inform\u2122 + Vision\u2122 <ul role=\"list\"><li role=\"listitem\">Combine Inform\u2122 y Vision\u2122 para obtener una soluci\u00f3n conectada de gesti\u00f3n de la integridad de los activos (AIM) que vincula los registros de inspecci\u00f3n, las anomal\u00edas y los modelos 3D con la realidad operativa, lo que permite ciclos m\u00e1s r\u00e1pidos desde el hallazgo hasta la reparaci\u00f3n y decisiones basadas en pruebas.<\/li><\/ul>\n\t\t\t<a href=\"#contact\" target=\"_self\">\n\t\t\t\t\t\t\tP\u00f3ngase en contacto con un especialista\n\t\t\t\t\t<\/a>\n<h2>\n\t\tDe los datos a las decisiones \n\t<\/h2>\n\t<p>Combine la inteligencia de datos profunda con una visi\u00f3n inmersiva en 3D para comprender mejor el estado de los activos, tomar decisiones m\u00e1s r\u00e1pidas y mejorar la trazabilidad.<\/p>\n\t\t\t\t<table>\n\t\t\t\t\t<thead>\n\t\t\t\t\t\t\t\t\t\t\t\t\t\t<tr>\n\t\t\t\t\t\t\t\t\t\t\t\t\t\t\t<th rowspan=\"\" colspan=\"\">\n\t\t\t\t\t\t\t\t\t\t\t\t\t\t\t\t\t<label>\n\t\t\t\t\t\t\t\t\t\t<\/label><label> Beneficio\/Resultado <\/label>\n\t\t\t\t\t\t\t\t\t\n\t\t\t\t\t\t\t\t\t\t\t\t\t\t\t\t\t<\/th>\n\t\t\t\t\t\t\t\t\t\t\t\t\t\t<th rowspan=\"\" colspan=\"\">\n\t\t\t\t\t\t\t\t\t\t\t\t\t\t\t\t\t<label>\n\t\t\t\t\t\t\t\t\t\t<\/label><label> Informar\u2122 <\/label>\n\t\t\t\t\t\t\t\t\t\n\t\t\t\t\t\t\t\t\t\t\t\t\t\t\t\t\t<\/th>\n\t\t\t\t\t\t\t\t\t\t\t\t\t\t<th rowspan=\"\" colspan=\"\">\n\t\t\t\t\t\t\t\t\t\t\t\t\t\t\t\t\t<label>\n\t\t\t\t\t\t\t\t\t\t<\/label><label> Vision\u2122 <\/label>\n\t\t\t\t\t\t\t\t\t\n\t\t\t\t\t\t\t\t\t\t\t\t\t\t\t\t\t<\/th>\n\t\t\t\t\t\t\t\t\t\t\t\t\t\t<th rowspan=\"\" colspan=\"\">\n\t\t\t\t\t\t\t\t\t\t\t\t\t\t\t\t\t<label>\n\t\t\t\t\t\t\t\t\t\t<\/label><label> Inform\u2122 + Vision\u2122 <\/label>\n\t\t\t\t\t\t\t\t\t\n\t\t\t\t\t\t\t\t\t\t\t\t\t\t\t\t\t<\/th>\n\t\t\t\t\t\t\t\t\t\t\t<\/tr><\/thead>\n\t\t\t\t\t<tbody>\n\t\t\t\t\t\t\t\t\t\t\t\t\t\t\t<tr>\n\t\t\t\t\t\t\t\t\t\t\t\t\t\t\t\t\t\t\t\t<td colspan=\"\" rowspan=\"\">\n\t\t\t\t\t\t\t\t\t\t\t\t\t\t\t\t\t\t\t\t\t\t\t Datos de integridad centralizados (inspecciones y anomal\u00edas) \n\t\t\t\t\t\t\t\t\t\t\t\t\t\t\t\t\t\t\t\t\t\t\t<\/td>\n\t\t\t\t\t\t\t\t\t\t\t\t\t\t\t\t<td colspan=\"\" rowspan=\"\">\n\t\t\t\t\t\t\t\t\t\t\t\t\t\t\t\t\t\t\t\t\t\t\t\t<\/td>\n\t\t\t\t\t\t\t\t\t\t\t\t\t\t\t\t<td colspan=\"\" rowspan=\"\">\n\t\t\t\t\t\t\t\t\t\t\t\t\t\t\t\t\t\t\t\t\t\t\t<\/td>\n\t\t\t\t\t\t\t\t\t\t\t\t\t\t\t\t<td colspan=\"\" rowspan=\"\">\n\t\t\t\t\t\t\t\t\t\t\t\t\t\t\t\t\t\t\t\t\t\t\t\t<\/td>\n\t\t\t\t\t\t\t\t\t\t\t\t\t\t\t<\/tr><tr>\n\t\t\t\t\t\t\t\t\t\t\t\t\t\t\t\t\t\t\t\t<td colspan=\"\" rowspan=\"\">\n\t\t\t\t\t\t\t\t\t\t\t\t\t\t\t\t\t\t\t\t\t\t\t Menor costo total de integridad  \n\t\t\t\t\t\t\t\t\t\t\t\t\t\t\t\t\t\t\t\t\t\t\t<\/td>\n\t\t\t\t\t\t\t\t\t\t\t\t\t\t\t\t<td colspan=\"\" rowspan=\"\">\n\t\t\t\t\t\t\t\t\t\t\t\t\t\t\t\t\t\t\t\t\t\t\t\t<\/td>\n\t\t\t\t\t\t\t\t\t\t\t\t\t\t\t\t<td colspan=\"\" rowspan=\"\">\n\t\t\t\t\t\t\t\t\t\t\t\t\t\t\t\t\t\t\t\t\t\t\t\t<\/td>\n\t\t\t\t\t\t\t\t\t\t\t\t\t\t\t\t<td colspan=\"\" rowspan=\"\">\n\t\t\t\t\t\t\t\t\t\t\t\t\t\t\t\t\t\t\t\t\t\t\t\t<\/td>\n\t\t\t\t\t\t\t\t\t\t\t\t\t\t\t<\/tr><tr>\n\t\t\t\t\t\t\t\t\t\t\t\t\t\t\t\t\t\t\t\t<td colspan=\"\" rowspan=\"\">\n\t\t\t\t\t\t\t\t\t\t\t\t\t\t\t\t\t\t\t\t\t\t\t Flujos de trabajo configurables para el ciclo de vida completo de la integridad de los activos. \n\t\t\t\t\t\t\t\t\t\t\t\t\t\t\t\t\t\t\t\t\t\t\t<\/td>\n\t\t\t\t\t\t\t\t\t\t\t\t\t\t\t\t<td colspan=\"\" rowspan=\"\">\n\t\t\t\t\t\t\t\t\t\t\t\t\t\t\t\t\t\t\t\t\t\t\t\t<\/td>\n\t\t\t\t\t\t\t\t\t\t\t\t\t\t\t\t<td colspan=\"\" rowspan=\"\">\n\t\t\t\t\t\t\t\t\t\t\t\t\t\t\t\t\t\t\t\t\t\t\t<\/td>\n\t\t\t\t\t\t\t\t\t\t\t\t\t\t\t\t<td colspan=\"\" rowspan=\"\">\n\t\t\t\t\t\t\t\t\t\t\t\t\t\t\t\t\t\t\t\t\t\t\t\t<\/td>\n\t\t\t\t\t\t\t\t\t\t\t\t\t\t\t<\/tr><tr>\n\t\t\t\t\t\t\t\t\t\t\t\t\t\t\t\t\t\t\t\t<td colspan=\"\" rowspan=\"\">\n\t\t\t\t\t\t\t\t\t\t\t\t\t\t\t\t\t\t\t\t\t\t\t Modelos de riesgo y apoyo a la toma de decisiones \n\t\t\t\t\t\t\t\t\t\t\t\t\t\t\t\t\t\t\t\t\t\t\t<\/td>\n\t\t\t\t\t\t\t\t\t\t\t\t\t\t\t\t<td colspan=\"\" rowspan=\"\">\n\t\t\t\t\t\t\t\t\t\t\t\t\t\t\t\t\t\t\t\t\t\t\t\t<\/td>\n\t\t\t\t\t\t\t\t\t\t\t\t\t\t\t\t<td colspan=\"\" rowspan=\"\">\n\t\t\t\t\t\t\t\t\t\t\t\t\t\t\t\t\t\t\t\t\t\t\t<\/td>\n\t\t\t\t\t\t\t\t\t\t\t\t\t\t\t\t<td colspan=\"\" rowspan=\"\">\n\t\t\t\t\t\t\t\t\t\t\t\t\t\t\t\t\t\t\t\t\t\t\t\t<\/td>\n\t\t\t\t\t\t\t\t\t\t\t\t\t\t\t<\/tr><tr>\n\t\t\t\t\t\t\t\t\t\t\t\t\t\t\t\t\t\t\t\t<td colspan=\"\" rowspan=\"\">\n\t\t\t\t\t\t\t\t\t\t\t\t\t\t\t\t\t\t\t\t\t\t\t Contexto 3D inmersivo en superficie y submarino \n\t\t\t\t\t\t\t\t\t\t\t\t\t\t\t\t\t\t\t\t\t\t\t<\/td>\n\t\t\t\t\t\t\t\t\t\t\t\t\t\t\t\t<td colspan=\"\" rowspan=\"\">\n\t\t\t\t\t\t\t\t\t\t\t\t\t\t\t\t\t\t\t\t\t\t\t<\/td>\n\t\t\t\t\t\t\t\t\t\t\t\t\t\t\t\t<td colspan=\"\" rowspan=\"\">\n\t\t\t\t\t\t\t\t\t\t\t\t\t\t\t\t\t\t\t\t\t\t\t\t<\/td>\n\t\t\t\t\t\t\t\t\t\t\t\t\t\t\t\t<td colspan=\"\" rowspan=\"\">\n\t\t\t\t\t\t\t\t\t\t\t\t\t\t\t\t\t\t\t\t\t\t\t\t<\/td>\n\t\t\t\t\t\t\t\t\t\t\t\t\t\t\t<\/tr><tr>\n\t\t\t\t\t\t\t\t\t\t\t\t\t\t\t\t\t\t\t\t<td colspan=\"\" rowspan=\"\">\n\t\t\t\t\t\t\t\t\t\t\t\t\t\t\t\t\t\t\t\t\t\t\t Planificaci\u00f3n m\u00e1s r\u00e1pida y menos visitas al sitio \n\t\t\t\t\t\t\t\t\t\t\t\t\t\t\t\t\t\t\t\t\t\t\t<\/td>\n\t\t\t\t\t\t\t\t\t\t\t\t\t\t\t\t<td colspan=\"\" rowspan=\"\">\n\t\t\t\t\t\t\t\t\t\t\t\t\t\t\t\t\t\t\t\t\t\t\t\t<\/td>\n\t\t\t\t\t\t\t\t\t\t\t\t\t\t\t\t<td colspan=\"\" rowspan=\"\">\n\t\t\t\t\t\t\t\t\t\t\t\t\t\t\t\t\t\t\t\t\t\t\t\t<\/td>\n\t\t\t\t\t\t\t\t\t\t\t\t\t\t\t\t<td colspan=\"\" rowspan=\"\">\n\t\t\t\t\t\t\t\t\t\t\t\t\t\t\t\t\t\t\t\t\t\t\t\t<\/td>\n\t\t\t\t\t\t\t\t\t\t\t\t\t\t\t<\/tr><tr>\n\t\t\t\t\t\t\t\t\t\t\t\t\t\t\t\t\t\t\t\t<td colspan=\"\" rowspan=\"\">\n\t\t\t\t\t\t\t\t\t\t\t\t\t\t\t\t\t\t\t\t\t\t\t Registros listos para auditor\u00edas y trazabilidad \n\t\t\t\t\t\t\t\t\t\t\t\t\t\t\t\t\t\t\t\t\t\t\t<\/td>\n\t\t\t\t\t\t\t\t\t\t\t\t\t\t\t\t<td colspan=\"\" rowspan=\"\">\n\t\t\t\t\t\t\t\t\t\t\t\t\t\t\t\t\t\t\t\t\t\t\t\t<\/td>\n\t\t\t\t\t\t\t\t\t\t\t\t\t\t\t\t<td colspan=\"\" rowspan=\"\">\n\t\t\t\t\t\t\t\t\t\t\t\t\t\t\t\t\t\t\t\t\t\t\t<\/td>\n\t\t\t\t\t\t\t\t\t\t\t\t\t\t\t\t<td colspan=\"\" rowspan=\"\">\n\t\t\t\t\t\t\t\t\t\t\t\t\t\t\t\t\t\t\t\t\t\t\t\t<\/td>\n\t\t\t\t\t\t\t\t\t\t\t\t\t\t\t<\/tr><tr>\n\t\t\t\t\t\t\t\t\t\t\t\t\t\t\t\t\t\t\t\t<td colspan=\"\" rowspan=\"\">\n\t\t\t\t\t\t\t\t\t\t\t\t\t\t\t\t\t\t\t\t\t\t\t Reducci\u00f3n del tiempo de inactividad gracias a una visi\u00f3n proactiva \n\t\t\t\t\t\t\t\t\t\t\t\t\t\t\t\t\t\t\t\t\t\t\t<\/td>\n\t\t\t\t\t\t\t\t\t\t\t\t\t\t\t\t<td colspan=\"\" rowspan=\"\">\n\t\t\t\t\t\t\t\t\t\t\t\t\t\t\t\t\t\t\t\t\t\t\t\t<\/td>\n\t\t\t\t\t\t\t\t\t\t\t\t\t\t\t\t<td colspan=\"\" rowspan=\"\">\n\t\t\t\t\t\t\t\t\t\t\t\t\t\t\t\t\t\t\t\t\t\t\t\t<\/td>\n\t\t\t\t\t\t\t\t\t\t\t\t\t\t\t\t<td colspan=\"\" rowspan=\"\">\n\t\t\t\t\t\t\t\t\t\t\t\t\t\t\t\t\t\t\t\t\t\t\t\t<\/td>\n\t\t\t\t\t\t\t\t\t\t\t\t\t\t\t<\/tr><tr>\n\t\t\t\t\t\t\t\t\t\t\t\t\t\t\t\t\t\t\t\t<td colspan=\"\" rowspan=\"\">\n\t\t\t\t\t\t\t\t\t\t\t\t\t\t\t\t\t\t\t\t\t\t\t Colaboraci\u00f3n y alineaci\u00f3n entre equipos \n\t\t\t\t\t\t\t\t\t\t\t\t\t\t\t\t\t\t\t\t\t\t\t<\/td>\n\t\t\t\t\t\t\t\t\t\t\t\t\t\t\t\t<td colspan=\"\" rowspan=\"\">\n\t\t\t\t\t\t\t\t\t\t\t\t\t\t\t\t\t\t\t\t\t\t\t\t<\/td>\n\t\t\t\t\t\t\t\t\t\t\t\t\t\t\t\t<td colspan=\"\" rowspan=\"\">\n\t\t\t\t\t\t\t\t\t\t\t\t\t\t\t\t\t\t\t\t\t\t\t\t<\/td>\n\t\t\t\t\t\t\t\t\t\t\t\t\t\t\t\t<td colspan=\"\" rowspan=\"\">\n\t\t\t\t\t\t\t\t\t\t\t\t\t\t\t\t\t\t\t\t\t\t\t\t<\/td>\n\t\t\t\t\t\t\t\t\t\t\t<\/tr><\/tbody>\n\t\t\t\t<\/table>\n\t\t\t\t<img loading=\"lazy\" decoding=\"async\" src=\"https:\/\/www.oceaneering.com\/wp-content\/uploads\/2025\/02\/Pipeline-graphic.jpg\" alt=\"Wireframe computer cad design of pipelines for an industrial power plant.\" itemprop=\"image\" height=\"1616\" width=\"2873\" title=\"Gr\u00e1fico de tuber\u00edas\" onerror=\"this.style.display='none'\"  \/>\n<h2>\n\t\tEficiencia, conocimiento y control de costos \n\t<\/h2>\n\t<p>Pase de la reacci\u00f3n a la prevenci\u00f3n al tiempo que mejora la eficiencia, la informaci\u00f3n y el control. Los responsables de la toma de decisiones eligen nuestra plataforma de gesti\u00f3n de activos digitales porque sustituye las suposiciones por pruebas y ofrece resultados medibles.<\/p>\n\t\t\t\t\t\t<h5>Aumento de la eficiencia <\/h5>\n\t\t\t<ul>\n<li>Optimice los gastos con una mejor programaci\u00f3n y asignaci\u00f3n de recursos.<\/li>\n<li>Optimice los flujos de trabajo de informes e inspecciones.<\/li>\n<li>Acelera los ciclos desde el descubrimiento hasta la soluci\u00f3n.<\/li>\n<\/ul>\n<p>\u00a0<\/p>\n\t\t\t\t\t\t<h5>Integridad Confianza <\/h5>\n\t\t\t<ul>\n<li>Obtenga una visibilidad clara del estado de los activos.<\/li>\n<li>Fortalecer la gobernanza y armonizar las decisiones.<\/li>\n<li>Mejore el tiempo de actividad mediante un mantenimiento proactivo.<\/li>\n<\/ul>\n<h2>\n\t\tNuestros pilares de confianza \n\t<\/h2>\n<h3>\n\t\tExperiencia en el sector\n\t<\/h3>\n\t<p>Creado por ingenieros para ingenieros.<\/p>\n<h3>\n\t\tEnfoque probado\n\t<\/h3>\n\t<p>Flujos de trabajo y modelos estandarizados que se adaptan a todos los entornos.<\/p>\n<h3>\n\t\tTransparencia y trazabilidad \n\t<\/h3>\n\t<p>Las decisiones est\u00e1n respaldadas por el linaje de los datos, el contexto del modelo y pruebas visuales.<\/p>\n<h3>\n\t\tSeguridad y gobernanza \n\t<\/h3>\n\t<p>Acceso basado en roles y auditabilidad para la TI empresarial.<\/p>\n<h3>\n\t\tPlataforma configurable\n\t<\/h3>\n\t<p>Nos adaptamos a sus necesidades, ya sea con una adopci\u00f3n modular o una plataforma completa.<\/p>\n<h2>\n\t\tPreguntas frecuentes\n\t<\/h2>\n\t<p>Whether you&#8217;re starting to digitize asset integrity or upgrading from a different solution, we&#8217;re here to support you. Explore frequently asked questions about how we can support your Digital Asset Management programs.<\/p>\n\t\t\t\t\t\t<h5>\u00bfQu\u00e9 es la gesti\u00f3n de activos digitales?<\/h5>\n\t\t\t<p>La gesti\u00f3n de activos digitales combina la inteligencia de ingenier\u00eda y la visualizaci\u00f3n en 3D para mantener la integridad de los activos, reducir los riesgos y mejorar la toma de decisiones.<\/p>\n\t\t\t\t\t\t<h5>\u00bfQu\u00e9 es Inform\u2122?<\/h5>\n\t\t\t<p>Inform\u2122 es una plataforma modular del Sistema de Gesti\u00f3n de Datos de Integridad (IDMS) que digitaliza los flujos de trabajo de inspecci\u00f3n, centraliza los datos sobre anomal\u00edas y riesgos, y los transforma en informaci\u00f3n \u00fatil.<\/p>\n\t\t\t\t\t\t<h5>\u00bfQu\u00e9 es Vision\u2122?<\/h5>\n\t\t\t<p>Vision\u2122 es una plataforma de visualizaci\u00f3n en 3D que crea modelos de ingenier\u00eda de activos submarinos y de superficie para realizar comparaciones fiables, realizar un seguimiento de anomal\u00edas y evaluar el estado a lo largo del tiempo. Vision\u2122 se ofrece como una aplicaci\u00f3n exclusiva para la nube.<\/p>\n\t\t\t\t\t\t<h5>\u00bfCu\u00e1l es la diferencia entre Vision\u2122 Subsea y Vision\u2122 Topside? <\/h5>\n\t\t\t<p>Vision\u2122 Subsea utiliza el escaneo submarino para activos submarinos, mientras que Vision\u2122 Topside aplica el escaneo l\u00e1ser para instalaciones en superficie. Ambos crean modelos de ingenier\u00eda para una toma de decisiones segura.<\/p>\n\t\t\t\t\t\t<h5>\u00bfC\u00f3mo funcionan Inform\u2122 y Vision\u2122 juntos?<\/h5>\n\t\t\t<p>Inform\u2122 ofrece inteligencia de ingenier\u00eda y gesti\u00f3n del flujo de trabajo y del ciclo de vida; Vision\u2122 a\u00f1ade un contexto visual 3D inmersivo. Juntos crean un gemelo digital vivo, una plataforma conectada que unifica todos los registros y modelos para la gesti\u00f3n de la integridad.<\/p>\n\t\t\t\t\t\t<h5>\u00bfC\u00f3mo reduce el tiempo de inactividad la gesti\u00f3n de activos digitales?<\/h5>\n\t\t\t<p>Al centralizar los datos de inspecci\u00f3n y a\u00f1adir visualizaci\u00f3n en 3D, los operadores pueden identificar anomal\u00edas antes, planificar el mantenimiento de forma proactiva y reducir el tiempo de inactividad no planificado con una mejor programaci\u00f3n y uso de los recursos.<\/p>\n\t\t\t\t\t\t<h5>\u00bfInform\u2122 se puede integrar con los sistemas de inspecci\u00f3n existentes?<\/h5>\n\t\t\t<p>S\u00ed. Inform\u2122 se conecta con los flujos de trabajo de inspecci\u00f3n y las fuentes de datos actuales, lo que garantiza una transici\u00f3n fluida sin interrumpir las operaciones.<\/p>\n\t\t\t\t\t\t<h5>\u00bfQu\u00e9 retorno de la inversi\u00f3n pueden esperar los operadores al utilizar Inform\u2122 y Vision\u2122 juntos?<\/h5>\n\t\t\t<p>La mayor\u00eda de los operadores informan de ciclos m\u00e1s r\u00e1pidos entre el hallazgo y la reparaci\u00f3n, menos visitas al sitio y reducciones significativas en el tiempo de notificaci\u00f3n y el esfuerzo de inspecci\u00f3n. Los resultados var\u00edan seg\u00fan la combinaci\u00f3n de activos y la madurez del programa.<\/p>\n\t\t\t<a href=\"#contact\" target=\"_self\">\n\t\t\t\t\t\t\t\u00bfTiene m\u00e1s preguntas? P\u00f3ngase en contacto con nosotros.\n\t\t\t<\/a>\n\t\t\t\t\t\t\t\t\t<h3>Probado en campo. L\u00edder en el sector.<\/h3>\n\t\t\t\t\t\t\t\t\t<p>Lea nuestros casos pr\u00e1cticos sobre gesti\u00f3n de activos digitales.<\/p>\n\t\t\t\t\t\t<a href=\"https:\/\/www.oceaneering.com\/es\/resources\/?_content_types=case-study\" target=\"_self\">\n\t\t\t\t\t\t\t\tVer todos los casos pr\u00e1cticos\t\t\t\t\t\t\t\n\t\t\t\t\t\t\t\t\t\t\t\t\t<\/a>\n\t\t\t\t\t\t<button>\n\t\t\t\t\t\t\tAnterior\n\t\t\t\t\t\t<\/button>\n\t\t\t\t\t\t<button>\n\t\t\t\t\t\t\tSiguiente\n\t\t\t\t\t\t<\/button>\n\t\t\t\t\t\t\t<a href=\"https:\/\/www.oceaneering.com\/es\/case-studies\/oceaneering-energy-intelligence-uses-inform-predict-to-safely-reduce-inspection-scope-by-more-than-50-percent\/\">\n\t\t\t\t\t\t\t\t\t\t<img decoding=\"async\" src=\"https:\/\/www.oceaneering.com\/wp-content\/uploads\/2023\/11\/shutterstock_164419370-1.jpg\" alt=\"Offshore oil and gas platform.\"\/>\n\t\t\t\t\t\t\t\t\t\t<h3>Inform Predict\u2122 reduce de forma segura el alcance de la inspecci\u00f3n del cliente en m\u00e1s de un 50 por ciento<\/h3>\n\t\t\t\t\t\t\t\t\t\t<h3>Inform Predict\u2122 reduce de forma segura el alcance de la inspecci\u00f3n del cliente en m\u00e1s de un 50 por ciento<\/h3>\n\t\t\t\t\t\t\t\t\t\t\t\t\t\t\t\t\t\t\t\t\t<p>In March 2023, a major operator contracted Oceaneering to use our Inform Predict Analytics Software to improve&#8230;<\/p>\n\t\t\t\t\t\t\t\t\t\t\tM\u00e1s informaci\u00f3n\n\t\t\t\t\t\t\t<\/a>\n\t\t\t\t\t\t\t<a href=\"https:\/\/www.oceaneering.com\/es\/case-studies\/oceaneering-uses-inform-predict-to-improve-inspection-programs-for-north-sea-assets\/\">\n\t\t\t\t\t\t\t\t\t\t<img decoding=\"async\" src=\"https:\/\/www.oceaneering.com\/wp-content\/uploads\/2023\/10\/shutterstock_1056389054-1.jpg\" alt=\"\"\/>\n\t\t\t\t\t\t\t\t\t\t<h3>Inform Predict\u2122 mejora los programas de inspecci\u00f3n de los activos del Mar del Norte<\/h3>\n\t\t\t\t\t\t\t\t\t\t<h3>Inform Predict\u2122 mejora los programas de inspecci\u00f3n de los activos del Mar del Norte<\/h3>\n\t\t\t\t\t\t\t\t\t\t\t\t\t\t\t\t\t\t\t\t\t<p>In Q2 2023, a major operator contracted Oceaneering&#8217;s Energy Intelligence group to use our Inform Predict Analytics&#8230;<\/p>\n\t\t\t\t\t\t\t\t\t\t\tM\u00e1s informaci\u00f3n\n\t\t\t\t\t\t\t<\/a>\n\t\t\t\t\t\t\t<a href=\"https:\/\/www.oceaneering.com\/es\/case-studies\/inform-predict-software-optimizes-nocs-inspection-intervals\/\">\n\t\t\t\t\t\t\t\t\t\t<img decoding=\"async\" src=\"https:\/\/www.oceaneering.com\/wp-content\/uploads\/2022\/01\/global-monitoring-asset-integrity.jpeg\" alt=\"\"\/>\n\t\t\t\t\t\t\t\t\t\t<h3>El software Inform Predict\u2122, basado en IA, optimiza los intervalos de inspecci\u00f3n para NOC<\/h3>\n\t\t\t\t\t\t\t\t\t\t<h3>El software Inform Predict\u2122, basado en IA, optimiza los intervalos de inspecci\u00f3n para NOC<\/h3>\n\t\t\t\t\t\t\t\t\t\t\t\t\t\t\t\t\t\t\t\t\t<p>In this pre-pilot project, Oceaneering employed Inform Predict\u2122 digital predictive analytics software to determine the appropriate inspection&#8230;<\/p>\n\t\t\t\t\t\t\t\t\t\t\tM\u00e1s informaci\u00f3n\n\t\t\t\t\t\t\t<\/a>\n\n\t\tContacte con nosotros\n\t\n<h2>\n\t\tNuestro equipo de expertos est\u00e1 listo para ayudarle a empezar.\n\t<\/h2>\n\t<p>Oceaneering ofrece los mejores productos y soluciones de su clase, respaldados por una calidad, fiabilidad y asistencia global inigualables. Rellene el formulario de consulta para iniciar una conversaci\u00f3n hoy mismo.<\/p>","protected":false},"excerpt":{"rendered":"<p>Aporte integridad a la vida \u00fatil de sus activos con una visi\u00f3n conectada, desde la superficie hasta el fondo marino.<\/p>","protected":false},"author":25,"featured_media":79426,"parent":59710,"menu_order":0,"comment_status":"closed","ping_status":"closed","template":"","meta":{"_acf_changed":false,"footnotes":"","_links_to":"","_links_to_target":""},"product_category":[1205],"search_tags":[],"class_list":["post-79333","page","type-page","status-publish","has-post-thumbnail","product_category-asset-integrity-management"],"acf":[],"aioseo_notices":[],"_links":{"self":[{"href":"https:\/\/www.oceaneering.com\/es\/wp-json\/wp\/v2\/pages\/79333","targetHints":{"allow":["GET"]}}],"collection":[{"href":"https:\/\/www.oceaneering.com\/es\/wp-json\/wp\/v2\/pages"}],"about":[{"href":"https:\/\/www.oceaneering.com\/es\/wp-json\/wp\/v2\/types\/page"}],"author":[{"embeddable":true,"href":"https:\/\/www.oceaneering.com\/es\/wp-json\/wp\/v2\/users\/25"}],"replies":[{"embeddable":true,"href":"https:\/\/www.oceaneering.com\/es\/wp-json\/wp\/v2\/comments?post=79333"}],"version-history":[{"count":72,"href":"https:\/\/www.oceaneering.com\/es\/wp-json\/wp\/v2\/pages\/79333\/revisions"}],"predecessor-version":[{"id":81164,"href":"https:\/\/www.oceaneering.com\/es\/wp-json\/wp\/v2\/pages\/79333\/revisions\/81164"}],"up":[{"embeddable":true,"href":"https:\/\/www.oceaneering.com\/es\/wp-json\/wp\/v2\/pages\/59710"}],"wp:featuredmedia":[{"embeddable":true,"href":"https:\/\/www.oceaneering.com\/es\/wp-json\/wp\/v2\/media\/79426"}],"wp:attachment":[{"href":"https:\/\/www.oceaneering.com\/es\/wp-json\/wp\/v2\/media?parent=79333"}],"wp:term":[{"taxonomy":"product_category","embeddable":true,"href":"https:\/\/www.oceaneering.com\/es\/wp-json\/wp\/v2\/product_category?post=79333"},{"taxonomy":"search_tags","embeddable":true,"href":"https:\/\/www.oceaneering.com\/es\/wp-json\/wp\/v2\/search_tags?post=79333"}],"curies":[{"name":"wp","href":"https:\/\/api.w.org\/{rel}","templated":true}]}}