{"id":77884,"date":"2025-08-11T07:09:40","date_gmt":"2025-08-11T12:09:40","guid":{"rendered":"https:\/\/www.oceaneering.com\/?page_id=77884"},"modified":"2025-11-12T09:48:59","modified_gmt":"2025-11-12T15:48:59","slug":"spaceflight-solutions","status":"publish","type":"page","link":"https:\/\/www.oceaneering.com\/es\/spaceflight-solutions\/","title":{"rendered":"Soluciones para vuelos espaciales, desde el lanzamiento hasta el reingreso"},"content":{"rendered":"<a href=\"https:\/\/www.oceaneering.com\/es\/space-systems\/#contact\" target=\"_self\">\n\t\t\t\t\t\t\tDebatir un proyecto\n\t\t\t\t\t<\/a>\n\t\tSISTEMAS ESPACIALES\n<h1>\n\t\tSoluciones para vuelos espaciales, desde el lanzamiento hasta el reingreso\n\t<\/h1>\n\t<p>M\u00e1s de cuatro d\u00e9cadas al servicio de la comunidad espacial con soluciones para vuelos espaciales, desde el lanzamiento hasta la reentrada, pasando por la \u00f3rbita.<\/p>\n\t\t\t<a href=\"https:\/\/oceaneering.canto.com\/download\/video\/dvasivjqa55nd3ic1uq1gids1a\/original\" target=\"_self\">\n\t\t\t\t\t\t\tVer el v\u00eddeo\n\t\t\t<\/a>\n\t<meta itemprop=\"name\" content=\"Oceaneering Space Systems\" \/><meta itemprop=\"description\" content=\"An overview of how Oceaneering Space Systems has served the space community for over four decades with spaceflight solutions from launch, on-orbit to reentry. We've partnered with NASA, the U.S. Department of War, and leading commercial launch providers to advance space exploration. Our legacy includes iconic missions from the Space Shuttle and International Space Station to the Space Launch System, and the Orion program Artemis I mission.\" \/><meta itemprop=\"uploadDate\" content=\"2025-10-31\" \/><meta itemprop=\"thumbnailUrl\" content=\"https:\/\/www.oceaneering.com\/wp-content\/uploads\/2025\/08\/30508253d92443809a3446459e9fcdd5800.jpg\" \/><meta itemprop=\"contentUrl\" content=\"https:\/\/oceaneering.canto.com\/direct\/video\/61884kup4h1o16hk8p2pt7ud6l\/5Xqti870OMg00hW-Z9kFxCS5bTc\/original?content-type=video%2Fmp4&#038;name=OSS_2025_Long_Version_V2.mp4\" \/><meta itemprop=\"embedUrl\" content=\"https:\/\/oceaneering.canto.com\/direct\/video\/61884kup4h1o16hk8p2pt7ud6l\/5Xqti870OMg00hW-Z9kFxCS5bTc\/original?content-type=video%2Fmp4&#038;name=OSS_2025_Long_Version_V2.mp4\" \/>\t\n<h2>\n\t\tIngenier\u00eda de sistemas de vuelos espaciales de extremo a extremo, desde el concepto hasta la \u00f3rbita.\n\t<\/h2>\n\t<p>Rooted in a legacy of space systems engineering excellence, we deliver comprehensive spaceflight solutions that span the full lifecycle-from initial concept development through flight certification, manufacturing, testing, and sustaining engineering. Our expertise includes <a href=\"https:\/\/www.oceaneering.com\/es\/thermal-protection-systems\/\">soluciones de protecci\u00f3n t\u00e9rmica<\/a>, <a href=\"https:\/\/www.oceaneering.com\/es\/flight-certified-hardware-and-softgoods\/\">Equipo y productos textiles certificados para vuelo.<\/a>, <a href=\"https:\/\/www.oceaneering.com\/es\/space-mission-design-and-astronaut-training\/\">dise\u00f1o de misiones espaciales<\/a>,\u00a0<a href=\"https:\/\/www.oceaneering.com\/es\/life-support-and-eva-systems\/\">sistemas de soporte vital y tecnolog\u00edas EVA <\/a>designed for the rigors of human spaceflight and robotic missions. Whether you&#8217;re advancing launch vehicles, supporting ISS operations, or developing reentry systems, our integrated approach ensures mission success at every stage.<\/p>\n\t\t\t<a href='https:\/\/www.oceaneering.com\/es\/spaceflight-solutions\/thermal-protection-systems\/' title='Sistemas de protecci\u00f3n t\u00e9rmica (TPS)'><img width=\"1024\" height=\"576\" src=\"https:\/\/www.oceaneering.com\/wp-content\/uploads\/2025\/08\/Fallback-image-1024x576.jpg\" alt=\"Close up shot of rocket engine Space Exploration Launch\" itemprop=\"image\" decoding=\"async\" loading=\"lazy\" srcset=\"https:\/\/www.oceaneering.com\/wp-content\/uploads\/2025\/08\/Fallback-image-1024x576.jpg 1024w, https:\/\/www.oceaneering.com\/wp-content\/uploads\/2025\/08\/Fallback-image-300x169.jpg 300w, https:\/\/www.oceaneering.com\/wp-content\/uploads\/2025\/08\/Fallback-image-768x432.jpg 768w, https:\/\/www.oceaneering.com\/wp-content\/uploads\/2025\/08\/Fallback-image-1536x864.jpg 1536w, https:\/\/www.oceaneering.com\/wp-content\/uploads\/2025\/08\/Fallback-image-2048x1152.jpg 2048w, https:\/\/www.oceaneering.com\/wp-content\/uploads\/2025\/08\/Fallback-image-18x10.jpg 18w, https:\/\/www.oceaneering.com\/wp-content\/uploads\/2025\/08\/Fallback-image-1280x720.jpg 1280w, https:\/\/www.oceaneering.com\/wp-content\/uploads\/2025\/08\/Fallback-image-960x540.jpg 960w, https:\/\/www.oceaneering.com\/wp-content\/uploads\/2025\/08\/Fallback-image-640x360.jpg 640w, https:\/\/www.oceaneering.com\/wp-content\/uploads\/2025\/08\/Fallback-image-320x180.jpg 320w\" sizes=\"auto, (max-width: 1024px) 100vw, 1024px\" title=\"Imagen de respaldo de los sistemas de protecci\u00f3n t\u00e9rmica | Oceaneering\" \/><\/a>\n\t<h3><a href='https:\/\/www.oceaneering.com\/es\/spaceflight-solutions\/thermal-protection-systems\/' title='Sistemas de protecci\u00f3n t\u00e9rmica (TPS)'>Sistemas de protecci\u00f3n t\u00e9rmica (TPS)<\/a><\/h3>\n    \t<p>Proteja sus naves espaciales y veh\u00edculos de lanzamiento del calor y la presi\u00f3n extremos con soluciones TPS de eficacia probada. Nuestros sistemas de protecci\u00f3n t\u00e9rmica, que cuentan con la confianza de los programas de la NASA y DoW, est\u00e1n dise\u00f1ados para satisfacer los exigentes perfiles de las misiones, desde el dise\u00f1o inicial hasta la certificaci\u00f3n y la producci\u00f3n, lo que garantiza un rendimiento fiable cuando m\u00e1s importa. <\/p>\n\t\t<a href=\"https:\/\/www.oceaneering.com\/es\/spaceflight-solutions\/thermal-protection-systems\/\">Seguir leyendo<\/a>\n\t\t\t<a href='https:\/\/www.oceaneering.com\/es\/spaceflight-solutions\/flight-certified-hardware-and-softgoods\/' title='Equipo y productos textiles certificados para vuelo'><img width=\"1024\" height=\"576\" src=\"https:\/\/www.oceaneering.com\/wp-content\/uploads\/2025\/09\/shutterstock_2198932591-1024x576.jpg\" alt=\"Satellite flying by Planet Earth as seen from space\" itemprop=\"image\" decoding=\"async\" loading=\"lazy\" srcset=\"https:\/\/www.oceaneering.com\/wp-content\/uploads\/2025\/09\/shutterstock_2198932591-1024x576.jpg 1024w, https:\/\/www.oceaneering.com\/wp-content\/uploads\/2025\/09\/shutterstock_2198932591-300x169.jpg 300w, https:\/\/www.oceaneering.com\/wp-content\/uploads\/2025\/09\/shutterstock_2198932591-768x432.jpg 768w, https:\/\/www.oceaneering.com\/wp-content\/uploads\/2025\/09\/shutterstock_2198932591-1536x864.jpg 1536w, https:\/\/www.oceaneering.com\/wp-content\/uploads\/2025\/09\/shutterstock_2198932591-2048x1152.jpg 2048w, https:\/\/www.oceaneering.com\/wp-content\/uploads\/2025\/09\/shutterstock_2198932591-18x10.jpg 18w, https:\/\/www.oceaneering.com\/wp-content\/uploads\/2025\/09\/shutterstock_2198932591-1280x720.jpg 1280w, https:\/\/www.oceaneering.com\/wp-content\/uploads\/2025\/09\/shutterstock_2198932591-960x540.jpg 960w, https:\/\/www.oceaneering.com\/wp-content\/uploads\/2025\/09\/shutterstock_2198932591-640x360.jpg 640w, https:\/\/www.oceaneering.com\/wp-content\/uploads\/2025\/09\/shutterstock_2198932591-320x180.jpg 320w\" sizes=\"auto, (max-width: 1024px) 100vw, 1024px\" title=\"Impresionante vista del sat\u00e9lite sobrevolando el planeta Tierra | Oceaneering\" \/><\/a>\n\t<h3><a href='https:\/\/www.oceaneering.com\/es\/spaceflight-solutions\/flight-certified-hardware-and-softgoods\/' title='Equipo y productos textiles certificados para vuelo'>Equipo y productos textiles certificados para vuelo<\/a><\/h3>\n    \t<p>Le ayudamos a operar con mayor precisi\u00f3n y eficiencia en el espacio. Nuestro hardware y productos textiles certificados para vuelos ampl\u00edan sus capacidades, desde manipuladores y conectores de carga \u00fatil externos hasta arquitecturas de control, lo que contribuye al \u00e9xito de las misiones tripuladas, no tripuladas y de mantenimiento y fabricaci\u00f3n en el espacio (ISAM). <\/p>\n\t\t<a href=\"https:\/\/www.oceaneering.com\/es\/spaceflight-solutions\/flight-certified-hardware-and-softgoods\/\">Seguir leyendo<\/a>\n\t\t\t<a href='https:\/\/www.oceaneering.com\/es\/spaceflight-solutions\/space-mission-design-and-astronaut-training\/' title='Dise\u00f1o de misiones espaciales y entrenamiento de astronautas'><img width=\"1024\" height=\"768\" src=\"https:\/\/www.oceaneering.com\/wp-content\/uploads\/2025\/10\/540830main_mod_nbl1_35-Copy-1-1024x768.jpg\" alt=\"\" itemprop=\"image\" decoding=\"async\" loading=\"lazy\" srcset=\"https:\/\/www.oceaneering.com\/wp-content\/uploads\/2025\/10\/540830main_mod_nbl1_35-Copy-1-1024x768.jpg 1024w, https:\/\/www.oceaneering.com\/wp-content\/uploads\/2025\/10\/540830main_mod_nbl1_35-Copy-1-300x225.jpg 300w, https:\/\/www.oceaneering.com\/wp-content\/uploads\/2025\/10\/540830main_mod_nbl1_35-Copy-1-768x576.jpg 768w, https:\/\/www.oceaneering.com\/wp-content\/uploads\/2025\/10\/540830main_mod_nbl1_35-Copy-1-1536x1152.jpg 1536w, https:\/\/www.oceaneering.com\/wp-content\/uploads\/2025\/10\/540830main_mod_nbl1_35-Copy-1-2048x1536.jpg 2048w, https:\/\/www.oceaneering.com\/wp-content\/uploads\/2025\/10\/540830main_mod_nbl1_35-Copy-1-16x12.jpg 16w\" sizes=\"auto, (max-width: 1024px) 100vw, 1024px\" title=\"540830mainmodnbl135 Copia 1 | Oceaneering\" \/><\/a>\n\t<h3><a href='https:\/\/www.oceaneering.com\/es\/spaceflight-solutions\/space-mission-design-and-astronaut-training\/' title='Dise\u00f1o de misiones espaciales y entrenamiento de astronautas'>Dise\u00f1o de misiones espaciales y entrenamiento de astronautas<\/a><\/h3>\n    \t<p>El \u00e9xito de su misi\u00f3n en entornos terrestres, orbitales y planetarios comienza con soluciones adaptadas a sus necesidades. Con experiencia en ingenier\u00eda de sistemas, dise\u00f1o y an\u00e1lisis, fabricaci\u00f3n de precisi\u00f3n y entrenamiento de astronautas, alineamos todas nuestras capacidades para cumplir con sus objetivos operativos y t\u00e9cnicos espec\u00edficos. <\/p>\n\t\t<a href=\"https:\/\/www.oceaneering.com\/es\/spaceflight-solutions\/space-mission-design-and-astronaut-training\/\">Seguir leyendo<\/a>\n\t\t\t<a href='https:\/\/www.oceaneering.com\/es\/spaceflight-solutions\/life-support-and-eva-systems\/' title='Sistemas de soporte vital y actividades extravehiculares (EVA)'><img width=\"1024\" height=\"376\" src=\"https:\/\/www.oceaneering.com\/wp-content\/uploads\/2025\/08\/Oceaneering_EVA_Spacesuit_A5-1024x376.jpg\" alt=\"Astronaut extravehicular activity EVA spacesuit in space\" itemprop=\"image\" decoding=\"async\" loading=\"lazy\" srcset=\"https:\/\/www.oceaneering.com\/wp-content\/uploads\/2025\/08\/Oceaneering_EVA_Spacesuit_A5-1024x376.jpg 1024w, https:\/\/www.oceaneering.com\/wp-content\/uploads\/2025\/08\/Oceaneering_EVA_Spacesuit_A5-300x110.jpg 300w, https:\/\/www.oceaneering.com\/wp-content\/uploads\/2025\/08\/Oceaneering_EVA_Spacesuit_A5-768x282.jpg 768w, https:\/\/www.oceaneering.com\/wp-content\/uploads\/2025\/08\/Oceaneering_EVA_Spacesuit_A5-1536x564.jpg 1536w, https:\/\/www.oceaneering.com\/wp-content\/uploads\/2025\/08\/Oceaneering_EVA_Spacesuit_A5-18x7.jpg 18w, https:\/\/www.oceaneering.com\/wp-content\/uploads\/2025\/08\/Oceaneering_EVA_Spacesuit_A5.jpg 1920w\" sizes=\"auto, (max-width: 1024px) 100vw, 1024px\" title=\"Traje espacial OceaneeringEVASpacesuitA5 | Oceaneering\" \/><\/a>\n\t<h3><a href='https:\/\/www.oceaneering.com\/es\/spaceflight-solutions\/life-support-and-eva-systems\/' title='Sistemas de soporte vital y actividades extravehiculares (EVA)'>Sistemas de soporte vital y actividades extravehiculares (EVA)<\/a><\/h3>\n    \t<p>Ofrecemos tecnolog\u00edas de soporte vital y EVA que priorizan la seguridad de los astronautas y el \u00e9xito de las misiones. Desde el dise\u00f1o y las pruebas hasta la certificaci\u00f3n y el mantenimiento, nuestras soluciones est\u00e1n dise\u00f1adas para funcionar en los entornos espaciales m\u00e1s hostiles, lo que le permite operar con confianza en todas las fases de los vuelos espaciales tripulados. <\/p>\n\t\t<a href=\"https:\/\/www.oceaneering.com\/es\/spaceflight-solutions\/life-support-and-eva-systems\/\">Seguir leyendo<\/a>\n\t\t<!-- .pp-content-posts -->\n<h2>\n\t\t40+ Years of Proven Spaceflight Solutions for NASA &#038; DoW\n\t<\/h2>\n\t<p>For more than four decades, we&#8217;ve partnered with <a href=\"https:\/\/www.nasa.gov\/\" target=\"_blank\" rel=\"noopener\">NASA<\/a>, <a href=\"https:\/\/www.war.gov\/\" target=\"_blank\" rel=\"noopener\">el Departamento de Guerra de los Estados Unidos (DoW)<\/a>, and leading commercial launch providers to provide innovative spaceflight solutions and advance space exploration. Our legacy includes iconic missions &#8211; from <a href=\"https:\/\/www.nasa.gov\/space-shuttle\/\" target=\"_blank\" rel=\"noopener\">el transbordador espacial<\/a> y <a href=\"https:\/\/www.nasa.gov\/international-space-station\/\" target=\"_blank\" rel=\"noopener\">ISS<\/a> al <a href=\"https:\/\/www.nasa.gov\/humans-in-space\/space-launch-system\/\" target=\"_blank\" rel=\"noopener\">Sistema de Lanzamiento Espacial (SLS)<\/a>y el <a href=\"https:\/\/www.nasa.gov\/humans-in-space\/orion-spacecraft\/\" target=\"_blank\" rel=\"noopener\">Programa Orion Misi\u00f3n Artemis I<\/a>.<\/p>\n\t\t\t\t\t\t\t\t\t<h3>Soluciones reales e impactantes.<\/h3>\n\t\t\t\t\t\t\t\t\t<p>Descubra c\u00f3mo nuestras innovaciones creativas convierten los retos en oportunidades, ofreciendo resultados tangibles en los que puede confiar.<\/p>\n\t\t\t\t\t\t<a href=\"https:\/\/www.oceaneering.com\/es\/resources\/?_content_types=case-study\" target=\"_self\">\n\t\t\t\t\t\t\t\tVer todos los casos pr\u00e1cticos\t\t\t\t\t\t\t\n\t\t\t\t\t\t\t\t\t\t\t\t\t<\/a>\n\t\t\t\t\t\t<button>\n\t\t\t\t\t\t\tAnterior\n\t\t\t\t\t\t<\/button>\n\t\t\t\t\t\t<button>\n\t\t\t\t\t\t\tSiguiente\n\t\t\t\t\t\t<\/button>\n\t\t\t\t\t\t\t<a href=\"https:\/\/www.oceaneering.com\/es\/case-studies\/ensuring-the-safety-of-astronauts-with-the-crew-module-uprighting-system-cmus\/\">\n\t\t\t\t\t\t\t\t\t\t<img decoding=\"async\" src=\"https:\/\/www.oceaneering.com\/wp-content\/uploads\/2025\/08\/52557646109_f6b77b230a_5k-copy-scaled.webp\" alt=\"Oceaneering's Crew Module Uprighting System (CMUS) bags deployed on NASA's Orion spacecraft for the Artemis I mission kept the capsule upright and stable for splash-down recovery on December 11, 2022.\"\/>\n\t\t\t\t\t\t\t\t\t\t<h3>Garantizar la seguridad de los astronautas con el sistema de enderezamiento del m\u00f3dulo de la tripulaci\u00f3n (CMUS)<\/h3>\n\t\t\t\t\t\t\t\t\t\t<h3>Garantizar la seguridad de los astronautas con el sistema de enderezamiento del m\u00f3dulo de la tripulaci\u00f3n (CMUS)<\/h3>\n\t\t\t\t\t\t\t\t\t\t\t\t\t\t\t\t\t\t\t\t\t<p>Los vuelos espaciales tripulados son intr\u00ednsecamente peligrosos debido a las altas velocidades y las condiciones extremas que se dan durante el lanzamiento, la \u00f3rbita, el vuelo...<\/p>\n\t\t\t\t\t\t\t\t\t\t\tM\u00e1s informaci\u00f3n\n\t\t\t\t\t\t\t<\/a>\n\n\t\tContacte con nosotros\n\t\n<h2>\n\t\tNuestro equipo de expertos est\u00e1 listo para ayudarle a empezar.\n\t<\/h2>\n\t<p>Oceaneering ofrece los mejores productos y soluciones de su clase, respaldados por una calidad, fiabilidad y asistencia global inigualables. Rellene el formulario de consulta para iniciar una conversaci\u00f3n hoy mismo.<\/p>","protected":false},"excerpt":{"rendered":"<p>Discuss a Project SPACE SYSTEMS Spaceflight Solutions from Launch to Reentry Serving the space community with spaceflight solutions for over four decades from launch, on-orbit to reentry. Watch Video End-to-End Spaceflight Systems Engineering from Concept to Orbit Rooted in a legacy of space systems engineering excellence, we deliver comprehensive spaceflight solutions that span the full &#8230; <a title=\"Soluciones para vuelos espaciales, desde el lanzamiento hasta el reingreso\" class=\"read-more\" href=\"https:\/\/www.oceaneering.com\/es\/spaceflight-solutions\/\" aria-label=\"Leer m\u00e1s sobre Spaceflight Solutions from Launch to Reentry\">Seguir leyendo<\/a><\/p>","protected":false},"author":25,"featured_media":0,"parent":0,"menu_order":2,"comment_status":"closed","ping_status":"closed","template":"","meta":{"_acf_changed":false,"footnotes":"","_links_to":"","_links_to_target":""},"product_category":[],"search_tags":[1787],"class_list":["post-77884","page","type-page","status-publish","search_tags-space-systems"],"acf":[],"aioseo_notices":[],"_links":{"self":[{"href":"https:\/\/www.oceaneering.com\/es\/wp-json\/wp\/v2\/pages\/77884","targetHints":{"allow":["GET"]}}],"collection":[{"href":"https:\/\/www.oceaneering.com\/es\/wp-json\/wp\/v2\/pages"}],"about":[{"href":"https:\/\/www.oceaneering.com\/es\/wp-json\/wp\/v2\/types\/page"}],"author":[{"embeddable":true,"href":"https:\/\/www.oceaneering.com\/es\/wp-json\/wp\/v2\/users\/25"}],"replies":[{"embeddable":true,"href":"https:\/\/www.oceaneering.com\/es\/wp-json\/wp\/v2\/comments?post=77884"}],"version-history":[{"count":62,"href":"https:\/\/www.oceaneering.com\/es\/wp-json\/wp\/v2\/pages\/77884\/revisions"}],"predecessor-version":[{"id":79939,"href":"https:\/\/www.oceaneering.com\/es\/wp-json\/wp\/v2\/pages\/77884\/revisions\/79939"}],"wp:attachment":[{"href":"https:\/\/www.oceaneering.com\/es\/wp-json\/wp\/v2\/media?parent=77884"}],"wp:term":[{"taxonomy":"product_category","embeddable":true,"href":"https:\/\/www.oceaneering.com\/es\/wp-json\/wp\/v2\/product_category?post=77884"},{"taxonomy":"search_tags","embeddable":true,"href":"https:\/\/www.oceaneering.com\/es\/wp-json\/wp\/v2\/search_tags?post=77884"}],"curies":[{"name":"wp","href":"https:\/\/api.w.org\/{rel}","templated":true}]}}