{"id":77871,"date":"2025-10-06T04:09:50","date_gmt":"2025-10-06T09:09:50","guid":{"rendered":"https:\/\/www.oceaneering.com\/?page_id=77871"},"modified":"2025-11-04T00:28:12","modified_gmt":"2025-11-04T06:28:12","slug":"flight-certified-hardware-and-softgoods","status":"publish","type":"page","link":"https:\/\/www.oceaneering.com\/es\/spaceflight-solutions\/flight-certified-hardware-and-softgoods\/","title":{"rendered":"Equipo y productos textiles certificados para vuelo"},"content":{"rendered":"<p><a href=\"https:\/\/www.oceaneering.com\/es\/space-systems\/#contact\" target=\"_self\"> Debatir un proyecto <\/a> Sistemas espaciales<\/p>\r\n<h1>Equipo y productos textiles certificados para vuelo<\/h1>\r\n<p>Equipos y productos textiles de precisi\u00f3n, certificados para vuelos, destinados a misiones tripuladas y no tripuladas, cargas \u00fatiles externas y servicios, montaje y fabricaci\u00f3n en el espacio (ISAM).<\/p>\r\n<h2>Probado bajo presi\u00f3n, confiable en el espacio<\/h2>\r\n<p>Cuando su misi\u00f3n exige precisi\u00f3n en los entornos m\u00e1s hostiles, ya sea en las profundidades marinas o en el vac\u00edo del espacio, necesita una tecnolog\u00eda que no falle. Nuestras soluciones espaciales se basan en d\u00e9cadas de experiencia en ingenier\u00eda submarina, adaptadas para hacer frente a los retos extremos del espacio. Usted se beneficia de sistemas modulares probados en el campo, dise\u00f1ados para ofrecer durabilidad, adaptabilidad y preparaci\u00f3n para la misi\u00f3n. Tanto si opera bajo la superficie como m\u00e1s all\u00e1 de la atm\u00f3sfera terrestre, nuestros sistemas de interfaz rob\u00f3tica y efectores finales le ayudan a alcanzar sus objetivos con confianza.<\/p>\r\n<h2>Conectando cargas \u00fatiles, herramientas y posibilidades con hardware y productos textiles certificados para vuelo.<\/h2>\r\n<p><img loading=\"lazy\" decoding=\"async\" title=\"52557646109_f6b77b230a_5k\" src=\"https:\/\/www.oceaneering.com\/wp-content\/uploads\/2025\/08\/52557646109_f6b77b230a_5k.jpg\" alt=\"Oceaneering's Crew Module Uprighting System (CMUS) bags deployed on NASA's Orion spacecraft for the Artemis I mission kept the capsule upright and stable for splash-down recovery on December 11, 2022.\" width=\"1920\" height=\"1280\" \/><\/p>\r\n<h3>Sistema de enderezamiento del m\u00f3dulo de la tripulaci\u00f3n (CMUS)<\/h3>\r\n<p>Desarrollado para <a href=\"https:\/\/www.nasa.gov\/humans-in-space\/orion-spacecraft\/\" target=\"_blank\" rel=\"noopener\">Programa Ori\u00f3n de la NASA<\/a> Y, como se demostr\u00f3 con \u00e9xito durante la misi\u00f3n Artemis I, el CMUS desempe\u00f1a un papel fundamental en la recuperaci\u00f3n tras el amerizaje. Tras el impacto con el agua, cinco bolsas de flotaci\u00f3n que funcionan de forma independiente se inflan con helio presurizado para enderezar r\u00e1pidamente la c\u00e1psula de la tripulaci\u00f3n, asegurando que permanezca en posici\u00f3n vertical y estable. Este sistema es esencial para permitir la salida segura y eficiente de los astronautas tras los amerizajes.<\/p>\r\n<p><img loading=\"lazy\" decoding=\"async\" title=\"iss062e113107\" src=\"https:\/\/www.oceaneering.com\/wp-content\/uploads\/2025\/08\/iss062e113107.jpg\" alt=\"The European Space Agency (ESA) Bartolomeo external commercial facility on the International Space Station (ISS) with Oceaneering GOLD-2 devices attached.\" width=\"1920\" height=\"1280\" \/><\/p>\r\n<h3>Dispositivo de enganche Oceaneering de uso general (GOLD-2)<\/h3>\r\n<p>Probado en vuelo y operando a <a href=\"https:\/\/www.nasa.gov\/directorates\/somd\/space-communications-navigation-program\/technology-readiness-levels\/\" target=\"_blank\" rel=\"noopener\">Nivel de madurez tecnol\u00f3gica (TRL) 9<\/a>, GOLD-2 es la interfaz est\u00e1ndar para cargas \u00fatiles externas en el <a href=\"https:\/\/www.nasa.gov\/international-space-station\/\" target=\"_blank\" rel=\"noopener\">Estaci\u00f3n Espacial Internacional (ISS)<\/a>, incluido NanoRacks Airlock Bartolomeo. Con m\u00e1s de 20 unidades en \u00f3rbita, este sistema de enclavamiento escalable ofrece una conectividad mec\u00e1nica, el\u00e9ctrica y de datos fiable y est\u00e1 listo para su despliegue en misiones de \u00f3rbita terrestre baja (LEO), \u00f3rbita terrestre geoestacionaria (GEO) y cis-lunar.<\/p>\r\n<p><a href=\"https:\/\/oceaneering.canto.com\/download\/document\/6actd5evqt6kpecianobbhkp2a\/original.pdf\" target=\"_blank\" rel=\"noopener\"> Folleto del conector GOLD-2 <\/a> <img loading=\"lazy\" decoding=\"async\" title=\"210223-N-UI176-1091-copy\" src=\"https:\/\/www.oceaneering.com\/wp-content\/uploads\/2025\/08\/210223-N-UI176-1091-copy.jpg\" alt=\"Close-up of the Tool Changer and Common Receptacle Subassembly developed by Oceaneering for DARPA's RSGS program.\" width=\"1920\" height=\"1277\" \/><\/p>\r\n<h3>Subconjunto de cambiador de herramientas y recept\u00e1culo com\u00fan<\/h3>\r\n<p>Desarrollado originalmente para el <a href=\"https:\/\/www.darpa.mil\/\" target=\"_blank\" rel=\"noopener\">Agencia de Proyectos de Investigaci\u00f3n Avanzada de Defensa (DARPA)<\/a> <a href=\"https:\/\/etd.gsfc.nasa.gov\/our-work\/rsgs\/\" target=\"_blank\" rel=\"noopener\">Servicio rob\u00f3tico de sat\u00e9lites geosincr\u00f3nicos (RSGS)<\/a> , el subconjunto del cambiador de herramientas y recept\u00e1culo com\u00fan permite una fijaci\u00f3n fiable y repetible de herramientas y sensores en \u00f3rbita. Dise\u00f1ado para sistemas rob\u00f3ticos, garantiza conexiones el\u00e9ctricas y mec\u00e1nicas duraderas, y es ideal para el mantenimiento, el montaje y la inspecci\u00f3n en \u00f3rbita geosincr\u00f3nica y m\u00e1s all\u00e1.<\/p>\r\n<p><img loading=\"lazy\" decoding=\"async\" title=\"Oro2_ISS_V2\" src=\"https:\/\/www.oceaneering.com\/wp-content\/uploads\/2025\/10\/Gold2_ISS_V2.png\" alt=\"GOLD-2 devices on the Bartolomeo on the International Space Station (ISS) with curvature of Earth in background.\" width=\"960\" height=\"640\" \/><\/p>\r\n<h2>Apoyo a las operaciones del ISAM<\/h2>\r\n<p>Nuestro hardware certificado para vuelos espaciales contribuye al futuro del mantenimiento, montaje y fabricaci\u00f3n en el espacio (ISAM) al permitir operaciones precisas y repetibles en \u00f3rbita. Nuestros sistemas probados en vuelo, que incluyen cambiadores de herramientas, dispositivos de enganche y efectores finales modulares, est\u00e1n dise\u00f1ados para ofrecer durabilidad y adaptabilidad en tareas de mantenimiento, inspecci\u00f3n y montaje.<\/p>\r\n<h2>Suministro de conectividad mec\u00e1nica, el\u00e9ctrica y de datos<\/h2>\r\n<p>Ya sea para dar soporte al mantenimiento de sat\u00e9lites en \u00f3rbita geosincr\u00f3nica o para permitir la integraci\u00f3n aut\u00f3noma de cargas \u00fatiles en el espacio cis-lunar, nuestras tecnolog\u00edas ofrecen conectividad mec\u00e1nica, el\u00e9ctrica y de datos fiable. Con ra\u00edces en la rob\u00f3tica submarina y la tradici\u00f3n de los vuelos espaciales, contribuimos al avance de las capacidades ISAM que prolongan la vida \u00fatil de las misiones, reducen los riesgos y abren nuevas posibilidades para la infraestructura orbital.<\/p>\r\n<p><img loading=\"lazy\" decoding=\"async\" title=\"shutterstock_2291065933 copiar\" src=\"https:\/\/www.oceaneering.com\/wp-content\/uploads\/2025\/10\/shutterstock_2291065933-copy.png\" alt=\"A space satellite above the Earth's surface.\" width=\"960\" height=\"640\" \/><\/p>\r\n<h3>Soluciones reales e impactantes.<\/h3>\r\n<p>Descubra c\u00f3mo nuestras innovaciones creativas convierten los retos en oportunidades, ofreciendo resultados tangibles en los que puede confiar.<\/p>\r\n<p><a href=\"https:\/\/www.oceaneering.com\/es\/resources\/?_content_types=case-study\" target=\"_self\"> Ver todos los casos pr\u00e1cticos <\/a> <button> Anterior <\/button> <button> Siguiente <\/button> <a href=\"https:\/\/www.oceaneering.com\/es\/case-studies\/ensuring-the-safety-of-astronauts-with-the-crew-module-uprighting-system-cmus\/\"> <img decoding=\"async\" src=\"https:\/\/www.oceaneering.com\/wp-content\/uploads\/2025\/08\/52557646109_f6b77b230a_5k-copy-scaled.webp\" alt=\"Oceaneering's Crew Module Uprighting System (CMUS) bags deployed on NASA's Orion spacecraft for the Artemis I mission kept the capsule upright and stable for splash-down recovery on December 11, 2022.\" \/><\/a><\/p>\r\n<h3>Garantizar la seguridad de los astronautas con el sistema de enderezamiento del m\u00f3dulo de la tripulaci\u00f3n (CMUS)<\/h3>\r\n<h3>Garantizar la seguridad de los astronautas con el sistema de enderezamiento del m\u00f3dulo de la tripulaci\u00f3n (CMUS)<\/h3>\r\n<p>Los vuelos espaciales tripulados son intr\u00ednsecamente peligrosos debido a las altas velocidades y las condiciones extremas que se dan durante el lanzamiento, la \u00f3rbita, el vuelo...<\/p>\r\n<p><a href=\"https:\/\/www.oceaneering.com\/es\/case-studies\/ensuring-the-safety-of-astronauts-with-the-crew-module-uprighting-system-cmus\/\">M\u00e1s informaci\u00f3n <\/a><\/p>\r\n<h1>Contacte con nosotros<\/h1>\r\n<h2>Nuestro equipo de expertos est\u00e1 listo para ayudarle a empezar.<\/h2>\r\n<p>Oceaneering ofrece los mejores productos y soluciones de su clase, respaldados por una calidad, fiabilidad y asistencia global inigualables. Rellene el formulario de consulta para iniciar una conversaci\u00f3n hoy mismo.<\/p>","protected":false},"excerpt":{"rendered":"<p>Le ayudamos a operar con mayor precisi\u00f3n y eficiencia en el espacio. Nuestro hardware y productos textiles certificados para vuelos ampl\u00edan sus capacidades, desde manipuladores y conectores de carga \u00fatil externos hasta arquitecturas de control, lo que contribuye al \u00e9xito de las misiones tripuladas, no tripuladas y de mantenimiento y fabricaci\u00f3n en el espacio (ISAM). <\/p>","protected":false},"author":25,"featured_media":78831,"parent":77884,"menu_order":0,"comment_status":"closed","ping_status":"closed","template":"","meta":{"_acf_changed":false,"footnotes":"","_links_to":"","_links_to_target":""},"product_category":[1475],"search_tags":[],"class_list":["post-77871","page","type-page","status-publish","has-post-thumbnail","product_category-space-systems"],"acf":[],"aioseo_notices":[],"_links":{"self":[{"href":"https:\/\/www.oceaneering.com\/es\/wp-json\/wp\/v2\/pages\/77871","targetHints":{"allow":["GET"]}}],"collection":[{"href":"https:\/\/www.oceaneering.com\/es\/wp-json\/wp\/v2\/pages"}],"about":[{"href":"https:\/\/www.oceaneering.com\/es\/wp-json\/wp\/v2\/types\/page"}],"author":[{"embeddable":true,"href":"https:\/\/www.oceaneering.com\/es\/wp-json\/wp\/v2\/users\/25"}],"replies":[{"embeddable":true,"href":"https:\/\/www.oceaneering.com\/es\/wp-json\/wp\/v2\/comments?post=77871"}],"version-history":[{"count":65,"href":"https:\/\/www.oceaneering.com\/es\/wp-json\/wp\/v2\/pages\/77871\/revisions"}],"predecessor-version":[{"id":79589,"href":"https:\/\/www.oceaneering.com\/es\/wp-json\/wp\/v2\/pages\/77871\/revisions\/79589"}],"up":[{"embeddable":true,"href":"https:\/\/www.oceaneering.com\/es\/wp-json\/wp\/v2\/pages\/77884"}],"wp:featuredmedia":[{"embeddable":true,"href":"https:\/\/www.oceaneering.com\/es\/wp-json\/wp\/v2\/media\/78831"}],"wp:attachment":[{"href":"https:\/\/www.oceaneering.com\/es\/wp-json\/wp\/v2\/media?parent=77871"}],"wp:term":[{"taxonomy":"product_category","embeddable":true,"href":"https:\/\/www.oceaneering.com\/es\/wp-json\/wp\/v2\/product_category?post=77871"},{"taxonomy":"search_tags","embeddable":true,"href":"https:\/\/www.oceaneering.com\/es\/wp-json\/wp\/v2\/search_tags?post=77871"}],"curies":[{"name":"wp","href":"https:\/\/api.w.org\/{rel}","templated":true}]}}