{"id":77822,"date":"2025-08-26T02:00:12","date_gmt":"2025-08-26T07:00:12","guid":{"rendered":"https:\/\/www.oceaneering.com\/?page_id=77822"},"modified":"2025-11-04T01:54:05","modified_gmt":"2025-11-04T07:54:05","slug":"life-support-and-eva-systems","status":"publish","type":"page","link":"https:\/\/www.oceaneering.com\/es\/spaceflight-solutions\/life-support-and-eva-systems\/","title":{"rendered":"Sistemas de soporte vital y actividades extravehiculares (EVA)"},"content":{"rendered":"<p><a href=\"https:\/\/www.oceaneering.com\/es\/space-systems\/#contact\" target=\"_self\"> Debatir un proyecto <\/a> Sistemas espaciales<\/p>\r\n<h1>Sistemas de soporte vital y actividades extravehiculares (EVA)<\/h1>\r\n<p>Sistemas avanzados de soporte vital y EVA para vuelos espaciales tripulados, paseos espaciales y operaciones en h\u00e1bitats.<\/p>\r\n<h2>Experiencia comprobada y resultados confiables<\/h2>\r\n<p>Durante m\u00e1s de cuatro d\u00e9cadas, hemos sido un socio de confianza en el desarrollo, la entrega y el mantenimiento de sistemas de soporte vital y EVA que respaldan las operaciones de vuelos espaciales tripulados dentro y fuera de la nave espacial. Nuestras soluciones incluyen la certificaci\u00f3n, las pruebas, la fabricaci\u00f3n y el mantenimiento de una amplia gama de herramientas y sistemas EVA dise\u00f1ados para garantizar la seguridad, la eficiencia y el rendimiento a largo plazo.<\/p>\r\n<h2>Capacidades de soporte vital<\/h2>\r\n<h3>Suministro de ox\u00edgeno<\/h3>\r\n<ul>\r\n<li>Ox\u00edgeno gaseoso o aire a alta presi\u00f3n regulados.<\/li>\r\n<li>Aire\/ox\u00edgeno criog\u00e9nico vaporizado, con regulaci\u00f3n de presi\u00f3n.<\/li>\r\n<li>Generaci\u00f3n de ox\u00edgeno mediante electr\u00f3lisis de agua l\u00edquida.<\/li>\r\n<li>Generaci\u00f3n de ox\u00edgeno mediante electr\u00f3lisis del vapor de agua.<\/li>\r\n<\/ul>\r\n<h3>Eliminaci\u00f3n de di\u00f3xido de carbono<\/h3>\r\n<ul>\r\n<li>Hidr\u00f3xido de litio (granulado o pl\u00e1stico)<\/li>\r\n<li>Separador electroqu\u00edmico de di\u00f3xido de carbono<\/li>\r\n<li>Cama oscilante de amina s\u00f3lida<\/li>\r\n<li>Cama oscilante con tamiz molecular<\/li>\r\n<li>Congelaci\u00f3n criog\u00e9nica con di\u00f3xido de carbono<\/li>\r\n<\/ul>\r\n<h3>Eliminaci\u00f3n de contaminantes traza<\/h3>\r\n<ul>\r\n<li>Carb\u00f3n activado (uso general)<\/li>\r\n<li>Carb\u00f3n activado impregnado con \u00e1cido (para gases b\u00e1sicos)<\/li>\r\n<li>Carb\u00f3n activado impregnado con base (para gases \u00e1cidos)<\/li>\r\n<li>Potassium permanganate-impregnated alumina (oxidizing agent)<\/li>\r\n<\/ul>\r\n<h3>Control de temperatura y humedad<\/h3>\r\n<ul>\r\n<li>Intercambiador de calor por condensaci\u00f3n (deshumidificaci\u00f3n)<\/li>\r\n<li>Membrana Nafion (humidificaci\u00f3n y deshumidificaci\u00f3n)<\/li>\r\n<li>Contactador gas-l\u00edquido (humidificaci\u00f3n)<\/li>\r\n<li>Evaporador<\/li>\r\n<li>Sublimador<\/li>\r\n<\/ul>\r\n<h3>Control atmosf\u00e9rico<\/h3>\r\n<ul>\r\n<li>Reguladores de presi\u00f3n<\/li>\r\n<li>V\u00e1lvulas de control de flujo<\/li>\r\n<\/ul>\r\n<h3>Recuperaci\u00f3n de agua y gesti\u00f3n de residuos<\/h3>\r\n<ul>\r\n<li>Sistemas integrados para el reciclaje de agua y el manejo de residuos<\/li>\r\n<\/ul>\r\n<h2>Herramientas para la tarea, sistemas para la supervivencia<\/h2>\r\n<p><img loading=\"lazy\" decoding=\"async\" title=\"Tripulaci\u00f3n utilizando correa de seguridad para la cintura - copia\" src=\"https:\/\/www.oceaneering.com\/wp-content\/uploads\/2025\/08\/Crew-using-Waist-Tether-copy.jpg\" alt=\"Astronaut using a waist tether to perform work outside of the International Space Station (ISS).\" width=\"1920\" height=\"1274\" \/><\/p>\r\n<h3>Herramientas y equipo de EVA<\/h3>\r\n<p>Hemos dise\u00f1ado y entregado m\u00e1s de 5000 art\u00edculos de EVA, incluyendo m\u00e1s de 400 soluciones de hardware \u00fanicas para el <a href=\"https:\/\/www.nasa.gov\/space-shuttle\/\" target=\"_blank\" rel=\"noopener\">Transbordador espacial<\/a> y el <a href=\"https:\/\/www.nasa.gov\/international-space-station\/\" target=\"_blank\" rel=\"noopener\">Estaci\u00f3n Espacial Internacional (ISS)<\/a>. Nuestra cartera abarca una amplia gama de herramientas, como miniestaciones de trabajo, amarres de seguridad, asideros de traducci\u00f3n, ayudas para ponerse y quitarse el traje, aspiradoras de residuos y sistemas de soporte para trajes. Tambi\u00e9n proporcionamos ingenier\u00eda de mantenimiento y apoyo en materia de inventario para todas las herramientas operativas de EVA, al tiempo que lideramos el dise\u00f1o y el reabastecimiento de ayudas para la tripulaci\u00f3n que son fundamentales para la misi\u00f3n.<\/p>\r\n<p><img loading=\"lazy\" decoding=\"async\" title=\"EVA_STEM\" src=\"https:\/\/www.oceaneering.com\/wp-content\/uploads\/2025\/08\/EVA_STEM.jpg\" alt=\"Astronaut working outside of the International Space Station (ISS).\" width=\"1280\" height=\"651\" \/><\/p>\r\n<h3>Sistemas de trajes espaciales<\/h3>\r\n<p>Nuestras tecnolog\u00edas avanzadas de soporte vital y trajes espaciales ayudan a mantener a los astronautas seguros y listos para la misi\u00f3n. Desde 1989, nos hemos asociado con <a href=\"https:\/\/www.nasa.gov\/\" target=\"_blank\" rel=\"noopener\">NASA<\/a> para dise\u00f1ar sistemas de alto rendimiento que permitan realizar paseos espaciales, y estamos apoyando activamente futuras misiones de exploraci\u00f3n a la Luna, Marte y m\u00e1s all\u00e1. Nuestras capacidades incluyen paneles de interfaz y umbilicales para trajes, cubiertas t\u00e9rmicas y sistemas de fluidos, as\u00ed como equipos auxiliares para trajes EVA de \u00faltima generaci\u00f3n.<\/p>\r\n<p><img loading=\"lazy\" decoding=\"async\" title=\"jsc2015e077521\" src=\"https:\/\/www.oceaneering.com\/wp-content\/uploads\/2025\/08\/jsc2015e077521.jpg\" alt=\"Oceaneering engineers testing the astronaut life support equipment.\" width=\"1920\" height=\"1278\" \/><\/p>\r\n<h3>Tecnolog\u00edas de soporte vital<\/h3>\r\n<p>Desde la generaci\u00f3n de ox\u00edgeno hasta la recuperaci\u00f3n de agua, nuestras tecnolog\u00edas de soporte vital est\u00e1n dise\u00f1adas para proteger a los astronautas en los entornos m\u00e1s exigentes. Incorporamos t\u00e9cnicas avanzadas de modelado, tecnolog\u00eda de gemelos digitales y pruebas con intervenci\u00f3n humana (HITL) en cada fase del desarrollo para simular condiciones reales, validar el comportamiento del sistema y perfeccionar los dise\u00f1os en colaboraci\u00f3n con los usuarios finales.<\/p>\r\n<h2>Ayudas para la tripulaci\u00f3n en esclusas y h\u00e1bitats<\/h2>\r\n<p>Desarrollamos sistemas para tripulaciones y equipos para h\u00e1bitats que mejoran la eficiencia operativa y el bienestar de las tripulaciones dentro de los h\u00e1bitats y veh\u00edculos espaciales.<\/p>\r\n<h3>Soluciones de higiene para tripulaciones<\/h3>\r\n<p>We&#8217;re ready to support your hygiene needs from waste systems, cooling water containment, and general crew health considerations in space habitats.<\/p>\r\n<h3>Soporte t\u00e9cnico de EVA<\/h3>\r\n<p>Nuestras interfaces incluyen paneles de equipos de esclusas, bombas de fluidos, cubiertas t\u00e9rmicas, almacenamiento de productos textiles y hardware para trajes espaciales, con el fin de optimizar las operaciones previas y posteriores a las caminatas espaciales.<\/p>\r\n<h3>Sistemas de habitabilidad para tripulaciones<\/h3>\r\n<p>Ofrecemos estantes de almacenamiento, almacenamiento de alimentos y bebidas, sistemas de agua potable y asientos integrados para mejorar la comodidad y la organizaci\u00f3n en entornos con tripulaci\u00f3n.<\/p>\r\n<h1>Contacte con nosotros<\/h1>\r\n<h2>Nuestro equipo de expertos est\u00e1 listo para ayudarle a empezar.<\/h2>\r\n<p>Oceaneering ofrece los mejores productos y soluciones de su clase, respaldados por una calidad, fiabilidad y asistencia global inigualables. Rellene el formulario de consulta para iniciar una conversaci\u00f3n hoy mismo.<\/p>","protected":false},"excerpt":{"rendered":"<p>Ofrecemos tecnolog\u00edas de soporte vital y EVA que priorizan la seguridad de los astronautas y el \u00e9xito de las misiones. Desde el dise\u00f1o y las pruebas hasta la certificaci\u00f3n y el mantenimiento, nuestras soluciones est\u00e1n dise\u00f1adas para funcionar en los entornos espaciales m\u00e1s hostiles, lo que le permite operar con confianza en todas las fases de los vuelos espaciales tripulados. <\/p>","protected":false},"author":25,"featured_media":77826,"parent":77884,"menu_order":0,"comment_status":"closed","ping_status":"closed","template":"","meta":{"_acf_changed":false,"footnotes":"","_links_to":"","_links_to_target":""},"product_category":[1475],"search_tags":[1787],"class_list":["post-77822","page","type-page","status-publish","has-post-thumbnail","product_category-space-systems","search_tags-space-systems"],"acf":[],"aioseo_notices":[],"_links":{"self":[{"href":"https:\/\/www.oceaneering.com\/es\/wp-json\/wp\/v2\/pages\/77822","targetHints":{"allow":["GET"]}}],"collection":[{"href":"https:\/\/www.oceaneering.com\/es\/wp-json\/wp\/v2\/pages"}],"about":[{"href":"https:\/\/www.oceaneering.com\/es\/wp-json\/wp\/v2\/types\/page"}],"author":[{"embeddable":true,"href":"https:\/\/www.oceaneering.com\/es\/wp-json\/wp\/v2\/users\/25"}],"replies":[{"embeddable":true,"href":"https:\/\/www.oceaneering.com\/es\/wp-json\/wp\/v2\/comments?post=77822"}],"version-history":[{"count":32,"href":"https:\/\/www.oceaneering.com\/es\/wp-json\/wp\/v2\/pages\/77822\/revisions"}],"predecessor-version":[{"id":79587,"href":"https:\/\/www.oceaneering.com\/es\/wp-json\/wp\/v2\/pages\/77822\/revisions\/79587"}],"up":[{"embeddable":true,"href":"https:\/\/www.oceaneering.com\/es\/wp-json\/wp\/v2\/pages\/77884"}],"wp:featuredmedia":[{"embeddable":true,"href":"https:\/\/www.oceaneering.com\/es\/wp-json\/wp\/v2\/media\/77826"}],"wp:attachment":[{"href":"https:\/\/www.oceaneering.com\/es\/wp-json\/wp\/v2\/media?parent=77822"}],"wp:term":[{"taxonomy":"product_category","embeddable":true,"href":"https:\/\/www.oceaneering.com\/es\/wp-json\/wp\/v2\/product_category?post=77822"},{"taxonomy":"search_tags","embeddable":true,"href":"https:\/\/www.oceaneering.com\/es\/wp-json\/wp\/v2\/search_tags?post=77822"}],"curies":[{"name":"wp","href":"https:\/\/api.w.org\/{rel}","templated":true}]}}