{"id":77734,"date":"2025-10-05T07:47:13","date_gmt":"2025-10-05T12:47:13","guid":{"rendered":"https:\/\/www.oceaneering.com\/?page_id=77734"},"modified":"2025-11-04T01:53:56","modified_gmt":"2025-11-04T07:53:56","slug":"space-mission-design-and-astronaut-training","status":"publish","type":"page","link":"https:\/\/www.oceaneering.com\/es\/spaceflight-solutions\/space-mission-design-and-astronaut-training\/","title":{"rendered":"Dise\u00f1o de misiones espaciales y entrenamiento de astronautas"},"content":{"rendered":"<p><a href=\"https:\/\/www.oceaneering.com\/es\/space-systems\/#contact\" target=\"_self\"> Debatir un proyecto <\/a> Sistemas espaciales<\/p>\r\n<h1>Dise\u00f1o de misiones espaciales y entrenamiento de astronautas<\/h1>\r\n<p>Proporcionamos ingenier\u00eda de sistemas integrada, fabricaci\u00f3n y apoyo a los astronautas para garantizar la fiabilidad de las misiones en entornos hostiles.<\/p>\r\n<h2>Ingenier\u00eda e integraci\u00f3n de sistemas<\/h2>\r\n<p>Nuestros experimentados ingenieros de sistemas ofrecen asistencia integral para sistemas complejos, garantizando la precisi\u00f3n, la integraci\u00f3n y el \u00e9xito de la misi\u00f3n en cada etapa. Mediante la aplicaci\u00f3n de herramientas probadas y procesos disciplinados, impulsamos el rendimiento, reducimos el riesgo y ofrecemos soluciones que satisfacen los requisitos m\u00e1s exigentes.<\/p>\r\n<h3>An\u00e1lisis y arquitectura de sistemas<\/h3>\r\n<h3>Requisitos y gesti\u00f3n de interfaces<\/h3>\r\n<h3>Verificaci\u00f3n, validaci\u00f3n y planificaci\u00f3n de pruebas<\/h3>\r\n<h3>Estructura del producto y an\u00e1lisis log\u00edstico<\/h3>\r\n<h2>Desarrollo integrado de productos, desde el concepto hasta el lanzamiento<\/h2>\r\n<p><img loading=\"lazy\" decoding=\"async\" title=\"20250617_135744 Grupo de an\u00e1lisis_v2\" src=\"https:\/\/www.oceaneering.com\/wp-content\/uploads\/2025\/09\/20250617_135744-Analysis-group_v2-1.png\" alt=\"20250617_135744 Analysis group_v2\" width=\"960\" height=\"761\" \/><\/p>\r\n<h3>Dise\u00f1o aeroespacial y an\u00e1lisis estructural<\/h3>\r\n<p>Ofrecemos servicios avanzados de dise\u00f1o y an\u00e1lisis aeroespacial, incluyendo modelado CAD de precisi\u00f3n, validaci\u00f3n estructural y t\u00e9rmica, y documentaci\u00f3n completa del ensamblaje. Nuestro an\u00e1lisis estructural abarca cargas, tensiones y mec\u00e1nica de fracturas, mientras que nuestra experiencia t\u00e9rmica incluye calentamiento aerodin\u00e1mico y por pluma, simulaciones 1D-3D y correlaci\u00f3n de pruebas para garantizar un rendimiento listo para la misi\u00f3n.<\/p>\r\n<p><img loading=\"lazy\" decoding=\"async\" title=\"M_Tienda_3\" src=\"https:\/\/www.oceaneering.com\/wp-content\/uploads\/2025\/08\/M_Shop_3.jpg\" alt=\"Technician using CNC lathe machine in Oceaneering manufacturing facility.\" width=\"1920\" height=\"1080\" \/><\/p>\r\n<h3>Fabricaci\u00f3n de precisi\u00f3n<\/h3>\r\n<p>Ubicadas cerca del Centro Espacial Johnson de la NASA, nuestras instalaciones con certificaci\u00f3n AS9100D e ISO 9001:2015 dan soporte a la fabricaci\u00f3n y prueba de hardware de vuelo y tierra. Nuestras capacidades incluyen mecanizado y ensamblaje de alta tolerancia, pruebas de ciclos t\u00e9rmicos y vibraciones, integraci\u00f3n en salas limpias y pruebas de acceso con guantes. Tambi\u00e9n garantizamos <a href=\"https:\/\/www.oceaneering.com\/es\/spaceflight-solutions\/flight-certified-hardware-and-softgoods\/\">inspecci\u00f3n de hardware<\/a>, documentaci\u00f3n y entrega.<\/p>\r\n<p><img loading=\"lazy\" decoding=\"async\" title=\"OSS_Productos_blandos_6\" src=\"https:\/\/www.oceaneering.com\/wp-content\/uploads\/2025\/08\/OSS_Soft_goods_6.jpg\" alt=\"Worker sewing thermal protection material at Oceaneering's soft good laboratory in Clear Lake, Texas.\" width=\"1920\" height=\"1080\" \/><\/p>\r\n<h3>Fabricaci\u00f3n de productos textiles<\/h3>\r\n<p>Producimos vol\u00famenes bajos y altos. <a id=\"menur1mg8\" title=\"https:\/\/www.oceaneering.com\/spaceflight-solutions\/flight-certified-hardware-and-softgoods\/\" href=\"https:\/\/www.oceaneering.com\/es\/spaceflight-solutions\/flight-certified-hardware-and-softgoods\/\" target=\"_blank\" rel=\"noreferrer noopener\" aria-label=\"Productos textiles aeroespaciales Kobling con certificaci\u00f3n de vuelo\">productos textiles aeroespaciales certificados para vuelo<\/a> desde aislamiento t\u00e9rmico hasta herramientas para astronautas. Nuestro experimentado equipo fabrica cada producto a mano siguiendo especificaciones exactas y utilizando tejidos de calidad aeroespacial, como cer\u00e1micas especiales y textiles compuestos. Fabricamos una amplia gama de productos, entre los que se incluyen <a id=\"menur1mga\" title=\"https:\/\/www.oceaneering.com\/spaceflight-solutions\/thermal-protection-systems\/\" href=\"https:\/\/www.oceaneering.com\/es\/spaceflight-solutions\/thermal-protection-systems\/\" target=\"_blank\" rel=\"noreferrer noopener\" aria-label=\"Mantas t\u00e9rmicas Kobling\">mantas t\u00e9rmicas<\/a>, sistemas de protecci\u00f3n, ayudas para la tripulaci\u00f3n y <a id=\"menur1mgc\" title=\"https:\/\/www.oceaneering.com\/spaceflight-solutions\/life-support-and-eva-systems\/\" href=\"https:\/\/www.oceaneering.com\/es\/spaceflight-solutions\/life-support-and-eva-systems\/\" target=\"_blank\" rel=\"noreferrer noopener\" aria-label=\"Actividad extravehicular (EVA) de Kobling\">Actividad extravehicular (EVA)<\/a> accesorios.<\/p>\r\n<p><img loading=\"lazy\" decoding=\"async\" title=\"CMAS_v3b\" src=\"https:\/\/www.oceaneering.com\/wp-content\/uploads\/2025\/08\/CMAS_v3b.jpg\" alt=\"CMAS_v3b\" width=\"1920\" height=\"1080\" \/><\/p>\r\n<h3>Modelado y simulaci\u00f3n<\/h3>\r\n<p>Nuestros servicios de modelado y simulaci\u00f3n reproducen las condiciones reales de las misiones para reducir el riesgo, perfeccionar los procedimientos y validar el comportamiento del sistema antes de su implementaci\u00f3n. Las aplicaciones abarcan desde la validaci\u00f3n de conceptos y la creaci\u00f3n de prototipos hasta el desarrollo de escenarios operativos, las pruebas virtuales y la resoluci\u00f3n de problemas., <a href=\"https:\/\/www.oceaneering.com\/es\/spaceflight-solutions\/life-support-and-eva-systems\/\">Desarrollo de herramientas EVA<\/a>, y ensayo de la misi\u00f3n.<\/p>\r\n<p><img loading=\"lazy\" decoding=\"async\" title=\"NBL_1463\" src=\"https:\/\/www.oceaneering.com\/wp-content\/uploads\/2025\/10\/NBL_1463.jpg\" alt=\"Diver supports astronaut training at NASA's Neutral Buoyancy Laboratory (NBL).\" width=\"2400\" height=\"1594\" \/><\/p>\r\n<h2>Formaci\u00f3n de astronautas<\/h2>\r\n<p>Apoyamos <a href=\"https:\/\/www.nasa.gov\/johnson\/neutral-buoyancy-laboratory\/\" target=\"_blank\" rel=\"noopener\">Laboratorio de Flotabilidad Neutral (NBL) de la NASA<\/a> proporcionando asistencia submarina a los astronautas durante su entrenamiento. Nuestro equipo ayuda a simular condiciones de microgravedad, lo que permite a los astronautas practicar <a href=\"https:\/\/www.oceaneering.com\/es\/spaceflight-solutions\/life-support-and-eva-systems\/\">procedimientos complejos de EVA<\/a> y manejo de equipos en preparaci\u00f3n para misiones en el mundo real.<\/p>\r\n<h3>Soluciones reales e impactantes.<\/h3>\r\n<p>Descubra c\u00f3mo nuestras innovaciones creativas convierten los retos en oportunidades, ofreciendo resultados tangibles en los que puede confiar.<\/p>\r\n<p><a href=\"https:\/\/www.oceaneering.com\/es\/resources\/?_content_types=case-study\" target=\"_self\"> Ver todos los casos pr\u00e1cticos <\/a> <button> Anterior <\/button> <button> Siguiente <\/button> <a href=\"https:\/\/www.oceaneering.com\/es\/case-studies\/ensuring-the-safety-of-astronauts-with-the-crew-module-uprighting-system-cmus\/\"> <img decoding=\"async\" src=\"https:\/\/www.oceaneering.com\/wp-content\/uploads\/2025\/08\/52557646109_f6b77b230a_5k-copy-scaled.webp\" alt=\"Oceaneering's Crew Module Uprighting System (CMUS) bags deployed on NASA's Orion spacecraft for the Artemis I mission kept the capsule upright and stable for splash-down recovery on December 11, 2022.\" \/><\/a><\/p>\r\n<h3>Garantizar la seguridad de los astronautas con el sistema de enderezamiento del m\u00f3dulo de la tripulaci\u00f3n (CMUS)<\/h3>\r\n<h3>Garantizar la seguridad de los astronautas con el sistema de enderezamiento del m\u00f3dulo de la tripulaci\u00f3n (CMUS)<\/h3>\r\n<p>Los vuelos espaciales tripulados son intr\u00ednsecamente peligrosos debido a las altas velocidades y las condiciones extremas que se dan durante el lanzamiento, la \u00f3rbita, el vuelo...<\/p>\r\n<p><a href=\"https:\/\/www.oceaneering.com\/es\/case-studies\/ensuring-the-safety-of-astronauts-with-the-crew-module-uprighting-system-cmus\/\">M\u00e1s informaci\u00f3n <\/a><\/p>\r\n<h1>Contacte con nosotros<\/h1>\r\n<h2>Nuestro equipo de expertos est\u00e1 listo para ayudarle a empezar.<\/h2>\r\n<p>Oceaneering ofrece los mejores productos y soluciones de su clase, respaldados por una calidad, fiabilidad y asistencia global inigualables. Rellene el formulario de consulta para iniciar una conversaci\u00f3n hoy mismo.<\/p>","protected":false},"excerpt":{"rendered":"<p>El \u00e9xito de su misi\u00f3n en entornos terrestres, orbitales y planetarios comienza con soluciones adaptadas a sus necesidades. Con experiencia en ingenier\u00eda de sistemas, dise\u00f1o y an\u00e1lisis, fabricaci\u00f3n de precisi\u00f3n y entrenamiento de astronautas, alineamos todas nuestras capacidades para cumplir con sus objetivos operativos y t\u00e9cnicos espec\u00edficos. <\/p>","protected":false},"author":25,"featured_media":79048,"parent":77884,"menu_order":0,"comment_status":"closed","ping_status":"closed","template":"","meta":{"_acf_changed":false,"footnotes":"","_links_to":"","_links_to_target":""},"product_category":[1475],"search_tags":[1787],"class_list":["post-77734","page","type-page","status-publish","has-post-thumbnail","product_category-space-systems","search_tags-space-systems"],"acf":[],"aioseo_notices":[],"_links":{"self":[{"href":"https:\/\/www.oceaneering.com\/es\/wp-json\/wp\/v2\/pages\/77734","targetHints":{"allow":["GET"]}}],"collection":[{"href":"https:\/\/www.oceaneering.com\/es\/wp-json\/wp\/v2\/pages"}],"about":[{"href":"https:\/\/www.oceaneering.com\/es\/wp-json\/wp\/v2\/types\/page"}],"author":[{"embeddable":true,"href":"https:\/\/www.oceaneering.com\/es\/wp-json\/wp\/v2\/users\/25"}],"replies":[{"embeddable":true,"href":"https:\/\/www.oceaneering.com\/es\/wp-json\/wp\/v2\/comments?post=77734"}],"version-history":[{"count":52,"href":"https:\/\/www.oceaneering.com\/es\/wp-json\/wp\/v2\/pages\/77734\/revisions"}],"predecessor-version":[{"id":79588,"href":"https:\/\/www.oceaneering.com\/es\/wp-json\/wp\/v2\/pages\/77734\/revisions\/79588"}],"up":[{"embeddable":true,"href":"https:\/\/www.oceaneering.com\/es\/wp-json\/wp\/v2\/pages\/77884"}],"wp:featuredmedia":[{"embeddable":true,"href":"https:\/\/www.oceaneering.com\/es\/wp-json\/wp\/v2\/media\/79048"}],"wp:attachment":[{"href":"https:\/\/www.oceaneering.com\/es\/wp-json\/wp\/v2\/media?parent=77734"}],"wp:term":[{"taxonomy":"product_category","embeddable":true,"href":"https:\/\/www.oceaneering.com\/es\/wp-json\/wp\/v2\/product_category?post=77734"},{"taxonomy":"search_tags","embeddable":true,"href":"https:\/\/www.oceaneering.com\/es\/wp-json\/wp\/v2\/search_tags?post=77734"}],"curies":[{"name":"wp","href":"https:\/\/api.w.org\/{rel}","templated":true}]}}