{"id":76840,"date":"2025-10-08T02:47:19","date_gmt":"2025-10-08T07:47:19","guid":{"rendered":"https:\/\/www.oceaneering.com\/?page_id=76840"},"modified":"2025-11-04T00:27:28","modified_gmt":"2025-11-04T06:27:28","slug":"thermal-protection-systems","status":"publish","type":"page","link":"https:\/\/www.oceaneering.com\/es\/spaceflight-solutions\/thermal-protection-systems\/","title":{"rendered":"Sistemas de protecci\u00f3n t\u00e9rmica (TPS)"},"content":{"rendered":"<p><a href=\"https:\/\/www.oceaneering.com\/es\/space-systems\/#contact\" target=\"_self\"> Debatir un proyecto <\/a> Sistemas espaciales<\/p>\r\n<h1>Sistemas de protecci\u00f3n t\u00e9rmica (TPS)<\/h1>\r\n<p>Sistemas de protecci\u00f3n t\u00e9rmica probados para naves espaciales, veh\u00edculos de lanzamiento y entornos de misiones extremas.<\/p>\r\n<h2>Experiencia en protecci\u00f3n t\u00e9rmica, desde el dise\u00f1o hasta la entrega<\/h2>\r\n<p>Dise\u00f1amos, certificamos, fabricamos e integramos productos de protecci\u00f3n t\u00e9rmica para satisfacer las exigencias t\u00e9rmicas y estructurales espec\u00edficas de su misi\u00f3n, garantizando la confiabilidad desde el despegue hasta el aterrizaje.<\/p>\r\n<p><img loading=\"lazy\" decoding=\"async\" title=\"Delta II lanzamiento editado 2\" src=\"https:\/\/www.oceaneering.com\/wp-content\/uploads\/2025\/08\/Delta-II-launch-edited2.jpg\" alt=\"Delta II rocket launch.\" width=\"1000\" height=\"1051\" \/><\/p>\r\n<h2>Rendimiento probado a lo largo de generaciones de vuelos<\/h2>\r\n<p>Con m\u00e1s de cuatro d\u00e9cadas de rendimiento probado, nuestras tecnolog\u00edas TPS han dado soporte a una amplia gama de plataformas aeroespaciales, desde sistemas heredados como el <a href=\"https:\/\/www.nasa.gov\/space-shuttle\/\" target=\"_blank\" rel=\"noopener\">Transbordador espacial<\/a>, X-33 y Titan IVB hasta los modernos veh\u00edculos de lanzamiento de carga pesada, incluidos OmegA y <a href=\"https:\/\/www.nasa.gov\/humans-in-space\/space-launch-system\/\" target=\"_blank\" rel=\"noopener\">NASA&#8217;s Space Launch System (SLS)<\/a>. Nuestra amplia experiencia en vuelos se traduce en soluciones TPS confiables y probadas en misiones, dise\u00f1adas para satisfacer las exigencias t\u00e9rmicas y estructurales \u00fanicas de los sistemas desechables y reutilizables. Al integrar nuestra experiencia tradicional con pruebas de materiales internas, capacidades de calificaci\u00f3n y flujos de trabajo de desarrollo receptivos, le ayudamos a cumplir con los requisitos de protecci\u00f3n t\u00e9rmica en constante evoluci\u00f3n de manera m\u00e1s eficiente, con menos riesgos y mayor confianza en el rendimiento general del sistema.<\/p>\r\n<p><a href=\"https:\/\/oceaneering.canto.com\/download\/video\/dvasivjqa55nd3ic1uq1gids1a\/original\" target=\"_self\"> Ver el v\u00eddeo <\/a><\/p>\r\n<h2>Soluciones TPS confiables desde el concepto hasta la calificaci\u00f3n<\/h2>\r\n<p>Nuestro equipo de ingenieros altamente experimentado ofrece soluciones TPS innovadoras en todas las etapas del desarrollo. Desde la evaluaci\u00f3n de los entornos t\u00e9rmicos para el lanzamiento y la recuperaci\u00f3n hasta el dise\u00f1o preliminar y final del sistema, garantizamos el rendimiento y la fiabilidad en cada paso. Nuestras capacidades incluyen la certificaci\u00f3n de componentes, las pruebas de integraci\u00f3n de sistemas (SIT), la fabricaci\u00f3n a escala real y la instalaci\u00f3n. Tambi\u00e9n llevamos a cabo rigurosas pruebas de desarrollo y calificaci\u00f3n, que van desde evaluaciones t\u00e9rmicas basadas en cupones hasta pruebas de card\u00e1n y de producci\u00f3n a escala real.<\/p>\r\n<p><img loading=\"lazy\" decoding=\"async\" title=\"Dscn0842\" src=\"https:\/\/www.oceaneering.com\/wp-content\/uploads\/2025\/08\/Dscn0842.jpg\" alt=\"Engineer assembling thermal protection ceramic tiles in manufacturing facility.\" width=\"1600\" height=\"1200\" \/><\/p>\r\n<h2>Protecci\u00f3n t\u00e9rmica que se adapta al perfil de la misi\u00f3n<\/h2>\r\n<p>We deliver high-performance thermal protection solutions engineered to meet the diverse demands of today&#8217;s aerospace systems. Our products are designed to perform reliably in extreme environments, ensuring mission success across a wide range of thermal and structural profiles. \u00a0<\/p>\r\n<ul>\r\n<li>Tejidos resistentes a altas temperaturas y cortinas t\u00e9rmicas flexibles<\/li>\r\n<li>Mantas t\u00e9rmicas, rellenos para huecos y barreras t\u00e9rmicas.<\/li>\r\n<li>Abladores de corcho y espuma para veh\u00edculos de lanzamiento desechables.<\/li>\r\n<li>Aislamiento flexible para \u00e1reas que superan los 2500 \u00b0F (1371 \u00b0C).<\/li>\r\n<li>Materiales cer\u00e1micos para veh\u00edculos de lanzamiento y reentrada reutilizables.<\/li>\r\n<li>TPS de superficie cultivable con reutilizaci\u00f3n demostrada a temperaturas superiores a 2000 \u00b0F (1093 \u00b0C).<\/li>\r\n<\/ul>\r\n<h1>Contacte con nosotros<\/h1>\r\n<h2>Nuestro equipo de expertos est\u00e1 listo para ayudarle a empezar.<\/h2>\r\n<p>Oceaneering ofrece los mejores productos y soluciones de su clase, respaldados por una calidad, fiabilidad y asistencia global inigualables. Rellene el formulario de consulta para iniciar una conversaci\u00f3n hoy mismo.<\/p>","protected":false},"excerpt":{"rendered":"<p>Proteja sus naves espaciales y veh\u00edculos de lanzamiento del calor y la presi\u00f3n extremos con soluciones TPS de eficacia probada. Nuestros sistemas de protecci\u00f3n t\u00e9rmica, que cuentan con la confianza de los programas de la NASA y DoW, est\u00e1n dise\u00f1ados para satisfacer los exigentes perfiles de las misiones, desde el dise\u00f1o inicial hasta la certificaci\u00f3n y la producci\u00f3n, lo que garantiza un rendimiento fiable cuando m\u00e1s importa. <\/p>","protected":false},"author":25,"featured_media":77731,"parent":77884,"menu_order":0,"comment_status":"closed","ping_status":"closed","template":"","meta":{"_acf_changed":false,"footnotes":"","_links_to":"","_links_to_target":""},"product_category":[],"search_tags":[],"class_list":["post-76840","page","type-page","status-publish","has-post-thumbnail"],"acf":[],"aioseo_notices":[],"_links":{"self":[{"href":"https:\/\/www.oceaneering.com\/es\/wp-json\/wp\/v2\/pages\/76840","targetHints":{"allow":["GET"]}}],"collection":[{"href":"https:\/\/www.oceaneering.com\/es\/wp-json\/wp\/v2\/pages"}],"about":[{"href":"https:\/\/www.oceaneering.com\/es\/wp-json\/wp\/v2\/types\/page"}],"author":[{"embeddable":true,"href":"https:\/\/www.oceaneering.com\/es\/wp-json\/wp\/v2\/users\/25"}],"replies":[{"embeddable":true,"href":"https:\/\/www.oceaneering.com\/es\/wp-json\/wp\/v2\/comments?post=76840"}],"version-history":[{"count":42,"href":"https:\/\/www.oceaneering.com\/es\/wp-json\/wp\/v2\/pages\/76840\/revisions"}],"predecessor-version":[{"id":79699,"href":"https:\/\/www.oceaneering.com\/es\/wp-json\/wp\/v2\/pages\/76840\/revisions\/79699"}],"up":[{"embeddable":true,"href":"https:\/\/www.oceaneering.com\/es\/wp-json\/wp\/v2\/pages\/77884"}],"wp:featuredmedia":[{"embeddable":true,"href":"https:\/\/www.oceaneering.com\/es\/wp-json\/wp\/v2\/media\/77731"}],"wp:attachment":[{"href":"https:\/\/www.oceaneering.com\/es\/wp-json\/wp\/v2\/media?parent=76840"}],"wp:term":[{"taxonomy":"product_category","embeddable":true,"href":"https:\/\/www.oceaneering.com\/es\/wp-json\/wp\/v2\/product_category?post=76840"},{"taxonomy":"search_tags","embeddable":true,"href":"https:\/\/www.oceaneering.com\/es\/wp-json\/wp\/v2\/search_tags?post=76840"}],"curies":[{"name":"wp","href":"https:\/\/api.w.org\/{rel}","templated":true}]}}