{"id":76120,"date":"2025-05-21T03:46:01","date_gmt":"2025-05-21T08:46:01","guid":{"rendered":"https:\/\/www.oceaneering.com\/?page_id=76120"},"modified":"2026-05-07T03:36:26","modified_gmt":"2026-05-07T08:36:26","slug":"cargo-transfer-at-sea","status":"publish","type":"page","link":"https:\/\/www.oceaneering.com\/es\/oceaneering-technologies\/cargo-transfer-at-sea\/","title":{"rendered":"Transferencia de carga en el mar"},"content":{"rendered":"<p><a href=\"https:\/\/www.oceaneering.com\/es\/oceaneering-technologies\/#contact\" target=\"_self\"> Debatir un proyecto <\/a> Tecnolog\u00edas Oceaneering (OTECH)<\/p>\r\n<h1>Transferencia de carga en el mar<\/h1>\r\n<p>Log\u00edstica segura y eficaz en entornos mar\u00edtimos din\u00e1micos.<\/p>\r\n<h2>Apoyo a ONR y NAVSEA<\/h2>\r\n<p>Colaboramos con la <a href=\"https:\/\/www.onr.navy.mil\/\" target=\"_blank\" rel=\"noopener\">Oficina de Investigaci\u00f3n Naval (ONR)<\/a> y <a href=\"https:\/\/www.navsea.navy.mil\/\" target=\"_blank\" rel=\"noopener\">Mando de los Sistemas Navales (NAVSEA)<\/a> to develop next-generation technologies that enhance at-sea logistics for expeditionary warfare, humanitarian missions, and other critical maritime operations. Our at-sea cargo transfer systems are engineered for reliability, safety, and operational efficiency-even in elevated sea states.<\/p>\r\n<p><img loading=\"lazy\" decoding=\"async\" title=\"0350_LVI-LoLo_04112013-edited\" src=\"https:\/\/www.oceaneering.com\/wp-content\/uploads\/2025\/05\/0350_LVI-LoLo_04112013-edited.jpg\" alt=\"Motion-compensated robotic crane transfers cargo containers to ship at sea.\" width=\"1920\" height=\"1278\" \/><\/p>\r\n<h2>Interfaz para grandes buques Lift On\/Lift Off<\/h2>\r\n<p>Hemos desarrollado una gr\u00faa robotizada con compensaci\u00f3n de movimiento para permitir la transferencia segura de carga en contenedores est\u00e1ndar entre buques en alta mar en condiciones de hasta estado de mar 4. Este avanzado sistema detecta el movimiento relativo de un buque adyacente y sincroniza activamente el movimiento del contenedor de carga, reduciendo tanto el tiempo de transferencia como el riesgo para la tripulaci\u00f3n y el equipo.<\/p>\r\n<h2>Tecnolog\u00edas de rampa de interfaz (IRT)<\/h2>\r\n<p>Nuestra rampa de transferencia controlada por movimiento presenta una estructura ligera de aluminio y un innovador sistema de accionamiento hidr\u00e1ulico\/el\u00e9ctrico. Dise\u00f1ada para soportar transferencias de veh\u00edculos de gran tama\u00f1o en el mar, la IRT mantiene la estabilidad y el rendimiento en condiciones din\u00e1micas, garantizando un paso seguro entre buques durante los despliegues operativos.<\/p>\r\n<p><img loading=\"lazy\" decoding=\"async\" title=\"IRT_10x66-editado\" src=\"https:\/\/www.oceaneering.com\/wp-content\/uploads\/2025\/05\/IRT_10x66-edited.jpg\" alt=\"Motion-controlled transfer ramp developed for at-sea, large vehicle transfer operations.\" width=\"1920\" height=\"1278\" \/> <img loading=\"lazy\" decoding=\"async\" title=\"160316_AMS-FAT_0902-update\" src=\"https:\/\/www.oceaneering.com\/wp-content\/uploads\/2025\/06\/160316_AMS-FAT_0902-update-scaled.jpg\" alt=\"Automated mooring system uses articulating vacuum pads on telescoping booms to attach to an approaching ship.\" width=\"3000\" height=\"1997\" \/><\/p>\r\n<h2>Sistema de amarre avanzado (AMS)<\/h2>\r\n<p>The AMS enables rapid, automated mooring between ships in up to sea state 4. Secured to the deck of the host vessel, the AMS uses articulating vacuum pads on telescoping booms to attach to an approaching ship-without lines or crew intervention. This lineless mooring system significantly improves safety while minimizing surge, sway, and yaw compared to traditional methods, making it ideal for U.S. Marine operations and humanitarian aid missions.<\/p>\r\n<h1>Contacte con nosotros<\/h1>\r\n<h2>Nuestro equipo de expertos est\u00e1 listo para ayudarle a empezar.<\/h2>\r\n<p>Oceaneering ofrece los mejores productos y soluciones de su clase, respaldados por una calidad, fiabilidad y asistencia global inigualables. Rellene el formulario de consulta para iniciar una conversaci\u00f3n hoy mismo.<\/p>","protected":false},"excerpt":{"rendered":"<p>Desarrollamos tecnolog\u00edas de nueva generaci\u00f3n que mejoran la log\u00edstica en el mar en estados de mar elevados para la guerra expedicionaria, las misiones humanitarias y otras operaciones mar\u00edtimas cr\u00edticas. <\/p>","protected":false},"author":25,"featured_media":75984,"parent":2402,"menu_order":0,"comment_status":"closed","ping_status":"closed","template":"","meta":{"_acf_changed":false,"footnotes":"","_links_to":"","_links_to_target":""},"product_category":[1461],"search_tags":[2153,1489],"class_list":["post-76120","page","type-page","status-publish","has-post-thumbnail","product_category-oceaneering-technologies-otech","search_tags-cargo-transfer","search_tags-otech"],"acf":[],"aioseo_notices":[],"_links":{"self":[{"href":"https:\/\/www.oceaneering.com\/es\/wp-json\/wp\/v2\/pages\/76120","targetHints":{"allow":["GET"]}}],"collection":[{"href":"https:\/\/www.oceaneering.com\/es\/wp-json\/wp\/v2\/pages"}],"about":[{"href":"https:\/\/www.oceaneering.com\/es\/wp-json\/wp\/v2\/types\/page"}],"author":[{"embeddable":true,"href":"https:\/\/www.oceaneering.com\/es\/wp-json\/wp\/v2\/users\/25"}],"replies":[{"embeddable":true,"href":"https:\/\/www.oceaneering.com\/es\/wp-json\/wp\/v2\/comments?post=76120"}],"version-history":[{"count":1,"href":"https:\/\/www.oceaneering.com\/es\/wp-json\/wp\/v2\/pages\/76120\/revisions"}],"predecessor-version":[{"id":83622,"href":"https:\/\/www.oceaneering.com\/es\/wp-json\/wp\/v2\/pages\/76120\/revisions\/83622"}],"up":[{"embeddable":true,"href":"https:\/\/www.oceaneering.com\/es\/wp-json\/wp\/v2\/pages\/2402"}],"wp:featuredmedia":[{"embeddable":true,"href":"https:\/\/www.oceaneering.com\/es\/wp-json\/wp\/v2\/media\/75984"}],"wp:attachment":[{"href":"https:\/\/www.oceaneering.com\/es\/wp-json\/wp\/v2\/media?parent=76120"}],"wp:term":[{"taxonomy":"product_category","embeddable":true,"href":"https:\/\/www.oceaneering.com\/es\/wp-json\/wp\/v2\/product_category?post=76120"},{"taxonomy":"search_tags","embeddable":true,"href":"https:\/\/www.oceaneering.com\/es\/wp-json\/wp\/v2\/search_tags?post=76120"}],"curies":[{"name":"wp","href":"https:\/\/api.w.org\/{rel}","templated":true}]}}