{"id":76074,"date":"2025-06-24T08:48:36","date_gmt":"2025-06-24T13:48:36","guid":{"rendered":"https:\/\/www.oceaneering.com\/?page_id=76074"},"modified":"2025-10-03T06:43:14","modified_gmt":"2025-10-03T11:43:14","slug":"unmanned-undersea-systems","status":"publish","type":"page","link":"https:\/\/www.oceaneering.com\/es\/oceaneering-technologies\/unmanned-undersea-systems\/","title":{"rendered":"Sistemas submarinos no tripulados"},"content":{"rendered":"<p><a href=\"https:\/\/www.oceaneering.com\/es\/oceaneering-technologies\/#contact\" target=\"_self\"> Debatir un proyecto <\/a> Tecnolog\u00edas Oceaneering (OTECH)<\/p>\r\n<h1>Sistemas submarinos no tripulados<\/h1>\r\n<p>Redefinir la preparaci\u00f3n operativa y la respuesta a las amenazas con autonom\u00eda submarina.<\/p>\r\n<h2>Protecci\u00f3n de activos submarinos cr\u00edticos<\/h2>\r\n<p>Los sistemas submarinos no tripulados desempe\u00f1an un papel fundamental en la seguridad mar\u00edtima moderna, ya que permiten una vigilancia submarina constante y la recopilaci\u00f3n de informaci\u00f3n. Nuestros veh\u00edculos de \u00faltima generaci\u00f3n operan de forma aut\u00f3noma o con gu\u00eda remota, proporcionando recopilaci\u00f3n de datos en tiempo real y evaluaci\u00f3n de amenazas en entornos que a menudo son inaccesibles o demasiado peligrosos para los operadores humanos. Al mejorar el conocimiento de la situaci\u00f3n y apoyar la toma de decisiones estrat\u00e9gicas, nuestros sistemas submarinos no tripulados son herramientas esenciales para detectar, rastrear y analizar posibles amenazas submarinas, salvaguardando los intereses nacionales y manteniendo la estabilidad mar\u00edtima mundial.<\/p>\r\n<p><img loading=\"lazy\" decoding=\"async\" title=\"Vanguardia y Libertad 2\" src=\"https:\/\/www.oceaneering.com\/wp-content\/uploads\/2025\/06\/Vanguard-and-Freedom-2.png\" alt=\"The VANGUARD unmanned underwater vehicle (UUV) and Freedom AUV perform underwater asset surveillance.\" width=\"1080\" height=\"1080\" \/><\/p>\r\n<h2>Dise\u00f1ado para funcionar en entornos dif\u00edciles<\/h2>\r\n<p>Operar en el \u00e1mbito submarino presenta una serie de retos \u00fanicos, desde presiones extremas, agua salada corrosiva y visibilidad casi nula hasta corrientes fluctuantes y terrenos impredecibles. Estas condiciones exigentes requieren sistemas no tripulados que no solo sean duraderos, sino tambi\u00e9n altamente adaptables y listos para la misi\u00f3n. Dise\u00f1ados pensando en la modularidad, nuestros veh\u00edculos submarinos no tripulados, tanto grandes como peque\u00f1os, ofrecen capacidades para una r\u00e1pida integraci\u00f3n de la carga \u00fatil y un despliegue optimizado en los entornos m\u00e1s hostiles.<\/p>\r\n<h2>Caracter\u00edsticas principales<\/h2>\r\n<p>Centrados en la flexibilidad operativa y la resistencia de la misi\u00f3n, estos sistemas est\u00e1n dise\u00f1ados para apoyar misiones complejas de vigilancia e inteligencia en las que los medios convencionales no pueden operar.<\/p>\r\n<h3>Electr\u00f3nica tolerante a la presi\u00f3n<\/h3>\r\n<p>Evitar fallos por inundaci\u00f3n en profundidad y reducir el peso del veh\u00edculo<\/p>\r\n<h3>Navegaci\u00f3n vertical<\/h3>\r\n<p>Mejore la precisi\u00f3n de la inspecci\u00f3n con maniobras precisas y estables<\/p>\r\n<h3>Sensores embarcados avanzados<\/h3>\r\n<p>Mejorar la vigilancia del medio ambiente y la detecci\u00f3n de amenazas<\/p>\r\n<h3>Bah\u00edas modulares de carga \u00fatil<\/h3>\r\n<p>Permiten una r\u00e1pida integraci\u00f3n y reconfiguraci\u00f3n de los equipos espec\u00edficos de la misi\u00f3n<\/p>\r\n<h2>Dise\u00f1ado para la modularidad, la capacidad de actualizaci\u00f3n y la versatilidad de la misi\u00f3n<\/h2>\r\n<p>Nuestros veh\u00edculos submarinos no tripulados est\u00e1n construidos en torno a una arquitectura modular con unidades sustituibles en l\u00ednea (LRU), lo que permite una r\u00e1pida inserci\u00f3n de tecnolog\u00eda, actualizaciones de caracter\u00edsticas y un mantenimiento racionalizado con un tiempo de inactividad m\u00ednimo. Esta modularidad admite una amplia gama de perfiles de misi\u00f3n y mejoras del sistema, desde intercambios de hardware hasta actualizaciones avanzadas de software.<\/p>\r\n<p><img loading=\"lazy\" decoding=\"async\" title=\"Sistema Oceaneering Vanguard\" src=\"https:\/\/www.oceaneering.com\/wp-content\/uploads\/2025\/06\/Vanguard_multi_no_logo_2025.jpg\" alt=\"Payload modules on the VANGUARD unmanned underwater vehicle (UUV) are interchangeable and can be customized and configured to meet varied operational needs.\" width=\"1920\" height=\"1080\" \/><\/p>\r\n<h2>Operaciones submarinas de espectro completo<\/h2>\r\n<p>Nuestras capacidades de sistemas escalables y no tripulados garantizan que las plataformas no tripuladas est\u00e9n siempre listas para la misi\u00f3n, sean adaptables y eficaces en todo el espectro de operaciones submarinas, desde el reconocimiento y la detecci\u00f3n de amenazas hasta la intervenci\u00f3n y la recuperaci\u00f3n.<\/p>\r\n<h3>Capacidades de los veh\u00edculos peque\u00f1os<\/h3>\r\n<p>Compactos, \u00e1giles y f\u00e1ciles de desplegar, nuestros peque\u00f1os veh\u00edculos est\u00e1n dise\u00f1ados para ofrecer adaptabilidad y precisi\u00f3n en entornos limitados.<\/p>\r\n<p><strong>Caracter\u00edsticas principales<\/strong><\/p>\r\n<ul>\r\n<li>M\u00f3dulos de carga \u00fatil intercambiables con interfaces flexibles de volumen, alimentaci\u00f3n y datos para una r\u00e1pida reconfiguraci\u00f3n de la misi\u00f3n.<\/li>\r\n<li>Maniobrabilidad de seis grados de libertad (DOF) con capacidad de vuelo estacionario para navegaci\u00f3n e inspecci\u00f3n de precisi\u00f3n.<\/li>\r\n<li>Los resistentes anclajes de fibra \u00f3ptica proporcionan un gran ancho de banda, control en tiempo real y transmisi\u00f3n de datos.<\/li>\r\n<li>Las bater\u00edas de alta eficiencia permiten prolongar la duraci\u00f3n de las operaciones con una huella log\u00edstica m\u00ednima.<\/li>\r\n<\/ul>\r\n<h3>Capacidad para grandes veh\u00edculos<\/h3>\r\n<p>Dise\u00f1ados para operaciones complejas y de alta resistencia, nuestros grandes veh\u00edculos no tripulados ofrecen mayor potencia, precisi\u00f3n y capacidad de carga \u00fatil.<\/p>\r\n<p><strong>Capacidades b\u00e1sicas<\/strong><\/p>\r\n<ul>\r\n<li>Anclaje submarino desmontable de alimentaci\u00f3n y comunicaciones que permite al veh\u00edculo funcionar como ROV o AUV.<\/li>\r\n<li>Sistemas de elevaci\u00f3n y manipulaci\u00f3n de cargas pesadas para interactuar con objetos submarinos grandes o complejos.<\/li>\r\n<li>Mayor destreza para trabajar con precisi\u00f3n en tareas de mantenimiento, recuperaci\u00f3n o inspecci\u00f3n.<\/li>\r\n<li>Movimiento de manipuladores optimizado para mejorar la automatizaci\u00f3n de las operaciones submarinas.<\/li>\r\n<\/ul>\r\n<h1>Contacte con nosotros<\/h1>\r\n<h2>Nuestro equipo de expertos est\u00e1 listo para ayudarle a empezar.<\/h2>\r\n<p>Oceaneering ofrece los mejores productos y soluciones de su clase, respaldados por una calidad, fiabilidad y asistencia global inigualables. Rellene el formulario de consulta para iniciar una conversaci\u00f3n hoy mismo.<\/p>","protected":false},"excerpt":{"rendered":"<p>Nuestros veh\u00edculos submarinos totalmente personalizables permiten la recogida de datos en tiempo real y la evaluaci\u00f3n de amenazas en entornos a menudo inaccesibles o demasiado peligrosos para los operadores humanos. <\/p>","protected":false},"author":25,"featured_media":76077,"parent":2402,"menu_order":2,"comment_status":"closed","ping_status":"closed","template":"","meta":{"_acf_changed":false,"footnotes":"","_links_to":"","_links_to_target":""},"product_category":[1461],"search_tags":[1489,2152,2151],"class_list":["post-76074","page","type-page","status-publish","has-post-thumbnail","product_category-oceaneering-technologies-otech","search_tags-otech","search_tags-unmanned","search_tags-unmanned-undersea-systems"],"acf":[],"aioseo_notices":[],"_links":{"self":[{"href":"https:\/\/www.oceaneering.com\/es\/wp-json\/wp\/v2\/pages\/76074","targetHints":{"allow":["GET"]}}],"collection":[{"href":"https:\/\/www.oceaneering.com\/es\/wp-json\/wp\/v2\/pages"}],"about":[{"href":"https:\/\/www.oceaneering.com\/es\/wp-json\/wp\/v2\/types\/page"}],"author":[{"embeddable":true,"href":"https:\/\/www.oceaneering.com\/es\/wp-json\/wp\/v2\/users\/25"}],"replies":[{"embeddable":true,"href":"https:\/\/www.oceaneering.com\/es\/wp-json\/wp\/v2\/comments?post=76074"}],"version-history":[{"count":1,"href":"https:\/\/www.oceaneering.com\/es\/wp-json\/wp\/v2\/pages\/76074\/revisions"}],"predecessor-version":[{"id":78889,"href":"https:\/\/www.oceaneering.com\/es\/wp-json\/wp\/v2\/pages\/76074\/revisions\/78889"}],"up":[{"embeddable":true,"href":"https:\/\/www.oceaneering.com\/es\/wp-json\/wp\/v2\/pages\/2402"}],"wp:featuredmedia":[{"embeddable":true,"href":"https:\/\/www.oceaneering.com\/es\/wp-json\/wp\/v2\/media\/76077"}],"wp:attachment":[{"href":"https:\/\/www.oceaneering.com\/es\/wp-json\/wp\/v2\/media?parent=76074"}],"wp:term":[{"taxonomy":"product_category","embeddable":true,"href":"https:\/\/www.oceaneering.com\/es\/wp-json\/wp\/v2\/product_category?post=76074"},{"taxonomy":"search_tags","embeddable":true,"href":"https:\/\/www.oceaneering.com\/es\/wp-json\/wp\/v2\/search_tags?post=76074"}],"curies":[{"name":"wp","href":"https:\/\/api.w.org\/{rel}","templated":true}]}}