{"id":76037,"date":"2025-06-20T08:49:59","date_gmt":"2025-06-20T13:49:59","guid":{"rendered":"https:\/\/www.oceaneering.com\/?page_id=76037"},"modified":"2025-06-26T05:57:21","modified_gmt":"2025-06-26T10:57:21","slug":"manufacturing","status":"publish","type":"page","link":"https:\/\/www.oceaneering.com\/es\/oceaneering-technologies\/manufacturing\/","title":{"rendered":"Fabricaci\u00f3n"},"content":{"rendered":"<p><a href=\"https:\/\/www.oceaneering.com\/es\/oceaneering-technologies\/#contact\" target=\"_self\"> Debatir un proyecto <\/a> Tecnolog\u00edas Oceaneering (OTECH)<\/p>\r\n<h1>Fabricaci\u00f3n<\/h1>\r\n<p>Precision\u00a0fabrication, welding, machining, and assembly-backed by engineering expertise.\u00a0<\/p>\r\n<h2>Fabricaci\u00f3n de precisi\u00f3n certificada con soporte de ingenier\u00eda<\/h2>\r\n<p>We deliver high-quality, low-volume manufacturing solutions with a strong focus on precision and accuracy. Our capabilities include advanced welding, metal fabrication, close-tolerance machining, and mechanical assembly-complemented by on-site engineering support for enhanced manufacturability and performance.\u00a0<\/p>\r\n<h3>Certificaci\u00f3n ISO-9001:2015<\/h3>\r\n<p>Trabajo de precisi\u00f3n garantizado<\/p>\r\n<h3>CUI-Compliant<\/h3>\r\n<p>De conformidad con DFARS 252.204-7012<\/p>\r\n<h3>Programas certificados de soldadura<\/h3>\r\n<p>Cumple las normas AWS, ABS y ASTM<\/p>\r\n<h2>Certificaciones<\/h2>\r\n<ul>\r\n<li><a href=\"https:\/\/www.aws.org\/\" target=\"_blank\" rel=\"noopener\">Sociedad Americana de Soldadura (AWS)<\/a><\/li>\r\n<li><a href=\"https:\/\/ww2.eagle.org\/en.html\" target=\"_blank\" rel=\"noopener\">Oficina Americana de Navegaci\u00f3n (ABS)<\/a><\/li>\r\n<li><a href=\"https:\/\/www.astm.org\/\" target=\"_blank\" rel=\"noopener\">Sociedad Americana de Pruebas y Materiales (ASTM)<\/a><\/li>\r\n<\/ul>\r\n<p><img loading=\"lazy\" decoding=\"async\" title=\"_51A0198-editado\" src=\"https:\/\/www.oceaneering.com\/wp-content\/uploads\/2025\/05\/51A0198-edited.jpg\" alt=\"_51A0198-edited\" width=\"1920\" height=\"1280\" \/><\/p>\r\n<h2>Fabricaci\u00f3n colaborativa para soluciones m\u00e1s inteligentes<\/h2>\r\n<p>Nuestras instalaciones de fabricaci\u00f3n permiten la colaboraci\u00f3n en tiempo real entre nuestros ingenieros, clientes y equipos de producci\u00f3n cualificados. Este enfoque integrado garantiza un mejor dise\u00f1o para la fabricaci\u00f3n, una resoluci\u00f3n de problemas m\u00e1s r\u00e1pida y una mayor rentabilidad.\u00a0<\/p>\r\n<h2>Capacidades clave<\/h2>\r\n<p><img loading=\"lazy\" decoding=\"async\" title=\"MetalurgiaCncFresadoM\u00e1quinaCorteMetalTecnolog\u00eda moderna\" src=\"https:\/\/www.oceaneering.com\/wp-content\/uploads\/2025\/06\/shutterstock_383152465-CNC.jpg\" alt=\"etalworking Computer Numerical Control (CNC) milling machine.\" width=\"3000\" height=\"2000\" \/><\/p>\r\n<h3>Taller mec\u00e1nico<\/h3>\r\n<ul>\r\n<li>Fresado de control num\u00e9rico por ordenador (CNC) de 3 y 4 ejes (vertical y horizontal)<\/li>\r\n<li>Operaciones de torno CNC<\/li>\r\n<li>Mesas de chorro de agua y antorchas de plasma CNC<\/li>\r\n<li>Maquinistas cualificados con experiencia en la fabricaci\u00f3n de piezas complejas en varias configuraciones.<\/li>\r\n<\/ul>\r\n<p><img loading=\"lazy\" decoding=\"async\" title=\"19JR-129\" src=\"https:\/\/www.oceaneering.com\/wp-content\/uploads\/2025\/06\/19JR-129.jpg\" alt=\"Certified welder performing precision welding on metal fabrication project.\" width=\"1920\" height=\"1280\" \/><\/p>\r\n<h3>Soldadura certificada<\/h3>\r\n<ul>\r\n<li>Los soldadores cualificados para el proceso cumplen las normas AWS, ABS y las especificaciones militares<\/li>\r\n<li>Experiencia en acero al carbono, acero inoxidable, aluminio y aleaciones ex\u00f3ticas<\/li>\r\n<li>C\u00e9lulas de trabajo flexibles con soporte de puente gr\u00faa para fabricaciones pesadas o de gran tama\u00f1o<\/li>\r\n<\/ul>\r\n<p><img loading=\"lazy\" decoding=\"async\" title=\"TheInspectorIsTestingWithMagneticParticleInspectionMethodTo\" src=\"https:\/\/www.oceaneering.com\/wp-content\/uploads\/2025\/06\/shutterstock_1978203392-scaled.jpg\" alt=\"Non-Destructive Test (NDT) inspector is using the magnetic particle inspection method to test welds on a pressure vessel.\" width=\"3000\" height=\"2000\" \/><\/p>\r\n<h3>Ensayos no destructivos (END)<\/h3>\r\n<ul>\r\n<li>Inspectores de nivel II certificados por AWS<\/li>\r\n<li>Pruebas con l\u00edquidos penetrantes, part\u00edculas magn\u00e9ticas y ultrasonidos<\/li>\r\n<\/ul>\r\n<p><img loading=\"lazy\" decoding=\"async\" title=\"IngenieroUtilizaM\u00e1quinaDeMedirDeCmmEnF\u00e1bricaCon\" src=\"https:\/\/www.oceaneering.com\/wp-content\/uploads\/2025\/06\/shutterstock_2593278521-scaled.jpg\" alt=\"1.jpg] Female engineer uses Coordinate Measuring Machine (CMM).\" width=\"3000\" height=\"1688\" \/><\/p>\r\n<h3>Control de calidad de precisi\u00f3n<\/h3>\r\n<ul>\r\n<li>Inspecci\u00f3n durante el proceso con retrasos m\u00ednimos en la producci\u00f3n<\/li>\r\n<li>Herramientas de \u00faltima generaci\u00f3n, incluidas m\u00e1quinas de medici\u00f3n por coordenadas (MMC) y sistemas de seguimiento l\u00e1ser<\/li>\r\n<li>Personal dedicado al control de calidad para garantizar que cada componente cumple las especificaciones exactas<\/li>\r\n<\/ul>\r\n<h1>Contacte con nosotros<\/h1>\r\n<h2>Nuestro equipo de expertos est\u00e1 listo para ayudarle a empezar.<\/h2>\r\n<p>Oceaneering ofrece los mejores productos y soluciones de su clase, respaldados por una calidad, fiabilidad y asistencia global inigualables. Rellene el formulario de consulta para iniciar una conversaci\u00f3n hoy mismo.<\/p>","protected":false},"excerpt":{"rendered":"<p>Ofrecemos soluciones de fabricaci\u00f3n precisas y fiables para proyectos de cualquier tama\u00f1o o complejidad. Nuestras capacidades internas incluyen mecanizado de precisi\u00f3n, fabricaci\u00f3n, montaje y soldaduras a gran escala. <\/p>","protected":false},"author":25,"featured_media":75980,"parent":2402,"menu_order":0,"comment_status":"closed","ping_status":"closed","template":"","meta":{"_acf_changed":false,"footnotes":"","_links_to":"","_links_to_target":""},"product_category":[1461],"search_tags":[2149,1489],"class_list":["post-76037","page","type-page","status-publish","has-post-thumbnail","product_category-oceaneering-technologies-otech","search_tags-manufacturing","search_tags-otech"],"acf":[],"aioseo_notices":[],"_links":{"self":[{"href":"https:\/\/www.oceaneering.com\/es\/wp-json\/wp\/v2\/pages\/76037","targetHints":{"allow":["GET"]}}],"collection":[{"href":"https:\/\/www.oceaneering.com\/es\/wp-json\/wp\/v2\/pages"}],"about":[{"href":"https:\/\/www.oceaneering.com\/es\/wp-json\/wp\/v2\/types\/page"}],"author":[{"embeddable":true,"href":"https:\/\/www.oceaneering.com\/es\/wp-json\/wp\/v2\/users\/25"}],"replies":[{"embeddable":true,"href":"https:\/\/www.oceaneering.com\/es\/wp-json\/wp\/v2\/comments?post=76037"}],"version-history":[{"count":0,"href":"https:\/\/www.oceaneering.com\/es\/wp-json\/wp\/v2\/pages\/76037\/revisions"}],"up":[{"embeddable":true,"href":"https:\/\/www.oceaneering.com\/es\/wp-json\/wp\/v2\/pages\/2402"}],"wp:featuredmedia":[{"embeddable":true,"href":"https:\/\/www.oceaneering.com\/es\/wp-json\/wp\/v2\/media\/75980"}],"wp:attachment":[{"href":"https:\/\/www.oceaneering.com\/es\/wp-json\/wp\/v2\/media?parent=76037"}],"wp:term":[{"taxonomy":"product_category","embeddable":true,"href":"https:\/\/www.oceaneering.com\/es\/wp-json\/wp\/v2\/product_category?post=76037"},{"taxonomy":"search_tags","embeddable":true,"href":"https:\/\/www.oceaneering.com\/es\/wp-json\/wp\/v2\/search_tags?post=76037"}],"curies":[{"name":"wp","href":"https:\/\/api.w.org\/{rel}","templated":true}]}}