{"id":76001,"date":"2025-06-23T05:20:52","date_gmt":"2025-06-23T10:20:52","guid":{"rendered":"https:\/\/www.oceaneering.com\/?page_id=76001"},"modified":"2026-05-07T01:37:29","modified_gmt":"2026-05-07T06:37:29","slug":"hyperbaric-systems","status":"publish","type":"page","link":"https:\/\/www.oceaneering.com\/es\/oceaneering-technologies\/hyperbaric-systems\/","title":{"rendered":"Sistemas hiperb\u00e1ricos"},"content":{"rendered":"<p><a href=\"https:\/\/www.oceaneering.com\/es\/oceaneering-technologies\/#contact\" target=\"_self\"> Debatir un proyecto <\/a> Tecnolog\u00edas Oceaneering (OTECH)<\/p>\r\n<h1>Sistemas hiperb\u00e1ricos<\/h1>\r\n<p>Suministro de sistemas hiperb\u00e1ricos centrados en la ocupaci\u00f3n humana segura mediante dise\u00f1os avanzados hombre-m\u00e1quina concebidos para optimizar el funcionamiento, la entrada y salida, y el mantenimiento.<\/p>\r\n<h2>Ingenier\u00eda para el extremo<\/h2>\r\n<p>We specialize in engineering solutions for the most demanding underwater environments. From concept development and design to fabrication, testing, maintenance, and modernization, our team delivers\u00a0peak performance, uncompromising safety, and proven reliability-no matter the challenge.<\/p>\r\n<p><img loading=\"lazy\" decoding=\"async\" title=\"2022-HSP-Contraportada-Alternativa-editada\" src=\"https:\/\/www.oceaneering.com\/wp-content\/uploads\/2025\/05\/2022-HSP-Back-Pg-Alternate-edited.jpg\" alt=\"Oceaneering diving bell and diver underwater.\" width=\"1920\" height=\"2342\" \/><\/p>\r\n<h2>Nuestras capacidades<\/h2>\r\n<h3>Soluciones de rescate submarino<\/h3>\r\n<p>Experiencia demostrada, recursos globales y tecnolog\u00eda probada sobre el terreno para el rescate de submarinos.<\/p>\r\n<h3>Sumergibles, h\u00e1bitats y sistemas de inmersi\u00f3n<\/h3>\r\n<p>Sistemas avanzados para operaciones submarinas seguras y eficaces.<\/p>\r\n<h3>Recipientes a presi\u00f3n para ocupaci\u00f3n humana (PVHO)<\/h3>\r\n<p>Dise\u00f1ado para ofrecer la m\u00e1xima seguridad y cumplir normas estrictas.<\/p>\r\n<h3>Sistemas de soporte vital y control medioambiental<\/h3>\r\n<p>Gesti\u00f3n fiable del gas respirable y del medio ambiente para misiones submarinas sostenidas.<\/p>\r\n<h3>Estructuras y sistemas de apoyo submarinos\u00a0<\/h3>\r\n<p>Soluciones s\u00f3lidas adaptadas a necesidades operativas espec\u00edficas.\u00a0<\/p>\r\n<h3>Sistemas el\u00e9ctricos y electr\u00f3nicos<\/h3>\r\n<p>Tecnolog\u00edas integradas de control, supervisi\u00f3n y comunicaci\u00f3n.<\/p>\r\n<h1>Contacte con nosotros<\/h1>\r\n<h2>Nuestro equipo de expertos est\u00e1 listo para ayudarle a empezar.<\/h2>\r\n<p>Oceaneering ofrece los mejores productos y soluciones de su clase, respaldados por una calidad, fiabilidad y asistencia global inigualables. Rellene el formulario de consulta para iniciar una conversaci\u00f3n hoy mismo.<\/p>","protected":false},"excerpt":{"rendered":"<p>Con m\u00e1s de seis d\u00e9cadas de experiencia, nuestro equipo multidisciplinar de ingenieros, operadores y buceadores dise\u00f1a, construye y opera sistemas hiperb\u00e1ricos fiables para operaciones submarinas tripuladas.   <\/p>","protected":false},"author":25,"featured_media":75979,"parent":2402,"menu_order":0,"comment_status":"closed","ping_status":"closed","template":"","meta":{"_acf_changed":false,"footnotes":"","_links_to":"","_links_to_target":""},"product_category":[1461],"search_tags":[2150,1489],"class_list":["post-76001","page","type-page","status-publish","has-post-thumbnail","product_category-oceaneering-technologies-otech","search_tags-hyperbaric-systems","search_tags-otech"],"acf":[],"aioseo_notices":[],"_links":{"self":[{"href":"https:\/\/www.oceaneering.com\/es\/wp-json\/wp\/v2\/pages\/76001","targetHints":{"allow":["GET"]}}],"collection":[{"href":"https:\/\/www.oceaneering.com\/es\/wp-json\/wp\/v2\/pages"}],"about":[{"href":"https:\/\/www.oceaneering.com\/es\/wp-json\/wp\/v2\/types\/page"}],"author":[{"embeddable":true,"href":"https:\/\/www.oceaneering.com\/es\/wp-json\/wp\/v2\/users\/25"}],"replies":[{"embeddable":true,"href":"https:\/\/www.oceaneering.com\/es\/wp-json\/wp\/v2\/comments?post=76001"}],"version-history":[{"count":1,"href":"https:\/\/www.oceaneering.com\/es\/wp-json\/wp\/v2\/pages\/76001\/revisions"}],"predecessor-version":[{"id":83619,"href":"https:\/\/www.oceaneering.com\/es\/wp-json\/wp\/v2\/pages\/76001\/revisions\/83619"}],"up":[{"embeddable":true,"href":"https:\/\/www.oceaneering.com\/es\/wp-json\/wp\/v2\/pages\/2402"}],"wp:featuredmedia":[{"embeddable":true,"href":"https:\/\/www.oceaneering.com\/es\/wp-json\/wp\/v2\/media\/75979"}],"wp:attachment":[{"href":"https:\/\/www.oceaneering.com\/es\/wp-json\/wp\/v2\/media?parent=76001"}],"wp:term":[{"taxonomy":"product_category","embeddable":true,"href":"https:\/\/www.oceaneering.com\/es\/wp-json\/wp\/v2\/product_category?post=76001"},{"taxonomy":"search_tags","embeddable":true,"href":"https:\/\/www.oceaneering.com\/es\/wp-json\/wp\/v2\/search_tags?post=76001"}],"curies":[{"name":"wp","href":"https:\/\/api.w.org\/{rel}","templated":true}]}}