{"id":75376,"date":"2025-03-13T05:52:41","date_gmt":"2025-03-13T10:52:41","guid":{"rendered":"https:\/\/www.oceaneering.com\/?page_id=75376"},"modified":"2025-06-30T06:51:26","modified_gmt":"2025-06-30T11:51:26","slug":"pressure-systems","status":"publish","type":"page","link":"https:\/\/www.oceaneering.com\/es\/asset-integrity-management\/pressure-systems\/","title":{"rendered":"Sistemas de presi\u00f3n"},"content":{"rendered":"<a href=\"\/es\/asset-integrity\/#contact\" target=\"_self\">\n\t\t\t\t\t\t\tDebatir un proyecto\n\t\t\t\t\t<\/a>\n\t\tIntegridad de los activos \n<h1>\n\t\tSistemas de presi\u00f3n\n\t<\/h1>\n\t<p>Mitigue los riesgos, prolongue la vida \u00fatil de los activos y garantice la fiabilidad de sus sistemas de presi\u00f3n marinos y terrestres.<\/p>\n<h2>\n\t\tReduzca las paradas imprevistas y los riesgos para la seguridad \n\t<\/h2>\n\t<p>Transforme la forma de garantizar la conformidad de sus sistemas de presi\u00f3n pasando de un enfoque de gesti\u00f3n de la integridad reactivo a otro proactivo. Utilizamos servicios integrados basados en datos para ayudarle a optimizar la planificaci\u00f3n de las inspecciones y centrar los recursos donde m\u00e1s se necesitan.<\/p>\n<h2>\n\t\tServicios de integridad a medida para sistemas a presi\u00f3n\n\t<\/h2>\n\t<p>Utilice nuestra experiencia en corrosi\u00f3n, operaciones e inspecci\u00f3n, con el apoyo de herramientas de software para identificar, evaluar y mitigar los riesgos en sus equipos de sistemas de presi\u00f3n cr\u00edticos.<\/p>\n\t\t\t<h3>Inspecci\u00f3n basada en el riesgo (RBI) y evaluaciones de integridad<\/h3>\t\t\t\n\t\t\t\t<p>Priorice las inspecciones, minimice el tiempo de inactividad y garantice el cumplimiento de la normativa con evaluaciones de riesgos basadas en datos.<\/p>\n\t\t\t<h3>Gesti\u00f3n del ciclo de vida y extensi\u00f3n de la vida \u00fatil de los activos<\/h3>\t\t\t\n\t\t\t\t<p>Orientaci\u00f3n estrat\u00e9gica sobre el envejecimiento de las infraestructuras, las modificaciones y la planificaci\u00f3n del desmantelamiento.<\/p>\n\t\t\t<h3>Inspecci\u00f3n no intrusiva y vigilancia avanzada<\/h3>\t\t\t\n\t\t\t\t<p>Realizar evaluaciones de NII para determinar las t\u00e9cnicas de inspecci\u00f3n y supervisi\u00f3n m\u00e1s adecuadas, incluidos drones y an\u00e1lisis predictivos.<\/p>\n\t\t\t<h3>Soluciones a medida<\/h3>\t\t\t\n\t\t\t\t<p>Cumpla los requisitos de RBI de sus equipos con dise\u00f1os especializados, condiciones de funcionamiento variadas y requisitos normativos espec\u00edficos de empresas y regiones.<\/p>\n\t\t\t<h3>Aptitud para el servicio (FFS) y an\u00e1lisis de fallos<\/h3>\t\t\t\n\t\t\t\t<p>Utilice el an\u00e1lisis de elementos finitos (FEA), la din\u00e1mica de fluidos computacional (CFD) y la supervisi\u00f3n en tiempo real para evaluar la integridad estructural, predecir fallos y recomendar tareas de mantenimiento.<\/p>\n\t\t\t<h3>Gesti\u00f3n de la corrosi\u00f3n y la degradaci\u00f3n de materiales<\/h3>\t\t\t\n\t\t\t\t<p>Mitigar <a href=\"https:\/\/www.oceaneering.com\/es\/corrosion-management\/\">riesgos de corrosi\u00f3n interna y externa<\/a> optimizando al mismo tiempo la selecci\u00f3n de materiales y las estrategias de protecci\u00f3n cat\u00f3dica.<\/p>\n\t\t\t\t<img loading=\"lazy\" decoding=\"async\" src=\"https:\/\/www.oceaneering.com\/wp-content\/uploads\/2024\/05\/Measuring-Risk.jpg\" alt=\"Man using laptop to measure risk\" itemprop=\"image\" height=\"1280\" width=\"1920\" title=\"Medici\u00f3n del riesgo\" onerror=\"this.style.display='none'\"  \/>\n<h3>\n\t\tINFORM\u2122 Software Suite\n\t<\/h3>\n\t<p>Nuestro paquete de software INFORM\u2122 integra an\u00e1lisis avanzados, informaci\u00f3n de gemelos digitales y marcos personalizables de inspecci\u00f3n basada en el riesgo (RBI) para mejorar la gesti\u00f3n de sus activos. Los m\u00f3dulos de la plataforma combinan monitoreo en tiempo real, capacidades de mantenimiento predictivo e interfaces f\u00e1ciles de usar para optimizar el an\u00e1lisis de datos y la toma de decisiones.<\/p>\n\t\t\t<a href=\"https:\/\/www.oceaneering.com\/es\/asset-integrity-management\/digitizing-integrity\/\" target=\"_self\">\n\t\t\t\t\t\t\tM\u00e1s informaci\u00f3n\n\t\t\t<\/a>\n\t\t\t\t<img loading=\"lazy\" decoding=\"async\" src=\"https:\/\/www.oceaneering.com\/wp-content\/uploads\/2025\/04\/NDT.jpg\" alt=\"NDT Testing\" itemprop=\"image\" height=\"1282\" width=\"1920\" title=\"Ensayos END\" onerror=\"this.style.display='none'\"  \/>\n<h3>\n\t\tServicios de inspecci\u00f3n\n\t<\/h3>\n\t<p>Nuestros servicios de inspecci\u00f3n de sistemas a presi\u00f3n utilizan t\u00e9cnicas avanzadas de ensayos no destructivos (END), incluidas herramientas de radiograf\u00eda y ultrasonidos, para evaluar la integridad estructural, detectar la corrosi\u00f3n y supervisar el estado de sus activos.<\/p>\n\t\t\t<a href=\"https:\/\/www.oceaneering.com\/es\/asset-integrity-management\/inspection\/\" target=\"_self\">\n\t\t\t\t\t\t\tM\u00e1s informaci\u00f3n\n\t\t\t<\/a>\n\t\t\t\t\t\t\t\t\t<h3>Probado en campo. L\u00edder en el sector.<\/h3>\n\t\t\t\t\t\t\t\t\t<p>Lea nuestros estudios de casos en los que se detalla nuestra experiencia trabajando con sistemas a presi\u00f3n. <\/p>\n\t\t\t\t\t\t<a href=\"https:\/\/www.oceaneering.com\/es\/resources\/?_content_types=case-study\" target=\"_self\">\n\t\t\t\t\t\t\t\tVer todos los casos pr\u00e1cticos\t\t\t\t\t\t\t\n\t\t\t\t\t\t\t\t\t\t\t\t\t<\/a>\n\t\t\t\t\t\t<button>\n\t\t\t\t\t\t\tAnterior\n\t\t\t\t\t\t<\/button>\n\t\t\t\t\t\t<button>\n\t\t\t\t\t\t\tSiguiente\n\t\t\t\t\t\t<\/button>\n\t\t\t\t\t\t\t<a href=\"https:\/\/www.oceaneering.com\/es\/case-studies\/oceaneering-completes-non-intrusive-inspection-of-pressure-vessels-for-north-sea-operator\/\">\n\t\t\t\t\t\t\t\t\t\t<img decoding=\"async\" src=\"https:\/\/www.oceaneering.com\/wp-content\/uploads\/2023\/11\/Case-Study-Non-Intrusive-Inspection-of-Pressure-Vessels-1.jpeg\" alt=\"\"\/>\n\t\t\t\t\t\t\t\t\t\t<h3>Oceaneering completa la inspecci\u00f3n no intrusiva de buques a presi\u00f3n para un operador del Mar del Norte<\/h3>\n\t\t\t\t\t\t\t\t\t\t<h3>Oceaneering completa la inspecci\u00f3n no intrusiva de buques a presi\u00f3n para un operador del Mar del Norte<\/h3>\n\t\t\t\t\t\t\t\t\t\t\t\t\t\t\t\t\t\t\t\t\t<p>A mediados de 2021, Oceaneering inici\u00f3 un proyecto de 18 meses para completar los servicios de inspecci\u00f3n no intrusiva (NII) como parte de...<\/p>\n\t\t\t\t\t\t\t\t\t\t\tM\u00e1s informaci\u00f3n\n\t\t\t\t\t\t\t<\/a>\n\t\t\t\t\t\t\t<a href=\"https:\/\/www.oceaneering.com\/es\/case-studies\/applying-a-generic-approach-to-risk-based-inspection-of-pressure-systems-in-northwest-africa\/\">\n\t\t\t\t\t\t\t\t\t\t<img decoding=\"async\" src=\"https:\/\/www.oceaneering.com\/wp-content\/uploads\/2022\/06\/Risk-Based-Inspection-1.jpeg\" alt=\"\"\/>\n\t\t\t\t\t\t\t\t\t\t<h3>Aplicaci\u00f3n de un enfoque gen\u00e9rico a la inspecci\u00f3n basada en el riesgo de los sistemas de presi\u00f3n en el noroeste de \u00c1frica<\/h3>\n\t\t\t\t\t\t\t\t\t\t<h3>Aplicaci\u00f3n de un enfoque gen\u00e9rico a la inspecci\u00f3n basada en el riesgo de los sistemas de presi\u00f3n en el noroeste de \u00c1frica<\/h3>\n\t\t\t\t\t\t\t\t\t\t\t\t\t\t\t\t\t\t\t\t\t<p>La aplicaci\u00f3n de un enfoque tradicional de inspecci\u00f3n basada en el riesgo (RBI) suele requerir mucho tiempo y mano de obra. Oceaneering estaba...<\/p>\n\t\t\t\t\t\t\t\t\t\t\tM\u00e1s informaci\u00f3n\n\t\t\t\t\t\t\t<\/a>\n\t\t\t\t\t\t\t<a href=\"https:\/\/www.oceaneering.com\/es\/case-studies\/oceaneering-enables-safe-continued-production-by-mitigating-the-risk-of-fatigue-on-a-thermowell\/\">\n\t\t\t\t\t\t\t\t\t\t<img decoding=\"async\" src=\"https:\/\/www.oceaneering.com\/wp-content\/uploads\/2020\/01\/pressure-systems.jpg\" alt=\"\"\/>\n\t\t\t\t\t\t\t\t\t\t<h3>Oceaneering reduce el riesgo de fatiga en un termopozo para garantizar la seguridad y la continuidad de la producci\u00f3n<\/h3>\n\t\t\t\t\t\t\t\t\t\t<h3>Oceaneering reduce el riesgo de fatiga en un termopozo para garantizar la seguridad y la continuidad de la producci\u00f3n<\/h3>\n\t\t\t\t\t\t\t\t\t\t\tM\u00e1s informaci\u00f3n\n\t\t\t\t\t\t\t<\/a>\n\t\t\t\t\t\t\t<a href=\"https:\/\/www.oceaneering.com\/es\/case-studies\/oceaneering-ensures-integrity-of-pressurized-well-pad-equipment-for-an-onshore-operator-in-texas\/\">\n\t\t\t\t\t\t\t\t\t\t<img decoding=\"async\" src=\"https:\/\/www.oceaneering.com\/wp-content\/uploads\/2019\/09\/Of-Pressurized-Well-Pad.jpg\" alt=\"\"\/>\n\t\t\t\t\t\t\t\t\t\t<h3>Oceaneering garantiza la integridad de los equipos presurizados de la plataforma de un pozo para un operador terrestre en Texas<\/h3>\n\t\t\t\t\t\t\t\t\t\t<h3>Oceaneering garantiza la integridad de los equipos presurizados de la plataforma de un pozo para un operador terrestre en Texas<\/h3>\n\t\t\t\t\t\t\t\t\t\t\tM\u00e1s informaci\u00f3n\n\t\t\t\t\t\t\t<\/a>\n<h1>\n\t\tContacte con nosotros\n\t<\/h1>\n<h2>\n\t\tNuestro equipo de expertos est\u00e1 listo para ayudarle a empezar.\n\t<\/h2>\n\t<p>Oceaneering ofrece los mejores productos y soluciones de su clase, respaldados por una calidad, fiabilidad y asistencia global inigualables. Rellene el formulario de consulta para iniciar una conversaci\u00f3n hoy mismo.<\/p>","protected":false},"excerpt":{"rendered":"<p>Discuta un proyecto Integridad de los activos Sistemas de presi\u00f3n Mitigue los riesgos, prolongue la vida \u00fatil de los activos y garantice la confiabilidad de sus sistemas de presi\u00f3n en tierra y mar adentro. Reduzca las paradas no planificadas y los riesgos de seguridad Transforme la forma en que garantiza el cumplimiento de sus sistemas de presi\u00f3n pasando de un enfoque reactivo a uno proactivo de gesti\u00f3n de la integridad. Utilizamos servicios integrados basados en datos para... <a title=\"Sistemas de presi\u00f3n\" class=\"read-more\" href=\"https:\/\/www.oceaneering.com\/es\/asset-integrity-management\/pressure-systems\/\" aria-label=\"M\u00e1s informaci\u00f3n sobre Pressure Systems\">Seguir leyendo<\/a><\/p>","protected":false},"author":25,"featured_media":0,"parent":59710,"menu_order":0,"comment_status":"closed","ping_status":"closed","template":"","meta":{"_acf_changed":false,"footnotes":"","_links_to":"","_links_to_target":""},"product_category":[1205],"search_tags":[],"class_list":["post-75376","page","type-page","status-publish","product_category-asset-integrity-management"],"acf":[],"aioseo_notices":[],"_links":{"self":[{"href":"https:\/\/www.oceaneering.com\/es\/wp-json\/wp\/v2\/pages\/75376","targetHints":{"allow":["GET"]}}],"collection":[{"href":"https:\/\/www.oceaneering.com\/es\/wp-json\/wp\/v2\/pages"}],"about":[{"href":"https:\/\/www.oceaneering.com\/es\/wp-json\/wp\/v2\/types\/page"}],"author":[{"embeddable":true,"href":"https:\/\/www.oceaneering.com\/es\/wp-json\/wp\/v2\/users\/25"}],"replies":[{"embeddable":true,"href":"https:\/\/www.oceaneering.com\/es\/wp-json\/wp\/v2\/comments?post=75376"}],"version-history":[{"count":0,"href":"https:\/\/www.oceaneering.com\/es\/wp-json\/wp\/v2\/pages\/75376\/revisions"}],"up":[{"embeddable":true,"href":"https:\/\/www.oceaneering.com\/es\/wp-json\/wp\/v2\/pages\/59710"}],"wp:attachment":[{"href":"https:\/\/www.oceaneering.com\/es\/wp-json\/wp\/v2\/media?parent=75376"}],"wp:term":[{"taxonomy":"product_category","embeddable":true,"href":"https:\/\/www.oceaneering.com\/es\/wp-json\/wp\/v2\/product_category?post=75376"},{"taxonomy":"search_tags","embeddable":true,"href":"https:\/\/www.oceaneering.com\/es\/wp-json\/wp\/v2\/search_tags?post=75376"}],"curies":[{"name":"wp","href":"https:\/\/api.w.org\/{rel}","templated":true}]}}