{"id":75359,"date":"2025-03-12T07:52:37","date_gmt":"2025-03-12T12:52:37","guid":{"rendered":"https:\/\/www.oceaneering.com\/?page_id=75359"},"modified":"2025-06-30T07:00:50","modified_gmt":"2025-06-30T12:00:50","slug":"storage-tanks-and-associated-pipework","status":"publish","type":"page","link":"https:\/\/www.oceaneering.com\/es\/asset-integrity-management\/storage-tanks-and-associated-pipework\/","title":{"rendered":"Dep\u00f3sitos de almacenamiento y tuber\u00edas asociadas"},"content":{"rendered":"<a href=\"\/es\/asset-integrity\/#contact\" target=\"_self\">\n\t\t\t\t\t\t\tDebatir un proyecto\n\t\t\t\t\t<\/a>\n\t\tIntegridad de los activos \n<h1>\n\t\tDep\u00f3sitos de almacenamiento y tuber\u00edas asociadas \n\t<\/h1>\n\t<p>Combine tecnolog\u00edas avanzadas de ensayos no destructivos con conocimientos expertos de ingenier\u00eda para minimizar los riesgos, optimizar la planificaci\u00f3n del mantenimiento y garantizar la seguridad y longevidad de sus tanques de almacenamiento atmosf\u00e9rico y tuber\u00edas asociadas.<\/p>\n<h2>\n\t\tIntegrado, completo y rentable.\n\t<\/h2>\n\t<p>Cumpla los requisitos exclusivos de sus operaciones con nuestros ingenieros de integridad certificados por EEMUA y API. Ofrecemos programas de integridad de tanques de almacenamiento atmosf\u00e9rico y de inspecci\u00f3n aguas abajo l\u00edderes en el sector para equipar a sus equipos con los datos necesarios para tomar decisiones informadas.<\/p>\n<h2>\n\t\tOptimizar la integridad y las inspecciones\n\t<\/h2>\n\t<p>Garantice la seguridad, la conformidad y la longevidad de los activos con una planificaci\u00f3n de inspecciones espec\u00edfica y m\u00e9todos de evaluaci\u00f3n avanzados. Nuestro enfoque integra inspecciones basadas en el riesgo, planes adaptados a la normativa y diagn\u00f3sticos de vanguardia para apoyar decisiones de mantenimiento y reparaci\u00f3n m\u00e1s inteligentes a lo largo del ciclo de vida de los activos.<\/p>\n\t\t\t<h3>Inspecci\u00f3n basada en el riesgo (RBI) Planificaci\u00f3n y esquemas de examen escrito (WSE)<\/h3>\t\t\t\n\t\t\t\t<p>Llevar a cabo evaluaciones RBI para identificar los requisitos e intervalos de inspecci\u00f3n \u00f3ptimos que se integran en los WSE exhaustivos.<\/p>\n\t\t\t<h3>Metodolog\u00eda de inspecci\u00f3n y reparaci\u00f3n de dep\u00f3sitos<\/h3>\t\t\t\n\t\t\t\t<p>Garantizar el cumplimiento de metodolog\u00edas acordes con los requisitos de API 650\/653, BS EN:14015 y EEMUA 159.<\/p>\n\t\t\t<h3>Planificaci\u00f3n del mantenimiento y las reparaciones<\/h3>\t\t\t\n\t\t\t\t<p>Optimice la programaci\u00f3n y el gasto con estrategias acordes con su empresa y las normas mundiales.<\/p>\n\t\t\t<h3>END visual integrado y examen avanzado<\/h3>\t\t\t\n\t\t\t\t<p>Transforme la eficacia de las inspecciones con equipos multidisciplinares experimentados en la recopilaci\u00f3n de datos de estado muy detallados.<\/p>\n\t\t\t<h3>Evaluaci\u00f3n de la aptitud para el servicio y del tiempo de vida restante<\/h3>\t\t\t\n\t\t\t\t<p>Confirme la integridad estructural y eval\u00fae la vida \u00fatil de sus tanques de almacenamiento y sistemas de tuber\u00edas.<\/p>\n\t\t\t<h3>Evaluaci\u00f3n del asentamiento de los cimientos<\/h3>\t\t\t\n\t\t\t\t<p>Detectar el movimiento de los cimientos del dep\u00f3sito, la inclinaci\u00f3n del plano y otros factores que afecten a la integridad de la estructura.<\/p>\n\t\t\t\t<img loading=\"lazy\" decoding=\"async\" src=\"https:\/\/www.oceaneering.com\/wp-content\/uploads\/2024\/11\/Tank-inspection.jpg\" alt=\"Tank inspection\" itemprop=\"image\" height=\"1080\" width=\"1920\" title=\"Inspecci\u00f3n de tanques\" onerror=\"this.style.display='none'\"  \/>\n<h2>\n\t\tExperiencia y tecnolog\u00eda de inspecci\u00f3n \n\t<\/h2>\n\t<p>Confirm the integrity of your storage tanks and pipework by collecting asset-related data with the industry&#8217;s most advanced NDT technologies. Our team includes NDT Level 3 subject matter experts who ensure the highest quality in service delivery, method validation, and operator competency<\/p>\n\t\t\t<a href=\"https:\/\/www.oceaneering.com\/es\/asset-integrity-management\/inspection\/\" target=\"_self\">\n\t\t\t\t\t\t\tM\u00e1s informaci\u00f3n\n\t\t\t\t\t<\/a>\n<h2>\n\t\tTransforme la seguridad y la calidad de los datos con inspecciones con drones \n\t<\/h2>\n\t<p>Replantee el alcance de sus inspecciones de dep\u00f3sitos con nuestras capacidades internas de inspecci\u00f3n con drones. Al eliminar la necesidad de andamios o acceso mediante cuerdas, reducimos significativamente los costes a la vez que recopilamos datos de alta calidad, lo que garantiza una evaluaci\u00f3n exhaustiva sin necesidad de que el personal entre en espacios confinados o trabaje en altura.<\/p>\n<p>La tecnolog\u00eda y el software de los drones generan mapas en 3D en tiempo real y proporcionan una trazabilidad completa de los datos, incluidos archivos de v\u00eddeo e im\u00e1genes, lo que le ayuda a cumplir los requisitos normativos y a planificar las reparaciones necesarias con eficacia.<\/p>\n\t\t\t\t<img loading=\"lazy\" decoding=\"async\" src=\"https:\/\/www.oceaneering.com\/wp-content\/uploads\/2025\/05\/Elios-Drone-System-3.jpg\" alt=\"Elios Drone System 3\" itemprop=\"image\" height=\"1650\" width=\"1841\" title=\"Sistema de drones Elios 3\" onerror=\"this.style.display='none'\"  \/>\n\t\t\t\t\t\t\t\t\t<h3>Probado en campo. L\u00edder en el sector.<\/h3>\n\t\t\t\t\t\t\t\t\t<p>Lea nuestros estudios de casos pr\u00e1cticos sobre proyectos de integridad e inspecci\u00f3n de tanques de almacenamiento que han tenido \u00e9xito.<\/p>\n\t\t\t\t\t\t<a href=\"https:\/\/www.oceaneering.com\/es\/resources\/?_content_types=case-study\" target=\"_self\">\n\t\t\t\t\t\t\t\tVer todos los casos pr\u00e1cticos\t\t\t\t\t\t\t\n\t\t\t\t\t\t\t\t\t\t\t\t\t<\/a>\n\t\t\t\t\t\t<button>\n\t\t\t\t\t\t\tAnterior\n\t\t\t\t\t\t<\/button>\n\t\t\t\t\t\t<button>\n\t\t\t\t\t\t\tSiguiente\n\t\t\t\t\t\t<\/button>\n\t\t\t\t\t\t\t<a href=\"https:\/\/www.oceaneering.com\/es\/case-studies\/atmospheric-tank-inspection-with-elios-3-drone-reduces-risk-and-cost-for-uk-client\/\">\n\t\t\t\t\t\t\t\t\t\t<img decoding=\"async\" src=\"https:\/\/www.oceaneering.com\/wp-content\/uploads\/2025\/06\/Elios-Drone-System-2.jpg\" alt=\"\"\/>\n\t\t\t\t\t\t\t\t\t\t<h3>La inspecci\u00f3n atmosf\u00e9rica de dep\u00f3sitos con el dron Elios 3 reduce riesgos y costes para un cliente brit\u00e1nico<\/h3>\n\t\t\t\t\t\t\t\t\t\t<h3>La inspecci\u00f3n atmosf\u00e9rica de dep\u00f3sitos con el dron Elios 3 reduce riesgos y costes para un cliente brit\u00e1nico<\/h3>\n\t\t\t\t\t\t\t\t\t\t\t\t\t\t\t\t\t\t\t\t\t<p>\u200b\u200bA major global energy producer was seeking a safer, more cost-effective method to conduct comprehensive internal inspection&#8230;<\/p>\n\t\t\t\t\t\t\t\t\t\t\tM\u00e1s informaci\u00f3n\n\t\t\t\t\t\t\t<\/a>\n\t\t\t\t\t\t\t<a href=\"https:\/\/www.oceaneering.com\/es\/case-studies\/analytical-assessment-eliminates-requirement-for-costly-inspection-of-distorted-bitumen-storage-tank\/\">\n\t\t\t\t\t\t\t\t\t\t<img decoding=\"async\" src=\"https:\/\/www.oceaneering.com\/wp-content\/uploads\/2025\/03\/Storage-tanks.jpg\" alt=\"\"\/>\n\t\t\t\t\t\t\t\t\t\t<h3>La evaluaci\u00f3n anal\u00edtica elimina la costosa inspecci\u00f3n de un dep\u00f3sito de bet\u00fan deformado<\/h3>\n\t\t\t\t\t\t\t\t\t\t<h3>La evaluaci\u00f3n anal\u00edtica elimina la costosa inspecci\u00f3n de un dep\u00f3sito de bet\u00fan deformado<\/h3>\n\t\t\t\t\t\t\t\t\t\t\t\t\t\t\t\t\t\t\t\t\t<p>In July 2024, extraction of a small volume of bitumen from a heated and insulated storage tank&#8230;<\/p>\n\t\t\t\t\t\t\t\t\t\t\tM\u00e1s informaci\u00f3n\n\t\t\t\t\t\t\t<\/a>\n<h1>\n\t\tContacte con nosotros\n\t<\/h1>\n<h2>\n\t\tNuestro equipo de expertos est\u00e1 listo para ayudarle a empezar.\n\t<\/h2>\n\t<p>Oceaneering ofrece los mejores productos y soluciones de su clase, respaldados por una calidad, fiabilidad y asistencia global inigualables. Rellene el formulario de consulta para iniciar una conversaci\u00f3n hoy mismo.<\/p>","protected":false},"excerpt":{"rendered":"<p>Discuss a Project Asset Integrity Storage Tanks and Associated Pipework Combine advanced non-destructive testing technologies with expert engineering insight to minimize risks, optimize maintenance planning, and ensure the safety and longevity of your atmospheric storage tanks and associated pipework. Integrated, Comprehensive, and Cost-Effective. Meet the unique requirements of your operations with our EEMUA- and API-certified &#8230; <a title=\"Dep\u00f3sitos de almacenamiento y tuber\u00edas asociadas\" class=\"read-more\" href=\"https:\/\/www.oceaneering.com\/es\/asset-integrity-management\/storage-tanks-and-associated-pipework\/\" aria-label=\"Leer m\u00e1s sobre Storage Tanks and Associated Pipework\">Seguir leyendo<\/a><\/p>","protected":false},"author":25,"featured_media":0,"parent":59710,"menu_order":0,"comment_status":"closed","ping_status":"closed","template":"","meta":{"_acf_changed":false,"footnotes":"","_links_to":"","_links_to_target":""},"product_category":[],"search_tags":[],"class_list":["post-75359","page","type-page","status-publish"],"acf":[],"aioseo_notices":[],"_links":{"self":[{"href":"https:\/\/www.oceaneering.com\/es\/wp-json\/wp\/v2\/pages\/75359","targetHints":{"allow":["GET"]}}],"collection":[{"href":"https:\/\/www.oceaneering.com\/es\/wp-json\/wp\/v2\/pages"}],"about":[{"href":"https:\/\/www.oceaneering.com\/es\/wp-json\/wp\/v2\/types\/page"}],"author":[{"embeddable":true,"href":"https:\/\/www.oceaneering.com\/es\/wp-json\/wp\/v2\/users\/25"}],"replies":[{"embeddable":true,"href":"https:\/\/www.oceaneering.com\/es\/wp-json\/wp\/v2\/comments?post=75359"}],"version-history":[{"count":0,"href":"https:\/\/www.oceaneering.com\/es\/wp-json\/wp\/v2\/pages\/75359\/revisions"}],"up":[{"embeddable":true,"href":"https:\/\/www.oceaneering.com\/es\/wp-json\/wp\/v2\/pages\/59710"}],"wp:attachment":[{"href":"https:\/\/www.oceaneering.com\/es\/wp-json\/wp\/v2\/media?parent=75359"}],"wp:term":[{"taxonomy":"product_category","embeddable":true,"href":"https:\/\/www.oceaneering.com\/es\/wp-json\/wp\/v2\/product_category?post=75359"},{"taxonomy":"search_tags","embeddable":true,"href":"https:\/\/www.oceaneering.com\/es\/wp-json\/wp\/v2\/search_tags?post=75359"}],"curies":[{"name":"wp","href":"https:\/\/api.w.org\/{rel}","templated":true}]}}