{"id":75255,"date":"2025-02-21T00:35:24","date_gmt":"2025-02-21T06:35:24","guid":{"rendered":"https:\/\/www.oceaneering.com\/?page_id=75255"},"modified":"2025-06-30T07:13:07","modified_gmt":"2025-06-30T12:13:07","slug":"corrosion-management","status":"publish","type":"page","link":"https:\/\/www.oceaneering.com\/es\/asset-integrity-management\/integrity-engineering\/corrosion-management\/","title":{"rendered":"Gesti\u00f3n de la corrosi\u00f3n"},"content":{"rendered":"<a href=\"\/es\/asset-integrity\/#contact\" target=\"_self\">\n\t\t\t\t\t\t\tDebatir un proyecto\n\t\t\t\t\t<\/a>\n<h1>\n\t\tGesti\u00f3n de la corrosi\u00f3n\n\t<\/h1>\n\t<p>Utilice la detecci\u00f3n precoz y el an\u00e1lisis predictivo para prevenir, controlar y mitigar la degradaci\u00f3n de los materiales que afectan a sus activos.<\/p>\n<h2>\n\t\tProteja sus activos  \n\t<\/h2>\n\t<p>Nuestro equipo de ingenieros especializados en corrosi\u00f3n ofrece soluciones integrales para la gesti\u00f3n de la corrosi\u00f3n en todas las fases del ciclo de vida de los activos, desde las primeras fases de dise\u00f1o y selecci\u00f3n de materiales hasta el desmantelamiento. Nuestros servicios personalizados abordan la p\u00e9rdida de metal, el agrietamiento y otros fallos relacionados con la corrosi\u00f3n que afectan a los activos utilizados en los sectores del petr\u00f3leo y el gas, nuclear, alimentario y de bebidas, de la construcci\u00f3n y del transporte. <\/p>\n<h2>\n\t\tAbordar y mitigar los riesgos de corrosi\u00f3n\n\t<\/h2>\n\t<p>Gestione eficazmente la corrosi\u00f3n para mantener la integridad y el rendimiento de sus activos. Nuestro enfoque integral combina ingenier\u00eda avanzada, an\u00e1lisis predictivo y estrategias de mitigaci\u00f3n probadas para abordar los riesgos de corrosi\u00f3n en cada etapa del ciclo de vida de los activos.<\/p>\n\t\t\t<h3>Ingenier\u00eda de selecci\u00f3n de materiales <\/h3>\t\t\t\n\t\t\t\t<p>Evaluar el rendimiento de los materiales en condiciones operativas y medioambientales para garantizar la resistencia a la corrosi\u00f3n desde el dise\u00f1o hasta el funcionamiento.<\/p>\n\t\t\t<h3>An\u00e1lisis de la causa ra\u00edz del fallo<\/h3>\t\t\t\n\t\t\t\t<p>Determinar las causas subyacentes de los fallos de corrosi\u00f3n para fundamentar estrategias de reparaci\u00f3n eficaces.<\/p>\n\t\t\t<h3>Mitigaci\u00f3n de la corrosi\u00f3n interna y externa<\/h3>\t\t\t\n\t\t\t\t<p>Estrategias centradas en la corrosi\u00f3n bajo aislamiento (CUI), la gesti\u00f3n del tramo muerto, la protecci\u00f3n cat\u00f3dica, el mantenimiento del tejido y la supervisi\u00f3n de la corrosi\u00f3n en tiempo real centradas en las Ventanas Operativas de Integridad (IOW).<\/p>\n\t\t\t<h3>Estudio de evaluaci\u00f3n de riesgos de corrosi\u00f3n (CRAS)<\/h3>\t\t\t\n\t\t\t\t<p>Realizaci\u00f3n de estudios de evaluaci\u00f3n de riesgos de corrosi\u00f3n (CRAS) combinando nuestra experiencia en la materia y las mejores pr\u00e1cticas del sector para identificar y priorizar los riesgos de corrosi\u00f3n, gestionando eficazmente el riesgo.<\/p>\n\t\t\t<h3>Inspecci\u00f3n basada en riesgos (RBI) y an\u00e1lisis predictivo<\/h3>\t\t\t\n\t\t\t\t<p>Optimice los intervalos de inspecci\u00f3n y las intervenciones espec\u00edficas, reduciendo los costes y mejorando la fiabilidad.<\/p>\n\t\t\t<h3>Evaluaci\u00f3n de la vida \u00fatil restante (RLA), aptitud para el servicio (FFS) y extensi\u00f3n de la vida \u00fatil de los activos <\/h3>\t\t\t\n\t\t\t\t<p>Utilizar c\u00f3digos y normas industriales establecidos, incorporando an\u00e1lisis detallados de elementos finitos (FEA) para garantizar el funcionamiento seguro de los activos y prevenir eficazmente los fallos recurrentes.<\/p>\n\t\t\t<h3>Documentos de Control de la Corrosi\u00f3n (DCC) y Planes de Gesti\u00f3n de la Corrosi\u00f3n (PGC)<\/h3>\t\t\t\n\t\t\t\t<p>Desarrollar y aplicar documentos completos de control de la corrosi\u00f3n (CCD) y planes de gesti\u00f3n de la corrosi\u00f3n (CMP) para garantizar la fiabilidad a largo plazo y la integridad de los activos, minimizar los riesgos de corrosi\u00f3n y respaldar operaciones seguras y fiables en cualquier fase del proyecto.<\/p>\n<h2>\n\t\tCombatir la corrosi\u00f3n con servicios integrados  \n\t<\/h2>\n\t<p>Nuestros servicios integrados y nuestra amplia experiencia nos permiten desarrollar programas completos de gesti\u00f3n de la corrosi\u00f3n adaptados a la ubicaci\u00f3n geogr\u00e1fica, las normas del sector, las condiciones medioambientales y los tipos de activos. Ofrecemos ingenier\u00eda y gesti\u00f3n de la corrosi\u00f3n junto con nuestros servicios m\u00e1s amplios de integridad, software e inspecci\u00f3n, lo que nos permite aprovechar la experiencia y la tecnolog\u00eda avanzada para optimizar el rendimiento de los activos y reducir los riesgos.<\/p>\n\t\t\t\t<img loading=\"lazy\" decoding=\"async\" src=\"https:\/\/www.oceaneering.com\/wp-content\/uploads\/2025\/05\/Vision_Split-Screen-View_no-edges-2.jpg\" alt=\"Vision_Split-Screen-View_no-edges-2\" itemprop=\"image\" height=\"1199\" width=\"1860\" title=\"Visi\u00f3n_Pantalla dividida_sin bordes-2\" onerror=\"this.style.display='none'\"  \/>\n<h3>\n\t\tINFORM\u2122 Vision, con tecnolog\u00eda GDi \n\t<\/h3>\n\t<p>La plataforma INFORM\u2122 Vision ofrece una visi\u00f3n y un control inigualables de la gesti\u00f3n de la corrosi\u00f3n mediante la visualizaci\u00f3n y el an\u00e1lisis avanzados de datos. Al proporcionar una interfaz centralizada y f\u00e1cil de usar y una tecnolog\u00eda de escaneado y modelado de \u00faltima generaci\u00f3n, Inform\u2122 Vision mejora la eficiencia operativa, reduce el tiempo de inactividad y garantiza el cumplimiento normativo, lo que la convierte en una herramienta indispensable para gestionar los complejos desaf\u00edos de la corrosi\u00f3n en diversos sectores.<\/p>\n\t\t\t<a href=\"https:\/\/www.oceaneering.com\/es\/asset-integrity-management\/integrity-management\/digital-asset-management__trashed\/inform-vision-cloud-based-3d-digital-asset-management-solution\/\" target=\"_self\">\n\t\t\t\t\t\t\tM\u00e1s informaci\u00f3n\n\t\t\t\t\t<\/a>\n\t\t\t\t<img loading=\"lazy\" decoding=\"async\" src=\"https:\/\/www.oceaneering.com\/wp-content\/uploads\/2025\/04\/NDT.jpg\" alt=\"NDT Testing\" itemprop=\"image\" height=\"1282\" width=\"1920\" title=\"Ensayos END\" onerror=\"this.style.display='none'\"  \/>\n<h3>\n\t\tIngenier\u00eda de integridad \n\t<\/h3>\n\t<p>Proteja sus activos cr\u00edticos dondequiera que opere. Desde sistemas de presi\u00f3n, tanques de almacenamiento y tuber\u00edas hasta estructuras fijas y flotantes y equipos submarinos. Utilizamos inspecciones avanzadas, informaci\u00f3n sobre datos y estrategias basadas en riesgos para reducir los fallos, prolongar la vida \u00fatil de los activos y mantener la conformidad y la operatividad. <a href=\"https:\/\/www.oceaneering.com\/es\/vibration-engineering\/\">Abordar los problemas relacionados con las vibraciones<\/a> e integrar <a href=\"https:\/\/www.oceaneering.com\/es\/condition-monitoring\/\">control de estado<\/a> sistemas para maximizar su tiempo de actividad.<\/p>\n\t\t\t<a href=\"https:\/\/www.oceaneering.com\/es\/integrity-engineering\/\" target=\"_self\">\n\t\t\t\t\t\t\tM\u00e1s informaci\u00f3n\n\t\t\t\t\t<\/a>\n<h1>\n\t\tContacte con nosotros\n\t<\/h1>\n<h2>\n\t\tNuestro equipo de expertos est\u00e1 listo para ayudarle a empezar.\n\t<\/h2>\n\t<p>Oceaneering ofrece los mejores productos y soluciones de su clase, respaldados por una calidad, fiabilidad y asistencia global inigualables. Rellene el formulario de consulta para iniciar una conversaci\u00f3n hoy mismo.<\/p>","protected":false},"excerpt":{"rendered":"<p>Discuss a Project Corrosion Management Use early detection and predictive analytics to prevent, control, and mitigate the degradation of materials affecting your assets. Protect Your Assets Our team of formally trained corrosion engineers delivers end-to-end solutions for corrosion management, addressing every stage of the asset lifecycle, from the earliest design and material selection phases to &#8230; <a title=\"Gesti\u00f3n de la corrosi\u00f3n\" class=\"read-more\" href=\"https:\/\/www.oceaneering.com\/es\/asset-integrity-management\/integrity-engineering\/corrosion-management\/\" aria-label=\"Leer m\u00e1s sobre Corrosion Management\">Seguir leyendo<\/a><\/p>","protected":false},"author":25,"featured_media":0,"parent":73888,"menu_order":0,"comment_status":"closed","ping_status":"closed","template":"","meta":{"_acf_changed":false,"footnotes":"","_links_to":"","_links_to_target":""},"product_category":[1205],"search_tags":[],"class_list":["post-75255","page","type-page","status-publish","product_category-asset-integrity-management"],"acf":[],"aioseo_notices":[],"_links":{"self":[{"href":"https:\/\/www.oceaneering.com\/es\/wp-json\/wp\/v2\/pages\/75255","targetHints":{"allow":["GET"]}}],"collection":[{"href":"https:\/\/www.oceaneering.com\/es\/wp-json\/wp\/v2\/pages"}],"about":[{"href":"https:\/\/www.oceaneering.com\/es\/wp-json\/wp\/v2\/types\/page"}],"author":[{"embeddable":true,"href":"https:\/\/www.oceaneering.com\/es\/wp-json\/wp\/v2\/users\/25"}],"replies":[{"embeddable":true,"href":"https:\/\/www.oceaneering.com\/es\/wp-json\/wp\/v2\/comments?post=75255"}],"version-history":[{"count":0,"href":"https:\/\/www.oceaneering.com\/es\/wp-json\/wp\/v2\/pages\/75255\/revisions"}],"up":[{"embeddable":true,"href":"https:\/\/www.oceaneering.com\/es\/wp-json\/wp\/v2\/pages\/73888"}],"wp:attachment":[{"href":"https:\/\/www.oceaneering.com\/es\/wp-json\/wp\/v2\/media?parent=75255"}],"wp:term":[{"taxonomy":"product_category","embeddable":true,"href":"https:\/\/www.oceaneering.com\/es\/wp-json\/wp\/v2\/product_category?post=75255"},{"taxonomy":"search_tags","embeddable":true,"href":"https:\/\/www.oceaneering.com\/es\/wp-json\/wp\/v2\/search_tags?post=75255"}],"curies":[{"name":"wp","href":"https:\/\/api.w.org\/{rel}","templated":true}]}}