{"id":75151,"date":"2025-02-14T05:24:20","date_gmt":"2025-02-14T11:24:20","guid":{"rendered":"https:\/\/www.oceaneering.com\/?page_id=75151"},"modified":"2025-10-21T03:49:48","modified_gmt":"2025-10-21T08:49:48","slug":"fixed-and-floating-structures","status":"publish","type":"page","link":"https:\/\/www.oceaneering.com\/es\/asset-integrity-management\/fixed-and-floating-structures\/","title":{"rendered":"Estructuras fijas y flotantes"},"content":{"rendered":"<p><a href=\"\/es\/asset-integrity\/#contact\" target=\"_self\"> Debatir un proyecto <\/a> Integridad de los activos<\/p>\r\n<h1>Estructuras fijas y flotantes<\/h1>\r\n<p>Garantice la integridad estructural, la eficacia operativa y el cumplimiento de las normas reglamentarias y del sector de sus activos terrestres, cercanos a la costa y mar\u00edtimos, ya sean fijos o flotantes.<\/p>\r\n<h2>Reducir el riesgo y prolongar la vida \u00fatil de los activos<\/h2>\r\n<p>Adopte estrategias de inspecci\u00f3n y mantenimiento personalizadas que se centren en los retos estructurales espec\u00edficos de sus activos. Combinando nuestra experiencia en inspecci\u00f3n y gesti\u00f3n de la integridad con conocimientos de ingenier\u00eda, podr\u00e1 garantizar que sus activos est\u00e1n en condiciones de seguir prestando servicio.<\/p>\r\n<p>&nbsp;<\/p>\r\n<h5>Estructuras de cubierta en alta mar<\/h5>\r\n<h3>Activos flotantes (Topsides y marinos)<\/h3>\r\n<h3>Estructuras para plataformas marinas<\/h3>\r\n<h3>Plantas de procesamiento de petr\u00f3leo y gas<\/h3>\r\n<h3>Instalaciones industriales en tierra<\/h3>\r\n<h3>Infraestructuras de energ\u00edas renovables<\/h3>\r\n<h2>Cumpla la normativa con una soluci\u00f3n integrada<\/h2>\r\n<p>Adopte una soluci\u00f3n verdaderamente integrada combinando nuestra experiencia en gesti\u00f3n de la integridad, an\u00e1lisis de ingenier\u00eda, inspecci\u00f3n, tecnolog\u00eda y gesti\u00f3n de la integridad del ciclo de vida estructural con nuestro alcance global, flexibilidad normativa y capacidades de digitalizaci\u00f3n.<\/p>\r\n<h3>Estrategia de inspecci\u00f3n<\/h3>\r\n<p>Desarrollo y ejecuci\u00f3n de estrategias de inspecci\u00f3n para cumplir los requisitos reglamentarios pertinentes.<\/p>\r\n<h3>Soluciones digitales<\/h3>\r\n<p>Con INFORM Vision y nuestra suite INFORM, desarrollamos Digital Twins, que permiten inspecciones remotas y de acceso limitado que reducen los riesgos para las personas a bordo.<\/p>\r\n<h3>Gesti\u00f3n de datos<\/h3>\r\n<p>Gesti\u00f3n de datos de inspecci\u00f3n y actualizaci\u00f3n de estrategias para garantizar la integridad de los datos a fin de maximizar los conocimientos y la capacidad de toma de decisiones.<\/p>\r\n<h3>Gesti\u00f3n de la integridad<\/h3>\r\n<p>Gesti\u00f3n diaria de la integridad estructural (SIM) para optimizar y ejecutar eficazmente su programa estructural.<\/p>\r\n<h3>Inspecci\u00f3n basada en el riesgo (RBI) y planificaci\u00f3n de la prolongaci\u00f3n de la vida \u00fatil<\/h3>\r\n<p>Inspecci\u00f3n basada en riesgos y evaluaciones y planificaci\u00f3n de la prolongaci\u00f3n de la vida \u00fatil para garantizar que sus activos se gestionan eficazmente.<\/p>\r\n<h3>Conformidad<\/h3>\r\n<p>Garantizar que los operadores cumplen la normativa y las normas del sector, incluidos los requisitos de clase para los activos flotantes.<\/p>\r\n<h3>Detecci\u00f3n y evaluaci\u00f3n<\/h3>\r\n<p>Detecci\u00f3n de anomal\u00edas, evaluaci\u00f3n y recomendaciones para permitir mitigaciones eficaces para mantener la integridad.<\/p>\r\n<h3>Inspecciones estructurales<\/h3>\r\n<p>Ofrecer soluciones integrales de inspecci\u00f3n de estructuras mediante drones, mini-ROV y t\u00e9cnicas avanzadas de END, y asesorar sobre las mejores soluciones para el aseguramiento de activos.<\/p>\r\n<h3>Apoyo al desmantelamiento<\/h3>\r\n<p>Apoyo a la integridad de los activos durante el desmantelamiento para garantizar que las operaciones estructurales se realizan de forma conforme, segura y rentable.<\/p>\r\n<p><img loading=\"lazy\" decoding=\"async\" title=\"Plataforma semidigital2\" src=\"https:\/\/www.oceaneering.com\/wp-content\/uploads\/2025\/06\/Platform-half-digital2.jpg\" alt=\"Platform-half-digital2\" width=\"1920\" height=\"1558\" \/> Digitalice su integridad<\/p>\r\n<h2>INFORM\u2122 Software Suite<\/h2>\r\n<p>Hemos digitalizado el bucle de inspecci\u00f3n e integridad con soluciones de software que admiten el an\u00e1lisis predictivo, automatizan y estandarizan los informes, y utilizan gemelos digitales y captura de datos m\u00f3viles para proporcionar una visi\u00f3n hol\u00edstica de sus activos.<\/p>\r\n<p>Obtenga una visibilidad operativa completa, lo que permite tomar decisiones m\u00e1s r\u00e1pidas basadas en datos que minimizan el tiempo de inactividad y optimizan la asignaci\u00f3n de recursos. Los m\u00f3dulos de nuestro paquete de software INFORM\u2122 digitalizan todo el proceso de gesti\u00f3n de la integridad para aprovechar y gestionar mejor los datos relacionados con los activos y perfeccionar la planificaci\u00f3n de futuras inspecciones.<\/p>\r\n<p><a href=\"https:\/\/www.oceaneering.com\/es\/asset-integrity-management\/digitizing-integrity\/\" target=\"_self\"> M\u00e1s informaci\u00f3n <\/a><\/p>\r\n<h1>Contacte con nosotros<\/h1>\r\n<h2>Nuestro equipo de expertos est\u00e1 listo para ayudarle a empezar.<\/h2>\r\n<p>Oceaneering ofrece los mejores productos y soluciones de su clase, respaldados por una calidad, fiabilidad y asistencia global inigualables. Rellene el formulario de consulta para iniciar una conversaci\u00f3n hoy mismo.<\/p>","protected":false},"excerpt":{"rendered":"<p>Discuss a Project Asset Integrity Fixed and Floating Structures Ensure the structural integrity, operational efficiency, and adherence to regulatory and industry standards for your onshore, nearshore, and offshore assets, whether they are fixed or floating. Reduce Risk and Extend Asset Life Adopt tailored inspection and maintenance strategies that focus on structural challenges specific to your &#8230; <a title=\"Estructuras fijas y flotantes\" class=\"read-more\" href=\"https:\/\/www.oceaneering.com\/es\/asset-integrity-management\/fixed-and-floating-structures\/\" aria-label=\"Leer m\u00e1s sobre Fixed and Floating Structures\">Seguir leyendo<\/a><\/p>","protected":false},"author":25,"featured_media":0,"parent":59710,"menu_order":0,"comment_status":"closed","ping_status":"closed","template":"","meta":{"_acf_changed":false,"footnotes":"","_links_to":"","_links_to_target":""},"product_category":[1205],"search_tags":[],"class_list":["post-75151","page","type-page","status-publish","product_category-asset-integrity-management"],"acf":[],"aioseo_notices":[],"_links":{"self":[{"href":"https:\/\/www.oceaneering.com\/es\/wp-json\/wp\/v2\/pages\/75151","targetHints":{"allow":["GET"]}}],"collection":[{"href":"https:\/\/www.oceaneering.com\/es\/wp-json\/wp\/v2\/pages"}],"about":[{"href":"https:\/\/www.oceaneering.com\/es\/wp-json\/wp\/v2\/types\/page"}],"author":[{"embeddable":true,"href":"https:\/\/www.oceaneering.com\/es\/wp-json\/wp\/v2\/users\/25"}],"replies":[{"embeddable":true,"href":"https:\/\/www.oceaneering.com\/es\/wp-json\/wp\/v2\/comments?post=75151"}],"version-history":[{"count":1,"href":"https:\/\/www.oceaneering.com\/es\/wp-json\/wp\/v2\/pages\/75151\/revisions"}],"predecessor-version":[{"id":79219,"href":"https:\/\/www.oceaneering.com\/es\/wp-json\/wp\/v2\/pages\/75151\/revisions\/79219"}],"up":[{"embeddable":true,"href":"https:\/\/www.oceaneering.com\/es\/wp-json\/wp\/v2\/pages\/59710"}],"wp:attachment":[{"href":"https:\/\/www.oceaneering.com\/es\/wp-json\/wp\/v2\/media?parent=75151"}],"wp:term":[{"taxonomy":"product_category","embeddable":true,"href":"https:\/\/www.oceaneering.com\/es\/wp-json\/wp\/v2\/product_category?post=75151"},{"taxonomy":"search_tags","embeddable":true,"href":"https:\/\/www.oceaneering.com\/es\/wp-json\/wp\/v2\/search_tags?post=75151"}],"curies":[{"name":"wp","href":"https:\/\/api.w.org\/{rel}","templated":true}]}}