{"id":75068,"date":"2025-02-10T03:47:06","date_gmt":"2025-02-10T09:47:06","guid":{"rendered":"https:\/\/www.oceaneering.com\/?page_id=75068"},"modified":"2025-06-30T06:58:59","modified_gmt":"2025-06-30T11:58:59","slug":"subsea-assets","status":"publish","type":"page","link":"https:\/\/www.oceaneering.com\/es\/asset-integrity-management\/subsea-assets\/","title":{"rendered":"Activos submarinos"},"content":{"rendered":"<a href=\"\/es\/asset-integrity\/#contact\" target=\"_self\">\n\t\t\t\t\t\t\tDebatir un proyecto\n\t\t\t\t\t<\/a>\n\t\tIntegridad de los activos\n<h1>\n\t\tActivos submarinos\n\t<\/h1>\n\t<p>Mitigue el riesgo asociado a la corrosi\u00f3n, la erosi\u00f3n, la degradaci\u00f3n de materiales, los fallos estructurales y las amenazas de terceros relacionadas con sus tuber\u00edas y estructuras submarinas.<\/p>\n<h2>\n\t\tTransforme la gesti\u00f3n de la integridad de sus activos submarinos\n\t<\/h2>\n\t<p>Aproveche nuestra experiencia y conocimientos trabajando en el entorno submarino y utilice nuestro completo conjunto de capacidades de dise\u00f1o, ingenier\u00eda y an\u00e1lisis para transformar la gesti\u00f3n de la integridad de sus activos submarinos.<\/p>\n<h2>\n\t\tGesti\u00f3n probada de la integridad del ciclo de vida\n\t<\/h2>\n\t<p>Protect your assets with our comprehensive integrity management solutions-combining risk-based inspections, cutting-edge inspection tools, and decades of subsea experience-to ensure the reliability and performance of your assets throughout their entire lifecycle.<\/p>\n\t\t\t<h3>Evaluaciones de integridad e inspecciones basadas en el riesgo (RBI)<\/h3>\t\t\t\n\t\t\t\t<p>Utilice nuestros conocimientos t\u00e9cnicos de ingenier\u00eda y nuestra amplia experiencia en la realizaci\u00f3n de inspecciones submarinas para implantar programas de RBI rentables y optimizados.<\/p>\n\t\t\t<h3>Mantenimiento basado en la ingenier\u00eda y prolongaci\u00f3n de la vida \u00fatil de los activos<\/h3>\t\t\t\n\t\t\t\t<p>Reduzca el tiempo de inactividad utilizando el an\u00e1lisis de elementos finitos (FEA) y la din\u00e1mica de fluidos computacional (CFD) para la detecci\u00f3n de anomal\u00edas, el an\u00e1lisis de idoneidad para el servicio y la planificaci\u00f3n del mantenimiento.<\/p>\n\t\t\t<h3>Sistema de gesti\u00f3n de la integridad de los oleoductos (PIMS)<\/h3>\t\t\t\n\t\t\t\t<p>We provide expert inspection planning, data analysis, risk assessment, and maintenance strategies to ensure the safe, compliant, and cost-effective operation of subsea pipelines throughout their lifecycle.\u00a0<\/p>\n\t\t\t<h3>Gesti\u00f3n de la erosi\u00f3n y la corrosi\u00f3n<\/h3>\t\t\t\n\t\t\t\t<p>Prevenga la degradaci\u00f3n y la inestabilidad de los activos con un an\u00e1lisis experto y estrategias de mitigaci\u00f3n para especialidades que incluyen la modelizaci\u00f3n avanzada de la erosi\u00f3n y la selecci\u00f3n de materiales, <a href=\"https:\/\/www.oceaneering.com\/es\/corrosion-management-and-engineering\/\">gesti\u00f3n de la corrosi\u00f3n<\/a>y optimizaci\u00f3n de la protecci\u00f3n cat\u00f3dica.<\/p>\n\t\t\t<h3>Reparaci\u00f3n de emergencia de tuber\u00edas y desarrollo de estrategias (EPRS)<\/h3>\t\t\t\n\t\t\t\t<p>Haga frente a los fallos de los activos, garantice el cumplimiento de la normativa y mejore su responsabilidad medioambiental con nuestra asistencia de respuesta r\u00e1pida y el desarrollo de estrategias de reparaci\u00f3n.<\/p>\n\t\t\t<h3>Evaluaci\u00f3n de da\u00f1os en tuber\u00edas<\/h3>\t\t\t\n\t\t\t\t<p>Proporcionar informaci\u00f3n cr\u00edtica sobre la integridad estructural de acuerdo con el Manual de evaluaci\u00f3n de defectos en tuber\u00edas (PDAM) una vez identificadas las anomal\u00edas.<\/p>\n\t\t\t\t<img loading=\"lazy\" decoding=\"async\" src=\"https:\/\/www.oceaneering.com\/wp-content\/uploads\/2025\/05\/Engineering-computing.jpg\" alt=\"Engineering-computing\" itemprop=\"image\" height=\"1688\" width=\"3000\" title=\"Ingenier\u00eda inform\u00e1tica\" onerror=\"this.style.display='none'\"  \/>\n<h2>\n\t\tIngenier\u00eda para retos complejos \n\t<\/h2>\n\t<p>Nuestro equipo mundial de ingenieros y especialistas presta asistencia ininterrumpida a clientes de los sectores de la energ\u00eda, la captura de carbono y el hidr\u00f3geno, ofreciendo soluciones de ingenier\u00eda y gesti\u00f3n de riesgos para salvaguardar activos de todos los sectores.<\/p>\n<ul>\n<li>Oleoductos mar\u00edtimos: Piggables y no piggables<\/li>\n<li>Estructuras submarinas: Colectores de extremo de tuber\u00eda (PLEM), Terminaci\u00f3n de extremo de l\u00ednea de flujo (FLET), Terminaci\u00f3n de extremo de tuber\u00eda PLET<\/li>\n<li>Contrahuellas<\/li>\n<\/ul>\n\t\t\t\t<img loading=\"lazy\" decoding=\"async\" src=\"https:\/\/www.oceaneering.com\/wp-content\/uploads\/2025\/05\/Vision_Split-Screen-View_no-edges-2.jpg\" alt=\"Vision_Split-Screen-View_no-edges-2\" itemprop=\"image\" height=\"1199\" width=\"1860\" title=\"Visi\u00f3n_Pantalla dividida_sin bordes-2\" onerror=\"this.style.display='none'\"  \/>\n<h3>\n\t\tINFORM\u2122 Software Suite\n\t<\/h3>\n\t<p>Integrate the advanced analytics, information from digital twins, and customizable risk-based inspection (RBI) frameworks included in our INFORM\u2122 Software Suite. The platform&#8217;s modules combine real-time monitoring and user-friendly interfaces to streamline data analysis and decision-making.<\/p>\n\t\t\t<a href=\"https:\/\/www.oceaneering.com\/es\/asset-integrity-management\/digitizing-integrity\/\" target=\"_self\">\n\t\t\t\t\t\t\tM\u00e1s informaci\u00f3n\n\t\t\t\t\t<\/a>\n\t\t\t\t<img loading=\"lazy\" decoding=\"async\" src=\"https:\/\/www.oceaneering.com\/wp-content\/uploads\/2023\/11\/Isurus-ROV-featured-image.jpg\" alt=\"Isurus-ROV-featured-image\" itemprop=\"image\" height=\"628\" width=\"1200\" title=\"Isurus-ROV-featured-image\" onerror=\"this.style.display='none'\"  \/>\n<h3>\n\t\tServicios de inspecci\u00f3n\n\t<\/h3>\n\t<p>Leverage the industry&#8217;s most advanced fleet of subsea robotics, innovative non-destructive testing techniques, and high-resolution imaging to support your diverse subsea inspection requirements.<\/p>\n\t\t\t<a href=\"https:\/\/www.oceaneering.com\/es\/asset-integrity-management\/inspection\/\" target=\"_self\">\n\t\t\t\t\t\t\tM\u00e1s informaci\u00f3n\n\t\t\t\t\t<\/a>\n\t\t\t\t\t\t\t\t\t<h3>Probado en campo. L\u00edder en el sector.<\/h3>\n\t\t\t\t\t\t\t\t\t<p>Lea estudios de casos que detallan c\u00f3mo hemos ayudado a nuestros clientes a garantizar la integridad de sus tuber\u00edas y estructuras submarinas. <\/p>\n\t\t\t\t\t\t<a href=\"https:\/\/www.oceaneering.com\/es\/resources\/?_content_types=case-study\" target=\"_self\">\n\t\t\t\t\t\t\t\tVer todos los casos pr\u00e1cticos\t\t\t\t\t\t\t\n\t\t\t\t\t\t\t\t\t\t\t\t\t<\/a>\n\t\t\t\t\t\t<button>\n\t\t\t\t\t\t\tAnterior\n\t\t\t\t\t\t<\/button>\n\t\t\t\t\t\t<button>\n\t\t\t\t\t\t\tSiguiente\n\t\t\t\t\t\t<\/button>\n\t\t\t\t\t\t\t<a href=\"https:\/\/www.oceaneering.com\/es\/case-studies\/risk-based-inspection-assessment-enhances-safety-and-efficiency-for-19-pipelines-in-west-africa\/\">\n\t\t\t\t\t\t\t\t\t\t<img decoding=\"async\" src=\"https:\/\/www.oceaneering.com\/wp-content\/uploads\/2024\/12\/shutterstock_371173499-edited.jpg\" alt=\"\"\/>\n\t\t\t\t\t\t\t\t\t\t<h3>La evaluaci\u00f3n de la inspecci\u00f3n basada en el riesgo mejora la seguridad y la eficacia de 19 oleoductos en \u00c1frica Occidental<\/h3>\n\t\t\t\t\t\t\t\t\t\t<h3>La evaluaci\u00f3n de la inspecci\u00f3n basada en el riesgo mejora la seguridad y la eficacia de 19 oleoductos en \u00c1frica Occidental<\/h3>\n\t\t\t\t\t\t\t\t\t\t\t\t\t\t\t\t\t\t\t\t\t<p>From December 2023 through March 2024, a team of Oceaneering pipeline and corrosion engineers completed a comprehensive&#8230;<\/p>\n\t\t\t\t\t\t\t\t\t\t\tM\u00e1s informaci\u00f3n\n\t\t\t\t\t\t\t<\/a>\n\t\t\t\t\t\t\t<a href=\"https:\/\/www.oceaneering.com\/es\/case-studies\/comprehensive-pipeline-integrity-management-in-the-north-sea\/\">\n\t\t\t\t\t\t\t\t\t\t<img decoding=\"async\" src=\"https:\/\/www.oceaneering.com\/wp-content\/uploads\/2024\/12\/shutterstock_2447240677-edited.jpg\" alt=\"\"\/>\n\t\t\t\t\t\t\t\t\t\t<h3>Gesti\u00f3n integral de la integridad de tuber\u00edas en el Mar del Norte<\/h3>\n\t\t\t\t\t\t\t\t\t\t<h3>Gesti\u00f3n integral de la integridad de tuber\u00edas en el Mar del Norte<\/h3>\n\t\t\t\t\t\t\t\t\t\t\t\t\t\t\t\t\t\t\t\t\t<p>As part of an ongoing integrated and comprehensive integrity services contract with a major client, our engineers&#8230;<\/p>\n\t\t\t\t\t\t\t\t\t\t\tM\u00e1s informaci\u00f3n\n\t\t\t\t\t\t\t<\/a>\n\t\t\t\t\t\t\t<a href=\"https:\/\/www.oceaneering.com\/es\/case-studies\/advanced-subsea-visual-metrology-solution-delivers-improved-data-quality-for-external-wall-loss-measurement\/\">\n\t\t\t\t\t\t\t\t\t\t<img decoding=\"async\" src=\"https:\/\/www.oceaneering.com\/wp-content\/uploads\/2024\/03\/ASVM-External-Pipeline-Wall-Los.jpg\" alt=\"\"\/>\n\t\t\t\t\t\t\t\t\t\t<h3>La avanzada soluci\u00f3n de metrolog\u00eda visual submarina mejora la calidad de los datos de medici\u00f3n de la p\u00e9rdida de pared externa<\/h3>\n\t\t\t\t\t\t\t\t\t\t<h3>La avanzada soluci\u00f3n de metrolog\u00eda visual submarina mejora la calidad de los datos de medici\u00f3n de la p\u00e9rdida de pared externa<\/h3>\n\t\t\t\t\t\t\t\t\t\t\t\t\t\t\t\t\t\t\t\t\t<p>In November 2023, Oceaneering was contracted by a major oil and gas operator to complete a work&#8230;<\/p>\n\t\t\t\t\t\t\t\t\t\t\tM\u00e1s informaci\u00f3n\n\t\t\t\t\t\t\t<\/a>\n\t\t\t\t\t\t\t<a href=\"https:\/\/www.oceaneering.com\/es\/case-studies\/advanced-subsea-visual-metrology-solution-provides-images-and-3d-modelling-of-exceptional-quality\/\">\n\t\t\t\t\t\t\t\t\t\t<img decoding=\"async\" src=\"https:\/\/www.oceaneering.com\/wp-content\/uploads\/2024\/02\/ROV-and-chain.jpg\" alt=\"\"\/>\n\t\t\t\t\t\t\t\t\t\t<h3>La soluci\u00f3n de metrolog\u00eda visual submarina avanzada proporciona im\u00e1genes y modelos 3D de calidad excepcional<\/h3>\n\t\t\t\t\t\t\t\t\t\t<h3>La soluci\u00f3n de metrolog\u00eda visual submarina avanzada proporciona im\u00e1genes y modelos 3D de calidad excepcional<\/h3>\n\t\t\t\t\t\t\t\t\t\t\t\t\t\t\t\t\t\t\t\t\t<p>In August 2023, Oceaneering deployed its Advanced Subsea Visual Metrology (ASVM) suite to collect data related to&#8230;<\/p>\n\t\t\t\t\t\t\t\t\t\t\tM\u00e1s informaci\u00f3n\n\t\t\t\t\t\t\t<\/a>\n\t\t\t\t\t\t\t<a href=\"https:\/\/www.oceaneering.com\/es\/case-studies\/innovative-photogrammetry-survey-offers-solution-for-damaged-riser-offshore-brazil\/\">\n\t\t\t\t\t\t\t\t\t\t<img decoding=\"async\" src=\"https:\/\/www.oceaneering.com\/wp-content\/uploads\/2021\/11\/Case-Study-Innovative-Oceaneering-Photogrammetry-Solution-aids-Customer-with-Damaged-Riser-in-Brazil-banner.jpg\" alt=\"\"\/>\n\t\t\t\t\t\t\t\t\t\t<h3>Un innovador estudio fotogram\u00e9trico ofrece una soluci\u00f3n para una tuber\u00eda da\u00f1ada en Brasil<\/h3>\n\t\t\t\t\t\t\t\t\t\t<h3>Un innovador estudio fotogram\u00e9trico ofrece una soluci\u00f3n para una tuber\u00eda da\u00f1ada en Brasil<\/h3>\n\t\t\t\t\t\t\t\t\t\t\t\t\t\t\t\t\t\t\t\t\t<p>During an ROV inspection of a customer&#8217;s assets offshore Brazil, an Oceaneering team observed that a damaged&#8230;<\/p>\n\t\t\t\t\t\t\t\t\t\t\tM\u00e1s informaci\u00f3n\n\t\t\t\t\t\t\t<\/a>\n<h1>\n\t\tContacte con nosotros\n\t<\/h1>\n<h2>\n\t\tNuestro equipo de expertos est\u00e1 listo para ayudarle a empezar.\n\t<\/h2>\n\t<p>Oceaneering ofrece los mejores productos y soluciones de su clase, respaldados por una calidad, fiabilidad y asistencia global inigualables. Rellene el formulario de consulta para iniciar una conversaci\u00f3n hoy mismo.<\/p>","protected":false},"excerpt":{"rendered":"<p>Discuss a Project Asset Integrity Subsea Assets Mitigate risk associated with the corrosion, erosion, material degradation, structural failures, and third-party threats related to your subsea pipelines and structures. Transform the Integrity Management of Your Subsea Assets Leverage our experience and expertise working in the subsea environment and use our comprehensive suite of design, engineering, and &#8230; <a title=\"Activos submarinos\" class=\"read-more\" href=\"https:\/\/www.oceaneering.com\/es\/asset-integrity-management\/subsea-assets\/\" aria-label=\"Leer m\u00e1s sobre Subsea Assets\">Seguir leyendo<\/a><\/p>","protected":false},"author":25,"featured_media":0,"parent":59710,"menu_order":0,"comment_status":"closed","ping_status":"closed","template":"","meta":{"_acf_changed":false,"footnotes":"","_links_to":"","_links_to_target":""},"product_category":[1205],"search_tags":[],"class_list":["post-75068","page","type-page","status-publish","product_category-asset-integrity-management"],"acf":[],"aioseo_notices":[],"_links":{"self":[{"href":"https:\/\/www.oceaneering.com\/es\/wp-json\/wp\/v2\/pages\/75068","targetHints":{"allow":["GET"]}}],"collection":[{"href":"https:\/\/www.oceaneering.com\/es\/wp-json\/wp\/v2\/pages"}],"about":[{"href":"https:\/\/www.oceaneering.com\/es\/wp-json\/wp\/v2\/types\/page"}],"author":[{"embeddable":true,"href":"https:\/\/www.oceaneering.com\/es\/wp-json\/wp\/v2\/users\/25"}],"replies":[{"embeddable":true,"href":"https:\/\/www.oceaneering.com\/es\/wp-json\/wp\/v2\/comments?post=75068"}],"version-history":[{"count":0,"href":"https:\/\/www.oceaneering.com\/es\/wp-json\/wp\/v2\/pages\/75068\/revisions"}],"up":[{"embeddable":true,"href":"https:\/\/www.oceaneering.com\/es\/wp-json\/wp\/v2\/pages\/59710"}],"wp:attachment":[{"href":"https:\/\/www.oceaneering.com\/es\/wp-json\/wp\/v2\/media?parent=75068"}],"wp:term":[{"taxonomy":"product_category","embeddable":true,"href":"https:\/\/www.oceaneering.com\/es\/wp-json\/wp\/v2\/product_category?post=75068"},{"taxonomy":"search_tags","embeddable":true,"href":"https:\/\/www.oceaneering.com\/es\/wp-json\/wp\/v2\/search_tags?post=75068"}],"curies":[{"name":"wp","href":"https:\/\/api.w.org\/{rel}","templated":true}]}}