{"id":75016,"date":"2025-02-04T05:20:02","date_gmt":"2025-02-04T11:20:02","guid":{"rendered":"https:\/\/www.oceaneering.com\/?page_id=75016"},"modified":"2025-06-30T06:59:40","modified_gmt":"2025-06-30T11:59:40","slug":"onshore-pipelines","status":"publish","type":"page","link":"https:\/\/www.oceaneering.com\/es\/asset-integrity-management\/onshore-pipelines\/","title":{"rendered":"Oleoductos terrestres"},"content":{"rendered":"<a href=\"\/es\/asset-integrity\/#contact\" target=\"_self\">\n\t\t\t\t\t\t\tDebatir un proyecto\n\t\t\t\t\t<\/a>\n\t\tIntegridad de los activos\n<h1>\n\t\tOleoductos terrestres\n\t<\/h1>\n\t<p>Aproveche un enfoque de integridad e inspecci\u00f3n proactivo y basado en datos para evitar fallos, al tiempo que optimiza el mantenimiento y garantiza unas operaciones seguras y conformes a la normativa.<\/p>\n<h2>\n\t\tGarantizar la integridad y la fiabilidad \n\t<\/h2>\n\t<p>We support your pipelines throughout their lifecycle-from baseline surveys to midlife optimization, in-line inspection audits, life extension assessments, and decommissioning planning-ensuring safe, reliable operations at every stage. Mitigate risks, extend asset life, and maintain safe, reliable operations, ensuring regulatory compliance and optimized maintenance planning using our integrated approach.<\/p>\n<h2>\n\t\tAsistencia durante todo el ciclo de vida  \n\t<\/h2>\n\t<p>Safeguard your onshore pipelines with our tailored engineering services that mitigate corrosion and mechanical damage. We align our services to your operational needs, providing expert-driven strategies, direct access to specialists, and full lifecycle support for your pipeline integrity management system (PIMS)-from commissioning to decommissioning.<\/p>\n\t\t\t<h3>Programas de inspecci\u00f3n basados en el riesgo (RBI)<\/h3>\t\t\t\n\t\t\t\t<p>Utilizar evaluaciones de riesgo cualitativas y cuantitativas para clasificar los segmentos de tuber\u00edas por nivel de riesgo.<\/p>\n\t\t\t<h3>Planificaci\u00f3n del mantenimiento basada en la ingenier\u00eda<\/h3>\t\t\t\n\t\t\t\t<p>Optimice la programaci\u00f3n y el gasto con estrategias acordes con su empresa y las normas mundiales.<\/p>\n\t\t\t<h3>Evaluaciones de integridad y apoyo a tuber\u00edas no perforables<\/h3>\t\t\t\n\t\t\t\t<p>Sugerir tecnolog\u00edas de inspecci\u00f3n, lugares de inspecci\u00f3n, sistemas de control de la corrosi\u00f3n y estudios externos.<\/p>\n\t\t\t<h3>Evaluaci\u00f3n de la vida \u00fatil restante y desarrollo de una estrategia de prolongaci\u00f3n de la vida \u00fatil<\/h3>\t\t\t\n\t\t\t\t<p>Integrar el an\u00e1lisis de aptitud para el servicio, la evaluaci\u00f3n de la corrosi\u00f3n y la evaluaci\u00f3n de riesgos para determinar la vida \u00fatil segura.<\/p>\n\t\t\t<h3>Auditor\u00edas de inspecci\u00f3n en l\u00ednea (ILI) <\/h3>\t\t\t\n\t\t\t\t<p>Seleccione la herramienta ILI m\u00e1s precisa para la inspecci\u00f3n y, tras la inspecci\u00f3n, analice los datos brutos de la ILI y verifique los hallazgos para reducir los falsos positivos y negativos.<\/p>\n\t\t\t<h3>Ingenier\u00eda y gesti\u00f3n de la corrosi\u00f3n<\/h3>\t\t\t\n\t\t\t\t<p>Revisi\u00f3n y evaluaci\u00f3n exhaustivas de la corrosi\u00f3n interna y externa.<\/p>\n\t\t\t<h3>Evaluaci\u00f3n de da\u00f1os en tuber\u00edas<\/h3>\t\t\t\n\t\t\t\t<p>Proporcionar informaci\u00f3n cr\u00edtica sobre la integridad estructural de acuerdo con el Manual de evaluaci\u00f3n de defectos en tuber\u00edas (PDAM) una vez identificadas las anomal\u00edas.<\/p>\n\t\t\t<h3>Desmantelamiento y mercados emergentes  <\/h3>\t\t\t\n\t\t\t\t<p>Esbozar los requisitos y posibles m\u00e9todos para el abandono seguro de tuber\u00edas o la reconversi\u00f3n de tuber\u00edas (incluido el cambio de servicio para su uso con CO2, H2, etc.).<\/p>\n<h2>\n\t\tAuditor\u00edas de inspecci\u00f3n en l\u00ednea (ILI)  \n\t<\/h2>\n<h2>\n\t\tSelecci\u00f3n de herramientas y verificaci\u00f3n de datos \n\t<\/h2>\n\t<p>Aproveche la experiencia de nuestros ingenieros para satisfacer sus necesidades de auditor\u00eda ILI. Desde la selecci\u00f3n de la herramienta de ILI m\u00e1s adecuada para las necesidades de inspecci\u00f3n hasta el an\u00e1lisis de los datos tras la inspecci\u00f3n, contamos con un amplio historial de ahorro de dinero para los operadores gracias a nuestra capacidad para evaluar y corregir los resultados y las perspectivas de las ILI.<\/p>\n<p>Entendemos las complejidades que afectan a los informes de inspecci\u00f3n en l\u00ednea (ILI) dependen de la precisi\u00f3n y calibraci\u00f3n de las herramientas de inspecci\u00f3n, incluidos los cerdos, sensores y otros dispositivos de supervisi\u00f3n, y trabajamos para eliminar los riesgos de seguridad que plantean los datos inexactos o incompletos que pueden dar lugar a falsos positivos o defectos pasados por alto.<\/p>\n\t\t\t\t<img loading=\"lazy\" decoding=\"async\" src=\"https:\/\/www.oceaneering.com\/wp-content\/uploads\/2025\/03\/shutterstock_457503556.jpg\" alt=\"Pipeline distribution on twilight background.\" itemprop=\"image\" height=\"1280\" width=\"1920\" title=\"V\u00e1lvula principal\" onerror=\"this.style.display='none'\"  \/>\n\t\t\t\t<img loading=\"lazy\" decoding=\"async\" src=\"https:\/\/www.oceaneering.com\/wp-content\/uploads\/2025\/05\/Vision_Split-Screen-View_no-edges-2.jpg\" alt=\"Vision_Split-Screen-View_no-edges-2\" itemprop=\"image\" height=\"1199\" width=\"1860\" title=\"Visi\u00f3n_Pantalla dividida_sin bordes-2\" onerror=\"this.style.display='none'\"  \/>\n<h3>\n\t\tINFORM\u2122 Software Suite\n\t<\/h3>\n\t<p>El paquete de software INFORM\u2122 le proporciona la informaci\u00f3n necesaria para gestionar, supervisar y mantener la integridad de sus tuber\u00edas durante todo su ciclo de vida. Los m\u00f3dulos desarrollados por ingenieros ofrecen una visibilidad operativa completa, lo que permite tomar decisiones m\u00e1s r\u00e1pidas basadas en datos que minimizan el tiempo de inactividad y optimizan la asignaci\u00f3n de recursos, a la vez que apoyan la digitalizaci\u00f3n de todo el proceso de gesti\u00f3n de la integridad de las tuber\u00edas.<\/p>\n\t\t\t<a href=\"https:\/\/www.oceaneering.com\/es\/asset-integrity-management\/digitizing-integrity\/\" target=\"_self\">\n\t\t\t\t\t\t\tM\u00e1s informaci\u00f3n\n\t\t\t<\/a>\n\t\t\t\t<img loading=\"lazy\" decoding=\"async\" src=\"https:\/\/www.oceaneering.com\/wp-content\/uploads\/2025\/04\/NDT.jpg\" alt=\"NDT Testing\" itemprop=\"image\" height=\"1282\" width=\"1920\" title=\"Ensayos END\" onerror=\"this.style.display='none'\"  \/>\n<h3>\n\t\tServicios de inspecci\u00f3n\n\t<\/h3>\n\t<p>Eval\u00fae la integridad estructural, detecte la corrosi\u00f3n y controle la salud de sus tuber\u00edas con nuestros servicios de inspecci\u00f3n, que incluyen t\u00e9cnicas avanzadas de ensayos no destructivos (END) como la radiograf\u00eda y las herramientas ultras\u00f3nicas.<\/p>\n\t\t\t<a href=\"https:\/\/www.oceaneering.com\/es\/asset-integrity-management\/inspection\/\" target=\"_self\">\n\t\t\t\t\t\t\tM\u00e1s informaci\u00f3n\n\t\t\t<\/a>\n\t\t\t\t\t\t\t\t\t<h3>Probado en campo. L\u00edder en el sector.<\/h3>\n\t\t\t\t\t\t\t\t\t<p>Lea nuestros estudios de casos que detallan nuestra experiencia en ingenier\u00eda de integridad de tuber\u00edas terrestres.  <\/p>\n\t\t\t\t\t\t<a href=\"https:\/\/www.oceaneering.com\/es\/resources\/?_content_types=case-study\" target=\"_self\">\n\t\t\t\t\t\t\t\tVer todos los casos pr\u00e1cticos\t\t\t\t\t\t\t\n\t\t\t\t\t\t\t\t\t\t\t\t\t<\/a>\n\t\t\t\t\t\t<button>\n\t\t\t\t\t\t\tAnterior\n\t\t\t\t\t\t<\/button>\n\t\t\t\t\t\t<button>\n\t\t\t\t\t\t\tSiguiente\n\t\t\t\t\t\t<\/button>\n\t\t\t\t\t\t\t<a href=\"https:\/\/www.oceaneering.com\/es\/case-studies\/risk-based-inspection-assessment-enhances-safety-and-efficiency-for-19-pipelines-in-west-africa\/\">\n\t\t\t\t\t\t\t\t\t\t<img decoding=\"async\" src=\"https:\/\/www.oceaneering.com\/wp-content\/uploads\/2024\/12\/shutterstock_371173499-edited.jpg\" alt=\"\"\/>\n\t\t\t\t\t\t\t\t\t\t<h3>La evaluaci\u00f3n de la inspecci\u00f3n basada en el riesgo mejora la seguridad y la eficacia de 19 oleoductos en \u00c1frica Occidental<\/h3>\n\t\t\t\t\t\t\t\t\t\t<h3>La evaluaci\u00f3n de la inspecci\u00f3n basada en el riesgo mejora la seguridad y la eficacia de 19 oleoductos en \u00c1frica Occidental<\/h3>\n\t\t\t\t\t\t\t\t\t\t\t\t\t\t\t\t\t\t\t\t\t<p>From December 2023 through March 2024, a team of Oceaneering pipeline and corrosion engineers completed a comprehensive&#8230;<\/p>\n\t\t\t\t\t\t\t\t\t\t\tM\u00e1s informaci\u00f3n\n\t\t\t\t\t\t\t<\/a>\n\t\t\t\t\t\t\t<a href=\"https:\/\/www.oceaneering.com\/es\/case-studies\/comprehensive-pipeline-integrity-management-in-the-north-sea\/\">\n\t\t\t\t\t\t\t\t\t\t<img decoding=\"async\" src=\"https:\/\/www.oceaneering.com\/wp-content\/uploads\/2024\/12\/shutterstock_2447240677-edited.jpg\" alt=\"\"\/>\n\t\t\t\t\t\t\t\t\t\t<h3>Gesti\u00f3n integral de la integridad de tuber\u00edas en el Mar del Norte<\/h3>\n\t\t\t\t\t\t\t\t\t\t<h3>Gesti\u00f3n integral de la integridad de tuber\u00edas en el Mar del Norte<\/h3>\n\t\t\t\t\t\t\t\t\t\t\t\t\t\t\t\t\t\t\t\t\t<p>As part of an ongoing integrated and comprehensive integrity services contract with a major client, our engineers&#8230;<\/p>\n\t\t\t\t\t\t\t\t\t\t\tM\u00e1s informaci\u00f3n\n\t\t\t\t\t\t\t<\/a>\n<h1>\n\t\tContacte con nosotros\n\t<\/h1>\n<h2>\n\t\tNuestro equipo de expertos est\u00e1 listo para ayudarle a empezar.\n\t<\/h2>\n\t<p>Oceaneering ofrece los mejores productos y soluciones de su clase, respaldados por una calidad, fiabilidad y asistencia global inigualables. Rellene el formulario de consulta para iniciar una conversaci\u00f3n hoy mismo.<\/p>","protected":false},"excerpt":{"rendered":"<p>Discuss a Project Asset Integrity Onshore Pipelines Leverage a proactive, data-driven integrity and inspection approach to prevent failures while optimizing maintenance and ensuring safe, compliant operations. Ensuring Integrity and Reliability We support your pipelines throughout their lifecycle-from baseline surveys to midlife optimization, in-line inspection audits, life extension assessments, and decommissioning planning-ensuring safe, reliable operations at &#8230; <a title=\"Oleoductos terrestres\" class=\"read-more\" href=\"https:\/\/www.oceaneering.com\/es\/asset-integrity-management\/onshore-pipelines\/\" aria-label=\"Leer m\u00e1s sobre Onshore Pipelines\">Seguir leyendo<\/a><\/p>","protected":false},"author":25,"featured_media":0,"parent":59710,"menu_order":0,"comment_status":"closed","ping_status":"closed","template":"","meta":{"_acf_changed":false,"footnotes":"","_links_to":"","_links_to_target":""},"product_category":[1205],"search_tags":[],"class_list":["post-75016","page","type-page","status-publish","product_category-asset-integrity-management"],"acf":[],"aioseo_notices":[],"_links":{"self":[{"href":"https:\/\/www.oceaneering.com\/es\/wp-json\/wp\/v2\/pages\/75016","targetHints":{"allow":["GET"]}}],"collection":[{"href":"https:\/\/www.oceaneering.com\/es\/wp-json\/wp\/v2\/pages"}],"about":[{"href":"https:\/\/www.oceaneering.com\/es\/wp-json\/wp\/v2\/types\/page"}],"author":[{"embeddable":true,"href":"https:\/\/www.oceaneering.com\/es\/wp-json\/wp\/v2\/users\/25"}],"replies":[{"embeddable":true,"href":"https:\/\/www.oceaneering.com\/es\/wp-json\/wp\/v2\/comments?post=75016"}],"version-history":[{"count":0,"href":"https:\/\/www.oceaneering.com\/es\/wp-json\/wp\/v2\/pages\/75016\/revisions"}],"up":[{"embeddable":true,"href":"https:\/\/www.oceaneering.com\/es\/wp-json\/wp\/v2\/pages\/59710"}],"wp:attachment":[{"href":"https:\/\/www.oceaneering.com\/es\/wp-json\/wp\/v2\/media?parent=75016"}],"wp:term":[{"taxonomy":"product_category","embeddable":true,"href":"https:\/\/www.oceaneering.com\/es\/wp-json\/wp\/v2\/product_category?post=75016"},{"taxonomy":"search_tags","embeddable":true,"href":"https:\/\/www.oceaneering.com\/es\/wp-json\/wp\/v2\/search_tags?post=75016"}],"curies":[{"name":"wp","href":"https:\/\/api.w.org\/{rel}","templated":true}]}}