{"id":74991,"date":"2025-02-03T07:10:55","date_gmt":"2025-02-03T13:10:55","guid":{"rendered":"https:\/\/www.oceaneering.com\/?page_id=74991"},"modified":"2025-06-25T07:43:01","modified_gmt":"2025-06-25T12:43:01","slug":"vibration-engineering","status":"publish","type":"page","link":"https:\/\/www.oceaneering.com\/es\/asset-integrity-management\/integrity-engineering\/vibration-engineering\/","title":{"rendered":"Ingenier\u00eda de vibraciones"},"content":{"rendered":"<p><a href=\"\/es\/asset-integrity\/#contact\" target=\"_self\"> Debatir un proyecto <\/a><\/p>\r\n<h1>Ingenier\u00eda de vibraciones<\/h1>\r\n<p>Gestione los problemas de vibraciones y din\u00e1mica que afectan a sus equipos rotativos, tuber\u00edas y estructuras.<\/p>\r\n<h2>Evite los tiempos de inactividad relacionados con las vibraciones<\/h2>\r\n<p>Mejore la seguridad operativa, reduzca el tiempo de inactividad, mitigue los riesgos, garantice el cumplimiento de la normativa y mantenga el buen funcionamiento de sus operaciones terrestres y mar\u00edtimas con servicios de ingenier\u00eda de vibraciones a medida. Ayudamos a prevenir las fugas de hidrocarburos relacionadas con las vibraciones, que plantean riesgos significativos y pueden provocar costosas paradas y da\u00f1os medioambientales.<\/p>\r\n<p><img loading=\"lazy\" decoding=\"async\" title=\"Vibration-Engineering\" src=\"https:\/\/www.oceaneering.com\/wp-content\/uploads\/2025\/06\/Vibration-Engineering.jpg\" alt=\"Vibration-Engineering\" width=\"1587\" height=\"1116\" \/><\/p>\r\n<h2>Servicios a medida para operaciones seguras<\/h2>\r\n<p>Integre nuestros servicios de gesti\u00f3n de vibraciones y de integridad en general para que sus operaciones se beneficien de soluciones proactivas y reactivas, evaluaciones de riesgos exhaustivas y supervisi\u00f3n continua. Nuestra presencia mundial, con ingenieros y t\u00e9cnicos desplegados in situ en regiones clave, significa que sus activos est\u00e1n cubiertos las 24 horas del d\u00eda y que los problemas se resuelven antes de que se agraven.<\/p>\r\n<h3>Medici\u00f3n in situ y resoluci\u00f3n de problemas<\/h3>\r\n<p>Estudios de vibraciones, forma de deflexi\u00f3n operativa (ODS) y pruebas modales para identificar las causas de las vibraciones en tuber\u00edas y estructuras.<\/p>\r\n<h3>Supervisi\u00f3n avanzada<\/h3>\r\n<p>Sistemas de control continuo de vibraciones y tensiones, incluidas opciones intr\u00ednsecamente seguras.<\/p>\r\n<h3>Control del estado de los equipos rotativos<\/h3>\r\n<p>Desarrollo del programa de supervisi\u00f3n y despliegue de sistemas de supervisi\u00f3n automatizados y asistidos por personal.<\/p>\r\n<h3>An\u00e1lisis de la amplificaci\u00f3n del movimiento<\/h3>\r\n<p>Visualiza los movimientos estructurales para diagnosticar problemas de vibraciones.<\/p>\r\n<h3>An\u00e1lisis de las vibraciones ac\u00fasticas inducidas (AIV)<\/h3>\r\n<p>An\u00e1lisis y mitigaci\u00f3n de AIV para prevenir el agrietamiento por fatiga en sistemas de gas a alta presi\u00f3n.<\/p>\r\n<h3>An\u00e1lisis de las vibraciones inducidas por el flujo (VIF)<\/h3>\r\n<p>An\u00e1lisis exhaustivo y mitigaci\u00f3n de la VIF en sistemas de tuber\u00edas, mediante mediciones, c\u00e1lculos y din\u00e1mica de fluidos computacional (CFD).<\/p>\r\n<h3>An\u00e1lisis de la vibraci\u00f3n inducida por v\u00f3rtice (VIV) de la vaina t\u00e9rmica<\/h3>\r\n<p>An\u00e1lisis y mitigaci\u00f3n de la VIV del termopozo para evitar fallos mec\u00e1nicos y de los elementos sensores.<\/p>\r\n<h3>An\u00e1lisis de pulsaciones<\/h3>\r\n<p>An\u00e1lisis y mitigaci\u00f3n de pulsaciones de presi\u00f3n en sistemas de tuber\u00edas.<\/p>\r\n<h3>An\u00e1lisis din\u00e1mico por elementos finitos (FEA)<\/h3>\r\n<p>AEF para evaluar la din\u00e1mica estructural, las vibraciones y las tensiones en estructuras y tuber\u00edas.<\/p>\r\n<h3>Estr\u00e9s din\u00e1mico y evaluaci\u00f3n de la vida \u00fatil por fatiga<\/h3>\r\n<p>An\u00e1lisis de fatiga mediante curvas S-N y mec\u00e1nica de fractura para predecir la vida \u00fatil de los componentes.<\/p>\r\n<h3>Evaluaci\u00f3n de tuber\u00edas en funci\u00f3n del riesgo seg\u00fan las directrices de la IE<\/h3>\r\n<p>Evaluaci\u00f3n de las tuber\u00edas principales y de conexi\u00f3n de peque\u00f1o calibre teniendo en cuenta el dise\u00f1o mec\u00e1nico y las condiciones del proceso.<\/p>\r\n<h3>Soluciones de ingenier\u00eda<\/h3>\r\n<p>Soluciones personalizadas para mitigar las vibraciones, incluidas modificaciones estructurales, amortiguaci\u00f3n y aislamiento.<\/p>\r\n<h3>Dise\u00f1o de soporte de tuber\u00edas antivibraciones<\/h3>\r\n<p>Dise\u00f1o de soportes a medida para evitar fallos por fatiga en tuber\u00edas sometidas a vibraciones.<\/p>\r\n<h2>Soluciones de control de vibraciones<\/h2>\r\n<p>Nuestras soluciones de monitorizaci\u00f3n proporcionan datos fiables relacionados con las vibraciones y ayudan a mantener la integridad y fiabilidad de su sistema. El sistema port\u00e1til de gesti\u00f3n de vibraciones de Oceaneering (OVMS), el sistema de monitorizaci\u00f3n inal\u00e1mbrico OVMS y los sistemas de monitorizaci\u00f3n a largo plazo (LTMS) proporcionan un marco cohesivo y s\u00f3lido para la monitorizaci\u00f3n eficaz de las vibraciones en distintos escenarios y requisitos.<\/p>\r\n<h3>OVMS port\u00e1til<\/h3>\r\n<p>Herramienta de detecci\u00f3n manual para personal formado bajo la supervisi\u00f3n de nuestros expertos en vibraciones.<\/p>\r\n<h3>Supervisi\u00f3n inal\u00e1mbrica OVMS<\/h3>\r\n<p>El control aut\u00f3nomo de vibraciones con clasificaci\u00f3n Ex se activa de forma programada o en respuesta a eventos de vibraci\u00f3n.<\/p>\r\n<h3>Sistemas de vigilancia a largo plazo<\/h3>\r\n<p>Monitorizaci\u00f3n continua de alta resoluci\u00f3n de vibraciones y tensiones para sistemas cr\u00edticos.<\/p>\r\n<h1>Contacte con nosotros<\/h1>\r\n<h2>Nuestro equipo de expertos est\u00e1 listo para ayudarle a empezar.<\/h2>\r\n<p>Oceaneering ofrece los mejores productos y soluciones de su clase, respaldados por una calidad, fiabilidad y asistencia global inigualables. Rellene el formulario de consulta para iniciar una conversaci\u00f3n hoy mismo.<\/p>","protected":false},"excerpt":{"rendered":"<p>Discuss a Project Vibration Engineering Manage vibration and dynamic issues affecting your rotating equipment, pipework, and structures. Prevent Vibration-Related Downtime Improve operational safety, reduce downtime, mitigate risks, ensure compliance, and keep your onshore and offshore operations running smoothly with tailored vibration engineering services. We help prevent vibration-related hydrocarbon releases that pose significant risks and can &#8230; <a title=\"Ingenier\u00eda de vibraciones\" class=\"read-more\" href=\"https:\/\/www.oceaneering.com\/es\/asset-integrity-management\/integrity-engineering\/vibration-engineering\/\" aria-label=\"Leer m\u00e1s sobre Vibration Engineering\">Seguir leyendo<\/a><\/p>","protected":false},"author":25,"featured_media":0,"parent":73888,"menu_order":0,"comment_status":"closed","ping_status":"closed","template":"","meta":{"_acf_changed":false,"footnotes":"","_links_to":"","_links_to_target":""},"product_category":[],"search_tags":[],"class_list":["post-74991","page","type-page","status-publish"],"acf":[],"aioseo_notices":[],"_links":{"self":[{"href":"https:\/\/www.oceaneering.com\/es\/wp-json\/wp\/v2\/pages\/74991","targetHints":{"allow":["GET"]}}],"collection":[{"href":"https:\/\/www.oceaneering.com\/es\/wp-json\/wp\/v2\/pages"}],"about":[{"href":"https:\/\/www.oceaneering.com\/es\/wp-json\/wp\/v2\/types\/page"}],"author":[{"embeddable":true,"href":"https:\/\/www.oceaneering.com\/es\/wp-json\/wp\/v2\/users\/25"}],"replies":[{"embeddable":true,"href":"https:\/\/www.oceaneering.com\/es\/wp-json\/wp\/v2\/comments?post=74991"}],"version-history":[{"count":0,"href":"https:\/\/www.oceaneering.com\/es\/wp-json\/wp\/v2\/pages\/74991\/revisions"}],"up":[{"embeddable":true,"href":"https:\/\/www.oceaneering.com\/es\/wp-json\/wp\/v2\/pages\/73888"}],"wp:attachment":[{"href":"https:\/\/www.oceaneering.com\/es\/wp-json\/wp\/v2\/media?parent=74991"}],"wp:term":[{"taxonomy":"product_category","embeddable":true,"href":"https:\/\/www.oceaneering.com\/es\/wp-json\/wp\/v2\/product_category?post=74991"},{"taxonomy":"search_tags","embeddable":true,"href":"https:\/\/www.oceaneering.com\/es\/wp-json\/wp\/v2\/search_tags?post=74991"}],"curies":[{"name":"wp","href":"https:\/\/api.w.org\/{rel}","templated":true}]}}