{"id":74845,"date":"2025-01-16T02:03:26","date_gmt":"2025-01-16T08:03:26","guid":{"rendered":"https:\/\/www.oceaneering.com\/?page_id=74845"},"modified":"2025-10-21T01:49:39","modified_gmt":"2025-10-21T06:49:39","slug":"omnio-system","status":"publish","type":"page","link":"https:\/\/www.oceaneering.com\/es\/omnio-system\/","title":{"rendered":"Sistema Omnio"},"content":{"rendered":"<p><a href=\"https:\/\/www.oceaneering.com\/es\/rov-services\/#contact\" target=\"_self\"> Debatir un proyecto <\/a> Herramientas ROV<\/p>\r\n<h1>Sistema Omnio<\/h1>\r\n<p>Transformaci\u00f3n de las operaciones submarinas con una eficiencia continua y sin fisuras.<\/p>\r\n<h2>Dise\u00f1ados para ser eficientes y sostenibles<\/h2>\r\n<p>El sistema Omnio\u2122 revoluciona el trabajo submarino al permitir operaciones submarinas continuas sin necesidad de recuperar el equipo para cambiar las herramientas. Su avanzado dise\u00f1o electromec\u00e1nico ofrece una soluci\u00f3n de alto rendimiento y respetuosa con el medio ambiente que mejora la productividad, aumenta la seguridad y reduce los riesgos. Construido para el futuro, Omnio es compatible con los avances en utillaje inteligente, ofreciendo una soluci\u00f3n escalable y sostenible para sus necesidades operativas en constante evoluci\u00f3n.<\/p>\r\n<h3>Mejorar la rentabilidad de las operaciones<\/h3>\r\n<h3>Aprovechar la normalizaci\u00f3n y aumentar la eficacia<\/h3>\r\n<h3>Potencia y adaptabilidad inigualables<\/h3>\r\n<h3>Apoyar las operaciones sostenibles mediante el dise\u00f1o y el mantenimiento<\/h3>\r\n<h2>Dando forma al futuro de las operaciones submarinas con soluciones inteligentes y adaptables<\/h2>\r\n<p>El sistema Omnio\u2122 es el resultado de un amplio programa de desarrollo centrado en ofrecer una soluci\u00f3n adaptada a las cambiantes demandas de la industria submarina. El <a href=\"https:\/\/www.oceaneering.com\/es\/products\/omnio-drive-interface\/\">Interfaz de accionamiento Omnio<\/a> se integra a la perfecci\u00f3n con una amplia gama de herramientas, lo que permite ampliar la residencia de las campa\u00f1as de ROV y garantizar la fiabilidad de las operaciones en diversas aplicaciones.<\/p>\r\n<ul>\r\n<li>Apoyo a la perforaci\u00f3n y terminaciones<\/li>\r\n<li>Intervenciones ligeras y reparaciones<\/li>\r\n<li>Inspecci\u00f3n, mantenimiento y reparaci\u00f3n (IMR) y operaciones de buques<\/li>\r\n<li>Operaciones submarinas residentes<\/li>\r\n<li>Suministro de energ\u00eda y comunicaciones a otros equipos submarinos<\/li>\r\n<\/ul>\r\n<h2>El Sistema Omnio<\/h2>\r\n<p><a href=\"https:\/\/www.oceaneering.com\/es\/products\/omnio-transformer\/\"><img loading=\"lazy\" decoding=\"async\" title=\"250116Transformador | Oceaneering\" src=\"https:\/\/www.oceaneering.com\/wp-content\/uploads\/2025\/01\/250116_Transformer-1024x576.jpg\" sizes=\"auto, (max-width: 1024px) 100vw, 1024px\" srcset=\"https:\/\/www.oceaneering.com\/wp-content\/uploads\/2025\/01\/250116_Transformer-1024x576.jpg 1024w, https:\/\/www.oceaneering.com\/wp-content\/uploads\/2025\/01\/250116_Transformer-300x169.jpg 300w, https:\/\/www.oceaneering.com\/wp-content\/uploads\/2025\/01\/250116_Transformer-768x432.jpg 768w, https:\/\/www.oceaneering.com\/wp-content\/uploads\/2025\/01\/250116_Transformer-1536x864.jpg 1536w, https:\/\/www.oceaneering.com\/wp-content\/uploads\/2025\/01\/250116_Transformer-18x10.jpg 18w, https:\/\/www.oceaneering.com\/wp-content\/uploads\/2025\/01\/250116_Transformer-1280x720.jpg 1280w, https:\/\/www.oceaneering.com\/wp-content\/uploads\/2025\/01\/250116_Transformer-960x540.jpg 960w, https:\/\/www.oceaneering.com\/wp-content\/uploads\/2025\/01\/250116_Transformer-640x360.jpg 640w, https:\/\/www.oceaneering.com\/wp-content\/uploads\/2025\/01\/250116_Transformer-320x180.jpg 320w, https:\/\/www.oceaneering.com\/wp-content\/uploads\/2025\/01\/250116_Transformer.jpg 1920w\" alt=\"\" width=\"1024\" height=\"576\" \/><\/a><\/p>\r\n<h3><a href=\"https:\/\/www.oceaneering.com\/es\/products\/omnio-transformer\/\">Transformador Omnio<\/a><\/h3>\r\n<p>El transformador de alta potencia duplica la capacidad y mejora la seguridad, la fiabilidad y la eficiencia. <a href=\"https:\/\/www.oceaneering.com\/es\/products\/omnio-transformer\/\">M\u00e1s informaci\u00f3n<\/a> <a href=\"https:\/\/www.oceaneering.com\/es\/products\/omnio-drive-interface\/\"><img loading=\"lazy\" decoding=\"async\" title=\"Interfaz de accionamiento Omnio | Oceaneering\" src=\"https:\/\/www.oceaneering.com\/wp-content\/uploads\/2025\/01\/250110_01_Tool-Changer-1024x576.jpg\" sizes=\"auto, (max-width: 1024px) 100vw, 1024px\" srcset=\"https:\/\/www.oceaneering.com\/wp-content\/uploads\/2025\/01\/250110_01_Tool-Changer-1024x576.jpg 1024w, https:\/\/www.oceaneering.com\/wp-content\/uploads\/2025\/01\/250110_01_Tool-Changer-300x169.jpg 300w, https:\/\/www.oceaneering.com\/wp-content\/uploads\/2025\/01\/250110_01_Tool-Changer-768x432.jpg 768w, https:\/\/www.oceaneering.com\/wp-content\/uploads\/2025\/01\/250110_01_Tool-Changer-1536x864.jpg 1536w, https:\/\/www.oceaneering.com\/wp-content\/uploads\/2025\/01\/250110_01_Tool-Changer-18x10.jpg 18w, https:\/\/www.oceaneering.com\/wp-content\/uploads\/2025\/01\/250110_01_Tool-Changer-1280x720.jpg 1280w, https:\/\/www.oceaneering.com\/wp-content\/uploads\/2025\/01\/250110_01_Tool-Changer-960x540.jpg 960w, https:\/\/www.oceaneering.com\/wp-content\/uploads\/2025\/01\/250110_01_Tool-Changer-640x360.jpg 640w, https:\/\/www.oceaneering.com\/wp-content\/uploads\/2025\/01\/250110_01_Tool-Changer-320x180.jpg 320w, https:\/\/www.oceaneering.com\/wp-content\/uploads\/2025\/01\/250110_01_Tool-Changer.jpg 1920w\" alt=\"Omnio Drive Interface\" width=\"1024\" height=\"576\" \/><\/a><\/p>\r\n<h3><a href=\"https:\/\/www.oceaneering.com\/es\/products\/omnio-drive-interface\/\">Interfaz de accionamiento Omnio<\/a><\/h3>\r\n<p>La interfaz modular permite una integraci\u00f3n perfecta con todo el conjunto de herramientas.<a href=\"https:\/\/www.oceaneering.com\/es\/products\/omnio-drive-interface\/\">M\u00e1s informaci\u00f3n<\/a> <a href=\"https:\/\/www.oceaneering.com\/es\/products\/omnio-class-1-4-torque-tool\/\"><img loading=\"lazy\" decoding=\"async\" title=\"TorqueTool | Oceaneering\" src=\"https:\/\/www.oceaneering.com\/wp-content\/uploads\/2025\/01\/Torque_Tool-1024x576.jpg\" sizes=\"auto, (max-width: 1024px) 100vw, 1024px\" srcset=\"https:\/\/www.oceaneering.com\/wp-content\/uploads\/2025\/01\/Torque_Tool-1024x576.jpg 1024w, https:\/\/www.oceaneering.com\/wp-content\/uploads\/2025\/01\/Torque_Tool-300x169.jpg 300w, https:\/\/www.oceaneering.com\/wp-content\/uploads\/2025\/01\/Torque_Tool-768x432.jpg 768w, https:\/\/www.oceaneering.com\/wp-content\/uploads\/2025\/01\/Torque_Tool-1536x864.jpg 1536w, https:\/\/www.oceaneering.com\/wp-content\/uploads\/2025\/01\/Torque_Tool-18x10.jpg 18w, https:\/\/www.oceaneering.com\/wp-content\/uploads\/2025\/01\/Torque_Tool-1280x720.jpg 1280w, https:\/\/www.oceaneering.com\/wp-content\/uploads\/2025\/01\/Torque_Tool-960x540.jpg 960w, https:\/\/www.oceaneering.com\/wp-content\/uploads\/2025\/01\/Torque_Tool-640x360.jpg 640w, https:\/\/www.oceaneering.com\/wp-content\/uploads\/2025\/01\/Torque_Tool-320x180.jpg 320w, https:\/\/www.oceaneering.com\/wp-content\/uploads\/2025\/01\/Torque_Tool.jpg 1920w\" alt=\"\" width=\"1024\" height=\"576\" \/><\/a><\/p>\r\n<h3><a href=\"https:\/\/www.oceaneering.com\/es\/products\/omnio-class-1-4-torque-tool\/\">Herramienta de par Omnio Clase 1-4<\/a><\/h3>\r\n<p>Herramienta dinamom\u00e9trica altamente adaptable con funciones avanzadas de seguridad y funcionamiento. <a href=\"https:\/\/www.oceaneering.com\/es\/products\/omnio-class-1-4-torque-tool\/\">M\u00e1s informaci\u00f3n<\/a> <a href=\"https:\/\/www.oceaneering.com\/es\/products\/omnio-low-torque-tool-and-paddle-tool\/\"><img loading=\"lazy\" decoding=\"async\" title=\"PaddleTools1 | Oceaneering\" src=\"https:\/\/www.oceaneering.com\/wp-content\/uploads\/2025\/01\/Paddle_Tools_1-1024x576.jpg\" sizes=\"auto, (max-width: 1024px) 100vw, 1024px\" srcset=\"https:\/\/www.oceaneering.com\/wp-content\/uploads\/2025\/01\/Paddle_Tools_1-1024x576.jpg 1024w, https:\/\/www.oceaneering.com\/wp-content\/uploads\/2025\/01\/Paddle_Tools_1-300x169.jpg 300w, https:\/\/www.oceaneering.com\/wp-content\/uploads\/2025\/01\/Paddle_Tools_1-768x432.jpg 768w, https:\/\/www.oceaneering.com\/wp-content\/uploads\/2025\/01\/Paddle_Tools_1-1536x864.jpg 1536w, https:\/\/www.oceaneering.com\/wp-content\/uploads\/2025\/01\/Paddle_Tools_1-18x10.jpg 18w, https:\/\/www.oceaneering.com\/wp-content\/uploads\/2025\/01\/Paddle_Tools_1-1280x720.jpg 1280w, https:\/\/www.oceaneering.com\/wp-content\/uploads\/2025\/01\/Paddle_Tools_1-960x540.jpg 960w, https:\/\/www.oceaneering.com\/wp-content\/uploads\/2025\/01\/Paddle_Tools_1-640x360.jpg 640w, https:\/\/www.oceaneering.com\/wp-content\/uploads\/2025\/01\/Paddle_Tools_1-320x180.jpg 320w, https:\/\/www.oceaneering.com\/wp-content\/uploads\/2025\/01\/Paddle_Tools_1.jpg 1920w\" alt=\"Omnio Tooling Paddle Tools\" width=\"1024\" height=\"576\" \/><\/a><\/p>\r\n<h3><a href=\"https:\/\/www.oceaneering.com\/es\/products\/omnio-low-torque-tool-and-paddle-tool\/\">Herramienta Omnio de bajo par y herramienta de pala<\/a><\/h3>\r\n<p>Admite operaciones de bajo par y remo.<a href=\"https:\/\/www.oceaneering.com\/es\/products\/omnio-low-torque-tool-and-paddle-tool\/\">M\u00e1s informaci\u00f3n<\/a> <a href=\"https:\/\/www.oceaneering.com\/es\/products\/omnio-wellhead-cleaning-tool\/\"><img loading=\"lazy\" decoding=\"async\" title=\"WellheadCleaningTool | Oceaneering\" src=\"https:\/\/www.oceaneering.com\/wp-content\/uploads\/2025\/01\/Wellhead_Cleaning_Tool-1024x576.jpg\" sizes=\"auto, (max-width: 1024px) 100vw, 1024px\" srcset=\"https:\/\/www.oceaneering.com\/wp-content\/uploads\/2025\/01\/Wellhead_Cleaning_Tool-1024x576.jpg 1024w, https:\/\/www.oceaneering.com\/wp-content\/uploads\/2025\/01\/Wellhead_Cleaning_Tool-300x169.jpg 300w, https:\/\/www.oceaneering.com\/wp-content\/uploads\/2025\/01\/Wellhead_Cleaning_Tool-768x432.jpg 768w, https:\/\/www.oceaneering.com\/wp-content\/uploads\/2025\/01\/Wellhead_Cleaning_Tool-1536x864.jpg 1536w, https:\/\/www.oceaneering.com\/wp-content\/uploads\/2025\/01\/Wellhead_Cleaning_Tool-18x10.jpg 18w, https:\/\/www.oceaneering.com\/wp-content\/uploads\/2025\/01\/Wellhead_Cleaning_Tool-1280x720.jpg 1280w, https:\/\/www.oceaneering.com\/wp-content\/uploads\/2025\/01\/Wellhead_Cleaning_Tool-960x540.jpg 960w, https:\/\/www.oceaneering.com\/wp-content\/uploads\/2025\/01\/Wellhead_Cleaning_Tool-640x360.jpg 640w, https:\/\/www.oceaneering.com\/wp-content\/uploads\/2025\/01\/Wellhead_Cleaning_Tool-320x180.jpg 320w, https:\/\/www.oceaneering.com\/wp-content\/uploads\/2025\/01\/Wellhead_Cleaning_Tool.jpg 1920w\" alt=\"\" width=\"1024\" height=\"576\" \/><\/a><\/p>\r\n<h3><a href=\"https:\/\/www.oceaneering.com\/es\/products\/omnio-wellhead-cleaning-tool\/\">Herramienta Omnio de limpieza de pozos<\/a><\/h3>\r\n<p>Limpia y mantiene las superficies de la boca del pozo para garantizar la integridad operativa. <a href=\"https:\/\/www.oceaneering.com\/es\/products\/omnio-wellhead-cleaning-tool\/\">M\u00e1s informaci\u00f3n<\/a> <a href=\"https:\/\/www.oceaneering.com\/es\/products\/omnio-gasket-ring-tool\/\"><img loading=\"lazy\" decoding=\"async\" title=\"GasketRingTool | Oceaneering\" src=\"https:\/\/www.oceaneering.com\/wp-content\/uploads\/2025\/01\/Gasket_Ring_Tool-1024x576.jpg\" sizes=\"auto, (max-width: 1024px) 100vw, 1024px\" srcset=\"https:\/\/www.oceaneering.com\/wp-content\/uploads\/2025\/01\/Gasket_Ring_Tool-1024x576.jpg 1024w, https:\/\/www.oceaneering.com\/wp-content\/uploads\/2025\/01\/Gasket_Ring_Tool-300x169.jpg 300w, https:\/\/www.oceaneering.com\/wp-content\/uploads\/2025\/01\/Gasket_Ring_Tool-768x432.jpg 768w, https:\/\/www.oceaneering.com\/wp-content\/uploads\/2025\/01\/Gasket_Ring_Tool-1536x864.jpg 1536w, https:\/\/www.oceaneering.com\/wp-content\/uploads\/2025\/01\/Gasket_Ring_Tool-18x10.jpg 18w, https:\/\/www.oceaneering.com\/wp-content\/uploads\/2025\/01\/Gasket_Ring_Tool-1280x720.jpg 1280w, https:\/\/www.oceaneering.com\/wp-content\/uploads\/2025\/01\/Gasket_Ring_Tool-960x540.jpg 960w, https:\/\/www.oceaneering.com\/wp-content\/uploads\/2025\/01\/Gasket_Ring_Tool-640x360.jpg 640w, https:\/\/www.oceaneering.com\/wp-content\/uploads\/2025\/01\/Gasket_Ring_Tool-320x180.jpg 320w, https:\/\/www.oceaneering.com\/wp-content\/uploads\/2025\/01\/Gasket_Ring_Tool.jpg 1920w\" alt=\"Gasket Ring Tool\" width=\"1024\" height=\"576\" \/><\/a><\/p>\r\n<h3><a href=\"https:\/\/www.oceaneering.com\/es\/products\/omnio-gasket-ring-tool\/\">Herramienta Omnio para anillos de junta<\/a><\/h3>\r\n<p>Permite la extracci\u00f3n e instalaci\u00f3n seguras y eficaces de anillos de junta en entornos submarinos. <a href=\"https:\/\/www.oceaneering.com\/es\/products\/omnio-gasket-ring-tool\/\">M\u00e1s informaci\u00f3n<\/a> <a href=\"https:\/\/www.oceaneering.com\/es\/products\/omnio-cleaning-brush\/\"><img loading=\"lazy\" decoding=\"async\" title=\"MultiPurposeCleaningTool01 | Oceaneering\" src=\"https:\/\/www.oceaneering.com\/wp-content\/uploads\/2025\/01\/Multi_Purpose_Cleaning_Tool_01-1024x576.jpg\" sizes=\"auto, (max-width: 1024px) 100vw, 1024px\" srcset=\"https:\/\/www.oceaneering.com\/wp-content\/uploads\/2025\/01\/Multi_Purpose_Cleaning_Tool_01-1024x576.jpg 1024w, https:\/\/www.oceaneering.com\/wp-content\/uploads\/2025\/01\/Multi_Purpose_Cleaning_Tool_01-300x169.jpg 300w, https:\/\/www.oceaneering.com\/wp-content\/uploads\/2025\/01\/Multi_Purpose_Cleaning_Tool_01-768x432.jpg 768w, https:\/\/www.oceaneering.com\/wp-content\/uploads\/2025\/01\/Multi_Purpose_Cleaning_Tool_01-1536x864.jpg 1536w, https:\/\/www.oceaneering.com\/wp-content\/uploads\/2025\/01\/Multi_Purpose_Cleaning_Tool_01-18x10.jpg 18w, https:\/\/www.oceaneering.com\/wp-content\/uploads\/2025\/01\/Multi_Purpose_Cleaning_Tool_01-1280x720.jpg 1280w, https:\/\/www.oceaneering.com\/wp-content\/uploads\/2025\/01\/Multi_Purpose_Cleaning_Tool_01-960x540.jpg 960w, https:\/\/www.oceaneering.com\/wp-content\/uploads\/2025\/01\/Multi_Purpose_Cleaning_Tool_01-640x360.jpg 640w, https:\/\/www.oceaneering.com\/wp-content\/uploads\/2025\/01\/Multi_Purpose_Cleaning_Tool_01-320x180.jpg 320w, https:\/\/www.oceaneering.com\/wp-content\/uploads\/2025\/01\/Multi_Purpose_Cleaning_Tool_01.jpg 1920w\" alt=\"OmniO Multipurpose Cleaning Tool\" width=\"1024\" height=\"576\" \/><\/a><\/p>\r\n<h3><a href=\"https:\/\/www.oceaneering.com\/es\/products\/omnio-cleaning-brush\/\">Cepillo de limpieza Omnio<\/a><\/h3>\r\n<p>Elimina los residuos y la proliferaci\u00f3n marina de las geometr\u00edas submarinas m\u00e1s dif\u00edciles.<a href=\"https:\/\/www.oceaneering.com\/es\/products\/omnio-cleaning-brush\/\">M\u00e1s informaci\u00f3n<\/a> <a href=\"https:\/\/www.oceaneering.com\/es\/products\/omnio-equipment-basket\/\"><img loading=\"lazy\" decoding=\"async\" title=\"BasketRender02 | Oceaneering\" src=\"https:\/\/www.oceaneering.com\/wp-content\/uploads\/2025\/01\/Basket_Render_02-1024x576.jpg\" sizes=\"auto, (max-width: 1024px) 100vw, 1024px\" srcset=\"https:\/\/www.oceaneering.com\/wp-content\/uploads\/2025\/01\/Basket_Render_02-1024x576.jpg 1024w, https:\/\/www.oceaneering.com\/wp-content\/uploads\/2025\/01\/Basket_Render_02-300x169.jpg 300w, https:\/\/www.oceaneering.com\/wp-content\/uploads\/2025\/01\/Basket_Render_02-768x432.jpg 768w, https:\/\/www.oceaneering.com\/wp-content\/uploads\/2025\/01\/Basket_Render_02-1536x864.jpg 1536w, https:\/\/www.oceaneering.com\/wp-content\/uploads\/2025\/01\/Basket_Render_02-18x10.jpg 18w, https:\/\/www.oceaneering.com\/wp-content\/uploads\/2025\/01\/Basket_Render_02-1280x720.jpg 1280w, https:\/\/www.oceaneering.com\/wp-content\/uploads\/2025\/01\/Basket_Render_02-960x540.jpg 960w, https:\/\/www.oceaneering.com\/wp-content\/uploads\/2025\/01\/Basket_Render_02-640x360.jpg 640w, https:\/\/www.oceaneering.com\/wp-content\/uploads\/2025\/01\/Basket_Render_02-320x180.jpg 320w, https:\/\/www.oceaneering.com\/wp-content\/uploads\/2025\/01\/Basket_Render_02.jpg 1920w\" alt=\"OmniO Tooling Tooling Basket\" width=\"1024\" height=\"576\" \/><\/a><\/p>\r\n<h3><a href=\"https:\/\/www.oceaneering.com\/es\/products\/omnio-equipment-basket\/\">Cesta de equipo Omnio<\/a><\/h3>\r\n<p>Soluciones configurables para transportar y estibar herramientas y equipos de apoyo a las operaciones submarinas. <a href=\"https:\/\/www.oceaneering.com\/es\/products\/omnio-equipment-basket\/\">M\u00e1s informaci\u00f3n<\/a> <a href=\"https:\/\/www.oceaneering.com\/es\/products\/omnio-ipfcm\/\"><img loading=\"lazy\" decoding=\"async\" title=\"250116IPFCMBox | Oceaneering\" src=\"https:\/\/www.oceaneering.com\/wp-content\/uploads\/2025\/01\/250116_IPFCM_Box-1024x576.jpg\" sizes=\"auto, (max-width: 1024px) 100vw, 1024px\" srcset=\"https:\/\/www.oceaneering.com\/wp-content\/uploads\/2025\/01\/250116_IPFCM_Box-1024x576.jpg 1024w, https:\/\/www.oceaneering.com\/wp-content\/uploads\/2025\/01\/250116_IPFCM_Box-300x169.jpg 300w, https:\/\/www.oceaneering.com\/wp-content\/uploads\/2025\/01\/250116_IPFCM_Box-768x432.jpg 768w, https:\/\/www.oceaneering.com\/wp-content\/uploads\/2025\/01\/250116_IPFCM_Box-1536x864.jpg 1536w, https:\/\/www.oceaneering.com\/wp-content\/uploads\/2025\/01\/250116_IPFCM_Box-18x10.jpg 18w, https:\/\/www.oceaneering.com\/wp-content\/uploads\/2025\/01\/250116_IPFCM_Box-1280x720.jpg 1280w, https:\/\/www.oceaneering.com\/wp-content\/uploads\/2025\/01\/250116_IPFCM_Box-960x540.jpg 960w, https:\/\/www.oceaneering.com\/wp-content\/uploads\/2025\/01\/250116_IPFCM_Box-640x360.jpg 640w, https:\/\/www.oceaneering.com\/wp-content\/uploads\/2025\/01\/250116_IPFCM_Box-320x180.jpg 320w, https:\/\/www.oceaneering.com\/wp-content\/uploads\/2025\/01\/250116_IPFCM_Box.jpg 1920w\" alt=\"\" width=\"1024\" height=\"576\" \/><\/a><\/p>\r\n<h3><a href=\"https:\/\/www.oceaneering.com\/es\/products\/omnio-ipfcm\/\">Omnio iPFCM<\/a><\/h3>\r\n<p>Mejora la distribuci\u00f3n de energ\u00eda, admite m\u00faltiples tensiones y permite una integraci\u00f3n flexible en alta mar.<a href=\"https:\/\/www.oceaneering.com\/es\/products\/omnio-ipfcm\/\">M\u00e1s informaci\u00f3n<\/a><\/p>\r\n<!-- .pp-content-posts -->\r\n<h1>Contacte con nosotros<\/h1>\r\n<h2>Nuestro equipo de expertos est\u00e1 listo para ayudarle a empezar.<\/h2>\r\n<p>Oceaneering ofrece los mejores productos y soluciones de su clase, respaldados por una calidad, fiabilidad y asistencia global inigualables. Rellene el formulario de consulta para iniciar una conversaci\u00f3n hoy mismo.<\/p>","protected":false},"excerpt":{"rendered":"<p>Discuss a Project ROV Tooling Omnio\u2122 System Transforming subsea operations with seamless, continuous efficiency. Engineered for Efficiency and Sustainability The Omnio\u2122 system revolutionizes underwater work by enabling continuous subsea operations without the need to recover equipment for tooling changes. Its advanced electromechanical design delivers high-performance, environmentally friendly solution that improves productivity, enhances safety, and reduces &#8230; <a title=\"Sistema Omnio\" class=\"read-more\" href=\"https:\/\/www.oceaneering.com\/es\/omnio-system\/\" aria-label=\"Leer m\u00e1s sobre Omnio System\">Seguir leyendo<\/a><\/p>","protected":false},"author":25,"featured_media":0,"parent":0,"menu_order":0,"comment_status":"closed","ping_status":"closed","template":"","meta":{"_acf_changed":false,"footnotes":"","_links_to":"","_links_to_target":""},"product_category":[],"search_tags":[],"class_list":["post-74845","page","type-page","status-publish"],"acf":[],"aioseo_notices":[],"_links":{"self":[{"href":"https:\/\/www.oceaneering.com\/es\/wp-json\/wp\/v2\/pages\/74845","targetHints":{"allow":["GET"]}}],"collection":[{"href":"https:\/\/www.oceaneering.com\/es\/wp-json\/wp\/v2\/pages"}],"about":[{"href":"https:\/\/www.oceaneering.com\/es\/wp-json\/wp\/v2\/types\/page"}],"author":[{"embeddable":true,"href":"https:\/\/www.oceaneering.com\/es\/wp-json\/wp\/v2\/users\/25"}],"replies":[{"embeddable":true,"href":"https:\/\/www.oceaneering.com\/es\/wp-json\/wp\/v2\/comments?post=74845"}],"version-history":[{"count":3,"href":"https:\/\/www.oceaneering.com\/es\/wp-json\/wp\/v2\/pages\/74845\/revisions"}],"predecessor-version":[{"id":79201,"href":"https:\/\/www.oceaneering.com\/es\/wp-json\/wp\/v2\/pages\/74845\/revisions\/79201"}],"wp:attachment":[{"href":"https:\/\/www.oceaneering.com\/es\/wp-json\/wp\/v2\/media?parent=74845"}],"wp:term":[{"taxonomy":"product_category","embeddable":true,"href":"https:\/\/www.oceaneering.com\/es\/wp-json\/wp\/v2\/product_category?post=74845"},{"taxonomy":"search_tags","embeddable":true,"href":"https:\/\/www.oceaneering.com\/es\/wp-json\/wp\/v2\/search_tags?post=74845"}],"curies":[{"name":"wp","href":"https:\/\/api.w.org\/{rel}","templated":true}]}}