{"id":74198,"date":"2024-10-29T06:33:44","date_gmt":"2024-10-29T11:33:44","guid":{"rendered":"https:\/\/www.oceaneering.com\/?page_id=74198"},"modified":"2024-12-03T04:56:07","modified_gmt":"2024-12-03T10:56:07","slug":"carbon-capture-and-storage","status":"publish","type":"page","link":"https:\/\/www.oceaneering.com\/es\/renewable-energy-solutions\/carbon-capture-and-storage\/","title":{"rendered":"Captura y almacenamiento de carbono"},"content":{"rendered":"<a href=\"https:\/\/www.oceaneering.com\/es\/renewable-energy-solutions\/#contact\" target=\"_self\">\n\t\t\t\t\t\t\tDebatir un proyecto\n\t\t\t\t\t<\/a>\n\t\tEnerg\u00edas renovables\n<h1>\n\t\tCaptura y almacenamiento de carbono\n\t<\/h1>\n\t<p>Alcance sus objetivos medioambientales y de sostenibilidad de forma segura y rentable.<\/p>\n\t\t\t<a href=\"https:\/\/oceaneering.canto.com\/download\/document\/7dqmk12v0t6k9e44mni2qif53u\/original.pdf\" target=\"_blank\" rel=\"noopener\">\n\t\t\t\t\t\t\tApoyo a la captura y almacenamiento de carbono con soluciones para todo el ciclo de vida\n\t\t\t\t\t<\/a>\n<h2>\n\t\tSoluciones seguras y probadas para la captura de carbono en cualquier entorno\n\t<\/h2>\n\t<p>Carbon Capture and Storage (CCS) captures CO2 at the source-from fossil fuel production to industrial processes-or removes it directly from the atmosphere. With decades of proven experience in extreme environments, we deliver safe, effective CCS solutions across industries.<\/p>\n<h3>\n\t\tEjecutar operaciones en entornos extremos\n\t<\/h3>\n<h3>\n\t\tOptimizar los programas de operaciones y mantenimiento \n\t<\/h3>\n<h3>\n\t\tMejorar la econom\u00eda de los proyectos y reducir los riesgos con la rob\u00f3tica residente\n\t<\/h3>\n<h2>\n\t\tMaximice la eficiencia con soluciones fiables\n\t<\/h2>\n\t<p>Centrados en la seguridad, la fiabilidad y la rentabilidad, nuestros programas de inspecci\u00f3n y control permiten la detecci\u00f3n precoz de los riesgos de fallo, garantizando la integridad de las instalaciones. Las tecnolog\u00edas l\u00edderes del sector, como la rob\u00f3tica submarina residente y las v\u00e1lvulas de mariposa qu\u00edmicas Oceaneering Rotator, refuerzan las operaciones de CCS con un rendimiento inigualable.<\/p>\n\t\t\t\tDrill Support\n\t\t\t\tC-Nav Positioning Solutions \n\t\t\t\tDetailed Infrastructure Engineering Analysis \n\t\t\t\tOffshore Inspection, Maintenance, and Condition Monitoring \n\t\t\t\tRotator Chemical Throttle Valves \n\t\t\t\tPower and Communications Cables \n\t\t\t\t\t\t\tDrill Support\n\t\t\t\t<p><img loading=\"lazy\" decoding=\"async\" src=\"https:\/\/www.oceaneering.com\/wp-content\/uploads\/2023\/11\/19RW202B-1-1024x512.jpg\" alt=\"\" width=\"1024\" height=\"512\" \/><\/p>\n<h3>Soporte de perforaci\u00f3n<\/h3>\n<p>Utilice nuestra flota de <a href=\"https:\/\/www.oceaneering.com\/es\/rov-services\/\">veh\u00edculos teledirigidos (ROV)<\/a> para garantizar operaciones submarinas precisas, facilitar <a href=\"https:\/\/www.oceaneering.com\/es\/survey-and-mapping\/\">estudios del fondo marino<\/a>y apoyar la instalaci\u00f3n y el mantenimiento de su infraestructura CAC.<\/p>\n<p>Nuestros avanzados sistemas, con una s\u00f3lida capacidad en entornos dif\u00edciles, cuentan con el apoyo de <a href=\"https:\/\/www.oceaneering.com\/es\/remote-services\/\">pilotaje a distancia<\/a> mejorar la eficiencia operativa y la seguridad, permitiendo una integraci\u00f3n perfecta de los sistemas de CAC.<\/p>\n\t\t\t\t\t\t\tSoluciones de posicionamiento C-Nav \n\t\t\t\t<p><img loading=\"lazy\" decoding=\"async\" src=\"https:\/\/www.oceaneering.com\/wp-content\/uploads\/2024\/01\/230323_C-Nav-Thumbnail_V1-edited-1024x576.jpg\" alt=\"\" width=\"1024\" height=\"576\" \/><\/p>\n<h3>Soluciones de posicionamiento C-Nav<\/h3>\n<p>Ensure the accuracy of your drilling operations with Oceaneering&#8217;s <a href=\"https:\/\/www.oceaneering.com\/es\/positioning-solutions\/\">Soluciones de posicionamiento C-Nav<\/a>que ofrece el nivel m\u00e1s completo de cobertura.<\/p>\n<p>Con el apoyo de <a href=\"https:\/\/www.oceaneering.com\/es\/positioning-solutions\/low-earth-orbit-leo-correction-services\/\">Servicios Correccionales LEO<\/a> y un equipo global que ofrece asistencia las 24 horas del d\u00eda, puede optimizar la eficacia de la colocaci\u00f3n y alineaci\u00f3n de pozos.<\/p>\n\t\t\t\t\t\t\tAn\u00e1lisis detallado de ingenier\u00eda de infraestructuras \n\t\t\t\t<p><img loading=\"lazy\" decoding=\"async\" src=\"https:\/\/www.oceaneering.com\/wp-content\/uploads\/2023\/10\/Pipeline-Integrity-1024x512.jpeg\" alt=\"\" width=\"1024\" height=\"512\" \/><\/p>\n<h3>An\u00e1lisis detallado de ingenier\u00eda de infraestructuras<\/h3>\n<p>Aproveche nuestra experiencia en an\u00e1lisis de ingenier\u00eda para proyectos de conversi\u00f3n de infraestructuras de CAC o para desarrollar tecnolog\u00eda innovadora que satisfaga necesidades emergentes. Optimizamos el uso de las tuber\u00edas e infraestructuras submarinas actuales, minimizando el riesgo y confirmando la idoneidad, mediante inspecciones y an\u00e1lisis exhaustivos.<\/p>\n<p>Nuestra <a href=\"https:\/\/www.oceaneering.com\/es\/pipeline-repair\/\">sistemas de conexi\u00f3n de tuber\u00edas<\/a> ofrecen soluciones s\u00f3lidas y probadas sobre el terreno para reparaciones y conexiones, al tiempo que integran ingenier\u00eda avanzada para superar los retos actuales del sector.<\/p>\n\t\t\t\t\t\t\tInspecci\u00f3n, mantenimiento y control del estado en alta mar \n\t\t\t\t<p><img loading=\"lazy\" decoding=\"async\" src=\"https:\/\/www.oceaneering.com\/wp-content\/uploads\/2024\/04\/240410_Inform-Inspect_V03-1024x590.jpg\" alt=\"Illustration of a man with a helmet at work\" width=\"1024\" height=\"590\" \/><\/p>\n<h3>Inspecci\u00f3n, mantenimiento y control del estado en alta mar<\/h3>\n<p>Salvaguardar la funcionalidad y la seguridad de las instalaciones de captura de carbono, garantizando la contenci\u00f3n y el transporte eficientes del CO2 mediante la inspecci\u00f3n proactiva, el mantenimiento y la supervisi\u00f3n del estado de los problemas habituales de la CAC, como la corrosi\u00f3n, las picaduras y las fracturas por fragilizaci\u00f3n.<\/p>\n<p>Nuestras capacidades de monitorizaci\u00f3n remota de los m\u00f3dulos de aterrizaje, incluido el apoyo residente proporcionado por el <a href=\"https:\/\/www.oceaneering.com\/es\/rov-services\/next-generation-subsea-vehicles\/liberty-resident-system\/\">Sistema de residentes Liberty<\/a>es crucial para hacer un seguimiento continuo de las condiciones de los yacimientos a lo largo del tiempo, garantizar la exactitud de los datos y mejorar la eficacia de los proyectos de CAC a largo plazo.<\/p>\n<p><a href=\"https:\/\/www.oceaneering.com\/es\/asset-integrity\/in-service-inspection\/subsea-inspection\/\">M\u00e1s informaci\u00f3n<\/a><\/p>\n\t\t\t\t\t\t\tV\u00e1lvulas de mariposa qu\u00edmicas Rotator \n\t\t\t\t<p><img loading=\"lazy\" decoding=\"async\" src=\"https:\/\/www.oceaneering.com\/wp-content\/uploads\/2023\/11\/200309_CTV-UF-Subsea-Shot-3-1024x576.jpeg\" alt=\"\" width=\"1024\" height=\"576\" \/><\/p>\n<h3>V\u00e1lvulas de mariposa qu\u00edmicas Rotator<\/h3>\n<p>Aproveche la inigualable calidad, fiabilidad y asistencia global que respaldan nuestros CTV para garantizar una precisi\u00f3n de dosificaci\u00f3n de productos qu\u00edmicos superior, continua y la mejor de su clase para las funciones de inyecci\u00f3n en sus instalaciones CCS, evitando eficazmente el bloqueo de hidratos cuando se instalan en \u00e1rboles.<\/p>\n<p><a href=\"https:\/\/www.oceaneering.com\/es\/rotator-technologies\/chemical-throttle-valves\/\">M\u00e1s informaci\u00f3n.<\/a><\/p>\n\t\t\t\t\t\t\tCables de alimentaci\u00f3n y comunicaciones \n\t\t\t\t<p><img loading=\"lazy\" decoding=\"async\" src=\"https:\/\/www.oceaneering.com\/wp-content\/uploads\/2023\/11\/Panama-city-images7-1024x703.jpg\" alt=\"\" width=\"1024\" height=\"703\" \/><\/p>\n<h3>Cables de alimentaci\u00f3n y comunicaciones<\/h3>\n<p>Benefit from Oceaneering&#8217;s extensive experience in developing reliable power and communications umbilicals essential for CCS projects. Our wide global footprint and manufacturing capabilities, combined with deep expertise, deliver robust, high-performance connectivity solutions that enhance operational efficiency and safety in challenging subsea environments.<\/p>\n<p><a href=\"https:\/\/www.oceaneering.com\/es\/subsea-distribution-solutions\/\">M\u00e1s informaci\u00f3n<\/a><\/p>\n\t\t\t\t<img loading=\"lazy\" decoding=\"async\" src=\"https:\/\/www.oceaneering.com\/wp-content\/uploads\/2024\/10\/Sustainability-globe-in-grass-2.jpg\" alt=\"Globe laying in grass.\" itemprop=\"image\" height=\"838\" width=\"1196\" title=\"Sostenibilidad: globo en la hierba 2\" onerror=\"this.style.display='none'\"  \/>\n<h2>\n\t\tIngenier\u00eda para un futuro sostenible\n\t<\/h2>\n\t<p>Como proveedor mundial de productos y servicios de ingenier\u00eda, nos comprometemos a reducir nuestra huella de carbono en los numerosos sectores a los que servimos. Invertimos continuamente en el desarrollo de nuestros productos y servicios para crear tecnolog\u00edas avanzadas resistentes, seguras y respetuosas con el medio ambiente que permitan una mayor colaboraci\u00f3n con nuestros clientes y un tiempo de respuesta m\u00e1s r\u00e1pido.<\/p>\n\t\t\t<a href=\"https:\/\/www.oceaneering.com\/es\/sustainability\/\" target=\"_self\">\n\t\t\t\t\t\t\tM\u00e1s informaci\u00f3n\n\t\t\t<\/a>\n<h1>\n\t\tContacte con nosotros\n\t<\/h1>\n<h2>\n\t\tNuestro equipo de expertos est\u00e1 listo para ayudarle a empezar.\n\t<\/h2>\n\t<p>Oceaneering ofrece los mejores productos y soluciones de su clase, respaldados por una calidad, fiabilidad y asistencia global inigualables. Rellene el formulario de consulta para iniciar una conversaci\u00f3n hoy mismo.<\/p>","protected":false},"excerpt":{"rendered":"<p>Discuss a Project Renewable Energy Carbon Capture and Storage Achieve your environmental and sustainability targets safely and cost-effectively. Supporting Carbon Capture And Storage With Full Lifecycle Solutions Delivering Safe and Proven Carbon Capture Solutions in Any Environment Carbon Capture and Storage (CCS) captures CO2 at the source-from fossil fuel production to industrial processes-or removes it &#8230; <a title=\"Captura y almacenamiento de carbono\" class=\"read-more\" href=\"https:\/\/www.oceaneering.com\/es\/renewable-energy-solutions\/carbon-capture-and-storage\/\" aria-label=\"Leer m\u00e1s sobre Carbon Capture and Storage\">Seguir leyendo<\/a><\/p>","protected":false},"author":25,"featured_media":0,"parent":61160,"menu_order":0,"comment_status":"closed","ping_status":"closed","template":"","meta":{"_acf_changed":false,"footnotes":"","_links_to":"","_links_to_target":""},"product_category":[1159],"search_tags":[1993,1398],"class_list":["post-74198","page","type-page","status-publish","product_category-renewables","search_tags-floating-offshore-wind","search_tags-renewable-energy"],"acf":[],"aioseo_notices":[],"_links":{"self":[{"href":"https:\/\/www.oceaneering.com\/es\/wp-json\/wp\/v2\/pages\/74198","targetHints":{"allow":["GET"]}}],"collection":[{"href":"https:\/\/www.oceaneering.com\/es\/wp-json\/wp\/v2\/pages"}],"about":[{"href":"https:\/\/www.oceaneering.com\/es\/wp-json\/wp\/v2\/types\/page"}],"author":[{"embeddable":true,"href":"https:\/\/www.oceaneering.com\/es\/wp-json\/wp\/v2\/users\/25"}],"replies":[{"embeddable":true,"href":"https:\/\/www.oceaneering.com\/es\/wp-json\/wp\/v2\/comments?post=74198"}],"version-history":[{"count":0,"href":"https:\/\/www.oceaneering.com\/es\/wp-json\/wp\/v2\/pages\/74198\/revisions"}],"up":[{"embeddable":true,"href":"https:\/\/www.oceaneering.com\/es\/wp-json\/wp\/v2\/pages\/61160"}],"wp:attachment":[{"href":"https:\/\/www.oceaneering.com\/es\/wp-json\/wp\/v2\/media?parent=74198"}],"wp:term":[{"taxonomy":"product_category","embeddable":true,"href":"https:\/\/www.oceaneering.com\/es\/wp-json\/wp\/v2\/product_category?post=74198"},{"taxonomy":"search_tags","embeddable":true,"href":"https:\/\/www.oceaneering.com\/es\/wp-json\/wp\/v2\/search_tags?post=74198"}],"curies":[{"name":"wp","href":"https:\/\/api.w.org\/{rel}","templated":true}]}}