{"id":73888,"date":"2025-06-05T02:30:54","date_gmt":"2025-06-05T07:30:54","guid":{"rendered":"https:\/\/www.oceaneering.com\/?page_id=73888"},"modified":"2025-08-18T02:08:30","modified_gmt":"2025-08-18T07:08:30","slug":"integrity-engineering","status":"publish","type":"page","link":"https:\/\/www.oceaneering.com\/es\/asset-integrity-management\/integrity-engineering\/","title":{"rendered":"Ingenier\u00eda de integridad"},"content":{"rendered":"<a href=\"\/es\/asset-integrity\/#contact\" target=\"_self\">\n\t\t\t\t\t\t\tDebatir un proyecto\n\t\t\t\t\t<\/a>\n<h1>\n\t\tIngenier\u00eda de integridad \n\t<\/h1>\n\t<p>Maintain the safety of your assets, processes, and systems-from seabed to flare tip-with expert engineering insights and data-driven analytics.<\/p>\n<h2>\n\t\tMaximizar el tiempo de actividad y la longevidad de los activos\n\t<\/h2>\n\t<p>Proteja sus activos cr\u00edticos dondequiera que opere. Desde sistemas de presi\u00f3n, tanques de almacenamiento y tuber\u00edas hasta estructuras fijas y flotantes y equipos submarinos. Utilizamos inspecciones avanzadas, informaci\u00f3n sobre datos y estrategias basadas en riesgos para reducir los fallos, prolongar la vida \u00fatil de los activos y mantener la conformidad y la operatividad.<\/p>\n\t<a href=\"https:\/\/www.oceaneering.com\/es\/pressure-systems\/\" target=\"_self\"  aria-label=\"Go to https:\/\/www.oceaneering.com\/pressure-systems\/\"><\/a>\n\t\t\t\t<img decoding=\"async\" src=\"https:\/\/www.oceaneering.com\/wp-content\/uploads\/2025\/06\/Pressure-Systems.png\" alt=\"Icon of a pressure valve showing services related to pressure systems.\" title=\"Sistemas de presi\u00f3n\" itemprop=\"image\"\/>\n\t\t<h3>Sistemas de presi\u00f3n<\/h3>\n\t\t\t\t<p>Mitigar los riesgos de seguridad y prolongar la vida \u00fatil de los sistemas de presi\u00f3n cr\u00edticos vulnerables a la corrosi\u00f3n y la fatiga.<\/p>\n<p><a href=\"https:\/\/www.oceaneering.com\/es\/pressure-systems\/\">M\u00e1s informaci\u00f3n<\/a><\/p>\n\t<a href=\"https:\/\/www.oceaneering.com\/es\/storage-tanks-and-associated-pipework\/\" target=\"_self\"  aria-label=\"Go to https:\/\/www.oceaneering.com\/storage-tanks-and-associated-pipework\/\"><\/a>\n\t\t\t\t<img decoding=\"async\" src=\"https:\/\/www.oceaneering.com\/wp-content\/uploads\/2025\/06\/Storage-Tanks-and-Associated-Pipework.png\" alt=\"Icon of two storage tanks showing services related to storage tanks and associated pipework.\" title=\"Dep\u00f3sitos de almacenamiento y tuber\u00edas asociadas\" itemprop=\"image\"\/>\n\t\t<h3>Dep\u00f3sitos de almacenamiento y tuber\u00edas asociadas<\/h3>\n\t\t\t\t<p>Nuestros ingenieros multicualificados garantizan la seguridad de las operaciones utilizando datos y tecnolog\u00eda de inspecci\u00f3n avanzada.<\/p>\n<p><a href=\"https:\/\/www.oceaneering.com\/es\/storage-tanks-and-associated-pipework\/\">M\u00e1s informaci\u00f3n<\/a><\/p>\n\t<a href=\"https:\/\/www.oceaneering.com\/es\/onshore-pipelines\/\" target=\"_self\"  aria-label=\"Go to https:\/\/www.oceaneering.com\/onshore-pipelines\/\"><\/a>\n\t\t\t\t<img decoding=\"async\" src=\"https:\/\/www.oceaneering.com\/wp-content\/uploads\/2025\/06\/Onshore-Pipelines.png\" alt=\"Icon of a pipeline showing services related to onshore pipelines.\" title=\"Oleoductos terrestres\" itemprop=\"image\"\/>\n\t\t<h3>Oleoductos terrestres<\/h3>\n\t\t\t\t<p>Utilice una supervisi\u00f3n proactiva y estrategias basadas en el riesgo para evitar fugas, reducir el tiempo de inactividad y garantizar el cumplimiento de la normativa.<\/p>\n<p><a href=\"https:\/\/www.oceaneering.com\/es\/onshore-pipelines\/\">M\u00e1s informaci\u00f3n<\/a><\/p>\n\t<a href=\"https:\/\/www.oceaneering.com\/es\/fixed-and-floating-structures\/\" target=\"_self\"  aria-label=\"Go to https:\/\/www.oceaneering.com\/fixed-and-floating-structures\/\"><\/a>\n\t\t\t\t<img decoding=\"async\" src=\"https:\/\/www.oceaneering.com\/wp-content\/uploads\/2025\/06\/Fixed-and-Floating-Structures-1.png\" alt=\"Icon of an oil platform showing services related to fixed and floating structures.\" title=\"Estructuras fijas y flotantes 1\" itemprop=\"image\"\/>\n\t\t<h3>Estructuras<\/h3>\n\t\t\t\t<p>Detecte signos tempranos de fatiga, corrosi\u00f3n y degradaci\u00f3n estructural, salvaguardando sus estructuras fijas y flotantes.<\/p>\n<p><a href=\"https:\/\/www.oceaneering.com\/es\/fixed-and-floating-structures\/\">M\u00e1s informaci\u00f3n<\/a><\/p>\n\t<a href=\"https:\/\/www.oceaneering.com\/es\/subsea-assets\/\" target=\"_self\"  aria-label=\"Go to https:\/\/www.oceaneering.com\/subsea-assets\/\"><\/a>\n\t\t\t\t<img decoding=\"async\" src=\"https:\/\/www.oceaneering.com\/wp-content\/uploads\/2025\/06\/Offshore-Pipeline-and-Subsea-Structure-1.png\" alt=\"Icon of a subsea structure showing services related to offshore pipeline and subsea structures.\" title=\"Oleoductos y estructuras submarinas 1\" itemprop=\"image\"\/>\n\t\t<h3>Activos submarinos<\/h3>\n\t\t\t\t<p>Mejore el rendimiento, la vida \u00fatil de los activos y la informaci\u00f3n con nuestro avanzado an\u00e1lisis de riesgos y nuestro enfoque hol\u00edstico.<\/p>\n<p><a href=\"https:\/\/www.oceaneering.com\/es\/subsea-assets\/\">M\u00e1s informaci\u00f3n<\/a><\/p>\n<h2>\n\t\tIdentificar y superar las amenazas m\u00e1s comunes\n\t<\/h2>\n\t<p>Stay ahead of critical risks-vibration fatigue, corrosion, and equipment failure-with our specialized engineering services. Using predictive analytics, diagnostic tools, and cost-effective maintenance strategies, we deliver early warnings and long-term protection for your most vulnerable assets.<\/p>\n\t\t\t\t<img loading=\"lazy\" decoding=\"async\" src=\"https:\/\/www.oceaneering.com\/wp-content\/uploads\/2025\/02\/Vibrations.jpg\" alt=\"Vibrations\" itemprop=\"image\" height=\"1200\" width=\"1920\" title=\"Vibraciones\" onerror=\"this.style.display='none'\"  \/>\n<h3>\n\t\tIngenier\u00eda de vibraciones   \n\t<\/h3>\n\t<p>Identificar las amenazas potenciales y desarrollar estrategias de mantenimiento mediante evaluaciones del estado y an\u00e1lisis de costes.<\/p>\n\t\t\t<a href=\"https:\/\/www.oceaneering.com\/es\/asset-integrity-management\/vibration-engineering\/\" target=\"_self\">\n\t\t\t\t\t\t\tSeguir leyendo\n\t\t\t<\/a>\n\t\t\t\t<img loading=\"lazy\" decoding=\"async\" src=\"https:\/\/www.oceaneering.com\/wp-content\/uploads\/2025\/06\/Pipelines-with-corrosion.jpg\" alt=\"Corroded pipelines and equipment.\" itemprop=\"image\" height=\"1280\" width=\"1920\" title=\"Pipelines-with-corrosion\" onerror=\"this.style.display='none'\"  \/>\n<h3>\n\t\tGesti\u00f3n de la corrosi\u00f3n \n\t<\/h3>\n\t<p>Identifique y aborde los riesgos de forma proactiva mediante an\u00e1lisis predictivos para proteger sus tuber\u00edas, recipientes a presi\u00f3n, dep\u00f3sitos y estructuras submarinas.<\/p>\n\t\t\t<a href=\"https:\/\/www.oceaneering.com\/es\/asset-integrity-management\/corrosion-management\/\" target=\"_self\">\n\t\t\t\t\t\t\tSeguir leyendo\n\t\t\t<\/a>\n<h2>\n\t\tAportar valor a escala mundial\n\t<\/h2>\n\t<p>Nuestros equipos globales de ingenier\u00eda utilizan datos y an\u00e1lisis para ayudarle a mitigar los riesgos potenciales y maximizar el tiempo de actividad, garantizando al mismo tiempo la seguridad de las operaciones. Este enfoque proactivo optimiza la eficiencia operativa y de costes, al tiempo que prolonga la vida \u00fatil de sus activos.<\/p>\n<h3>\n\t\tAprovechar los datos y los an\u00e1lisis para mitigar los riesgos potenciales\n\t<\/h3>\n<h3>\n\t\tMaximice el tiempo de actividad al tiempo que garantiza la seguridad de sus operaciones\n\t<\/h3>\n<h3>\n\t\tOptimizar la eficiencia operativa y de costes y prolongar la vida \u00fatil de los activos\n\t<\/h3>\n<h3>\n\t\tApoyar la planificaci\u00f3n proactiva y la intervenci\u00f3n oportuna\n\t<\/h3>\n<h3>\n\t\tAdoptar an\u00e1lisis predictivos para identificar posibles fallos antes de que se produzcan\n\t<\/h3>\n<h2>\n\t\tPreguntas frecuentes\n\t<\/h2>\n\t<p>\u00bfLe interesa saber c\u00f3mo Oceaneering ofrece ingenier\u00eda de integridad? A continuaci\u00f3n encontrar\u00e1 algunas de las preguntas m\u00e1s frecuentes.<\/p>\n\t\t\t\t\t\t<h5>Hacemos bastantes inspecciones. C\u00f3mo puede ayudar la ingenier\u00eda de integridad a mejorar nuestras operaciones?<\/h5>\n\t\t\t<p>Not only does integrity engineering ensure your structures, systems, and assets are in safe working order, it helps you ensure the inspections you are completing are done at the most optimized intervals, focus on the key areas of concern, and address the key issues affecting your operations. We ensure your inspections-and the money and time you dedicate to them-are value adding, providing the data and insight you need to make informed decisions.<\/p>\n\t\t\t\t\t\t<h5>\u00bfPuede Oceaneering prestar servicios de ingenier\u00eda de integridad para una serie de activos mundiales?<\/h5>\n\t\t\t<p>Absolutamente. Nuestros equipos globales tienen experiencia y conocimientos en una amplia gama de tipos de activos en todo el mundo, incluidas las instalaciones upstream, midstream y downstream, as\u00ed como las nuevas energ\u00edas. Prestamos servicios personalizados e integrados dise\u00f1ados para cumplir diversos requisitos normativos. Ofrecemos servicios de ingenier\u00eda de integridad para una amplia lista de tipos de equipos, incluidos, entre otros, sistemas de presi\u00f3n (equipos de presi\u00f3n est\u00e1tica, tuber\u00edas, v\u00e1lvulas de seguridad\/alivio de presi\u00f3n, etc.), estructuras, tanques de almacenamiento, tuber\u00edas e infraestructuras asociadas.<\/p>\n\t\t\t\t\t\t<h5>\u00bfQu\u00e9 herramientas inform\u00e1ticas y tecnolog\u00edas utiliza para las evaluaciones de integridad?<\/h5>\n\t\t\t<p>Our INFORM\u2122 Software Platform is our standard software tool for various types of integrity assessments. Explore the platform&#8217;s functionality by visiting our <a href=\"https:\/\/www.oceaneering.com\/es\/digitizing-integrity\/\">Digitalizaci\u00f3n de la p\u00e1gina Integridad<\/a>.<\/p>\n\t\t\t\t\t\t<h5>\u00bfRealiza evaluaciones de inspecci\u00f3n en funci\u00f3n del riesgo (RBI) o evaluaciones de idoneidad para el servicio (FFS)?<\/h5>\n\t\t\t<p>S\u00ed, tenemos una amplia experiencia mundial en el apoyo a las evaluaciones de RBI seg\u00fan normas internacionales como API580\/581, procedimientos de clientes y tambi\u00e9n nuestros propios procedimientos. Utilizamos nuestro software INFORM\u2122 RBI para colaborar con los clientes e identificar el enfoque m\u00e1s adecuado. Prestamos especial atenci\u00f3n a sus necesidades operativas y entornos de activos para garantizar que el RBI optimice realmente sus programas de inspecci\u00f3n y mantenimiento. Tambi\u00e9n realizamos evaluaciones FFS de acuerdo con API 579\/ASME FFS-1 para determinar el funcionamiento seguro continuado de equipos da\u00f1ados o degradados.<\/p>\n\t\t\t\t\t\t<h5>\u00bfY los servicios de control y mitigaci\u00f3n de la corrosi\u00f3n y de gesti\u00f3n de la integridad de las tuber\u00edas?<\/h5>\n\t\t\t<p>S\u00ed. Aplicamos estrategias de control de la corrosi\u00f3n que incluyen programas de supervisi\u00f3n, selecci\u00f3n de inhibidores y protecci\u00f3n cat\u00f3dica, con el apoyo de an\u00e1lisis de datos e informes peri\u00f3dicos. M\u00e1s informaci\u00f3n en <a href=\"https:\/\/www.oceaneering.com\/es\/corrosion-management\/\">P\u00e1gina de control de la corrosi\u00f3n<\/a>. Tenemos una gran experiencia mundial en <a href=\"https:\/\/www.oceaneering.com\/es\/onshore-pipelines\/\">servicios de gesti\u00f3n de la integridad de oleoductos<\/a> tanto para oleoductos terrestres como mar\u00edtimos.<\/p>\n\t\t\t\t\t\t<h5>\u00bfQu\u00e9 certificaciones o acreditaciones posee Oceaneering (por ejemplo, ISO, API, ASME)?<\/h5>\n\t\t\t<p>Oceaneering como empresa y nuestros cualificados empleados poseen una serie de certificaciones y acreditaciones mundiales. Entre ellas se incluyen las certificaciones ISO 9001, ISO 14001 y 45001, ISO\/IEC 17020, ASME y NACE\/AMPP. Tambi\u00e9n contamos con acreditaciones regionales espec\u00edficas en nuestras sedes de todo el mundo.<\/p>\n\t\t\t\t\t\t<h5>\u00bfPuede ayudarnos a cumplir la normativa local e internacional (por ejemplo, HSE UK, OSHA, NORSOK)?<\/h5>\n\t\t\t<p>S\u00ed. Garantizamos que todos los servicios cumplen la normativa aplicable, incluidas las normas HSE UK, OSHA, API, ASME y NORSOK.<\/p>\n\t\t\t\t\t\t<h5>\u00bfPrestan asistencia in situ o s\u00f3lo ofrecen servicios a distancia?<\/h5>\n\t\t\t<p>Ofrecemos ambas cosas. Nuestros ingenieros est\u00e1n disponibles para despliegues en tierra y mar, as\u00ed como para asistencia remota y an\u00e1lisis de datos.<\/p>\n\t\t\t<a href=\"#contact\" target=\"_self\">\n\t\t\t\t\t\t\t\u00bfTiene m\u00e1s preguntas? P\u00f3ngase en contacto con nosotros.\n\t\t\t<\/a>\n\t\t\t\t\t\t\t\t\t<h3>Probado en campo. L\u00edder en el sector.<\/h3>\n\t\t\t\t\t\t\t\t\t<p>Lea nuestros casos pr\u00e1cticos sobre ingenier\u00eda de integridad.<\/p>\n\t\t\t\t\t\t<a href=\"https:\/\/www.oceaneering.com\/es\/resources\/?_content_types=case-study\" target=\"_self\">\n\t\t\t\t\t\t\t\tVer todos los casos pr\u00e1cticos\t\t\t\t\t\t\t\n\t\t\t\t\t\t\t\t\t\t\t\t\t<\/a>\n\t\t\t\t\t\t<button>\n\t\t\t\t\t\t\tAnterior\n\t\t\t\t\t\t<\/button>\n\t\t\t\t\t\t<button>\n\t\t\t\t\t\t\tSiguiente\n\t\t\t\t\t\t<\/button>\n\t\t\t\t\t\t\t<a href=\"https:\/\/www.oceaneering.com\/es\/case-studies\/asset-integrity-management-study-for-lng-expansion-project-in-asia\/\">\n\t\t\t\t\t\t\t\t\t\t<img decoding=\"async\" src=\"https:\/\/www.oceaneering.com\/wp-content\/uploads\/2025\/06\/LNG-production.webp\" alt=\"\"\/>\n\t\t\t\t\t\t\t\t\t\t<h3>Estudio de gesti\u00f3n de la integridad de los activos para un proyecto de expansi\u00f3n de GNL en Asia<\/h3>\n\t\t\t\t\t\t\t\t\t\t<h3>Estudio de gesti\u00f3n de la integridad de los activos para un proyecto de expansi\u00f3n de GNL en Asia<\/h3>\n\t\t\t\t\t\t\t\t\t\t\t\t\t\t\t\t\t\t\t\t\t<p>A major international operator contracted Oceaneering to develop and implement a comprehensive integrated Integrity Management System (IMS)&#8230;<\/p>\n\t\t\t\t\t\t\t\t\t\t\tM\u00e1s informaci\u00f3n\n\t\t\t\t\t\t\t<\/a>\n\t\t\t\t\t\t\t<a href=\"https:\/\/www.oceaneering.com\/es\/case-studies\/optimized-fspo-ballast-tank-inspection-scope-eliminates-confined-space-entry\/\">\n\t\t\t\t\t\t\t\t\t\t<img decoding=\"async\" src=\"https:\/\/www.oceaneering.com\/wp-content\/uploads\/2024\/11\/Ballast-Tank-2-edited.jpg\" alt=\"\"\/>\n\t\t\t\t\t\t\t\t\t\t<h3>El alcance optimizado de la inspecci\u00f3n de tanques de lastre de FSPO elimina la entrada en espacios confinados<\/h3>\n\t\t\t\t\t\t\t\t\t\t<h3>El alcance optimizado de la inspecci\u00f3n de tanques de lastre de FSPO elimina la entrada en espacios confinados<\/h3>\n\t\t\t\t\t\t\t\t\t\t\t\t\t\t\t\t\t\t\t\t\t<p>In October 2023, Oceaneering completed a 13-day inspection scope on three dual-compartment L-shaped ballast tanks on a&#8230;<\/p>\n\t\t\t\t\t\t\t\t\t\t\tM\u00e1s informaci\u00f3n\n\t\t\t\t\t\t\t<\/a>\n\t\t\t\t\t\t\t<a href=\"https:\/\/www.oceaneering.com\/es\/case-studies\/innovative-subsea-flowline-pressure-containing-clamp-system-reduces-intervention-time-and-cost\/\">\n\t\t\t\t\t\t\t\t\t\t<img decoding=\"async\" src=\"https:\/\/www.oceaneering.com\/wp-content\/uploads\/2023\/11\/Snap_27-SEP-21-09_04_38-1536x864-1.jpeg\" alt=\"\"\/>\n\t\t\t\t\t\t\t\t\t\t<h3>Un innovador sistema de abrazaderas de contenci\u00f3n de la presi\u00f3n de la l\u00ednea de flujo submarina reduce el tiempo y el coste de las intervenciones<\/h3>\n\t\t\t\t\t\t\t\t\t\t<h3>Un innovador sistema de abrazaderas de contenci\u00f3n de la presi\u00f3n de la l\u00ednea de flujo submarina reduce el tiempo y el coste de las intervenciones<\/h3>\n\t\t\t\t\t\t\t\t\t\t\t\t\t\t\t\t\t\t\t\t\t<p>In October 2020, a major operator contracted Oceaneering to remediate hydrates blocking their flowline in multiple locations&#8230;.<\/p>\n\t\t\t\t\t\t\t\t\t\t\tM\u00e1s informaci\u00f3n\n\t\t\t\t\t\t\t<\/a>\n<h1>\n\t\tContacte con nosotros\n\t<\/h1>\n<h2>\n\t\tNuestro equipo de expertos est\u00e1 listo para ayudarle a empezar.\n\t<\/h2>\n\t<p>Oceaneering ofrece los mejores productos y soluciones de su clase, respaldados por una calidad, fiabilidad y asistencia global inigualables. Rellene el formulario de consulta para iniciar una conversaci\u00f3n hoy mismo.<\/p>","protected":false},"excerpt":{"rendered":"<p>Minimice el tiempo de inactividad y mantenga la seguridad de las operaciones con nuestros servicios de ingenier\u00eda de integridad adaptados a sus necesidades. <\/p>","protected":false},"author":25,"featured_media":68330,"parent":59710,"menu_order":0,"comment_status":"closed","ping_status":"closed","template":"","meta":{"_acf_changed":false,"footnotes":"","_links_to":"","_links_to_target":""},"product_category":[1205],"search_tags":[],"class_list":["post-73888","page","type-page","status-publish","has-post-thumbnail","product_category-asset-integrity-management"],"acf":[],"aioseo_notices":[],"_links":{"self":[{"href":"https:\/\/www.oceaneering.com\/es\/wp-json\/wp\/v2\/pages\/73888","targetHints":{"allow":["GET"]}}],"collection":[{"href":"https:\/\/www.oceaneering.com\/es\/wp-json\/wp\/v2\/pages"}],"about":[{"href":"https:\/\/www.oceaneering.com\/es\/wp-json\/wp\/v2\/types\/page"}],"author":[{"embeddable":true,"href":"https:\/\/www.oceaneering.com\/es\/wp-json\/wp\/v2\/users\/25"}],"replies":[{"embeddable":true,"href":"https:\/\/www.oceaneering.com\/es\/wp-json\/wp\/v2\/comments?post=73888"}],"version-history":[{"count":1,"href":"https:\/\/www.oceaneering.com\/es\/wp-json\/wp\/v2\/pages\/73888\/revisions"}],"predecessor-version":[{"id":78003,"href":"https:\/\/www.oceaneering.com\/es\/wp-json\/wp\/v2\/pages\/73888\/revisions\/78003"}],"up":[{"embeddable":true,"href":"https:\/\/www.oceaneering.com\/es\/wp-json\/wp\/v2\/pages\/59710"}],"wp:featuredmedia":[{"embeddable":true,"href":"https:\/\/www.oceaneering.com\/es\/wp-json\/wp\/v2\/media\/68330"}],"wp:attachment":[{"href":"https:\/\/www.oceaneering.com\/es\/wp-json\/wp\/v2\/media?parent=73888"}],"wp:term":[{"taxonomy":"product_category","embeddable":true,"href":"https:\/\/www.oceaneering.com\/es\/wp-json\/wp\/v2\/product_category?post=73888"},{"taxonomy":"search_tags","embeddable":true,"href":"https:\/\/www.oceaneering.com\/es\/wp-json\/wp\/v2\/search_tags?post=73888"}],"curies":[{"name":"wp","href":"https:\/\/api.w.org\/{rel}","templated":true}]}}