{"id":73778,"date":"2024-09-13T06:30:34","date_gmt":"2024-09-13T11:30:34","guid":{"rendered":"https:\/\/www.oceaneering.com\/?page_id=73778"},"modified":"2026-04-13T08:23:18","modified_gmt":"2026-04-13T13:23:18","slug":"logistics-and-warehouses","status":"publish","type":"page","link":"https:\/\/www.oceaneering.com\/es\/oceaneering-mobile-robotics-omr\/logistics-and-warehouses\/","title":{"rendered":"Logistics and Warehouses"},"content":{"rendered":"<a href=\"https:\/\/www.oceaneering.com\/es\/oceaneering-mobile-robotics-omr\/#contact\" target=\"_self\">\n\t\t\t\t\t\t\tDebatir un proyecto\n\t\t\t\t\t<\/a>\n\t\tRob\u00f3tica m\u00f3vil Oceaneering  \n<h1>\n\t\tAutomating Logistics and Warehouse Facilities\n\t<\/h1>\n\t<p>Improve throughput, increase operational control, and support safe, reliable material movement with autonomous mobile robotics designed for logistics and warehouse environments.<\/p>\n<h2>\n\t\tPredictable Material Flow for Modern Logistics Operations \n\t<\/h2>\n\t<p>Logistics and warehouse operations require consistent, predictable internal material flow to meet service levels, control costs, and maintain safe working environments. By supporting reliable, repeatable movement across warehouses and distribution centers, autonomous systems help operations improve efficiency while enabling flexibility and control.<\/p>\n<h2>\n\t\tSupporting High-Throughput Logistics Operations \n\t<\/h2>\n\t<p>Modern logistics environments must adapt quickly to fluctuating volumes, changing layouts, and tight delivery windows. Manual transport and traditional material handling equipment can introduce congestion, safety risks, and variability that limit throughput. Autonomous mobile robots support predictable material flow across key logistics workflows, helping you achieve improved throughput while maintaining safe, orderly operations.<\/p>\n<h3>\n\t\tCommon Automated Workflows\n\t<\/h3>\n\t<ul>\n\t\t\t\t\t<li>\n\t\t\t\tInbound pallet movement from receiving to storage\n\t\t\t<\/li>\n\t\t\t\t\t<li>\n\t\t\t\tTransport between storage, picking, and consolidation zones\n\t\t\t<\/li>\n\t\t\t\t\t<li>\n\t\t\t\tMovement of goods from picking to shipping lanes\n\t\t\t<\/li>\n\t\t\t\t\t<li>\n\t\t\t\tAutonomous trailer staging and truck loading\n\t\t\t<\/li>\n\t\t\t\t\t<li>\n\t\t\t\tReturn of empty pallets and load carriers\n\t\t\t<\/li>\n\t\t\t<\/ul>\n<h2>\n\t\tAutonomous Trailer Loading with the MaxMover  \n\t<\/h2>\n\t<p>Autonomous trailer loading helps logistics and warehouse operations improve dock efficiency, safety, and consistency. Using autonomous mobile robots engineered for tight trailer clearances, pallets can be loaded in repeatable patterns with precise placement, even in variable dock conditions. This reduces manual handling at the dock, shortens loading cycles, and supports predictable outbound operations while scaling from individual docks to multi\u2011site logistics networks.<\/p>\n\t\t\t<a href=\"https:\/\/www.oceaneering.com\/es\/oceaneering-mobile-robotics-omr\/autonomous-trailer-loading\/\" target=\"_self\">\n\t\t\t\t\t\t\tM\u00e1s informaci\u00f3n\n\t\t\t\t\t<\/a>\n\t\t\t\t<img loading=\"lazy\" decoding=\"async\" src=\"https:\/\/www.oceaneering.com\/wp-content\/uploads\/2026\/04\/IMG_3027-bewerkt_edited-copy.webp\" alt=\"MaxMover forklift moves pallets from a trailer \/ truck to a warehouse.\" itemprop=\"image\" height=\"1280\" width=\"1920\" title=\"IMG_3027-bewerkt_edited copy\" onerror=\"this.style.display='none'\"  \/>\n<h2>\n\t\tBenefits using AMRs in Logistics and Warehouse Environments \n\t<\/h2>\n<h3>\n\t\tEnhanced Productivity\n\t<\/h3>\n\t<p>Support higher throughput with automated internal transport.<\/p>\n<h3>\n\t\tAchieve Cost Savings \n\t<\/h3>\n\t<p>Reduce labor dependency and handling inefficiencies.<\/p>\n<h3>\n\t\tOptimize Storage Flow\n\t<\/h3>\n\t<p>Improve movement between storage, picking, and shipping.<\/p>\n<h3>\n\t\tImprove Safety and Sustainability  \n\t<\/h3>\n\t<p>Reduce workplace incidents and support safer operations.<\/p>\n<h2>\n\t\tMobile Robotics Solutions for Logistics and Warehouse Applications \n\t<\/h2>\n\t<p>Suministramos robots m\u00f3viles estandarizados con navegaci\u00f3n sin infraestructuras que garantizan el menor coste total de propiedad por veh\u00edculo. Cada robot m\u00f3vil aut\u00f3nomo (AMR) est\u00e1 equipado con las \u00faltimas tecnolog\u00edas de seguridad que crean el mejor entorno de trabajo para robots m\u00f3viles y humanos.<\/p>\n\t\t\t\t<a href=\"https:\/\/www.oceaneering.com\/es\/maxmover-cb-d-2000\/\"  target=\"_self\" itemprop=\"url\">\n\t\t\t\t<img loading=\"lazy\" decoding=\"async\" src=\"https:\/\/www.oceaneering.com\/wp-content\/uploads\/2024\/03\/240301_Maxmover_01-edited.png\" alt=\"MaxMover Counterbalance Forklift\" itemprop=\"image\" height=\"1227\" width=\"1300\" title=\"240301_Maxmover_01-edited\" onerror=\"this.style.display='none'\"  \/>\n\t\t\t\t<\/a>\n<h3>\n\t\tMaxMover<sup>TM<\/sup> CB D 2000\n\t<\/h3>\n<h3>\n\t\tCarretilla elevadora contrapesada\n\t<\/h3>\n\t\t\t<a href=\"https:\/\/www.oceaneering.com\/es\/maxmover-cb-d-2000\/\" target=\"_self\">\n\t\t\t\t\t\t\tExplorar el robot\n\t\t\t<\/a>\n\t\t\t\t<a href=\"https:\/\/www.oceaneering.com\/es\/unimover-o-600\/\"  target=\"_self\" itemprop=\"url\">\n\t\t\t\t<img loading=\"lazy\" decoding=\"async\" src=\"https:\/\/www.oceaneering.com\/wp-content\/uploads\/2023\/10\/UniMover-O-600-220317_Unimover_apollo_03-1.png\" alt=\"UniMover Underride Robot\" itemprop=\"image\" height=\"1080\" width=\"1920\" title=\"UniMoverTM O 600\" onerror=\"this.style.display='none'\"  \/>\n\t\t\t\t<\/a>\n<h3>\n\t\tUniMover<sup>TM<\/sup> O 600\n\t<\/h3>\n<h3>\n\t\tEmpuje por debajo\n\t<\/h3>\n\t\t\t<a href=\"https:\/\/www.oceaneering.com\/es\/unimover-o-600\/\" target=\"_self\">\n\t\t\t\t\t\t\tExplorar el robot\n\t\t\t<\/a>\n\t\t\t\t<a href=\"https:\/\/www.oceaneering.com\/es\/compactmover-fol-u-1200\/\"  target=\"_self\" itemprop=\"url\">\n\t\t\t\t<img loading=\"lazy\" decoding=\"async\" src=\"https:\/\/www.oceaneering.com\/wp-content\/uploads\/2023\/12\/CompactMover-FOL-U-1200-220321_CM_FOL_01-edited-position2-1-700x394-landscape-landscape-51aea4ec2832f234b10cff85ab3bfa02-.png\" alt=\"CompactMover Fork over leg\" itemprop=\"image\" height=\"394\" width=\"563\" title=\"CompactMover-FOL-U-1200-220321_CM_FOL_01-edited-position2-1-700x394-landscape-landscape-51aea4ec2832f234b10cff85ab3bfa02-\" onerror=\"this.style.display='none'\"  \/>\n\t\t\t\t<\/a>\n<h3>\n\t\tCompactMover<sup>TM<\/sup> FOL U 1200\n\t<\/h3>\n<h3>\n\t\tHorquilla sobre la pierna\n\t<\/h3>\n\t\t\t<a href=\"https:\/\/www.oceaneering.com\/es\/oceaneering-mobile-robotics-omr\/compactmover-1200-forklift\/\" target=\"_self\">\n\t\t\t\t\t\t\tExplorar el robot\n\t\t\t<\/a>\n<h2>\n\t\tPreguntas frecuentes\n\t<\/h2>\n\t\t\t\t\t\t<h5>What types of logistics operations are suitable for AMRs?<\/h5>\n\t\t\t<p>Autonomous mobile robots are well suited for warehouses and distribution centers that require frequent movement of pallets and goods between receiving, storage, picking, staging, shipping areas, and outbound docks, including truck and trailer loading workflows.<\/p>\n\t\t\t\t\t\t<h5>Do AMRs require changes to existing warehouse infrastructure?<\/h5>\n\t\t\t<p>No. AMRs use infrastructure\u2011free navigation and typically do not require fixed guide paths or floor modifications, allowing deployment with minimal disruption to existing warehouse and dock layouts.<\/p>\n\t\t\t\t\t\t<h5>How do AMRs improve safety in warehouse environments?<\/h5>\n\t\t\t<p>AMRs reduce reliance on human\u2011operated forklifts and manual transport, particularly in high\u2011traffic dock and loading areas. They operate with advanced sensing and navigation systems that support safe interaction with people, vehicles, and equipment.<\/p>\n\t\t\t\t\t\t<h5>Can AMRs adapt to peak periods or seasonal demand?<\/h5>\n\t\t\t<p>Yes. Autonomous mobile robots can be added, reassigned, or reconfigured as demand changes, enabling flexible scaling during peak shipping periods or seasonal volume increases.<\/p>\n\t\t\t\t\t\t<h5>What load types can AMRs handle in logistics environments?<\/h5>\n\t\t\t<p>AMRs can transport standard pallets, off\u2011size pallets, and other common load carriers used in warehouse, dock, and truck loading operations.<\/p>\n\t\t\t<a href=\"#contact\" target=\"_self\">\n\t\t\t\t\t\t\t\u00bfTiene m\u00e1s preguntas? P\u00f3ngase en contacto con nosotros.\n\t\t\t<\/a>\n\t\tContacte con nosotros\n<h3>\n\t\tP\u00f3ngase en contacto con nuestros expertos \n\t<\/h3>\n\t<p>\u00bfTiene alguna pregunta o necesita m\u00e1s informaci\u00f3n sobre nuestros robots m\u00f3viles? Introduzca sus datos de contacto y describa su consulta, y nos pondremos en contacto con usted lo antes posible. Muchas gracias.<\/p>","protected":false},"excerpt":{"rendered":"<p>Discuss a Project Oceaneering Mobile Robotics Automating Logistics and Warehouse Facilities Improve throughput, increase operational control, and support safe, reliable material movement with autonomous mobile robotics designed for logistics and warehouse environments. Predictable Material Flow for Modern Logistics Operations Logistics and warehouse operations require consistent, predictable internal material flow to meet service levels, control costs, &#8230; <a title=\"Logistics and Warehouses\" class=\"read-more\" href=\"https:\/\/www.oceaneering.com\/es\/oceaneering-mobile-robotics-omr\/logistics-and-warehouses\/\" aria-label=\"Leer m\u00e1s sobre Logistics and Warehouses\">Seguir leyendo<\/a><\/p>","protected":false},"author":25,"featured_media":0,"parent":1718,"menu_order":2,"comment_status":"closed","ping_status":"closed","template":"","meta":{"_acf_changed":false,"footnotes":"","_links_to":"","_links_to_target":""},"product_category":[1237],"search_tags":[1138],"class_list":["post-73778","page","type-page","status-publish","product_category-mobile-robotics","search_tags-mobile-robotics"],"acf":[],"aioseo_notices":[],"_links":{"self":[{"href":"https:\/\/www.oceaneering.com\/es\/wp-json\/wp\/v2\/pages\/73778","targetHints":{"allow":["GET"]}}],"collection":[{"href":"https:\/\/www.oceaneering.com\/es\/wp-json\/wp\/v2\/pages"}],"about":[{"href":"https:\/\/www.oceaneering.com\/es\/wp-json\/wp\/v2\/types\/page"}],"author":[{"embeddable":true,"href":"https:\/\/www.oceaneering.com\/es\/wp-json\/wp\/v2\/users\/25"}],"replies":[{"embeddable":true,"href":"https:\/\/www.oceaneering.com\/es\/wp-json\/wp\/v2\/comments?post=73778"}],"version-history":[{"count":10,"href":"https:\/\/www.oceaneering.com\/es\/wp-json\/wp\/v2\/pages\/73778\/revisions"}],"predecessor-version":[{"id":82127,"href":"https:\/\/www.oceaneering.com\/es\/wp-json\/wp\/v2\/pages\/73778\/revisions\/82127"}],"up":[{"embeddable":true,"href":"https:\/\/www.oceaneering.com\/es\/wp-json\/wp\/v2\/pages\/1718"}],"wp:attachment":[{"href":"https:\/\/www.oceaneering.com\/es\/wp-json\/wp\/v2\/media?parent=73778"}],"wp:term":[{"taxonomy":"product_category","embeddable":true,"href":"https:\/\/www.oceaneering.com\/es\/wp-json\/wp\/v2\/product_category?post=73778"},{"taxonomy":"search_tags","embeddable":true,"href":"https:\/\/www.oceaneering.com\/es\/wp-json\/wp\/v2\/search_tags?post=73778"}],"curies":[{"name":"wp","href":"https:\/\/api.w.org\/{rel}","templated":true}]}}