{"id":72509,"date":"2024-06-10T05:41:44","date_gmt":"2024-06-10T10:41:44","guid":{"rendered":"https:\/\/www.oceaneering.com\/?page_id=72509"},"modified":"2024-09-11T03:26:52","modified_gmt":"2024-09-11T08:26:52","slug":"nuclear-power-solutions","status":"publish","type":"page","link":"https:\/\/www.oceaneering.com\/es\/renewable-energy-solutions\/nuclear-power-solutions\/","title":{"rendered":"Soluciones de energ\u00eda nuclear"},"content":{"rendered":"<a href=\"https:\/\/www.oceaneering.com\/es\/renewable-energy-solutions\/#contact\" target=\"_self\" rel=\"noopener\">\n\t\t\t\t\t\t\tDebatir un proyecto\n\t\t\t\t\t<\/a>\n\t\tSoluciones de energ\u00eda renovable\n<h1>\n\t\tSoluciones de energ\u00eda nuclear\n\t<\/h1>\n\t<p>Proporcionamos la calidad de datos sin concesiones y los productos de conexi\u00f3n robustos que exigen sus instalaciones.<\/p>\n<h2>\n\t\tInnovaci\u00f3n para una energ\u00eda nuclear fiable y baja en carbono\n\t<\/h2>\n\t<p>La energ\u00eda nuclear proporciona una fuente de energ\u00eda fiable y a gran escala con bajas emisiones de carbono, diversificando la red y ayudando a satisfacer la creciente demanda de electricidad para garantizar un futuro m\u00e1s ecol\u00f3gico, limpio y sostenible. Nuestros productos y servicios respaldan las instalaciones nucleares mundiales y siguen evolucionando para satisfacer sus demandas, incluidas soluciones para tecnolog\u00edas emergentes como la IV Generaci\u00f3n y los reactores modulares peque\u00f1os (SMR).<\/p>\n<h3>\n\t\tAproveche su inigualable experiencia en entornos peligrosos \n\t<\/h3>\n<h3>\n\t\tCumplen o superan estrictos criterios de seguridad y conformidad\n\t<\/h3>\n<h3>\n\t\tBenef\u00edciese de soluciones integradas y asistencia mundial \n\t<\/h3>\n\t\t\t\t<img loading=\"lazy\" decoding=\"async\" src=\"https:\/\/www.oceaneering.com\/wp-content\/uploads\/2024\/04\/Inform-Vision2.jpg\" alt=\"Man looking at a large screen showing inspection data\" itemprop=\"image\" height=\"1360\" width=\"1920\" title=\"Inform-Vision2\" onerror=\"this.style.display='none'\"  \/>\n<h2>\n\t\tServicios de integridad e inspecci\u00f3n de activos \n\t<\/h2>\n\t<p>Aprovechando el personal m\u00e1s experimentado y las tecnolog\u00edas m\u00e1s avanzadas del sector, nuestros equipos ofrecen una calidad de datos y un conocimiento del sector inigualables y sin concesiones en todas las disciplinas. Nuestros equipos de ingenier\u00eda y personal de inspecci\u00f3n con m\u00faltiples certificaciones completan una formaci\u00f3n a medida centrada en el sector nuclear y desarrollan y ejecutan programas de inspecci\u00f3n para componentes de centrales nucleares, entre otros:<\/p>\n\t<ul>\n\t\t\t\t\t<li>\n\t\t\t\tPlacas de revestimiento del reactor\n\t\t\t<\/li>\n\t\t\t\t\t<li>\n\t\t\t\t\u00c1labes y componentes de turbinas\n\t\t\t<\/li>\n\t\t\t\t\t<li>\n\t\t\t\tTuber\u00edas de equilibrio de la isla nuclear\n\t\t\t<\/li>\n\t\t\t\t\t<li>\n\t\t\t\tCajas de basura\n\t\t\t<\/li>\n\t\t\t<\/ul>\n<h2>\n\t\tAsistencia completa durante todo el ciclo de vida\n\t<\/h2>\n\t<p>Con m\u00e1s de 30 a\u00f1os de experiencia en el sector de la energ\u00eda nuclear, cubrimos el ciclo de vida completo de su proyecto, desde las instalaciones de nueva construcci\u00f3n y el mantenimiento continuo hasta la auditor\u00eda de proveedores externos y la prestaci\u00f3n de apoyo al desmantelamiento.<\/p>\n\t\t\t\t\t\t\t\t<img decoding=\"async\" src=\"https:\/\/www.oceaneering.com\/wp-content\/uploads\/2024\/03\/Case-Study-Oceaneering-Completes-Fourth-Year-of-Inspection-Support-at-Newbuild-Nuclear-Power-Plant-in-the-UK-1.jpg\" alt=\"\"\/>\n\t\t\t\t\t\t\t\t\t\t\t\t\t\t\t<h3>Nueva construcci\u00f3n  <\/h3>\n\t\t\t\t\t\t\t\t<hr \/>\n\t\t\t\t\t\t\t\t\t\t\t\t\t\t\tFundamentales para garantizar la seguridad, la fiabilidad y el cumplimiento de la normativa, nuestros servicios evitan fallos costosos y garantizan la eficacia operativa a largo plazo. \n<br \/>\n\t\t\t\t\t\t\t\tM\u00e1s informaci\u00f3n\n\t\t\t\t\t\t\t\t\t\t\t\t\t<h3>Nueva construcci\u00f3n  <\/h3>\n\t\t\t\t\t\t\t<hr \/>\n\t\t\t\t\t\t\t\t<ul><li>Planificaci\u00f3n de la inspecci\u00f3n<\/li><li>Operaciones in situ y ex situ<\/li><li>Radiograf\u00eda<\/li><li>Ensayos no destructivos (END) convencionales y avanzados<\/li><\/ul>\t\t\t\t\t\t\t\n\t\t\t\t\t\t\t\t<img decoding=\"async\" src=\"https:\/\/www.oceaneering.com\/wp-content\/uploads\/2024\/07\/19GR-9126-edited.jpg\" alt=\"\"\/>\n\t\t\t\t\t\t\t\t\t\t\t\t\t\t\t<h3>Mantenimiento <\/h3>\n\t\t\t\t\t\t\t\t<hr \/>\n\t\t\t\t\t\t\t\t\t\t\t\t\t\t\tOfrecemos programas de mantenimiento vitales que contribuyen a un funcionamiento seguro y continuo, evitan paradas inesperadas y prolongan la vida \u00fatil de las infraestructuras cr\u00edticas.\n\n\t\t\t\t\t\t\t\tM\u00e1s informaci\u00f3n\n\t\t\t\t\t\t\t\t\t\t\t\t\t<h3>Mantenimiento <\/h3>\n\t\t\t\t\t\t\t<hr \/>\n\t\t\t\t\t\t\t\t<ul><li>Auditor\u00edas gestionadas<\/li><li>Control de conformidad y estado<\/li><li>Ingenieros multicualificados PCN\/ASNT de nivel 3<\/li><li>Conjunto en fase<\/li><li>Inspecci\u00f3n de tubos por corrientes de Foucault<\/li><li>Hydroform<\/li><li>M\u00e9todos de END convencionales y avanzados<\/li><\/ul>\t\t\t\t\t\t\t\n\t\t\t\t\t\t\t\t<img decoding=\"async\" src=\"https:\/\/www.oceaneering.com\/wp-content\/uploads\/2024\/07\/Nuclear-Power-Plant-640x360.jpg\" alt=\"\"\/>\n\t\t\t\t\t\t\t\t\t\t\t\t\t\t\t<h3>Desmantelamiento <\/h3>\n\t\t\t\t\t\t\t\t<hr \/>\n\t\t\t\t\t\t\t\t\t\t\t\t\t\t\t<p>Nuestros equipos prestan apoyo a la integridad de los activos, esencial para el desmantelamiento y clausura seguros de las instalaciones nucleares, minimizando el impacto medioambiental y garantizando el cumplimiento de las estrictas normas reguladoras. <\/p>\n\t\t\t\t\t\t\t\tM\u00e1s informaci\u00f3n\n\t\t\t\t\t\t\t\t\t\t\t\t\t<h3>Desmantelamiento <\/h3>\n\t\t\t\t\t\t\t<hr \/>\n\t\t\t\t\t\t\t\t<ul><li>Operaciones in situ y ex situ<\/li><li>Radiograf\u00eda<\/li><li>M\u00e9todos ultras\u00f3nicos<\/li><\/ul>\t\t\t\t\t\t\t\n<h2>\n\t\tProductos Grayloc\u00ae para aplicaciones cr\u00edticas\n\t<\/h2>\n\t<p>Suministramos conectores a presi\u00f3n probados en campo y l\u00edderes del sector para su uso en los entornos m\u00e1s extremos. Su rendimiento sin fugas, su alta tolerancia a la presi\u00f3n y la temperatura, y sus dise\u00f1os comerciales y de seguridad garantizan una integraci\u00f3n sencilla en sus sistemas de reactores y refrigeraci\u00f3n, incluidas las aplicaciones de agua, vapor, gases, sales fundidas y fluidos supercr\u00edticos.<\/p>\n\t\t\t\t<img decoding=\"async\" src=\"https:\/\/oceaneering.com\/wp-content\/uploads\/2023\/10\/Grayloc-Clamp-Connectors.png\" alt=\"Grayloc-Clamp-Connectors\" itemprop=\"image\" title=\"Grayloc-Clamp-Connectors\" onerror=\"this.style.display='none'\"  \/>\n<h3>\n\t\tConectores de abrazadera\n\t<\/h3>\n\n\t\tConexi\u00f3n de tubo con abrazadera que incorpora nuestra junta metal-metal reutilizable sin fugas. \n\t\n\t\t\t<a href=\"https:\/\/www.oceaneering.com\/es\/grayloc-home\/grayloc-clamp-connectors\/\" target=\"_self\" rel=\"noopener\">\n\t\t\t\t\t\t\tVer el producto\n\t\t\t\t\t<\/a>\n\t\t\t\t<img decoding=\"async\" src=\"https:\/\/oceaneering.com\/wp-content\/uploads\/2023\/10\/Non-Slam-Nozzle-Check-Valves.png\" alt=\"Non-Slam-Nozzle-Check-Valves\" itemprop=\"image\" title=\"V\u00e1lvulas antirretorno de boquillas sin clapet\" onerror=\"this.style.display='none'\"  \/>\n<h3>\n\t\tV\u00e1lvulas antirretorno de boquillas sin cierre\n\t<\/h3>\n\n\t\tV\u00e1lvulas antirretorno de baja p\u00e9rdida de presi\u00f3n que no requieren mantenimiento, con cuerpo de v\u00e1lvula de una sola pieza sin fugas y cierre metal-metal. \n\t\n\t\t\t<a href=\"https:\/\/www.oceaneering.com\/es\/grayloc-home\/grayloc-non-slam-nozzle-check-valves\/\" target=\"_self\" rel=\"noopener\">\n\t\t\t\t\t\t\tVer el producto\n\t\t\t<\/a>\n\t\t\t\t<img decoding=\"async\" src=\"https:\/\/oceaneering.com\/wp-content\/uploads\/2023\/10\/Grayloc-Universal-Ball-Joints.png\" alt=\"Grayloc-Universal-Ball-Joints\" itemprop=\"image\" title=\"Grayloc-R\u00f3tulas universales\" onerror=\"this.style.display='none'\"  \/>\n<h3>\n\t\tR\u00f3tulas universales\n\t<\/h3>\n\n\t\tSe adaptan a desalineaciones y dilataciones t\u00e9rmicas, garantizando un funcionamiento sin problemas en sistemas de tuber\u00edas complejos. \n\t\n\t\t\t<a href=\"https:\/\/www.oceaneering.com\/es\/grayloc-home\/grayloc-universal-ball-joints\/\" target=\"_self\" rel=\"noopener\">\n\t\t\t\t\t\t\tVer el producto\n\t\t\t<\/a>\n\t\t\t\t<img decoding=\"async\" src=\"https:\/\/oceaneering.com\/wp-content\/uploads\/2023\/10\/Grayloc-Compact-Flanges.png\" alt=\"Grayloc-Compact-Flanges\" itemprop=\"image\" title=\"Bridas compactas Grayloc\" onerror=\"this.style.display='none'\"  \/>\n<h3>\n\t\tBridas compactas\n\t<\/h3>\n\n\t\tBrida compacta y ligera que incorpora nuestra junta metal-metal reutilizable sin fugas. \n\t\n\t\t\t<a href=\"https:\/\/www.oceaneering.com\/es\/grayloc-home\/grayloc-compact-flanges\/\" target=\"_self\" rel=\"noopener\">\n\t\t\t\t\t\t\tVer el producto\n\t\t\t<\/a>\n\t\t\t\t<img decoding=\"async\" src=\"https:\/\/oceaneering.com\/wp-content\/uploads\/2023\/10\/Grayloc-Remotely-Operated-Connectors.png\" alt=\"Grayloc-Remotely-Operated-Connectors\" itemprop=\"image\" title=\"Grayloc-Conectores con mando a distancia\" onerror=\"this.style.display='none'\"  \/>\n<h3>\n\t\tConectores teledirigidos\n\t<\/h3>\n\n\t\tUn conector de pinza de apertura r\u00e1pida con capacidad remota accionado por un \u00fanico tornillo de arrastre.\n\t\n\t\t\t<a href=\"https:\/\/www.oceaneering.com\/es\/grayloc-home\/grayloc-remotely-operated-connectors\/\" target=\"_self\" rel=\"noopener\">\n\t\t\t\t\t\t\tVer el producto\n\t\t\t<\/a>\n\t\t\t\t<img decoding=\"async\" src=\"https:\/\/oceaneering.com\/wp-content\/uploads\/2023\/10\/Grayloc-Closure-System.png\" alt=\"Grayloc-Closure-System\" itemprop=\"image\" title=\"Sistema de cierre Grayloc\" onerror=\"this.style.display='none'\"  \/>\n<h3>\n\t\tSistemas de cierre\n\t<\/h3>\n\n\t\tCierres de conectores de pinza con persianas abatibles y sistemas de soporte de pinza para facilitar su uso. \n\t\n\t\t\t<a href=\"https:\/\/www.oceaneering.com\/es\/grayloc-home\/grayloc-closure-systems\/\" target=\"_self\" rel=\"noopener\">\n\t\t\t\t\t\t\tVer el producto\n\t\t\t<\/a>\n\t\t\t\t\t\t\t\t\t<h3>Probado en campo. L\u00edder en el sector.<\/h3>\n\t\t\t\t\t\t\t\t\t<p>M\u00e1s informaci\u00f3n sobre c\u00f3mo nuestros productos y servicios han apoyado proyectos nucleares. <\/p>\n\t\t\t\t\t\t<a href=\"https:\/\/www.oceaneering.com\/es\/resources\/?_content_types=case-study\" target=\"_self\" rel=\"noopener\">\n\t\t\t\t\t\t\t\tVer todos los casos pr\u00e1cticos\t\t\t\t\t\t\t\n\t\t\t\t\t\t\t\t\t\t\t\t\t<\/a>\n\t\t\t\t\t\t<button>\n\t\t\t\t\t\t\tAnterior\n\t\t\t\t\t\t<\/button>\n\t\t\t\t\t\t<button>\n\t\t\t\t\t\t\tSiguiente\n\t\t\t\t\t\t<\/button>\n\t\t\t\t\t\t\t<a href=\"https:\/\/www.oceaneering.com\/es\/case-studies\/multi-qualified-level-3-engineers-complete-managed-audit-program-for-uk-nuclear-power-plants\/\">\n\t\t\t\t\t\t\t\t\t\t<img decoding=\"async\" src=\"https:\/\/www.oceaneering.com\/wp-content\/uploads\/2024\/02\/Case-Study-Multi-Qualified-Level-3-Engineers-Complete-Managed-Audit-Program-for-UK-Nuclear-Power-Plants-1.png\" alt=\"\"\/>\n\t\t\t\t\t\t\t\t\t\t<h3>Ingenieros multicualificados de nivel 3 completan un programa de auditor\u00eda gestionada para centrales nucleares del Reino Unido<\/h3>\n\t\t\t\t\t\t\t\t\t\t<h3>Ingenieros multicualificados de nivel 3 completan un programa de auditor\u00eda gestionada para centrales nucleares del Reino Unido<\/h3>\n\t\t\t\t\t\t\t\t\t\t\t\t\t\t\t\t\t\t\t\t\t<p>Overview Oceaneering ha completado recientemente su sexto a\u00f1o prestando apoyo de auditor\u00eda gestionada en centrales nucleares del Reino Unido como parte...<\/p>\n\t\t\t\t\t\t\t\t\t\t\tM\u00e1s informaci\u00f3n\n\t\t\t\t\t\t\t<\/a>\n\t\t\t\t\t\t\t<a href=\"https:\/\/www.oceaneering.com\/es\/case-studies\/nuclear-focused-inspection-team-supports-newbuild-power-plant-in-the-uk\/\">\n\t\t\t\t\t\t\t\t\t\t<img decoding=\"async\" src=\"https:\/\/www.oceaneering.com\/wp-content\/uploads\/2024\/03\/Case-Study-Oceaneering-Completes-Fourth-Year-of-Inspection-Support-at-Newbuild-Nuclear-Power-Plant-in-the-UK-1.jpg\" alt=\"\"\/>\n\t\t\t\t\t\t\t\t\t\t<h3>Un equipo de inspecci\u00f3n nuclear presta apoyo a una nueva central el\u00e9ctrica en el Reino Unido<\/h3>\n\t\t\t\t\t\t\t\t\t\t<h3>Un equipo de inspecci\u00f3n nuclear presta apoyo a una nueva central el\u00e9ctrica en el Reino Unido<\/h3>\n\t\t\t\t\t\t\t\t\t\t\t\t\t\t\t\t\t\t\t\t\t<p>Overview Oceaneering ha completado recientemente el cuarto a\u00f1o de un contrato a largo plazo para prestar servicios de inspecci\u00f3n...<\/p>\n\t\t\t\t\t\t\t\t\t\t\tM\u00e1s informaci\u00f3n\n\t\t\t\t\t\t\t<\/a>\n\t\t\t\t\t\t\t<a href=\"https:\/\/www.oceaneering.com\/es\/case-studies\/successful-ndt-enables-decommissioning-of-nuclear-power-facilities-in-uk\/\">\n\t\t\t\t\t\t\t\t\t\t<img decoding=\"async\" src=\"https:\/\/www.oceaneering.com\/wp-content\/uploads\/2024\/02\/Case-Study-Successful-NDT-Enables-Decommissioning-of-Nuclear-Power-Facilities-in-UK-1.jpg\" alt=\"\"\/>\n\t\t\t\t\t\t\t\t\t\t<h3>El \u00e9xito de los ensayos no destructivos permite el desmantelamiento de instalaciones nucleares en el Reino Unido<\/h3>\n\t\t\t\t\t\t\t\t\t\t<h3>El \u00e9xito de los ensayos no destructivos permite el desmantelamiento de instalaciones nucleares en el Reino Unido<\/h3>\n\t\t\t\t\t\t\t\t\t\t\t\t\t\t\t\t\t\t\t\t\t<p>Overview En febrero de 2023, Oceaneering finaliz\u00f3 un proyecto de dos a\u00f1os y medio de duraci\u00f3n en el que prest\u00f3 servicios de ensayos no destructivos (END)...<\/p>\n\t\t\t\t\t\t\t\t\t\t\tM\u00e1s informaci\u00f3n\n\t\t\t\t\t\t\t<\/a>\n<h1>\n\t\tContacte con nosotros\n\t<\/h1>\n<h2>\n\t\tNuestro equipo de expertos est\u00e1 listo para ayudarle a empezar.\n\t<\/h2>\n\t<p>Oceaneering ofrece los mejores productos y soluciones de su clase, respaldados por una calidad, fiabilidad y asistencia global inigualables. Rellene el formulario de consulta para iniciar una conversaci\u00f3n hoy mismo.<\/p>","protected":false},"excerpt":{"rendered":"<p>Discutir un proyecto Soluciones de energ\u00eda renovable Soluciones de energ\u00eda nuclear Proporcionamos la calidad de datos sin compromisos y los productos de conexi\u00f3n robustos que exigen sus instalaciones. Innovaci\u00f3n para una energ\u00eda nuclear fiable y con bajas emisiones de carbono La energ\u00eda nuclear proporciona una fuente de energ\u00eda fiable y a gran escala con bajas emisiones de carbono, diversificando la red y ayudando a satisfacer la creciente demanda de electricidad para garantizar un futuro m\u00e1s ecol\u00f3gico, limpio y sostenible. Nuestra ... <a title=\"Soluciones de energ\u00eda nuclear\" class=\"read-more\" href=\"https:\/\/www.oceaneering.com\/es\/renewable-energy-solutions\/nuclear-power-solutions\/\" aria-label=\"Leer m\u00e1s sobre Soluciones de energ\u00eda nuclear\">Seguir leyendo<\/a><\/p>","protected":false},"author":25,"featured_media":0,"parent":61160,"menu_order":0,"comment_status":"closed","ping_status":"closed","template":"","meta":{"_acf_changed":false,"footnotes":"","_links_to":"","_links_to_target":""},"product_category":[1159],"search_tags":[1398],"class_list":["post-72509","page","type-page","status-publish","product_category-renewables","search_tags-renewable-energy"],"acf":[],"aioseo_notices":[],"_links":{"self":[{"href":"https:\/\/www.oceaneering.com\/es\/wp-json\/wp\/v2\/pages\/72509","targetHints":{"allow":["GET"]}}],"collection":[{"href":"https:\/\/www.oceaneering.com\/es\/wp-json\/wp\/v2\/pages"}],"about":[{"href":"https:\/\/www.oceaneering.com\/es\/wp-json\/wp\/v2\/types\/page"}],"author":[{"embeddable":true,"href":"https:\/\/www.oceaneering.com\/es\/wp-json\/wp\/v2\/users\/25"}],"replies":[{"embeddable":true,"href":"https:\/\/www.oceaneering.com\/es\/wp-json\/wp\/v2\/comments?post=72509"}],"version-history":[{"count":0,"href":"https:\/\/www.oceaneering.com\/es\/wp-json\/wp\/v2\/pages\/72509\/revisions"}],"up":[{"embeddable":true,"href":"https:\/\/www.oceaneering.com\/es\/wp-json\/wp\/v2\/pages\/61160"}],"wp:attachment":[{"href":"https:\/\/www.oceaneering.com\/es\/wp-json\/wp\/v2\/media?parent=72509"}],"wp:term":[{"taxonomy":"product_category","embeddable":true,"href":"https:\/\/www.oceaneering.com\/es\/wp-json\/wp\/v2\/product_category?post=72509"},{"taxonomy":"search_tags","embeddable":true,"href":"https:\/\/www.oceaneering.com\/es\/wp-json\/wp\/v2\/search_tags?post=72509"}],"curies":[{"name":"wp","href":"https:\/\/api.w.org\/{rel}","templated":true}]}}