{"id":72371,"date":"2024-05-29T01:56:50","date_gmt":"2024-05-29T06:56:50","guid":{"rendered":"https:\/\/www.oceaneering.com\/?page_id=72371"},"modified":"2024-12-03T04:51:06","modified_gmt":"2024-12-03T10:51:06","slug":"hydrogen-support-services","status":"publish","type":"page","link":"https:\/\/www.oceaneering.com\/es\/renewable-energy-solutions\/hydrogen-support-services\/","title":{"rendered":"Servicios de apoyo al hidr\u00f3geno"},"content":{"rendered":"<a href=\"https:\/\/www.oceaneering.com\/es\/renewable-energy-solutions\/#contact\" target=\"_self\">\n\t\t\t\t\t\t\tDebatir un proyecto\n\t\t\t\t\t<\/a>\n\t\tSoluciones de energ\u00eda renovable\n<h1>\n\t\tServicios de apoyo al hidr\u00f3geno \n\t<\/h1>\n\t<p>Aumentar la energ\u00eda limpia con soluciones fiables y sostenibles para la producci\u00f3n, el almacenamiento y el transporte de hidr\u00f3geno.<\/p>\n\t\t\t<a href=\"https:\/\/oceaneering.canto.com\/download\/document\/nkbbmg090p59lcodi3hl7t3f5e\/original.pdf\" target=\"_blank\" rel=\"noopener\">\n\t\t\t\t\t\t\tSoluciones para proyectos de hidr\u00f3geno\n\t\t\t\t\t<\/a>\n<h2>\n\t\tDescarbonizar la industria y m\u00e1s all\u00e1\n\t<\/h2>\n\t<p>La tecnolog\u00eda del hidr\u00f3geno est\u00e1 a la vanguardia de la revoluci\u00f3n energ\u00e9tica y ofrece soluciones para la descarbonizaci\u00f3n industrial, la seguridad energ\u00e9tica y la estabilidad de la red. Los productos Oceaneering\u00ae Grayloc\u00ae y los servicios de gesti\u00f3n de la integridad de los activos desempe\u00f1an un papel clave en sus proyectos globales de hidr\u00f3geno, ya que reducen la huella de carbono en la fabricaci\u00f3n, proporcionan calefacci\u00f3n comercial y residencial sostenible y permiten soluciones de transporte m\u00e1s ecol\u00f3gicas.<\/p>\n<h3>\n\t\tMinimizar los riesgos asociados al trabajo en entornos peligrosos \n\t<\/h3>\n<h3>\n\t\tReduzca el tiempo de inactividad y disminuya los costes operativos \n\t<\/h3>\n<h3>\n\t\tMejorar la seguridad y eficiencia de las infraestructuras de hidr\u00f3geno\n\t<\/h3>\n\t\tConectores, bridas, v\u00e1lvulas y sistemas de cierre a presi\u00f3n\n<h2>\n\t\tProductos Oceaneering\u00ae Grayloc\u00ae: Dise\u00f1ados para condiciones extremas \n\t<\/h2>\n\t<p>Suministramos conexiones a presi\u00f3n probadas y l\u00edderes en el sector, adecuadas para su uso en los entornos de hidr\u00f3geno m\u00e1s extremos. Dise\u00f1ados para su uso en servicios de alta presi\u00f3n y alta temperatura, los conectores Grayloc ofrecen un rendimiento sin fugas en dise\u00f1os compactos y ligeros.<\/p>\n\t\t\t<a href=\"https:\/\/oceaneering.canto.com\/download\/document\/utfqucmj8d4gnbaag4icpngc31\/original.pdf\" target=\"_blank\" rel=\"noopener\">\n\t\t\t\t\t\t\tProductos Grayloc\u00ae para la transici\u00f3n energ\u00e9tica\n\t\t\t\t\t<\/a>\n\t\t\t\t\t\t\t\t\t<a href=\"https:\/\/www.oceaneering.com\/es\/grayloc-home\/grayloc-clamp-connectors\/\" target=\"_self\">\n\t\t\t\t\t\t<img decoding=\"async\" src=\"https:\/\/www.oceaneering.com\/wp-content\/uploads\/2024\/05\/Grayloc-Clamp-Connectors-box-image4.jpg\" alt=\"\"\/>\n\t\t\t\t\t\t<h3>Conectores de abrazadera <\/h3>\n\t\t\t\t\t\t<h3>Conectores de abrazadera <\/h3>\n\t\t\t\t\t\t<p>Conexi\u00f3n de tubo con abrazadera que incorpora nuestra junta metal-metal reutilizable sin fugas. <\/p>\n\t\t\t\t\t\t\t\tM\u00e1s informaci\u00f3n\n\t\t\t\t\t\t\t<\/a>\n\t\t\t\t\t\t\t\t\t\t\t\t<a href=\"https:\/\/www.oceaneering.com\/es\/grayloc-home\/grayloc-compact-flanges\/\" target=\"_self\">\n\t\t\t\t\t\t<img decoding=\"async\" src=\"https:\/\/www.oceaneering.com\/wp-content\/uploads\/2024\/05\/Grayloc-Compact-Flange-box-image2.jpg\" alt=\"\"\/>\n\t\t\t\t\t\t<h3>Bridas compactas<\/h3>\n\t\t\t\t\t\t<h3>Bridas compactas<\/h3>\n\t\t\t\t\t\t<p>Brida compacta y ligera que incorpora nuestra junta metal-metal reutilizable sin fugas. <\/p>\n\t\t\t\t\t\t\t\tM\u00e1s informaci\u00f3n\n\t\t\t\t\t\t\t<\/a>\n\t\t\t\t\t\t\t\t\t\t\t\t<a href=\"https:\/\/www.oceaneering.com\/es\/grayloc-home\/grayloc-remotely-operated-connectors\/\" target=\"_self\">\n\t\t\t\t\t\t<img decoding=\"async\" src=\"https:\/\/www.oceaneering.com\/wp-content\/uploads\/2024\/05\/Remotely-Operated-Connectors-box-image2.jpg\" alt=\"\"\/>\n\t\t\t\t\t\t<h3>Conectores teledirigidos <\/h3>\n\t\t\t\t\t\t<h3>Conectores teledirigidos <\/h3>\n\t\t\t\t\t\t<p>Un conector de pinza de apertura r\u00e1pida con capacidad remota accionado por un \u00fanico tornillo de arrastre. <\/p>\n\t\t\t\t\t\t\t\tM\u00e1s informaci\u00f3n\n\t\t\t\t\t\t\t<\/a>\n\t\t\t\t\t\t\t\t\t\t\t\t<a href=\"https:\/\/www.oceaneering.com\/es\/grayloc-home\/grayloc-closure-systems\/\" target=\"_self\">\n\t\t\t\t\t\t<img decoding=\"async\" src=\"https:\/\/www.oceaneering.com\/wp-content\/uploads\/2024\/05\/Grayloc-Closure-System-box-image2.jpg\" alt=\"\"\/>\n\t\t\t\t\t\t<h3>Sistemas de cierre <\/h3>\n\t\t\t\t\t\t<h3>Sistemas de cierre <\/h3>\n\t\t\t\t\t\t<p>Cierres de conectores de pinza con persianas abatibles y sistemas de soporte de pinza para facilitar su uso. <\/p>\n\t\t\t\t\t\t\t\tM\u00e1s informaci\u00f3n\n\t\t\t\t\t\t\t<\/a>\n\t\t\t\t\t\t\t\t\t\t\t\t<a href=\"https:\/\/www.oceaneering.com\/es\/grayloc-home\/grayloc-non-slam-nozzle-check-valves\/\" target=\"_self\">\n\t\t\t\t\t\t<img decoding=\"async\" src=\"https:\/\/www.oceaneering.com\/wp-content\/uploads\/2024\/05\/Nozzle-Check-Valve-box-image2.jpg\" alt=\"\"\/>\n\t\t\t\t\t\t<h3>V\u00e1lvulas antirretorno de boquillas sin cierre <\/h3>\n\t\t\t\t\t\t<h3>V\u00e1lvulas antirretorno de boquillas sin cierre <\/h3>\n\t\t\t\t\t\t<p>V\u00e1lvulas antirretorno de baja p\u00e9rdida de presi\u00f3n que no requieren mantenimiento, con cuerpo de v\u00e1lvula de una sola pieza sin fugas y cierre metal-metal. <\/p>\n\t\t\t\t\t\t\t\tM\u00e1s informaci\u00f3n\n\t\t\t\t\t\t\t<\/a>\n\t\tSeguridad y fiabilidad sin concesiones \n<h2>\n\t\tGesti\u00f3n de la integridad de los activos de hidr\u00f3geno\n\t<\/h2>\n\t<p>Nuestros equipos utilizan la experiencia existente con activos de gas natural para desarrollar modelos de ingenier\u00eda basados en el riesgo que respalden todo el ciclo de vida de los activos de los proyectos mundiales de producci\u00f3n, almacenamiento y transporte de hidr\u00f3geno. Esta transferencia de conocimientos es clave para abordar las preocupaciones de la industria a medida que la escala de los proyectos aumenta exponencialmente, exigiendo una cadena de suministro baja en carbono y una integraci\u00f3n tecnol\u00f3gica innovadora para satisfacer los requisitos en evoluci\u00f3n.<\/p>\n\t<ul>\n\t\t\t\t\t<li>\n\t\t\t\tAumentar el tiempo de actividad de los activos\n\t\t\t<\/li>\n\t\t\t\t\t<li>\n\t\t\t\tMejorar la seguridad de los procesos\n\t\t\t<\/li>\n\t\t\t\t\t<li>\n\t\t\t\tAdoptar una ingenier\u00eda basada en datos y riesgos para optimizar los gastos operativos\n\t\t\t<\/li>\n\t\t\t<\/ul>\n<h2>\n\t\tMantenga la integridad de los activos con servicios de ciclo de vida completo\n\t<\/h2>\n\t<p>Ofrecemos apoyo integral para garantizar la integridad de los activos a lo largo de todo el ciclo de vida de los proyectos de hidr\u00f3geno. Nuestros servicios garantizan que cada fase de su proyecto, desde la fabricaci\u00f3n de las instalaciones hasta el mantenimiento continuo y el eventual desmantelamiento, se gestione con los m\u00e1s altos est\u00e1ndares de calidad y fiabilidad.<\/p>\n\t\t\t\tFabrication Services\n\t\t\t\tOperations and Maintenance Support\n\t\t\t\tIntegrity Engineering Services\n\t\t\t\t\t\t\tFabrication Services\n\t\t\t\t<p><img loading=\"lazy\" decoding=\"async\" src=\"https:\/\/www.oceaneering.com\/wp-content\/uploads\/2024\/06\/19GR-9122-2-scaled-edite-1024x536.jpg\" alt=\"Oceaneer performing Phased Array Corrosion Mapping\" width=\"1024\" height=\"536\" \/><\/p>\n<h3>Servicios de fabricaci\u00f3n<\/h3>\n<ul>\n<li>Ingenier\u00eda civil y estructural en tierra firme<\/li>\n<li>Garant\u00eda de calidad (QA) de soldadura y mec\u00e1nica y controles de calidad (QC)<\/li>\n<\/ul>\n\t\t\t\t\t\t\tApoyo a las operaciones y al mantenimiento\n\t\t\t\t<p><img loading=\"lazy\" decoding=\"async\" src=\"https:\/\/www.oceaneering.com\/wp-content\/uploads\/2024\/06\/NDT-image-1024x576.jpg\" alt=\"\" width=\"1024\" height=\"576\" \/><\/p>\n<h3>Apoyo a las operaciones y al mantenimiento<\/h3>\n<ul>\n<li>\n<p>Metodolog\u00edas de ensayos no destructivos (END) convencionales y avanzadas (ultrasonidos avanzados, corrientes de Foucault, sistemas de orugas rob\u00f3ticas internas y externas).<\/p>\n<\/li>\n<li>\n<p>Abordar los mecanismos de da\u00f1o comunes a todos los activos, incluida la fragilizaci\u00f3n, el agrietamiento inducido por hidr\u00f3geno (HIC) y la formaci\u00f3n lineal de ampollas.<\/p>\n<\/li>\n<li>\n<p>Soluciones para infraestructuras de almacenamiento, producci\u00f3n y transporte, incluidos recipientes y tuber\u00edas de producci\u00f3n, esferas y cilindros, y recipientes y tuber\u00edas de transporte<\/p>\n<\/li>\n<\/ul>\n\t\t\t\t\t\t\tServicios de ingenier\u00eda de integridad\n\t\t\t\t<h3><img loading=\"lazy\" decoding=\"async\" src=\"https:\/\/www.oceaneering.com\/wp-content\/uploads\/2024\/06\/IMDS-Inform-Predict-1024x536.jpg\" alt=\"\" width=\"1024\" height=\"536\" \/><\/h3>\n<h3>Servicios de ingenier\u00eda de integridad<\/h3>\n<ul>\n<li>\n<p>Una amplia experiencia en todas las \u00e1reas de ingenier\u00eda garantiza una visi\u00f3n oportuna y basada en datos para apoyar la toma de decisiones.<\/p>\n<\/li>\n<li>\n<p>Integra la supervisi\u00f3n del estado, el an\u00e1lisis predictivo y la ingenier\u00eda de fiabilidad y mantenimiento para optimizar los intervalos de inspecci\u00f3n, abordar de forma proactiva los problemas de integridad y aumentar el tiempo de actividad.<\/p>\n<\/li>\n<li>\n<p>Los servicios incluyen an\u00e1lisis de vibraciones, an\u00e1lisis de integridad de tuber\u00edas, ingenier\u00eda de aptitud para el servicio, an\u00e1lisis de fallos, ingenier\u00eda de materiales e ingenier\u00eda de fiabilidad y mantenimiento.<\/p>\n<\/li>\n<\/ul>\n<h2>\n\t\tLa ingenier\u00eda del futuro energ\u00e9tico con bajas emisiones de carbono \n\t<\/h2>\n\t<p>Como proveedor mundial de productos y servicios de ingenier\u00eda, nos comprometemos a reducir nuestra huella de carbono en los numerosos sectores a los que servimos. Invertimos continuamente en el desarrollo de nuestros productos y servicios para crear tecnolog\u00edas avanzadas resistentes, seguras y respetuosas con el medio ambiente que permitan una mayor colaboraci\u00f3n entre nuestros clientes y un tiempo de respuesta m\u00e1s r\u00e1pido.<\/p>\n\t\t\t<a href=\"https:\/\/www.oceaneering.com\/es\/sustainability\/\" target=\"_self\">\n\t\t\t\t\t\t\tM\u00e1s informaci\u00f3n sobre nuestra sostenibilidad\n\t\t\t<\/a>\n\t\t\t\t<img loading=\"lazy\" decoding=\"async\" src=\"https:\/\/www.oceaneering.com\/wp-content\/uploads\/2023\/11\/Floating_Windmill_SM_image_02.jpg\" alt=\"Floating_Windmill_SM_image_02\" itemprop=\"image\" height=\"698\" width=\"1080\" title=\"Molino de viento flotante SM imagen 02\" onerror=\"this.style.display='none'\"  \/>\n\t\t\t\t\t\t\t\t\t<h3>Probado en campo. L\u00edder en el sector.<\/h3>\n\t\t\t\t\t\t\t\t\t<p>M\u00e1s informaci\u00f3n sobre c\u00f3mo nuestros productos y servicios han apoyado proyectos de hidr\u00f3geno. <\/p>\n\t\t\t\t\t\t<a href=\"https:\/\/www.oceaneering.com\/es\/resources\/?_content_types=case-study\" target=\"_self\">\n\t\t\t\t\t\t\t\tVer todos los casos pr\u00e1cticos\t\t\t\t\t\t\t\n\t\t\t\t\t\t\t\t\t\t\t\t\t<\/a>\n\t\t\t\t\t\t<button>\n\t\t\t\t\t\t\tAnterior\n\t\t\t\t\t\t<\/button>\n\t\t\t\t\t\t<button>\n\t\t\t\t\t\t\tSiguiente\n\t\t\t\t\t\t<\/button>\n\t\t\t\t\t\t\t<a href=\"https:\/\/www.oceaneering.com\/es\/case-studies\/grayloc-connectors-survive-high-pressure-hydrogen-fire-with-sealing-integrity-intact\/\">\n\t\t\t\t\t\t\t\t\t\t<img decoding=\"async\" src=\"https:\/\/www.oceaneering.com\/wp-content\/uploads\/2023\/10\/Case-Study-Grayloc-Connectors-Survive-High-Pressure-Hydrogen-Fire-with-Sealing-Integrity-Intact-1.jpeg\" alt=\"\"\/>\n\t\t\t\t\t\t\t\t\t\t<h3>Los conectores Grayloc\u00ae sobreviven al fuego de hidr\u00f3geno a alta presi\u00f3n con la integridad del sellado intacta<\/h3>\n\t\t\t\t\t\t\t\t\t\t<h3>Los conectores Grayloc\u00ae sobreviven al fuego de hidr\u00f3geno a alta presi\u00f3n con la integridad del sellado intacta<\/h3>\n\t\t\t\t\t\t\t\t\t\t\t\t\t\t\t\t\t\t\t\t\t<p>Resumen La fuga de gas, localizada en un prensaestopas externo, se produjo en la unidad de procesamiento de hidr\u00f3geno...<\/p>\n\t\t\t\t\t\t\t\t\t\t\tM\u00e1s informaci\u00f3n\n\t\t\t\t\t\t\t<\/a>\n<h1>\n\t\tContacte con nosotros\n\t<\/h1>\n<h2>\n\t\tNuestro equipo de expertos est\u00e1 listo para ayudarle a empezar.\n\t<\/h2>\n\t<p>Oceaneering ofrece los mejores productos y soluciones de su clase, respaldados por una calidad, fiabilidad y asistencia global inigualables. Rellene el formulario de consulta para iniciar una conversaci\u00f3n hoy mismo.<\/p>","protected":false},"excerpt":{"rendered":"<p>Discuss a Project Renewable Energy Solutions Hydrogen Support Services Elevating clean energy with reliable, sustainable solutions for hydrogen production, storage, and transportation. Delivering Solutions for Hydrogen Projects Decarbonizing Industry and Beyond Hydrogen technology stands at the forefront of the energy revolution, offering solutions for industrial decarbonization, energy security, and grid stability. Oceaneering\u00ae Grayloc\u00ae Products and &#8230; <a title=\"Servicios de apoyo al hidr\u00f3geno\" class=\"read-more\" href=\"https:\/\/www.oceaneering.com\/es\/renewable-energy-solutions\/hydrogen-support-services\/\" aria-label=\"Leer m\u00e1s sobre Servicios de apoyo al hidr\u00f3geno\">Seguir leyendo<\/a><\/p>","protected":false},"author":25,"featured_media":0,"parent":61160,"menu_order":0,"comment_status":"closed","ping_status":"closed","template":"","meta":{"_acf_changed":false,"footnotes":"","_links_to":"","_links_to_target":""},"product_category":[1159],"search_tags":[1398],"class_list":["post-72371","page","type-page","status-publish","product_category-renewables","search_tags-renewable-energy"],"acf":[],"aioseo_notices":[],"_links":{"self":[{"href":"https:\/\/www.oceaneering.com\/es\/wp-json\/wp\/v2\/pages\/72371","targetHints":{"allow":["GET"]}}],"collection":[{"href":"https:\/\/www.oceaneering.com\/es\/wp-json\/wp\/v2\/pages"}],"about":[{"href":"https:\/\/www.oceaneering.com\/es\/wp-json\/wp\/v2\/types\/page"}],"author":[{"embeddable":true,"href":"https:\/\/www.oceaneering.com\/es\/wp-json\/wp\/v2\/users\/25"}],"replies":[{"embeddable":true,"href":"https:\/\/www.oceaneering.com\/es\/wp-json\/wp\/v2\/comments?post=72371"}],"version-history":[{"count":0,"href":"https:\/\/www.oceaneering.com\/es\/wp-json\/wp\/v2\/pages\/72371\/revisions"}],"up":[{"embeddable":true,"href":"https:\/\/www.oceaneering.com\/es\/wp-json\/wp\/v2\/pages\/61160"}],"wp:attachment":[{"href":"https:\/\/www.oceaneering.com\/es\/wp-json\/wp\/v2\/media?parent=72371"}],"wp:term":[{"taxonomy":"product_category","embeddable":true,"href":"https:\/\/www.oceaneering.com\/es\/wp-json\/wp\/v2\/product_category?post=72371"},{"taxonomy":"search_tags","embeddable":true,"href":"https:\/\/www.oceaneering.com\/es\/wp-json\/wp\/v2\/search_tags?post=72371"}],"curies":[{"name":"wp","href":"https:\/\/api.w.org\/{rel}","templated":true}]}}