{"id":72269,"date":"2024-05-16T07:39:53","date_gmt":"2024-05-16T12:39:53","guid":{"rendered":"https:\/\/www.oceaneering.com\/?page_id=72269"},"modified":"2025-06-24T04:56:09","modified_gmt":"2025-06-24T09:56:09","slug":"operational-reliability","status":"publish","type":"page","link":"https:\/\/www.oceaneering.com\/es\/maintenance-and-reliability\/operational-reliability\/","title":{"rendered":"Fiabilidad operativa"},"content":{"rendered":"<p><a href=\"https:\/\/www.oceaneering.com\/es\/maintenance-and-reliability\/#contact\" target=\"_self\" rel=\"noopener\"> Contacte con nosotros <\/a> Soluciones de mantenimiento y fiabilidad<\/p>\r\n<h1>Fiabilidad operativa<\/h1>\r\n<p>Mejore el rendimiento y la fiabilidad de sus activos utilizando una combinaci\u00f3n de t\u00e9cnicas proactivas y reactivas para identificar y resolver los problemas de los equipos.<\/p>\r\n<h2>Alcanzar el verdadero potencial de los activos<\/h2>\r\n<p>Mejore el tiempo de actividad y la eficiencia de sus equipos con nuestros servicios de fiabilidad operativa, prestados por nuestro experimentado equipo de ingenieros.<\/p>\r\n<p><img loading=\"lazy\" decoding=\"async\" title=\"An\u00e1lisis del rendimiento del equipo\" src=\"https:\/\/www.oceaneering.com\/wp-content\/uploads\/2024\/05\/Equipment-Performance-Analysis.jpg\" alt=\"Data analytics and insights powered by big data and artificial intelligence technologies.\" width=\"1920\" height=\"1080\" \/><\/p>\r\n<h3>An\u00e1lisis del rendimiento de los equipos<\/h3>\r\n<p>El deterioro del rendimiento de los equipos puede afectar a la fiabilidad y la eficiencia, pero a menudo pasa desapercibido. El an\u00e1lisis de los valores de proceso existentes y de las mediciones de monitorizaci\u00f3n del estado permite intervenir a tiempo para salvaguardar la eficiencia operativa.<\/p>\r\n<p><img loading=\"lazy\" decoding=\"async\" title=\"Evaluaciones de vulnerabilidad\" src=\"https:\/\/www.oceaneering.com\/wp-content\/uploads\/2024\/05\/Vulnerability-Assessments.jpg\" alt=\"Project Engineer Talks to Female Operator who Controls Facility Production Line, Uses Computer with Screens Showing AI, Machine Learning Enhanced Assembly Process.\" width=\"1920\" height=\"1080\" \/><\/p>\r\n<h3>Evaluaciones de vulnerabilidad<\/h3>\r\n<p>Conocer sus vulnerabilidades operativas le permite actuar. Las evaluaciones revisan las condiciones de sus procesos, los fallos hist\u00f3ricos, las pr\u00e1cticas de mantenimiento aplicadas y el inventario y obsolescencia de piezas de repuesto para garantizar la continuidad operativa.<\/p>\r\n<p><img loading=\"lazy\" decoding=\"async\" title=\"Estudios de confiabilidad 2\" src=\"https:\/\/www.oceaneering.com\/wp-content\/uploads\/2024\/05\/Reliability-Studies2.jpg\" alt=\"Engineer inspecting factory and digital data concept.\" width=\"1920\" height=\"1080\" \/><\/p>\r\n<h3>Estudios de fiabilidad<\/h3>\r\n<p>En el caso de equipos o sistemas con problemas de fiabilidad recurrentes, la revisi\u00f3n del historial de fallos de los equipos es una herramienta poderosa para comprender y clasificar los problemas. Mediante an\u00e1lisis cuantitativos y cualitativos, se ofrecen recomendaciones para influir positivamente en la fiabilidad operativa.<\/p>\r\n<p><img loading=\"lazy\" decoding=\"async\" title=\"An\u00e1lisis de la causa ra\u00edz 2\" src=\"https:\/\/www.oceaneering.com\/wp-content\/uploads\/2024\/05\/Root-Cause-Analysis2.jpg\" alt=\"Two architects leaning on a table discussing a building design while working together in a modern office.\" width=\"1920\" height=\"1080\" \/><\/p>\r\n<h3>An\u00e1lisis de las causas<\/h3>\r\n<p>Los fallos espec\u00edficos pueden tener muchas causas subyacentes. El an\u00e1lisis estructurado llega hasta la causa ra\u00edz de los fallos y genera recomendaciones pr\u00e1cticas para mitigar su repetici\u00f3n, mejorando la fiabilidad y minimizando el tiempo de inactividad.<\/p>\r\n<h3>Probado en campo. L\u00edder en el sector.<\/h3>\r\n<p>Lea nuestros estudios de casos pr\u00e1cticos sobre proyectos de mantenimiento y fiabilidad que han tenido \u00e9xito.<\/p>\r\n<p><a href=\"https:\/\/www.oceaneering.com\/es\/resources\/?_content_types=case-study&amp;_resource_categories=maintenance-and-reliability\" target=\"_self\" rel=\"noopener\"> Lea los estudios de casos pertinentes <\/a> <button> Anterior <\/button> <button> Siguiente <\/button> <a href=\"https:\/\/www.oceaneering.com\/es\/case-studies\/using-process-data-to-evaluate-pump-operating-performance\/\"> <img decoding=\"async\" src=\"https:\/\/www.oceaneering.com\/wp-content\/uploads\/2024\/09\/Using-Process-Data-to-Evaluate-Pump-Operating-Performance-banner-image.jpg\" alt=\"\" \/><\/a><\/p>\r\n<h3>Private: Using Process Data to Evaluate Pump Operating Performance<\/h3>\r\n<h3>Private: Using Process Data to Evaluate Pump Operating Performance<\/h3>\r\n<p>Overview Pumps play a vital role in many industries worldwide. But inefficient pump operation can lead to costly&#8230;<\/p>\r\n<p><a href=\"https:\/\/www.oceaneering.com\/es\/case-studies\/using-process-data-to-evaluate-pump-operating-performance\/\">M\u00e1s informaci\u00f3n <\/a> <a href=\"https:\/\/www.oceaneering.com\/es\/case-studies\/supporting-client-with-long-term-fpso-maintenance-plan\/\"> <img decoding=\"async\" src=\"https:\/\/www.oceaneering.com\/wp-content\/uploads\/2023\/11\/551ebf15-1a6f-442b-8a64-3e3baceffc71.jpg\" alt=\"\" \/><\/a><\/p>\r\n<h3>Apoyo al cliente con un plan de mantenimiento FPSO a largo plazo<\/h3>\r\n<h3>Apoyo al cliente con un plan de mantenimiento FPSO a largo plazo<\/h3>\r\n<p>The Challenge A client needed a thorough maintenance management system for its floating production storage and offloading (FPSO)&#8230;<\/p>\r\n<p><a href=\"https:\/\/www.oceaneering.com\/es\/case-studies\/supporting-client-with-long-term-fpso-maintenance-plan\/\">M\u00e1s informaci\u00f3n <\/a> <a href=\"https:\/\/www.oceaneering.com\/es\/case-studies\/embedded-engineers-improve-operational-reliability-for-global-operator\/\"> <img decoding=\"async\" src=\"https:\/\/www.oceaneering.com\/wp-content\/uploads\/2024\/06\/Embedded-Engineers-Improves-Operational-Efficiency-for-Major-Operator.jpg\" alt=\"\" \/><\/a><\/p>\r\n<h3>Los ingenieros integrados mejoran la fiabilidad operativa de un operador mundial<\/h3>\r\n<h3>Los ingenieros integrados mejoran la fiabilidad operativa de un operador mundial<\/h3>\r\n<p>Overview Un operador global buscaba apuntalar la fiabilidad operativa, el tiempo de actividad y la eficiencia del mantenimiento de su...<\/p>\r\n<p><a href=\"https:\/\/www.oceaneering.com\/es\/case-studies\/embedded-engineers-improve-operational-reliability-for-global-operator\/\">M\u00e1s informaci\u00f3n <\/a> <a href=\"https:\/\/www.oceaneering.com\/es\/case-studies\/maintenance-build-for-fpso-and-offloading-terminal-maximizes-uptime-with-optimized-approach\/\"> <img decoding=\"async\" src=\"https:\/\/www.oceaneering.com\/wp-content\/uploads\/2024\/06\/Maintenance-Build-for-FPSO-and-Offloading-Terminal-Maximizes-Uptime-with-Optimized-Approach.jpg\" alt=\"\" \/><\/a><\/p>\r\n<h3>El mantenimiento de FPSO y terminales de descarga maximiza el tiempo de actividad con un enfoque optimizado<\/h3>\r\n<h3>El mantenimiento de FPSO y terminales de descarga maximiza el tiempo de actividad con un enfoque optimizado<\/h3>\r\n<p>Resumen En diciembre de 2023, el equipo de Soluciones de Mantenimiento y Fiabilidad de Oceaneering complet\u00f3 un...<\/p>\r\n<p><a href=\"https:\/\/www.oceaneering.com\/es\/case-studies\/maintenance-build-for-fpso-and-offloading-terminal-maximizes-uptime-with-optimized-approach\/\">M\u00e1s informaci\u00f3n <\/a> <a href=\"https:\/\/www.oceaneering.com\/es\/case-studies\/enhancing-pump-system-reliability\/\"> <img decoding=\"async\" src=\"https:\/\/www.oceaneering.com\/wp-content\/uploads\/2024\/06\/Enhancing-Pump-System-Reliability-thumbnail.jpg\" alt=\"\" \/><\/a><\/p>\r\n<h3>Privado: Mejora de la fiabilidad del sistema de bombeo<\/h3>\r\n<h3>Privado: Mejora de la fiabilidad del sistema de bombeo<\/h3>\r\n<p>Resumen En 2023, los ingenieros del equipo de Soluciones de Mantenimiento y Fiabilidad de Oceaneering recibieron el encargo de establecer por qu\u00e9 la variable...<\/p>\r\n<p><a href=\"https:\/\/www.oceaneering.com\/es\/case-studies\/enhancing-pump-system-reliability\/\">M\u00e1s informaci\u00f3n <\/a> <a href=\"https:\/\/www.oceaneering.com\/es\/case-studies\/updating-maintenance-plans-for-uk-regulatory-compliance\/\"> <img decoding=\"async\" src=\"https:\/\/www.oceaneering.com\/wp-content\/uploads\/2024\/06\/Updating-Maintenance-Plans-for-UK-Regulatory-Compliance.jpg\" alt=\"\" \/><\/a><\/p>\r\n<h3>Privado: Actualizaci\u00f3n de los planes de mantenimiento para cumplir la normativa brit\u00e1nica<\/h3>\r\n<h3>Privado: Actualizaci\u00f3n de los planes de mantenimiento para cumplir la normativa brit\u00e1nica<\/h3>\r\n<p>Resumen Un operador de petr\u00f3leo y gas ha ampliado recientemente sus operaciones al Mar del Norte brit\u00e1nico por primera...<\/p>\r\n<p><a href=\"https:\/\/www.oceaneering.com\/es\/case-studies\/updating-maintenance-plans-for-uk-regulatory-compliance\/\">M\u00e1s informaci\u00f3n <\/a> <a href=\"https:\/\/www.oceaneering.com\/es\/case-studies\/development-of-maintenance-program-for-the-worlds-largest-offshore-wind-farm\/\"> <img decoding=\"async\" src=\"https:\/\/www.oceaneering.com\/wp-content\/uploads\/2024\/04\/Wind-Farm.jpg\" alt=\"\" \/><\/a><\/p>\r\n<h3>Desarrollo del programa de mantenimiento del mayor parque e\u00f3lico marino del mundo<\/h3>\r\n<h3>Desarrollo del programa de mantenimiento del mayor parque e\u00f3lico marino del mundo<\/h3>\r\n<p>Resumen Oceaneering fue contratada para llevar a cabo el mantenimiento integral del proyecto e\u00f3lico marino Dogger Bank A...<\/p>\r\n<p><a href=\"https:\/\/www.oceaneering.com\/es\/case-studies\/development-of-maintenance-program-for-the-worlds-largest-offshore-wind-farm\/\">M\u00e1s informaci\u00f3n <\/a> <a href=\"https:\/\/www.oceaneering.com\/es\/case-studies\/comprehensive-hierarchy-build-enables-optimized-maintenance-build-scope\/\"> <img decoding=\"async\" src=\"https:\/\/www.oceaneering.com\/wp-content\/uploads\/2024\/06\/Comprehensive-Hierarchy-Build-Enables-Optimized-Maintenance-Build-Scope.jpg\" alt=\"\" \/><\/a><\/p>\r\n<h3>La construcci\u00f3n jer\u00e1rquica integral permite optimizar el alcance de la construcci\u00f3n de mantenimiento<\/h3>\r\n<h3>La construcci\u00f3n jer\u00e1rquica integral permite optimizar el alcance de la construcci\u00f3n de mantenimiento<\/h3>\r\n<p><a href=\"https:\/\/www.oceaneering.com\/es\/case-studies\/comprehensive-hierarchy-build-enables-optimized-maintenance-build-scope\/\">M\u00e1s informaci\u00f3n <\/a> <a href=\"https:\/\/www.oceaneering.com\/es\/case-studies\/delivery-of-maintenance-and-inspection-strategies-for-three-fsru-conversion-projects\/\"> <img decoding=\"async\" src=\"https:\/\/www.oceaneering.com\/wp-content\/uploads\/2024\/06\/Delivery-of-Maintenance-and-Inspection-Strategies-for-Three-FSRU-Conversion-Projects.jpg\" alt=\"\" \/><\/a><\/p>\r\n<h3>Estrategias de mantenimiento e inspecci\u00f3n para tres proyectos de conversi\u00f3n de FSRU<\/h3>\r\n<h3>Estrategias de mantenimiento e inspecci\u00f3n para tres proyectos de conversi\u00f3n de FSRU<\/h3>\r\n<p><a href=\"https:\/\/www.oceaneering.com\/es\/case-studies\/delivery-of-maintenance-and-inspection-strategies-for-three-fsru-conversion-projects\/\">M\u00e1s informaci\u00f3n <\/a> <a href=\"https:\/\/www.oceaneering.com\/es\/case-studies\/using-bills-of-materials-boms-to-improve-brownfield-facilities-inventory-levels\/\"> <img decoding=\"async\" src=\"https:\/\/www.oceaneering.com\/wp-content\/uploads\/2024\/06\/Using-Bills-of-Materials-BOMs-to-Improve-Brownfield-Facilities-Inventory-Levels.jpg\" alt=\"\" \/><\/a><\/p>\r\n<h3>Utilizaci\u00f3n de listas de materiales (BOM) para mejorar los niveles de inventario de las instalaciones abandonadas<\/h3>\r\n<h3>Utilizaci\u00f3n de listas de materiales (BOM) para mejorar los niveles de inventario de las instalaciones abandonadas<\/h3>\r\n<p><a href=\"https:\/\/www.oceaneering.com\/es\/case-studies\/using-bills-of-materials-boms-to-improve-brownfield-facilities-inventory-levels\/\">M\u00e1s informaci\u00f3n <\/a><\/p>\r\n<h1>Contacte con nosotros<\/h1>\r\n<h2>Nuestro equipo de expertos est\u00e1 listo para ayudarle a empezar.<\/h2>\r\n<p>Oceaneering ofrece los mejores productos y soluciones de su clase, respaldados por una calidad, fiabilidad y asistencia global inigualables. Rellene el formulario de consulta para iniciar una conversaci\u00f3n hoy mismo.<\/p>","protected":false},"excerpt":{"rendered":"<p>Contact Us Maintenance and Reliability Solutions Operational Reliability Enhance your asset performance and reliability by using a combination of proactive and reactive techniques to identify and address equipment issues. Achieve True Asset Potential Improve your equipment uptime and efficiency with our operational reliability services, delivered by our experienced team of engineers. Equipment Performance Analysis Deteriorating &#8230; <a title=\"Fiabilidad operativa\" class=\"read-more\" href=\"https:\/\/www.oceaneering.com\/es\/maintenance-and-reliability\/operational-reliability\/\" aria-label=\"Leer m\u00e1s sobre Fiabilidad operativa\">Seguir leyendo<\/a><\/p>","protected":false},"author":25,"featured_media":0,"parent":59772,"menu_order":0,"comment_status":"closed","ping_status":"closed","template":"","meta":{"_acf_changed":false,"footnotes":"","_links_to":"","_links_to_target":""},"product_category":[1998],"search_tags":[],"class_list":["post-72269","page","type-page","status-publish","product_category-maintenance-and-reliability"],"acf":[],"aioseo_notices":[],"_links":{"self":[{"href":"https:\/\/www.oceaneering.com\/es\/wp-json\/wp\/v2\/pages\/72269","targetHints":{"allow":["GET"]}}],"collection":[{"href":"https:\/\/www.oceaneering.com\/es\/wp-json\/wp\/v2\/pages"}],"about":[{"href":"https:\/\/www.oceaneering.com\/es\/wp-json\/wp\/v2\/types\/page"}],"author":[{"embeddable":true,"href":"https:\/\/www.oceaneering.com\/es\/wp-json\/wp\/v2\/users\/25"}],"replies":[{"embeddable":true,"href":"https:\/\/www.oceaneering.com\/es\/wp-json\/wp\/v2\/comments?post=72269"}],"version-history":[{"count":0,"href":"https:\/\/www.oceaneering.com\/es\/wp-json\/wp\/v2\/pages\/72269\/revisions"}],"up":[{"embeddable":true,"href":"https:\/\/www.oceaneering.com\/es\/wp-json\/wp\/v2\/pages\/59772"}],"wp:attachment":[{"href":"https:\/\/www.oceaneering.com\/es\/wp-json\/wp\/v2\/media?parent=72269"}],"wp:term":[{"taxonomy":"product_category","embeddable":true,"href":"https:\/\/www.oceaneering.com\/es\/wp-json\/wp\/v2\/product_category?post=72269"},{"taxonomy":"search_tags","embeddable":true,"href":"https:\/\/www.oceaneering.com\/es\/wp-json\/wp\/v2\/search_tags?post=72269"}],"curies":[{"name":"wp","href":"https:\/\/api.w.org\/{rel}","templated":true}]}}