{"id":72252,"date":"2024-05-16T04:49:09","date_gmt":"2024-05-16T09:49:09","guid":{"rendered":"https:\/\/www.oceaneering.com\/?page_id=72252"},"modified":"2024-09-11T03:57:11","modified_gmt":"2024-09-11T08:57:11","slug":"maintenance-engineering","status":"publish","type":"page","link":"https:\/\/www.oceaneering.com\/es\/maintenance-and-reliability\/maintenance-engineering\/","title":{"rendered":"Ingenier\u00eda de mantenimiento"},"content":{"rendered":"<a href=\"https:\/\/www.oceaneering.com\/es\/maintenance-and-reliability\/#contact\" target=\"_self\" rel=\"noopener\">\n\t\t\t\t\t\t\tContacte con nosotros\n\t\t\t\t\t<\/a>\n\t\tSoluciones de mantenimiento y fiabilidad\n<h1>\n\t\tIngenier\u00eda de mantenimiento\n\t<\/h1>\n\t<p>Desarrollamos, revisamos y validamos su programa de gesti\u00f3n de activos para lograr la excelencia en el mantenimiento, garantizando la seguridad y el cumplimiento de la normativa, al tiempo que maximizamos el tiempo de actividad.<\/p>\n<h2>\n\t\tExcelencia en el mantenimiento de edificios\n\t<\/h2>\n\t<p>Transforme sus datos de gesti\u00f3n de activos con nuestros flexibles y completos servicios de ingenier\u00eda de mantenimiento.<\/p>\n\t\t\t\t<img loading=\"lazy\" decoding=\"async\" src=\"https:\/\/www.oceaneering.com\/wp-content\/uploads\/2024\/05\/Asset-register.jpg\" alt=\"Oil and gas industrial refinery at twilight.\" itemprop=\"image\" height=\"1080\" width=\"1920\" title=\"Registro de activos\" onerror=\"this.style.display='none'\"  \/>\n<h3>\n\t\tDesarrollo del registro de activos\n\t<\/h3>\n\t<p>Los servicios de registro de activos y desarrollo de jerarqu\u00edas t\u00e9cnicas proporcionan la columna vertebral de datos estructurados para el programa de gesti\u00f3n de activos que se mantiene dentro de su Sistema de Gesti\u00f3n de Mantenimiento Informatizado (GMAO).<\/p>\n\t\t\t\t<img loading=\"lazy\" decoding=\"async\" src=\"https:\/\/www.oceaneering.com\/wp-content\/uploads\/2024\/05\/Asset-Criticality-Assessment.jpg\" alt=\"LNG (Liquified Natural Gas) tanker anchored in Gas terminal gas tanks for storage.\" itemprop=\"image\" height=\"1080\" width=\"1920\" title=\"Evaluaci\u00f3n de la criticidad de los activos\" onerror=\"this.style.display='none'\"  \/>\n<h3>\n\t\tEvaluaci\u00f3n de la criticidad\n\t<\/h3>\n\t<p>Las evaluaciones de la criticidad de los activos establecen de forma coherente y eficaz la importancia relativa de sus activos para permitir una aplicaci\u00f3n de los recursos basada en el riesgo y rentable.<\/p>\n\t\t\t\t<img loading=\"lazy\" decoding=\"async\" src=\"https:\/\/www.oceaneering.com\/wp-content\/uploads\/2024\/05\/Asset-Maintenance-Management2.jpg\" alt=\"Crane loading cargo container ship in the international terminal logistic sea port.\" itemprop=\"image\" height=\"1080\" width=\"1920\" title=\"Gesti\u00f3n del mantenimiento de activos\" onerror=\"this.style.display='none'\"  \/>\n<h3>\n\t\tGesti\u00f3n del mantenimiento\n\t<\/h3>\n\t<p>Bespoke maintenance strategies are designed to deliver optimal asset uptime &#8211; whether it&#8217;s preventative, condition-based, or predictive maintenance that is required.<\/p>\n\t\t\t\t<img loading=\"lazy\" decoding=\"async\" src=\"https:\/\/www.oceaneering.com\/wp-content\/uploads\/2024\/05\/Spares-Parts-Analysis.jpg\" alt=\"Factory warehouse spare parts. Storage and distribution of components.\" itemprop=\"image\" height=\"1080\" width=\"1920\" title=\"An\u00e1lisis de repuestos\" onerror=\"this.style.display='none'\"  \/>\n<h3>\n\t\tAn\u00e1lisis de piezas de recambio\n\t<\/h3>\n\t<p>La disponibilidad de piezas de repuesto es vital para la continuidad operativa. Garantice operaciones rentables y sin interrupciones estableciendo estrategias de repuestos, evaluando los repuestos cr\u00edticos, generando listas de materiales (BOM) y fijando niveles de existencias.<\/p>\n\t\t\t\t<img loading=\"lazy\" decoding=\"async\" src=\"https:\/\/www.oceaneering.com\/wp-content\/uploads\/2024\/05\/Data-handling.jpg\" alt=\"Person using a laptop and data being visualized.\" itemprop=\"image\" height=\"1280\" width=\"1920\" title=\"Servicios de GMAO\" onerror=\"this.style.display='none'\"  \/>\n<h3>\n\t\tServicios de GMAO\n\t<\/h3>\n\t<p>Ever evolving asset portfolios can place your organization at risk if your asset management program doesn&#8217;t keep pace. Management of Change (MOC) services address this challenge through the management and implementation of data updates within your CMMS, keeping your operations aligned and efficient.<\/p>\n\t\t\t\t\t\t\t\t\t<h3>Probado en campo. L\u00edder en el sector.<\/h3>\n\t\t\t\t\t\t\t\t\t<p>Lea nuestros estudios de casos pr\u00e1cticos sobre proyectos de mantenimiento y fiabilidad que han tenido \u00e9xito.<\/p>\n\t\t\t\t\t\t<a href=\"https:\/\/www.oceaneering.com\/es\/resources\/?_content_types=case-study&amp;_resource_categories=maintenance-and-reliability\" target=\"_self\" rel=\"noopener\">\n\t\t\t\t\t\t\t\tLea los estudios de casos pertinentes\t\t\t\t\t\t\t\n\t\t\t\t\t\t\t\t\t\t\t\t\t<\/a>\n\t\t\t\t\t\t<button>\n\t\t\t\t\t\t\tAnterior\n\t\t\t\t\t\t<\/button>\n\t\t\t\t\t\t<button>\n\t\t\t\t\t\t\tSiguiente\n\t\t\t\t\t\t<\/button>\n\t\t\t\t\t\t\t<a href=\"https:\/\/www.oceaneering.com\/es\/case-studies\/using-process-data-to-evaluate-pump-operating-performance\/\">\n\t\t\t\t\t\t\t\t\t\t<img decoding=\"async\" src=\"https:\/\/www.oceaneering.com\/wp-content\/uploads\/2024\/09\/Using-Process-Data-to-Evaluate-Pump-Operating-Performance-banner-image.jpg\" alt=\"\"\/>\n\t\t\t\t\t\t\t\t\t\t<h3>Private: Using Process Data to Evaluate Pump Operating Performance<\/h3>\n\t\t\t\t\t\t\t\t\t\t<h3>Private: Using Process Data to Evaluate Pump Operating Performance<\/h3>\n\t\t\t\t\t\t\t\t\t\t\t\t\t\t\t\t\t\t\t\t\t<p>Overview Pumps play a vital role in many industries worldwide. But inefficient pump operation can lead to costly&#8230;<\/p>\n\t\t\t\t\t\t\t\t\t\t\tM\u00e1s informaci\u00f3n\n\t\t\t\t\t\t\t<\/a>\n\t\t\t\t\t\t\t<a href=\"https:\/\/www.oceaneering.com\/es\/case-studies\/supporting-client-with-long-term-fpso-maintenance-plan\/\">\n\t\t\t\t\t\t\t\t\t\t<img decoding=\"async\" src=\"https:\/\/www.oceaneering.com\/wp-content\/uploads\/2023\/11\/551ebf15-1a6f-442b-8a64-3e3baceffc71.jpg\" alt=\"\"\/>\n\t\t\t\t\t\t\t\t\t\t<h3>Apoyo al cliente con un plan de mantenimiento FPSO a largo plazo<\/h3>\n\t\t\t\t\t\t\t\t\t\t<h3>Apoyo al cliente con un plan de mantenimiento FPSO a largo plazo<\/h3>\n\t\t\t\t\t\t\t\t\t\t\t\t\t\t\t\t\t\t\t\t\t<p>The Challenge A client needed a thorough maintenance management system for its floating production storage and offloading (FPSO)&#8230;<\/p>\n\t\t\t\t\t\t\t\t\t\t\tM\u00e1s informaci\u00f3n\n\t\t\t\t\t\t\t<\/a>\n\t\t\t\t\t\t\t<a href=\"https:\/\/www.oceaneering.com\/es\/case-studies\/embedded-engineers-improve-operational-reliability-for-global-operator\/\">\n\t\t\t\t\t\t\t\t\t\t<img decoding=\"async\" src=\"https:\/\/www.oceaneering.com\/wp-content\/uploads\/2024\/06\/Embedded-Engineers-Improves-Operational-Efficiency-for-Major-Operator.jpg\" alt=\"\"\/>\n\t\t\t\t\t\t\t\t\t\t<h3>Los ingenieros integrados mejoran la fiabilidad operativa de un operador mundial<\/h3>\n\t\t\t\t\t\t\t\t\t\t<h3>Los ingenieros integrados mejoran la fiabilidad operativa de un operador mundial<\/h3>\n\t\t\t\t\t\t\t\t\t\t\t\t\t\t\t\t\t\t\t\t\t<p>Overview Un operador global buscaba apuntalar la fiabilidad operativa, el tiempo de actividad y la eficiencia del mantenimiento de su...<\/p>\n\t\t\t\t\t\t\t\t\t\t\tM\u00e1s informaci\u00f3n\n\t\t\t\t\t\t\t<\/a>\n\t\t\t\t\t\t\t<a href=\"https:\/\/www.oceaneering.com\/es\/case-studies\/maintenance-build-for-fpso-and-offloading-terminal-maximizes-uptime-with-optimized-approach\/\">\n\t\t\t\t\t\t\t\t\t\t<img decoding=\"async\" src=\"https:\/\/www.oceaneering.com\/wp-content\/uploads\/2024\/06\/Maintenance-Build-for-FPSO-and-Offloading-Terminal-Maximizes-Uptime-with-Optimized-Approach.jpg\" alt=\"\"\/>\n\t\t\t\t\t\t\t\t\t\t<h3>El mantenimiento de FPSO y terminales de descarga maximiza el tiempo de actividad con un enfoque optimizado<\/h3>\n\t\t\t\t\t\t\t\t\t\t<h3>El mantenimiento de FPSO y terminales de descarga maximiza el tiempo de actividad con un enfoque optimizado<\/h3>\n\t\t\t\t\t\t\t\t\t\t\t\t\t\t\t\t\t\t\t\t\t<p>Resumen En diciembre de 2023, el equipo de Soluciones de Mantenimiento y Fiabilidad de Oceaneering complet\u00f3 un...<\/p>\n\t\t\t\t\t\t\t\t\t\t\tM\u00e1s informaci\u00f3n\n\t\t\t\t\t\t\t<\/a>\n\t\t\t\t\t\t\t<a href=\"https:\/\/www.oceaneering.com\/es\/case-studies\/enhancing-pump-system-reliability\/\">\n\t\t\t\t\t\t\t\t\t\t<img decoding=\"async\" src=\"https:\/\/www.oceaneering.com\/wp-content\/uploads\/2024\/06\/Enhancing-Pump-System-Reliability-thumbnail.jpg\" alt=\"\"\/>\n\t\t\t\t\t\t\t\t\t\t<h3>Privado: Mejora de la fiabilidad del sistema de bombeo<\/h3>\n\t\t\t\t\t\t\t\t\t\t<h3>Privado: Mejora de la fiabilidad del sistema de bombeo<\/h3>\n\t\t\t\t\t\t\t\t\t\t\t\t\t\t\t\t\t\t\t\t\t<p>Resumen En 2023, los ingenieros del equipo de Soluciones de Mantenimiento y Fiabilidad de Oceaneering recibieron el encargo de establecer por qu\u00e9 la variable...<\/p>\n\t\t\t\t\t\t\t\t\t\t\tM\u00e1s informaci\u00f3n\n\t\t\t\t\t\t\t<\/a>\n\t\t\t\t\t\t\t<a href=\"https:\/\/www.oceaneering.com\/es\/case-studies\/updating-maintenance-plans-for-uk-regulatory-compliance\/\">\n\t\t\t\t\t\t\t\t\t\t<img decoding=\"async\" src=\"https:\/\/www.oceaneering.com\/wp-content\/uploads\/2024\/06\/Updating-Maintenance-Plans-for-UK-Regulatory-Compliance.jpg\" alt=\"\"\/>\n\t\t\t\t\t\t\t\t\t\t<h3>Privado: Actualizaci\u00f3n de los planes de mantenimiento para cumplir la normativa brit\u00e1nica<\/h3>\n\t\t\t\t\t\t\t\t\t\t<h3>Privado: Actualizaci\u00f3n de los planes de mantenimiento para cumplir la normativa brit\u00e1nica<\/h3>\n\t\t\t\t\t\t\t\t\t\t\t\t\t\t\t\t\t\t\t\t\t<p>Resumen Un operador de petr\u00f3leo y gas ha ampliado recientemente sus operaciones al Mar del Norte brit\u00e1nico por primera...<\/p>\n\t\t\t\t\t\t\t\t\t\t\tM\u00e1s informaci\u00f3n\n\t\t\t\t\t\t\t<\/a>\n\t\t\t\t\t\t\t<a href=\"https:\/\/www.oceaneering.com\/es\/case-studies\/development-of-maintenance-program-for-the-worlds-largest-offshore-wind-farm\/\">\n\t\t\t\t\t\t\t\t\t\t<img decoding=\"async\" src=\"https:\/\/www.oceaneering.com\/wp-content\/uploads\/2024\/04\/Wind-Farm.jpg\" alt=\"\"\/>\n\t\t\t\t\t\t\t\t\t\t<h3>Desarrollo del programa de mantenimiento del mayor parque e\u00f3lico marino del mundo<\/h3>\n\t\t\t\t\t\t\t\t\t\t<h3>Desarrollo del programa de mantenimiento del mayor parque e\u00f3lico marino del mundo<\/h3>\n\t\t\t\t\t\t\t\t\t\t\t\t\t\t\t\t\t\t\t\t\t<p>Resumen Oceaneering fue contratada para llevar a cabo el mantenimiento integral del proyecto e\u00f3lico marino Dogger Bank A...<\/p>\n\t\t\t\t\t\t\t\t\t\t\tM\u00e1s informaci\u00f3n\n\t\t\t\t\t\t\t<\/a>\n\t\t\t\t\t\t\t<a href=\"https:\/\/www.oceaneering.com\/es\/case-studies\/comprehensive-hierarchy-build-enables-optimized-maintenance-build-scope\/\">\n\t\t\t\t\t\t\t\t\t\t<img decoding=\"async\" src=\"https:\/\/www.oceaneering.com\/wp-content\/uploads\/2024\/06\/Comprehensive-Hierarchy-Build-Enables-Optimized-Maintenance-Build-Scope.jpg\" alt=\"\"\/>\n\t\t\t\t\t\t\t\t\t\t<h3>La construcci\u00f3n jer\u00e1rquica integral permite optimizar el alcance de la construcci\u00f3n de mantenimiento<\/h3>\n\t\t\t\t\t\t\t\t\t\t<h3>La construcci\u00f3n jer\u00e1rquica integral permite optimizar el alcance de la construcci\u00f3n de mantenimiento<\/h3>\n\t\t\t\t\t\t\t\t\t\t\tM\u00e1s informaci\u00f3n\n\t\t\t\t\t\t\t<\/a>\n\t\t\t\t\t\t\t<a href=\"https:\/\/www.oceaneering.com\/es\/case-studies\/delivery-of-maintenance-and-inspection-strategies-for-three-fsru-conversion-projects\/\">\n\t\t\t\t\t\t\t\t\t\t<img decoding=\"async\" src=\"https:\/\/www.oceaneering.com\/wp-content\/uploads\/2024\/06\/Delivery-of-Maintenance-and-Inspection-Strategies-for-Three-FSRU-Conversion-Projects.jpg\" alt=\"\"\/>\n\t\t\t\t\t\t\t\t\t\t<h3>Estrategias de mantenimiento e inspecci\u00f3n para tres proyectos de conversi\u00f3n de FSRU<\/h3>\n\t\t\t\t\t\t\t\t\t\t<h3>Estrategias de mantenimiento e inspecci\u00f3n para tres proyectos de conversi\u00f3n de FSRU<\/h3>\n\t\t\t\t\t\t\t\t\t\t\tM\u00e1s informaci\u00f3n\n\t\t\t\t\t\t\t<\/a>\n\t\t\t\t\t\t\t<a href=\"https:\/\/www.oceaneering.com\/es\/case-studies\/using-bills-of-materials-boms-to-improve-brownfield-facilities-inventory-levels\/\">\n\t\t\t\t\t\t\t\t\t\t<img decoding=\"async\" src=\"https:\/\/www.oceaneering.com\/wp-content\/uploads\/2024\/06\/Using-Bills-of-Materials-BOMs-to-Improve-Brownfield-Facilities-Inventory-Levels.jpg\" alt=\"\"\/>\n\t\t\t\t\t\t\t\t\t\t<h3>Utilizaci\u00f3n de listas de materiales (BOM) para mejorar los niveles de inventario de las instalaciones abandonadas<\/h3>\n\t\t\t\t\t\t\t\t\t\t<h3>Utilizaci\u00f3n de listas de materiales (BOM) para mejorar los niveles de inventario de las instalaciones abandonadas<\/h3>\n\t\t\t\t\t\t\t\t\t\t\tM\u00e1s informaci\u00f3n\n\t\t\t\t\t\t\t<\/a>\n<h1>\n\t\tContacte con nosotros\n\t<\/h1>\n<h2>\n\t\tNuestro equipo de expertos est\u00e1 listo para ayudarle a empezar.\n\t<\/h2>\n\t<p>Oceaneering ofrece los mejores productos y soluciones de su clase, respaldados por una calidad, fiabilidad y asistencia global inigualables. Rellene el formulario de consulta para iniciar una conversaci\u00f3n hoy mismo.<\/p>","protected":false},"excerpt":{"rendered":"<p>Contact Us Maintenance and Reliability Solutions Maintenance Engineering We develop, review, and validate your asset management program to achieve maintenance excellence, ensuring safety and compliance while maximizing uptime. Building Maintenance Excellence Transform your asset management data with our flexible and comprehensive maintenance engineering services. Asset Register Development Asset register and technical hierarchy development services provide &#8230; <a title=\"Ingenier\u00eda de mantenimiento\" class=\"read-more\" href=\"https:\/\/www.oceaneering.com\/es\/maintenance-and-reliability\/maintenance-engineering\/\" aria-label=\"Leer m\u00e1s sobre Ingenier\u00eda de mantenimiento\">Seguir leyendo<\/a><\/p>","protected":false},"author":25,"featured_media":0,"parent":59772,"menu_order":0,"comment_status":"closed","ping_status":"closed","template":"","meta":{"_acf_changed":false,"footnotes":"","_links_to":"","_links_to_target":""},"product_category":[1998],"search_tags":[],"class_list":["post-72252","page","type-page","status-publish","product_category-maintenance-and-reliability"],"acf":[],"aioseo_notices":[],"_links":{"self":[{"href":"https:\/\/www.oceaneering.com\/es\/wp-json\/wp\/v2\/pages\/72252","targetHints":{"allow":["GET"]}}],"collection":[{"href":"https:\/\/www.oceaneering.com\/es\/wp-json\/wp\/v2\/pages"}],"about":[{"href":"https:\/\/www.oceaneering.com\/es\/wp-json\/wp\/v2\/types\/page"}],"author":[{"embeddable":true,"href":"https:\/\/www.oceaneering.com\/es\/wp-json\/wp\/v2\/users\/25"}],"replies":[{"embeddable":true,"href":"https:\/\/www.oceaneering.com\/es\/wp-json\/wp\/v2\/comments?post=72252"}],"version-history":[{"count":0,"href":"https:\/\/www.oceaneering.com\/es\/wp-json\/wp\/v2\/pages\/72252\/revisions"}],"up":[{"embeddable":true,"href":"https:\/\/www.oceaneering.com\/es\/wp-json\/wp\/v2\/pages\/59772"}],"wp:attachment":[{"href":"https:\/\/www.oceaneering.com\/es\/wp-json\/wp\/v2\/media?parent=72252"}],"wp:term":[{"taxonomy":"product_category","embeddable":true,"href":"https:\/\/www.oceaneering.com\/es\/wp-json\/wp\/v2\/product_category?post=72252"},{"taxonomy":"search_tags","embeddable":true,"href":"https:\/\/www.oceaneering.com\/es\/wp-json\/wp\/v2\/search_tags?post=72252"}],"curies":[{"name":"wp","href":"https:\/\/api.w.org\/{rel}","templated":true}]}}