{"id":71671,"date":"2024-04-08T07:26:36","date_gmt":"2024-04-08T12:26:36","guid":{"rendered":"https:\/\/www.oceaneering.com\/?page_id=71671"},"modified":"2024-11-19T03:38:12","modified_gmt":"2024-11-19T09:38:12","slug":"floating-offshore-wind","status":"publish","type":"page","link":"https:\/\/www.oceaneering.com\/es\/renewable-energy-solutions\/floating-offshore-wind\/","title":{"rendered":"Energ\u00eda e\u00f3lica marina flotante"},"content":{"rendered":"<a href=\"https:\/\/www.oceaneering.com\/es\/renewable-energy-solutions\/#contact\" target=\"_self\">\n\t\t\t\t\t\t\tDebatir un proyecto\n\t\t\t\t\t<\/a>\n\t\tSoluciones de energ\u00eda renovable\n<h1>\n\t\tEnerg\u00eda e\u00f3lica marina flotante\n\t<\/h1>\n\t<p>Innovaci\u00f3n con soluciones de eficacia probada para optimizar el CAPEX y el OPEX.<\/p>\n<h2>\n\t\tAprovechar la energ\u00eda e\u00f3lica marina flotante\n\t<\/h2>\n\t<p>Nuestro enfoque de los proyectos de energ\u00eda e\u00f3lica marina flotante integra tecnolog\u00edas de vanguardia y servicios de confianza, perfeccionados a trav\u00e9s de una amplia experiencia en condiciones marinas dif\u00edciles, incluidas las zonas de alta corriente. Damos prioridad a la seguridad sin comprometer la rentabilidad y nuestras soluciones est\u00e1n dise\u00f1adas para aumentar la econom\u00eda de su proyecto y maximizar el tiempo de actividad operativa.<\/p>\n<h3>\n\t\tEjecutar operaciones en entornos dif\u00edciles y din\u00e1micos\n\t<\/h3>\n<h3>\n\t\tOptimizar los programas de operaciones y mantenimiento \n\t<\/h3>\n<h3>\n\t\tAumente la rentabilidad de los proyectos y reduzca los riesgos con la rob\u00f3tica residente \n\t<\/h3>\n<h2>\n\t\tSoluciones integrales para el ciclo de vida de los proyectos e\u00f3licos marinos\n\t<\/h2>\n\t<p>Nuestras tecnolog\u00edas innovadoras y nuestra amplia oferta de servicios est\u00e1n dise\u00f1adas para hacer frente a las complejidades de los entornos marinos m\u00e1s exigentes, incluidas las aguas m\u00e1s profundas, lo que abre grandes oportunidades para generar energ\u00eda e\u00f3lica renovable. Nuestra experiencia en entornos dif\u00edciles nos capacita para abordar todas las necesidades del ciclo de vida de sus proyectos e\u00f3licos flotantes en Europa Occidental, Norteam\u00e9rica y la regi\u00f3n de Asia-Pac\u00edfico.<\/p>\n\t\t\t<a href=\"https:\/\/oceaneering.canto.com\/download\/document\/m149hqu6315ofb50lbm90l7f7j\/original.pdf\" target=\"_blank\" rel=\"noopener\">\n\t\t\t\t\t\t\tSoluciones para todo el ciclo de vida de la energ\u00eda e\u00f3lica marina flotante\n\t\t\t\t\t<\/a>\n\t\t\t\tCaracterizaci\u00f3n de emplazamientos\n\t\t\t\tServicios de prospecci\u00f3n y posicionamiento\n\t\t\t\tSistemas rob\u00f3ticos residentes y operaciones remotas\n\t\t\t\tTecnolog\u00edas avanzadas de supervisi\u00f3n, inspecci\u00f3n y mantenimiento del estado de los activos\n\t\t\t\tInspecci\u00f3n submarina en lugar de dique seco (UWILD) e inspecci\u00f3n peri\u00f3dica especial (SPS)\n\t\t\t\tROV de clase de trabajo Isurus\n\t\t\t\tFabricaci\u00f3n de cables din\u00e1micos interarray\n\t\t\t\tAnclajes de succi\u00f3n\n\t\t\t\tIMRGE\u2122 Soluciones IMR integradas y personalizables\n\t\t\t\t\t\t\tCaracterizaci\u00f3n de emplazamientos\n\t\t\t\t<p><img loading=\"lazy\" decoding=\"async\" src=\"https:\/\/www.oceaneering.com\/wp-content\/uploads\/2024\/01\/230825_Artwork_01_USV_Freedom_v01-2-1-1024x576.jpg\" alt=\"\" width=\"1024\" height=\"576\" \/><\/p>\n<h3>Caracterizaci\u00f3n del emplazamiento<\/h3>\n<p>Nuestras capacidades incluyen estudios geof\u00edsicos, geot\u00e9cnicos y s\u00edsmicos exhaustivos, que permiten recopilar datos precisos para la toma de decisiones informadas en proyectos e\u00f3licos fijos en alta mar. Las operaciones realizadas desde nuestros <a href=\"https:\/\/www.oceaneering.com\/es\/subsea-projects\/vessel-fleet\/\">Buque Ocean Intervention II<\/a> garantizar evaluaciones precisas del emplazamiento, esenciales para un desarrollo seguro y eficaz.<\/p>\n<p><a href=\"https:\/\/www.oceaneering.com\/es\/survey-and-mapping\/geoscience-and-auv-surveys\/\">M\u00e1s informaci\u00f3n<\/a><\/p>\n\t\t\t\t\t\t\tServicios de topograf\u00eda y posicionamiento \n\t\t\t\t<p><img loading=\"lazy\" decoding=\"async\" src=\"https:\/\/www.oceaneering.com\/wp-content\/uploads\/2024\/01\/230323_C-Nav-Thumbnail_V1-edited-1024x576.jpg\" alt=\"\" width=\"1024\" height=\"576\" \/><\/p>\n<h3>Servicios de topograf\u00eda y posicionamiento<\/h3>\n<p>Combinamos nuestra flota de buques avanzados y rob\u00f3tica submarina para ofrecer soluciones seguras y rentables en investigaciones de emplazamientos, servicios de posicionamiento de anclas de amarre y supervisi\u00f3n de excursiones.<\/p>\n<p>Oceaneering <a href=\"https:\/\/www.oceaneering.com\/es\/positioning-solutions\/\">Soluciones de posicionamiento C-Nav<\/a> El servicio de correcci\u00f3n basado en sat\u00e9lites LEO utiliza sat\u00e9lites Iridium\u00ae de \u00f3rbita terrestre baja (LEO) para superar los problemas hist\u00f3ricos de enmascaramiento y altas latitudes, proporcionando los m\u00e1s altos niveles de redundancia y tiempo de actividad.<\/p>\n<p><a href=\"https:\/\/www.oceaneering.com\/es\/survey-and-mapping\/survey-and-positioning\/\">M\u00e1s informaci\u00f3n sobre nuestros servicios de inspecci\u00f3n y posicionamiento<\/a><\/p>\n\t\t\t\t\t\t\tSistemas rob\u00f3ticos residentes y operaciones a distancia \n\t\t\t\t<p><img loading=\"lazy\" decoding=\"async\" src=\"https:\/\/www.oceaneering.com\/wp-content\/uploads\/2024\/04\/Freedom-Liberty-1024x576.jpg\" alt=\"our LibertyTM Resident System and Freedom AUV\u2122.\" width=\"1024\" height=\"576\" \/><\/p>\n<h3>Sistemas rob\u00f3ticos residentes y operaciones a distancia<\/h3>\n<p>Soluciones rob\u00f3ticas submarinas residentes, incluida nuestra <a href=\"https:\/\/www.oceaneering.com\/es\/rov-services\/next-generation-subsea-vehicles\/liberty-e-rov\/\">Sistema Liberty\u2122 para residentes<\/a> y <a href=\"https:\/\/www.oceaneering.com\/es\/rov-services\/next-generation-subsea-vehicles\/freedom-autonomous-underwater-vehicle\/\">Freedom AUV\u2122<\/a>pueden operarse a distancia desde nuestros Centros de Operaciones Remotas en Tierra (OROC), ubicados en todo el mundo, lo que aumenta la supervisi\u00f3n y la eficiencia al tiempo que reduce la huella de carbono y el riesgo de los proyectos.<\/p>\n<p>El uso de robots submarinos residentes y teledirigidos es esencial para garantizar la rentabilidad de los proyectos, especialmente en lo que respecta a las operaciones y los requisitos de mantenimiento en curso.<\/p>\n<p>La reciente incorporaci\u00f3n de un <a href=\"https:\/\/www.oceaneering.com\/es\/usv-services\/\">DriX USV<\/a>\u00a0a nuestra flota introduce un multiplicador de fuerza como embarcaci\u00f3n nodriza de apoyo a los AUV o para operaciones de reconocimiento independientes.<\/p>\n<p><a href=\"https:\/\/www.oceaneering.com\/es\/rov-services\/next-generation-subsea-vehicles\/\">M\u00e1s informaci\u00f3n sobre nuestra pr\u00f3xima generaci\u00f3n de servicios rob\u00f3ticos submarinos<\/a><\/p>\n\t\t\t\t\t\t\tTecnolog\u00edas avanzadas de supervisi\u00f3n, inspecci\u00f3n y mantenimiento del estado de los activos\n\t\t\t\t<p><img loading=\"lazy\" decoding=\"async\" src=\"https:\/\/www.oceaneering.com\/wp-content\/uploads\/2024\/04\/Freedom-scanning-Mooring-1024x576.jpg\" alt=\"Freedom scanning a mooring chain.\" width=\"1024\" height=\"576\" \/><\/p>\n<h3>Tecnolog\u00edas avanzadas de supervisi\u00f3n, inspecci\u00f3n y mantenimiento del estado de los activos<\/h3>\n<p>Utilizamos soluciones digitales para recopilar y analizar datos, proporcionando informaci\u00f3n para la toma de decisiones informadas y en tiempo real, fundamentales para garantizar el tiempo de actividad de sus activos. La tecnolog\u00eda avanzada, que incluye fotogrametr\u00eda y metrolog\u00eda visual, complementa las capacidades de supervisi\u00f3n del estado, lo que permite a nuestros equipos utilizar an\u00e1lisis predictivos e ingenier\u00eda para apoyar un enfoque din\u00e1mico y proactivo de la planificaci\u00f3n del mantenimiento.<\/p>\n<p>Nuestra <a href=\"https:\/\/www.oceaneering.com\/es\/intervention-tooling-search\/?_intervention_tooling_categories=cleaning-and-coating-removal-tools\">herramientas de limpieza mec\u00e1nicas tradicionales y rob\u00f3ticas avanzadas<\/a> garantizar el mantenimiento adecuado de los cables y cabos de amarre utilizados para asegurar sus estructuras flotantes.<\/p>\n\t\t\t\t\t\t\tInspecci\u00f3n subacu\u00e1tica en lugar de dique seco (UWILD) e inspecci\u00f3n peri\u00f3dica especial (SPS)\n\t\t\t\t<p><img loading=\"lazy\" decoding=\"async\" src=\"https:\/\/www.oceaneering.com\/wp-content\/uploads\/2024\/04\/UWILD-3-1024x576.jpg\" alt=\"ROV cleaning mooring chain.\" width=\"1024\" height=\"576\" \/><\/p>\n<h3>Inspecci\u00f3n subacu\u00e1tica en lugar de dique seco (UWILD) e inspecci\u00f3n peri\u00f3dica especial (SPS)<\/h3>\n<p>Nuestras d\u00e9cadas de experiencia en la realizaci\u00f3n de las inspecciones de clase requeridas para las unidades m\u00f3viles en alta mar (MOU) nos dotan de la competencia y la tecnolog\u00eda necesarias para satisfacer sus requisitos, incluida la inspecci\u00f3n subacu\u00e1tica en lugar de la puesta en dique seco (UWILD) y la inspecci\u00f3n de l\u00edneas de amarre y limpieza de crecimientos marinos.<\/p>\n<p><a href=\"https:\/\/www.oceaneering.com\/es\/asset-integrity\/floating-systems-inspection-and-integrity-services\/special-periodic-surveys-and-uwild\/\">M\u00e1s informaci\u00f3n sobre UWILD y SPS<\/a><\/p>\n\t\t\t\t\t\t\tROV de clase de trabajo Isurus \n\t\t\t\t<p><img loading=\"lazy\" decoding=\"async\" src=\"https:\/\/www.oceaneering.com\/wp-content\/uploads\/2024\/05\/19JW-03913-1024x576.jpg\" alt=\"\" width=\"1024\" height=\"576\" \/><\/p>\n<h3>ROV de clase de trabajo Isurus<\/h3>\n<p>Isurus combina paquetes hidr\u00e1ulicos y de propulsi\u00f3n optimizados con un dise\u00f1o hidrodin\u00e1mico para satisfacer los requisitos de entornos dif\u00edciles. Este ROV construido para el viento supera las duras condiciones meteorol\u00f3gicas y del estado del mar para aumentar su ventana operativa, ayudando a sus proyectos a mantener el calendario y ajustarse al presupuesto.<\/p>\n<p>Isurus es ideal para trabajos como el tendido de cables, los recorridos de inspecci\u00f3n previos y posteriores al tendido, el enganche de cables mensajeros y el despliegue de orugas rob\u00f3ticas submarinas para inspecciones de soldaduras submarinas.<\/p>\n<p><a href=\"https:\/\/www.oceaneering.com\/es\/rov-services\/next-generation-subsea-vehicles\/isurus-rov\/\">M\u00e1s informaci\u00f3n sobre el ROV Isurus<\/a><\/p>\n\t\t\t\t\t\t\tFabricaci\u00f3n de cables din\u00e1micos entre redes \n\t\t\t\t<p><img loading=\"lazy\" decoding=\"async\" src=\"https:\/\/www.oceaneering.com\/wp-content\/uploads\/2024\/04\/19GR-0190-1024x682.jpg\" alt=\"The cable\/umbilicals facility in Rosyth, Scotland.\" width=\"1024\" height=\"682\" \/><\/p>\n<h3>Fabricaci\u00f3n de cables din\u00e1micos entre redes<\/h3>\n<p>Con una amplia experiencia en el suministro de cables din\u00e1micos para los proyectos m\u00e1s desafiantes del mundo, nuestras instalaciones globales de fabricaci\u00f3n est\u00e1n versadas en los requisitos de ingenier\u00eda, fabricaci\u00f3n, pruebas, instalaci\u00f3n y funcionamiento a los que se enfrentan los proyectos e\u00f3licos flotantes.<\/p>\n<p>La experiencia en el dise\u00f1o y la fabricaci\u00f3n de cables din\u00e1micos para aguas profundas garantiza que sus proyectos cuenten con componentes cr\u00edticos robustos y de alta calidad dise\u00f1ados para mitigar los fallos de los cables.<\/p>\n<p>Nuestra <a href=\"https:\/\/www.oceaneering.com\/es\/oceaneering-achieves-fit-4-offshore-renewables-f4or-granted-status-at-rosyth-scotland-cable-facility\/\">La planta de Rosyth obtiene la certificaci\u00f3n Fit4OffshoreRenewables<\/a>demostrando nuestro compromiso con la industria e\u00f3lica marina.<\/p>\n<p><a href=\"https:\/\/www.oceaneering.com\/es\/subsea-distribution-solutions\/products\/\">M\u00e1s informaci\u00f3n sobre nuestras capacidades de fabricaci\u00f3n de cables<\/a><\/p>\n\t\t\t\t\t\t\tAnclajes de succi\u00f3n\n\t\t\t\t<p><img loading=\"lazy\" decoding=\"async\" src=\"https:\/\/www.oceaneering.com\/wp-content\/uploads\/2024\/04\/22BW001-2-1024x576.jpg\" alt=\"Isurus ROV with suction anchor.\" width=\"1024\" height=\"576\" \/><\/p>\n<h3>Anclajes de succi\u00f3n<\/h3>\n<p>Nuestro anclaje de succi\u00f3n patentado con tapa reutilizable reduce el coste nivelado de la energ\u00eda gracias a un dise\u00f1o que permite recuperar y reutilizar la tapa del anclaje, lo que reduce tanto los costes como las emisiones.<\/p>\n<p>Los anclajes de succi\u00f3n mejoran la econom\u00eda del proyecto al tiempo que mantienen la funcionalidad requerida de un sistema de amarre, proporcionando ahorros que crecen exponencialmente tanto con el tama\u00f1o del yacimiento como con el di\u00e1metro de los anclajes necesarios.<\/p>\n\t\t\t\t\t\t\tIMRGE\u2122 Soluciones IMR integradas y personalizables\n\t\t\t\t<p><img loading=\"lazy\" decoding=\"async\" src=\"https:\/\/www.oceaneering.com\/wp-content\/uploads\/2024\/05\/Normand-Superior-2-1024x575.jpg\" alt=\"Norman Superior at sea.\" width=\"1024\" height=\"575\" \/><\/p>\n<h3>IMRGE\u2122 Soluciones IMR integradas y personalizables<\/h3>\n<p>IMRGE\u2122 utiliza un enfoque \u00e1gil y de tama\u00f1o adecuado, lo que aumenta la eficiencia al tiempo que permite una toma de decisiones informada. Nuestros avanzados sistemas de fotogrametr\u00eda y escaneado l\u00e1ser admiten modelos de comparaci\u00f3n y superposiciones precisas, lo que le permite optimizar la ejecuci\u00f3n y planificaci\u00f3n del mantenimiento de los componentes submarinos de sus activos flotantes, incluidas las l\u00edneas de amarre y las cadenas.<\/p>\n<p><a href=\"https:\/\/www.oceaneering.com\/es\/imrge-integrated-customizable-imr-solutions\/\">M\u00e1s informaci\u00f3n sobre IMRGE\u2122<\/a><\/p>\n\t\t\t\t\t\t\t\t\t<h3>Probado en campo. L\u00edder en el sector.<\/h3>\n\t\t\t\t\t\t\t\t\t<p>Lea nuestros estudios de casos que demuestran el \u00e9xito de los proyectos de energ\u00eda e\u00f3lica marina.<\/p>\n\t\t\t\t\t\t<a href=\"https:\/\/www.oceaneering.com\/es\/resources\/?_content_types=case-study\" target=\"_self\">\n\t\t\t\t\t\t\t\tVer todos los casos pr\u00e1cticos\t\t\t\t\t\t\t\n\t\t\t\t\t\t\t\t\t\t\t\t\t<\/a>\n\t\t\t\t\t\t<button>\n\t\t\t\t\t\t\tAnterior\n\t\t\t\t\t\t<\/button>\n\t\t\t\t\t\t<button>\n\t\t\t\t\t\t\tSiguiente\n\t\t\t\t\t\t<\/button>\n\t\t\t\t\t\t\t<a href=\"https:\/\/www.oceaneering.com\/es\/case-studies\/oceaneering-subsea-robotics-supports-floating-offshore-wind-installation-offshore-spain\/\">\n\t\t\t\t\t\t\t\t\t\t<img decoding=\"async\" src=\"https:\/\/www.oceaneering.com\/wp-content\/uploads\/2024\/01\/Wind-turbine-1.jpg\" alt=\"\"\/>\n\t\t\t\t\t\t\t\t\t\t<h3>Un equipo de ROV ayuda a instalar un aerogenerador flotante en Espa\u00f1a<\/h3>\n\t\t\t\t\t\t\t\t\t\t<h3>Un equipo de ROV ayuda a instalar un aerogenerador flotante en Espa\u00f1a<\/h3>\n\t\t\t\t\t\t\t\t\t\t\t\t\t\t\t\t\t\t\t\t\t<p>Qverview En agosto de 2023, una tripulaci\u00f3n de Oceaneering y el veh\u00edculo operado por control remoto (ROV) Magnum\u00ae...<\/p>\n\t\t\t\t\t\t\t\t\t\t\tM\u00e1s informaci\u00f3n\n\t\t\t\t\t\t\t<\/a>\n\t\t\t\t\t\t\t<a href=\"https:\/\/www.oceaneering.com\/es\/case-studies\/oceaneering-subsea-robotics-supports-installation-project-at-the-worlds-largest-offshore-floating-wind-project\/\">\n\t\t\t\t\t\t\t\t\t\t<img decoding=\"async\" src=\"https:\/\/www.oceaneering.com\/wp-content\/uploads\/2023\/11\/Windmills-offshore-1.jpg\" alt=\"\"\/>\n\t\t\t\t\t\t\t\t\t\t<h3>\u00c9xito de la instalaci\u00f3n del cable din\u00e1mico entre torres en el mayor proyecto e\u00f3lico flotante marino del mundo<\/h3>\n\t\t\t\t\t\t\t\t\t\t<h3>\u00c9xito de la instalaci\u00f3n del cable din\u00e1mico entre torres en el mayor proyecto e\u00f3lico flotante marino del mundo<\/h3>\n\t\t\t\t\t\t\t\t\t\t\t\t\t\t\t\t\t\t\t\t\t<p>Resumen En el segundo trimestre de 2023, un equipo de proyecto de Oceaneering y veh\u00edculos teledirigidos (ROV)...<\/p>\n\t\t\t\t\t\t\t\t\t\t\tM\u00e1s informaci\u00f3n\n\t\t\t\t\t\t\t<\/a>\n\t\t\t\t\t\t\t<a href=\"https:\/\/www.oceaneering.com\/es\/case-studies\/oceaneering-rovs-support-installation-of-offshore-floating-wind-turbines-off-the-french-coast\/\">\n\t\t\t\t\t\t\t\t\t\t<img decoding=\"async\" src=\"https:\/\/www.oceaneering.com\/wp-content\/uploads\/2023\/11\/Wind-turbines-edited.jpg\" alt=\"\"\/>\n\t\t\t\t\t\t\t\t\t\t<h3>ROVs de Oceaneering apoyan la instalaci\u00f3n de aerogeneradores flotantes en Francia<\/h3>\n\t\t\t\t\t\t\t\t\t\t<h3>ROVs de Oceaneering apoyan la instalaci\u00f3n de aerogeneradores flotantes en Francia<\/h3>\n\t\t\t\t\t\t\t\t\t\t\t\t\t\t\t\t\t\t\t\t\t<p>Resumen En octubre de 2023, los veh\u00edculos teledirigidos (ROV) de Oceaneering a bordo del buque Normand Installer finalizaron...<\/p>\n\t\t\t\t\t\t\t\t\t\t\tM\u00e1s informaci\u00f3n\n\t\t\t\t\t\t\t<\/a>\n<h1>\n\t\tContacte con nosotros\n\t<\/h1>\n<h2>\n\t\tNuestro equipo de expertos est\u00e1 listo para ayudarle a empezar.\n\t<\/h2>\n\t<p>Oceaneering ofrece los mejores productos y soluciones de su clase, respaldados por una calidad, fiabilidad y asistencia global inigualables. Rellene el formulario de consulta para iniciar una conversaci\u00f3n hoy mismo.<\/p>","protected":false},"excerpt":{"rendered":"<p>Discutir un proyecto Soluciones de energ\u00eda renovable E\u00f3lica marina flotante Innovaci\u00f3n con soluciones probadas en campo para optimizar CAPEX y OPEX. Aprovechar el poder de la energ\u00eda e\u00f3lica marina flotante Nuestro enfoque de los proyectos de energ\u00eda e\u00f3lica marina flotante integra tecnolog\u00edas de vanguardia y servicios de confianza, perfeccionados a trav\u00e9s de una amplia experiencia en condiciones marinas dif\u00edciles, incluidas las zonas de alta corriente. Damos prioridad a la seguridad sin comprometer la rentabilidad ... <a title=\"Energ\u00eda e\u00f3lica marina flotante\" class=\"read-more\" href=\"https:\/\/www.oceaneering.com\/es\/renewable-energy-solutions\/floating-offshore-wind\/\" aria-label=\"Leer m\u00e1s sobre E\u00f3lica marina flotante\">Seguir leyendo<\/a><\/p>","protected":false},"author":25,"featured_media":0,"parent":61160,"menu_order":0,"comment_status":"closed","ping_status":"closed","template":"","meta":{"_acf_changed":false,"footnotes":"","_links_to":"","_links_to_target":""},"product_category":[1159],"search_tags":[1993,1398],"class_list":["post-71671","page","type-page","status-publish","product_category-renewables","search_tags-floating-offshore-wind","search_tags-renewable-energy"],"acf":[],"aioseo_notices":[],"_links":{"self":[{"href":"https:\/\/www.oceaneering.com\/es\/wp-json\/wp\/v2\/pages\/71671","targetHints":{"allow":["GET"]}}],"collection":[{"href":"https:\/\/www.oceaneering.com\/es\/wp-json\/wp\/v2\/pages"}],"about":[{"href":"https:\/\/www.oceaneering.com\/es\/wp-json\/wp\/v2\/types\/page"}],"author":[{"embeddable":true,"href":"https:\/\/www.oceaneering.com\/es\/wp-json\/wp\/v2\/users\/25"}],"replies":[{"embeddable":true,"href":"https:\/\/www.oceaneering.com\/es\/wp-json\/wp\/v2\/comments?post=71671"}],"version-history":[{"count":0,"href":"https:\/\/www.oceaneering.com\/es\/wp-json\/wp\/v2\/pages\/71671\/revisions"}],"up":[{"embeddable":true,"href":"https:\/\/www.oceaneering.com\/es\/wp-json\/wp\/v2\/pages\/61160"}],"wp:attachment":[{"href":"https:\/\/www.oceaneering.com\/es\/wp-json\/wp\/v2\/media?parent=71671"}],"wp:term":[{"taxonomy":"product_category","embeddable":true,"href":"https:\/\/www.oceaneering.com\/es\/wp-json\/wp\/v2\/product_category?post=71671"},{"taxonomy":"search_tags","embeddable":true,"href":"https:\/\/www.oceaneering.com\/es\/wp-json\/wp\/v2\/search_tags?post=71671"}],"curies":[{"name":"wp","href":"https:\/\/api.w.org\/{rel}","templated":true}]}}