{"id":689,"date":"2023-03-03T10:09:16","date_gmt":"2023-03-03T15:09:16","guid":{"rendered":"http:\/\/framework.local.loud\/?page_id=689"},"modified":"2025-05-14T08:48:43","modified_gmt":"2025-05-14T13:48:43","slug":"about","status":"publish","type":"page","link":"https:\/\/www.oceaneering.com\/es\/about\/","title":{"rendered":"Qui\u00e9nes somos"},"content":{"rendered":"<a href=\"https:\/\/www.oceaneering.com\/es\/about\/#contact\" target=\"_self\">\n\t\t\t\t\t\t\tContacte con nosotros\n\t\t\t\t\t<\/a>\n<h1>\n\t\tAcerca de Oceaneering\n\t<\/h1>\n\t<p>Para resolver sus retos m\u00e1s dif\u00edciles, hacemos las cosas de forma diferente, creativa y m\u00e1s inteligente. Como su socio de confianza, nuestra incomparable experiencia y nuestra cartera de tecnolog\u00edas y soluciones realmente innovadoras nos dan la flexibilidad necesaria para adaptarnos y evolucionar, independientemente de las condiciones del mercado.<\/p>\n\n\t\tProporcionamos servicios y productos de ingenier\u00eda principalmente a la industria de la energ\u00eda en alta mar. En la actualidad, tambi\u00e9n utilizamos nuestra experiencia en tecnolog\u00eda aplicada para dar servicio a las industrias de defensa, manipulaci\u00f3n de materiales, aeroespacial, cient\u00edfica y de energ\u00edas renovables.\n\t\n\t\t\t\t\t\t<img decoding=\"async\" src=\"https:\/\/oceaneering.com\/wp-content\/uploads\/2023\/11\/ROV-700x644-1.jpeg\" alt=\"\"\/>\n\t\t\t\t\t\t<h3>Veh\u00edculos teledirigidos<\/h3>\n\t\t\t\t\t\t<h3>Veh\u00edculos teledirigidos<\/h3>\n\t\t\t\t\t\t<p>La mejor flota de ROV y capacidades de pilotaje del mundo.<\/p>\n\t\t\t\t\t\t<img decoding=\"async\" src=\"https:\/\/oceaneering.com\/wp-content\/uploads\/2023\/11\/13EW076-about-700x644-1.jpeg\" alt=\"\"\/>\n\t\t\t\t\t\t<h3>Hardware submarino<\/h3>\n\t\t\t\t\t\t<h3>Hardware submarino<\/h3>\n\t\t\t\t\t\t<p>Fiabilidad y personalizaci\u00f3n inigualables de las conexiones submarinas.<\/p>\n\t\t\t\t\t\t<img decoding=\"async\" src=\"https:\/\/oceaneering.com\/wp-content\/uploads\/2023\/11\/Project-Mgmnt-700x644-1.jpeg\" alt=\"\"\/>\n\t\t\t\t\t\t<h3>Gesti\u00f3n de proyectos<\/h3>\n\t\t\t\t\t\t<h3>Gesti\u00f3n de proyectos<\/h3>\n\t\t\t\t\t\t<p>D\u00e9cadas de experiencia en algunos de los proyectos m\u00e1s complejos del sector.<\/p>\n<h2>\n\t\tCompromiso con el cliente\n\t<\/h2>\n\n\t\tS\u00f3lo trabajando juntos podremos remodelar de forma segura y fiable el futuro de las industrias a las que servimos.\n\t\n<h2>\n\t\tResponsabilidad social de las empresas\n\t<\/h2>\n\t<p>En Oceaneering, <a href=\"https:\/\/www.oceaneering.com\/es\/sustainability\/\">Responsabilidad social de las empresas<\/a> se basa en nuestros valores fundamentales. Creemos en una gesti\u00f3n de nuestro negocio que promueva la seguridad y la salud, el medio ambiente y una \u00e9tica s\u00f3lida, al tiempo que apoyamos a las comunidades en las que vivimos y trabajamos.<\/p>\n<h2>\n\t\tMisi\u00f3n, visi\u00f3n y valores de Oceaneering\n\t<\/h2>\n\t<p>Nuestra misi\u00f3n es resolver lo irresoluble. Prosperamos creando soluciones t\u00e9cnicamente creativas que cambian el sector para los retos operativos m\u00e1s complejos bajo el agua, en tierra y en el espacio. Nuestros cinco valores fundamentales establecen una cultura com\u00fan y demuestran lo que es m\u00e1s importante para nosotros como empresa.<\/p>\n\t\t\t<a href=\"https:\/\/www.oceaneering.com\/es\/about\/mission-vision-and-values\/\" target=\"_self\">\n\t\t\t\t\t\t\tM\u00e1s informaci\u00f3n\n\t\t\t\t\t<\/a>\n\t\t\t\t<img decoding=\"async\" src=\"https:\/\/oceaneering.com\/wp-content\/uploads\/2023\/11\/oceaneering_vision_badge-2-300x300.png\" alt=\"oceaneering_vision_badge-2\" itemprop=\"image\" title=\"oceaneering_vision_badge-2\" onerror=\"this.style.display='none'\"  \/>\n<h2>\n\t\tLa historia de Oceaneering\n\t<\/h2>\n\tDe peque\u00f1a empresa de buceo a l\u00edder mundial<br \/>\nproveedor de productos y servicios de ingenier\u00eda.\n\t<p>En 1964, Mike Hughes y Johnny Johnson crearon una empresa de buceo en el Golfo de M\u00e9xico llamada World Wide Divers. La empresa creci\u00f3 en respuesta a la creciente demanda de sus servicios y en 1969 se fusion\u00f3 con otras dos empresas de buceo para formar Oceaneering International, Inc.<\/p>\n<p>Desde sus inicios, la empresa ha pasado de ser una peque\u00f1a empresa regional de buceo a convertirse en un proveedor mundial de productos y servicios de ingenier\u00eda.<\/p>\n\t<p>En la actualidad, desarrollamos productos y servicios para su uso durante todo el ciclo de vida de un yacimiento petrol\u00edfero en alta mar, desde la perforaci\u00f3n hasta el desmantelamiento. Disponemos de la primera flota mundial de ROVs de trabajo. Adem\u00e1s, somos l\u00edderes en servicios de mantenimiento de yacimientos petrol\u00edferos marinos, umbilicales, hardware submarino y herramientas.<\/p>\n<p>Tambi\u00e9n servimos a las industrias aeroespacial, de defensa y de parques tem\u00e1ticos.<\/p>\n<h1>\n\t\tContacte con nosotros\n\t<\/h1>\n<h2>\n\t\tNuestro equipo de expertos est\u00e1 listo para ayudarle a empezar.\n\t<\/h2>\n\t<p>Oceaneering ofrece los mejores productos y soluciones de su clase, respaldados por una calidad, fiabilidad y asistencia global inigualables. Rellene el formulario de consulta para iniciar una conversaci\u00f3n hoy mismo.<\/p>","protected":false},"excerpt":{"rendered":"<p>Contacte con nosotros Acerca de Oceaneering Para resolver sus retos m\u00e1s dif\u00edciles, hacemos las cosas de forma diferente, creativa y m\u00e1s inteligente. Como su socio de confianza, nuestra incomparable experiencia y nuestra cartera de tecnolog\u00edas y soluciones verdaderamente innovadoras nos dan la flexibilidad necesaria para adaptarnos y evolucionar, independientemente de las condiciones del mercado. Proporcionamos servicios y productos de ingenier\u00eda principalmente a la industria energ\u00e9tica offshore. ... <a title=\"Qui\u00e9nes somos\" class=\"read-more\" href=\"https:\/\/www.oceaneering.com\/es\/about\/\" aria-label=\"Leer m\u00e1s sobre Qui\u00e9nes somos\">Seguir leyendo<\/a><\/p>","protected":false},"author":7,"featured_media":0,"parent":0,"menu_order":0,"comment_status":"closed","ping_status":"closed","template":"","meta":{"_acf_changed":false,"footnotes":"","_links_to":"","_links_to_target":""},"product_category":[],"search_tags":[1865],"class_list":["post-689","page","type-page","status-publish","search_tags-about"],"acf":[],"aioseo_notices":[],"_links":{"self":[{"href":"https:\/\/www.oceaneering.com\/es\/wp-json\/wp\/v2\/pages\/689","targetHints":{"allow":["GET"]}}],"collection":[{"href":"https:\/\/www.oceaneering.com\/es\/wp-json\/wp\/v2\/pages"}],"about":[{"href":"https:\/\/www.oceaneering.com\/es\/wp-json\/wp\/v2\/types\/page"}],"author":[{"embeddable":true,"href":"https:\/\/www.oceaneering.com\/es\/wp-json\/wp\/v2\/users\/7"}],"replies":[{"embeddable":true,"href":"https:\/\/www.oceaneering.com\/es\/wp-json\/wp\/v2\/comments?post=689"}],"version-history":[{"count":0,"href":"https:\/\/www.oceaneering.com\/es\/wp-json\/wp\/v2\/pages\/689\/revisions"}],"wp:attachment":[{"href":"https:\/\/www.oceaneering.com\/es\/wp-json\/wp\/v2\/media?parent=689"}],"wp:term":[{"taxonomy":"product_category","embeddable":true,"href":"https:\/\/www.oceaneering.com\/es\/wp-json\/wp\/v2\/product_category?post=689"},{"taxonomy":"search_tags","embeddable":true,"href":"https:\/\/www.oceaneering.com\/es\/wp-json\/wp\/v2\/search_tags?post=689"}],"curies":[{"name":"wp","href":"https:\/\/api.w.org\/{rel}","templated":true}]}}