{"id":64967,"date":"2023-11-14T08:44:42","date_gmt":"2023-11-14T13:44:42","guid":{"rendered":"https:\/\/oceaneering.com\/?page_id=64967"},"modified":"2026-03-02T09:12:15","modified_gmt":"2026-03-02T15:12:15","slug":"pipeline-repair","status":"publish","type":"page","link":"https:\/\/www.oceaneering.com\/es\/pipeline-repair\/","title":{"rendered":"Reparaci\u00f3n de tuber\u00edas"},"content":{"rendered":"<a href=\"\/es\/pipeline-repair\/#contact\" target=\"_self\">\n\t\t\t\t\t\t\tDebatir un proyecto\n\t\t\t\t\t<\/a>\n<h1>\n\t\tReparaci\u00f3n de tuber\u00edas\n\t<\/h1>\n\t<p>D\u00e9cadas de experiencia inigualable y tecnolog\u00edas de reparaci\u00f3n de tuber\u00edas innovadoras y probadas sobre el terreno nos permiten responder r\u00e1pidamente a sus preocupaciones. Aplicamos soluciones seguras y fiables que minimizan el impacto medioambiental y restablecen la producci\u00f3n con rapidez.<\/p>\n<h2>\n\t\tMantenga su producci\u00f3n en l\u00ednea\n\t<\/h2>\n<h2>\n\t\tInspecci\u00f3n y reparaci\u00f3n de tuber\u00edas submarinas\n\t<\/h2>\n\t<p>Evite los graves impactos econ\u00f3micos y medioambientales asociados a las aver\u00edas en tuber\u00edas submarinas y a las interrupciones repentinas de la producci\u00f3n. Cubrimos una amplia gama de tama\u00f1os, presiones nominales y profundidades de agua, realizamos inspecciones submarinas, identificamos los modos de fallo, preparamos los activos da\u00f1ados y llevamos a cabo reparaciones que permiten reanudar r\u00e1pidamente la producci\u00f3n. Cuando se trata de crear la mejor soluci\u00f3n de reparaci\u00f3n de tuber\u00edas para usted, nos comprometemos a <strong>Conectar lo que se necesita con lo que viene\u2122.<\/strong>.<\/p>\n\t\t\t<img decoding=\"async\" src=\"https:\/\/oceaneering.com\/wp-content\/uploads\/2023\/11\/website-thumbnail-201952-scaled.jpeg\" title=\"website-thumbnail-201952\" alt=\"\" \/>\t\t\t\t\t\t\t\n\t\t\t\t\tReproducir v\u00eddeo\n\t\t<!-- Comment to fix spacing issue\n\t-->\n\t\tHemos revisado y reparado m\u00e1s de0\n\t<!-- Comment to fix spacing issue\n\t-->\t\n\t<p>Tuber\u00edas<\/p>\n<h2>\n\t\tIdentificaci\u00f3n del modo de fallo\n\t<\/h2>\n\t<p>Desplegamos un <a href=\"https:\/\/www.oceaneering.com\/es\/rov-services\/\">veh\u00edculo teledirigido (ROV)<\/a> o <a href=\"https:\/\/www.oceaneering.com\/es\/survey-and-mapping\/geoscience-and-auv-surveys\/\">veh\u00edculo submarino aut\u00f3nomo (AUV)<\/a> para inspeccionar visualmente las tuber\u00edas e identificar anomal\u00edas. Trabajamos con sus datos de pigging para asegurarnos de ofrecerle la soluci\u00f3n m\u00e1s fiable y rentable. Nuestros ingenieros altamente cualificados determinan el nivel de da\u00f1os, desde defectos menores hasta fallos catastr\u00f3ficos, y desarrollan un plan de reparaci\u00f3n personalizado.<\/p>\n<h3>\n\t\tServicios ROV\n\t<\/h3>\n\t\t\t<a href=\"https:\/\/oceaneering.canto.com\/download\/document\/m8lmrpktql1ut151i4d61fkp72\/original.pdf\" target=\"_blank\" rel=\"noopener\">\n\t\t\t\t\t\t\tMillennium\u00ae Plus\n\t\t\t<\/a>\n\t\t\t<a href=\"https:\/\/oceaneering.canto.com\/download\/document\/6a76i8d2r56qr67pl4j8s8tr64\/original.pdf\" target=\"_blank\" rel=\"noopener\">\n\t\t\t\t\t\t\tMagnum\u00ae Plus\n\t\t\t<\/a>\n\t\t\t<a href=\"https:\/\/oceaneering.canto.com\/download\/document\/s378t80gth0nlc78uio8k5to3q\/original.pdf\" target=\"_blank\" rel=\"noopener\">\n\t\t\t\t\t\t\tNEXXUS \n\t\t\t<\/a>\n<h3>\n\t\tInspecci\u00f3n de tuber\u00edas submarinas\n\t<\/h3>\n\t\t\t<a href=\"https:\/\/oceaneering.canto.com\/download\/document\/niernsgve16a3emdtgrsgapu7l\/original.pdf\" target=\"_blank\" rel=\"noopener\">\n\t\t\t\t\t\t\tInspecci\u00f3n de tuber\u00edas con AUV en aguas profundas \n\t\t\t<\/a>\n<h2>\n\t\tPreparaci\u00f3n de tuber\u00edas y acceso\n\t<\/h2>\n\t<p>Nuestra <a href=\"https:\/\/www.oceaneering.com\/es\/decommissioning\/dredging\/\">tecnolog\u00edas de dragado<\/a> retirar los escombros y dejar al descubierto la tuber\u00eda submarina da\u00f1ada. Utilizamos nuestra amplia experiencia en la eliminaci\u00f3n de revestimientos, incluidos los de hormig\u00f3n y epoxi unido por fusi\u00f3n (FBE), para garantizar el acceso directo al material de base de la tuber\u00eda. La exposici\u00f3n de la tuber\u00eda y la eliminaci\u00f3n del revestimiento facilitan la inspecci\u00f3n visual y aumentan la eficacia de la inspecci\u00f3n submarina.<\/p>\n<h3>\n\t\tEliminaci\u00f3n del revestimiento\n\t<\/h3>\n\t\t\t<a href=\"https:\/\/oceaneering.canto.com\/download\/document\/hka39719mh677dfvoonqdr7l0t\/original.pdf\" target=\"_blank\" rel=\"noopener\">\n\t\t\t\t\t\t\tHerramientas de eliminaci\u00f3n del revestimiento protector\n\t\t\t<\/a>\n\t\t\t<a href=\"https:\/\/oceaneering.canto.com\/download\/document\/hhgt3e8h1922fcs7t0epkgbc4n\/original.pdf\" target=\"_blank\" rel=\"noopener\">\n\t\t\t\t\t\t\tHerramienta de eliminaci\u00f3n de revestimientos y cordones de soldadura\n\t\t\t<\/a>\n<h3>\n\t\tDragado submarino\n\t<\/h3>\n\t\t\t<a href=\"https:\/\/oceaneering.canto.com\/download\/document\/p4oslspknd5b1doo3goaoojj69\/original.pdf\" target=\"_blank\" rel=\"noopener\">\n\t\t\t\t\t\t\tDraga el\u00e9ctrica XL de 12 pulgadas\n\t\t\t<\/a>\n<h2>\n\t\tInspecci\u00f3n avanzada de tuber\u00edas submarinas\n\t<\/h2>\n\t<p>Utilizamos herramientas avanzadas de detecci\u00f3n y evaluaci\u00f3n de la integridad de las tuber\u00edas submarinas. Combinamos nuestra experiencia submarina y en integridad de activos para examinar kil\u00f3metros de tuber\u00edas al d\u00eda y localizar anomal\u00edas. Utilizamos m\u00e9todos detallados y <a href=\"https:\/\/www.oceaneering.com\/es\/asset-integrity\/in-service-inspection\/subsea-inspection\/\">tecnolog\u00eda de inspecci\u00f3n submarina<\/a> para definir las caracter\u00edsticas de las anomal\u00edas, tanto internas como externas a la tuber\u00eda.<\/p>\n<h3>\n\t\tHerramientas de inspecci\u00f3n de tuber\u00edas submarinas\n\t<\/h3>\n\t\t\t<a href=\"https:\/\/oceaneering.canto.com\/download\/document\/cvv245iaoh46pb3molqpmj185b\/original.pdf\" target=\"_blank\" rel=\"noopener\">\n\t\t\t\t\t\t\tSistema de escaneado MagIQ SZ200\n\t\t\t<\/a>\n\t\t\t<a href=\"https:\/\/oceaneering.canto.com\/download\/document\/nldfsitovd3d96vjdsodiie53q\/original.pdf\" target=\"_blank\" rel=\"noopener\">\n\t\t\t\t\t\t\tNeptuno\n\t\t\t<\/a>\n\t\t\t<a href=\"https:\/\/oceaneering.canto.com\/download\/document\/76j74lipgt2lvbo3c7ged26i2g\/original.pdf\" target=\"_blank\" rel=\"noopener\">\n\t\t\t\t\t\t\tRadiograf\u00eda digital submarina\n\t\t\t<\/a>\n\t\t\t<a href=\"https:\/\/oceaneering.canto.com\/download\/document\/f01nln224t3m56rpm2qhs76i2t\/original.pdf\" target=\"_blank\" rel=\"noopener\">\n\t\t\t\t\t\t\tSistema Trident\n\t\t\t<\/a>\n<h2>\n\t\tConexiones para reparaci\u00f3n de tuber\u00edas submarinas\n\t<\/h2>\n\t<p>Nuestro cat\u00e1logo de <a href=\"https:\/\/www.oceaneering.com\/es\/pipeline-repair-systems\/\">soluciones de reparaci\u00f3n de tuber\u00edas<\/a> ha evolucionado para satisfacer las exigencias de las aplicaciones m\u00e1s exigentes y de los entornos m\u00e1s hostiles en aguas profundas.<\/p>\n<h3>\n\t\tEquipo para la reparaci\u00f3n de tuber\u00edas submarinas\n\t<\/h3>\n\t\t\t<a href=\"https:\/\/oceaneering.canto.com\/download\/document\/vbo1iu2f0l51l9iftrpq9irm47\/original.pdf\" target=\"_blank\" rel=\"noopener\">\n\t\t\t\t\t\t\tBrida inteligente Plus\n\t\t\t<\/a>\n\t\t\t<a href=\"https:\/\/oceaneering.canto.com\/download\/document\/7ocrfr3jdt4d71adr261n8793q\/original.pdf\" target=\"_blank\" rel=\"noopener\">\n\t\t\t\t\t\t\tPinza inteligente Diverless \n\t\t\t<\/a>\n\t\t\t<a href=\"https:\/\/oceaneering.canto.com\/download\/document\/2flhlaqpbh6pdc4hi9mtgk2s63\/original.pdf\" target=\"_blank\" rel=\"noopener\">\n\t\t\t\t\t\t\tGrifo inteligente\n\t\t\t<\/a>\n\t\t\t<a href=\"https:\/\/oceaneering.canto.com\/download\/document\/7via1227mt2lf7uqef7gcib31f\/original.pdf\" target=\"_blank\" rel=\"noopener\">\n\t\t\t\t\t\t\tAbrazadera inteligente asistida por buzo\n\t\t\t<\/a>\n\t\t\t<a href=\"https:\/\/oceaneering.canto.com\/download\/document\/7hirf70vvp7at7cfactdc7mf2r\/original.pdf\" target=\"_blank\" rel=\"noopener\">\n\t\t\t\t\t\t\tConector hidr\u00e1ulico de doble agarre y cierre (HDGSC)\n\t\t\t<\/a>\n\t<p>Ofrecemos soluciones de reparaci\u00f3n de tuber\u00edas rentables y llave en mano para garantizar un flujo seguro y puntual y el m\u00e1ximo tiempo de actividad. Somos capaces de desplegar e instalar r\u00e1pidamente cualquiera de nuestras abrazaderas, bridas y grifos patentados desde nuestra planta de <a href=\"https:\/\/www.oceaneering.com\/es\/subsea-projects\/vessel-fleet\/\">buques l\u00edderes del sector<\/a>lo que agiliza los plazos de entrega.<\/p>\n\t\t\t\t\t\t\t\t\t<h3>Probado en campo. L\u00edder en el sector.<\/h3>\n\t\t\t\t\t\t\t\t\t<p>Lea nuestros casos pr\u00e1cticos sobre proyectos de reparaci\u00f3n de tuber\u00edas. <\/p>\n\t\t\t\t\t\t<a href=\"https:\/\/www.oceaneering.com\/es\/resources\/?_content_types=case-study\" target=\"_self\">\n\t\t\t\t\t\t\t\tVer todos los casos pr\u00e1cticos\t\t\t\t\t\t\t\n\t\t\t\t\t\t\t\t\t\t\t\t\t<\/a>\n\t\t\t\t\t\t<button>\n\t\t\t\t\t\t\tAnterior\n\t\t\t\t\t\t<\/button>\n\t\t\t\t\t\t<button>\n\t\t\t\t\t\t\tSiguiente\n\t\t\t\t\t\t<\/button>\n\t\t\t\t\t\t\t<a href=\"https:\/\/www.oceaneering.com\/es\/case-studies\/oceaneering-completes-water-injection-pipeline-repair-at-field-offshore-angola\/\">\n\t\t\t\t\t\t\t\t\t\t<img decoding=\"async\" src=\"https:\/\/www.oceaneering.com\/wp-content\/uploads\/2021\/10\/351ab494-e6fb-44ce-bca8-681f69291520-2.jpg\" alt=\"Subsea pipeline coating removal tool strapped down on deck of an offshore vessel.\"\/>\n\t\t\t\t\t\t\t\t\t\t<h3>Oceaneering finaliza la reparaci\u00f3n de una tuber\u00eda de inyecci\u00f3n de agua en un yacimiento marino de Angola<\/h3>\n\t\t\t\t\t\t\t\t\t\t<h3>Oceaneering finaliza la reparaci\u00f3n de una tuber\u00eda de inyecci\u00f3n de agua en un yacimiento marino de Angola<\/h3>\n\t\t\t\t\t\t\t\t\t\t\tM\u00e1s informaci\u00f3n\n\t\t\t\t\t\t\t<\/a>\n\t\t\t\t\t\t\t<a href=\"https:\/\/www.oceaneering.com\/es\/case-studies\/oceaneering-enables-safe-continued-production-by-mitigating-the-risk-of-fatigue-on-a-thermowell\/\">\n\t\t\t\t\t\t\t\t\t\t<img decoding=\"async\" src=\"https:\/\/www.oceaneering.com\/wp-content\/uploads\/2020\/01\/pressure-systems.jpg\" alt=\"\"\/>\n\t\t\t\t\t\t\t\t\t\t<h3>Oceaneering reduce el riesgo de fatiga en un termopozo para garantizar la seguridad y la continuidad de la producci\u00f3n<\/h3>\n\t\t\t\t\t\t\t\t\t\t<h3>Oceaneering reduce el riesgo de fatiga en un termopozo para garantizar la seguridad y la continuidad de la producci\u00f3n<\/h3>\n\t\t\t\t\t\t\t\t\t\t\tM\u00e1s informaci\u00f3n\n\t\t\t\t\t\t\t<\/a>\n\t\t\t\t\t\t\t<a href=\"https:\/\/www.oceaneering.com\/es\/case-studies\/oceaneering-survey-solution-enables-client-to-assess-deepwater-pipeline-integrity\/\">\n\t\t\t\t\t\t\t\t\t\t<img decoding=\"async\" src=\"https:\/\/www.oceaneering.com\/wp-content\/uploads\/2019\/12\/a6ebfdc6018d45d18b38680d2556f875-1.webp\" alt=\"Data capture image of a deepwater subsea pipeline survey operation in 2000 meter water depths showing a yellow pipeline on multicolored background.\"\/>\n\t\t\t\t\t\t\t\t\t\t<h3>Una soluci\u00f3n de Oceaneering permite a un cliente evaluar la integridad de un oleoducto en aguas profundas<\/h3>\n\t\t\t\t\t\t\t\t\t\t<h3>Una soluci\u00f3n de Oceaneering permite a un cliente evaluar la integridad de un oleoducto en aguas profundas<\/h3>\n\t\t\t\t\t\t\t\t\t\t\tM\u00e1s informaci\u00f3n\n\t\t\t\t\t\t\t<\/a>\n\t\t\t\t\t\t\t<a href=\"https:\/\/www.oceaneering.com\/es\/case-studies\/oceaneering-repairs-subsea-leak-at-gulf-of-mexico-field\/\">\n\t\t\t\t\t\t\t\t\t\t<img decoding=\"async\" src=\"https:\/\/www.oceaneering.com\/wp-content\/uploads\/2019\/01\/2f5b75d3b8ed4f9c970aee5751c1efa0-1.webp\" alt=\"Oceaneering hydrate remediation spread on deck of a vessel used to complete offshore intervention scopes.\"\/>\n\t\t\t\t\t\t\t\t\t\t<h3>Oceaneering repara una fuga submarina en un yacimiento del Golfo de M\u00e9xico<\/h3>\n\t\t\t\t\t\t\t\t\t\t<h3>Oceaneering repara una fuga submarina en un yacimiento del Golfo de M\u00e9xico<\/h3>\n\t\t\t\t\t\t\t\t\t\t\tM\u00e1s informaci\u00f3n\n\t\t\t\t\t\t\t<\/a>\n<h2>\n\t\tContacte con nosotros\n\t<\/h2>\n<h3>\n\t\tNuestro equipo de expertos est\u00e1 listo para ayudarle a empezar.\n\t<\/h3>\n\t<p>Oceaneering ofrece los mejores productos y soluciones de su clase, respaldados por una calidad, fiabilidad y asistencia global inigualables. Rellene el formulario de consulta para iniciar una conversaci\u00f3n hoy mismo.<\/p>","protected":false},"excerpt":{"rendered":"<p>Discuss a Project Pipeline Repair Decades of unmatched experience and innovative, field-proven pipeline repair technologies enable us to rapidly respond to your concerns. We implement safe, reliable solutions that minimize environmental impact and restore production quickly. Keep Your Production Online Subsea Pipeline Inspection and Repair Avoid severe economic and environmental impacts associated with subsea pipeline &#8230; <a title=\"Reparaci\u00f3n de tuber\u00edas\" class=\"read-more\" href=\"https:\/\/www.oceaneering.com\/es\/pipeline-repair\/\" aria-label=\"Leer m\u00e1s sobre Reparaci\u00f3n de tuber\u00edas\">Seguir leyendo<\/a><\/p>","protected":false},"author":13,"featured_media":0,"parent":0,"menu_order":0,"comment_status":"closed","ping_status":"closed","template":"","meta":{"_acf_changed":false,"footnotes":"","_links_to":"","_links_to_target":""},"product_category":[1209],"search_tags":[1786,1788],"class_list":["post-64967","page","type-page","status-publish","product_category-pipeline-repair","search_tags-pipeline","search_tags-repair"],"acf":[],"aioseo_notices":[],"_links":{"self":[{"href":"https:\/\/www.oceaneering.com\/es\/wp-json\/wp\/v2\/pages\/64967","targetHints":{"allow":["GET"]}}],"collection":[{"href":"https:\/\/www.oceaneering.com\/es\/wp-json\/wp\/v2\/pages"}],"about":[{"href":"https:\/\/www.oceaneering.com\/es\/wp-json\/wp\/v2\/types\/page"}],"author":[{"embeddable":true,"href":"https:\/\/www.oceaneering.com\/es\/wp-json\/wp\/v2\/users\/13"}],"replies":[{"embeddable":true,"href":"https:\/\/www.oceaneering.com\/es\/wp-json\/wp\/v2\/comments?post=64967"}],"version-history":[{"count":8,"href":"https:\/\/www.oceaneering.com\/es\/wp-json\/wp\/v2\/pages\/64967\/revisions"}],"predecessor-version":[{"id":81263,"href":"https:\/\/www.oceaneering.com\/es\/wp-json\/wp\/v2\/pages\/64967\/revisions\/81263"}],"wp:attachment":[{"href":"https:\/\/www.oceaneering.com\/es\/wp-json\/wp\/v2\/media?parent=64967"}],"wp:term":[{"taxonomy":"product_category","embeddable":true,"href":"https:\/\/www.oceaneering.com\/es\/wp-json\/wp\/v2\/product_category?post=64967"},{"taxonomy":"search_tags","embeddable":true,"href":"https:\/\/www.oceaneering.com\/es\/wp-json\/wp\/v2\/search_tags?post=64967"}],"curies":[{"name":"wp","href":"https:\/\/api.w.org\/{rel}","templated":true}]}}