{"id":62465,"date":"2023-11-13T06:08:19","date_gmt":"2023-11-13T11:08:19","guid":{"rendered":"https:\/\/oceaneering.com\/?page_id=62465"},"modified":"2024-09-11T04:17:28","modified_gmt":"2024-09-11T09:17:28","slug":"flowline-connection-systems","status":"publish","type":"page","link":"https:\/\/www.oceaneering.com\/es\/flowline-connection-systems\/","title":{"rendered":"Sistemas de conexi\u00f3n de l\u00edneas de flujo"},"content":{"rendered":"<a href=\"https:\/\/www.oceaneering.com\/es\/subsea-connection-systems\/#contact\" target=\"_self\" rel=\"noopener\">\n\t\t\t\t\t\t\tDebatir un proyecto\n\t\t\t\t\t<\/a>\n\t\tSistemas de conexi\u00f3n submarina\n<h1>\n\t\tSistemas de conexi\u00f3n de l\u00edneas de flujo\n\t<\/h1>\n\t<p>Nuestros sistemas de conexi\u00f3n de l\u00edneas de flujo ofrecen soluciones de conexi\u00f3n submarina rentables y se basan en nuestra tecnolog\u00eda probada de sellado metal-metal Oceaneering\u00ae Grayloc\u00ae.<\/p>\n<h2>\n\t\tConectores verticales y horizontales \n\t<\/h2>\n\t<p>Nuestros conectores verticales y horizontales utilizan un \u00fanico tornillo de accionamiento y una cubeta de torsi\u00f3n API est\u00e1ndar para su montaje con una herramienta de torsi\u00f3n de veh\u00edculo operado por control remoto (ROV) est\u00e1ndar del sector. El conector de l\u00ednea de flujo vertical no requiere una herramienta de instalaci\u00f3n a medida y ofrece una soluci\u00f3n econ\u00f3mica que requiere menos viajes del ROV para completar las conexiones.<\/p>\n<h3>\n\t\tConforme\n\t<\/h3>\n\t<p>Conforme a API 6A, 17D y 17R<\/p>\n<h3>\n\t\tHuella peque\u00f1a\n\t<\/h3>\n\t<p>Su reducido tama\u00f1o minimiza el espacio ocupado en \u00e1rboles submarinos o infraestructuras<\/p>\n<h3>\n\t\tRentable\n\t<\/h3>\n\t<p>Dise\u00f1o rentable, fiable y probado en la pr\u00e1ctica<\/p>\n<h3>\n\t\tF\u00e1cil instalaci\u00f3n\n\t<\/h3>\n\t<p>Instalaci\u00f3n f\u00e1cil y sin buceadores<\/p>\n<h3>\n\t\tSoluciones disponibles\n\t<\/h3>\n\t<p>Soluciones de puente llave en mano disponibles<\/p>\n<h3>\n\t\tHerramientas disponibles\n\t<\/h3>\n\t<p>Herramientas ROV de intervenci\u00f3n de conectores disponibles<\/p>\n\t\t\t<img decoding=\"async\" src=\"https:\/\/oceaneering.com\/wp-content\/uploads\/2023\/11\/Horizontal-Connection-System-1.jpg\" title=\"Sistema de conexi\u00f3n horizontal\" alt=\"\" \/>\t\t\t\t\t\t\t\n\t\t\t\t\tReproducir v\u00eddeo\n<h3>\n\t\tConector horizontal\n\t<\/h3>\n\t<p>Nuestros conectores de l\u00edneas de flujo operados por ROV permiten una conexi\u00f3n r\u00e1pida y fiable entre tuber\u00edas y l\u00edneas de flujo a nuevos yacimientos de producci\u00f3n o ampliaciones de yacimientos.<\/p>\n\t\t\t<a href=\"https:\/\/oceaneering.canto.com\/download\/document\/qi7tgobjbt08n4pvg1ja2h877v\/original.pdf\" target=\"_blank\" rel=\"noopener\">\n\t\t\t\t\t\t\tSistema de conexi\u00f3n horizontal sin buzo\n\t\t\t\t\t<\/a>\n\t\t\t<img decoding=\"async\" src=\"https:\/\/oceaneering.com\/wp-content\/uploads\/2023\/11\/Vertical-Connection-System-1.jpg\" title=\"Sistema de conexi\u00f3n vertical\" alt=\"Vertical Connection System video thumbnail\" \/>\t\t\t\t\t\t\t\n\t\t\t\t\tReproducir v\u00eddeo\n<h3>\n\t\tConector vertical\n\t<\/h3>\n\t<p>Ate sus l\u00edneas de flujo y tuber\u00edas a las infraestructuras submarinas con nuestros conectores para l\u00edneas de flujo rentables, fiables y f\u00e1ciles de instalar.<\/p>\n\t\t\t<a href=\"https:\/\/oceaneering.canto.com\/download\/document\/ombsm6ok410ntc68ms33s2li7u\/original.pdf\" target=\"_blank\" rel=\"noopener\">\n\t\t\t\t\t\t\tSistema de conexi\u00f3n vertical de l\u00edneas de flujo\n\t\t\t\t\t<\/a>\n\t\t\t\t\t\t\t\t\t<h3>Vea nuestros estudios de casos<\/h3>\n\t\t\t\t\t\t\t\t\t<p>Descubra c\u00f3mo nuestros servicios y tecnolog\u00edas resuelven los retos de nuestros clientes en todo el mundo.<\/p>\n\t\t\t\t\t\t<button>\n\t\t\t\t\t\t\tAnterior\n\t\t\t\t\t\t<\/button>\n\t\t\t\t\t\t<button>\n\t\t\t\t\t\t\tSiguiente\n\t\t\t\t\t\t<\/button>\n\t\t\t\t\t\t\t\t\t\t\t\t\t\t\t<a href=\"\/es\/innovative-subsea-flowline-pressure-containing-clamp-system-reduces-intervention-time-and-cost\/\" target=\"_blank\" rel=\"noopener\">\n\t\t\t\t\t\t\t\t\t\t<img decoding=\"async\" src=\"https:\/\/oceaneering.com\/wp-content\/uploads\/2023\/11\/20211012_221915-1-scaled-1.jpg\" alt=\"\"\/>\n\t\t\t\t\t\t\t\t\t\t<h3>Un innovador sistema de abrazaderas de contenci\u00f3n de la presi\u00f3n de la l\u00ednea de flujo submarina reduce el tiempo y el coste de las intervenciones<\/h3>\n\t\t\t\t\t\t\t\t\t\t<h3>Un innovador sistema de abrazaderas de contenci\u00f3n de la presi\u00f3n de la l\u00ednea de flujo submarina reduce el tiempo y el coste de las intervenciones<\/h3>\n\t\t\t\t\t\t\t\t\t\t<p>La soluci\u00f3n \u00fanica de eliminaci\u00f3n de hidratos permite al cliente acceder y desbloquear eficazmente la l\u00ednea de flujo.<\/p>\n\t\t\t\t\t\t\t\t\t\t\t\tM\u00e1s informaci\u00f3n\n\t\t\t\t\t\t\t\t\t\t\t\t\t\t\t<\/a>\n\t\t\t\t\t\t\t\t\t\t\t\t\t\t\t<a href=\"https:\/\/oceaneering.canto.com\/download\/document\/r11bmat0054f7bk0oo48qno33v\/original.pdf\" target=\"_blank\" rel=\"noopener\">\n\t\t\t\t\t\t\t\t\t\t<img decoding=\"async\" src=\"https:\/\/oceaneering.com\/wp-content\/uploads\/2023\/11\/Case-study.jpg\" alt=\"\"\/>\n\t\t\t\t\t\t\t\t\t\t<h3>Oceaneering finaliza la reparaci\u00f3n de una tuber\u00eda de inyecci\u00f3n de agua en un yacimiento marino de Angola<\/h3>\n\t\t\t\t\t\t\t\t\t\t<h3>Oceaneering finaliza la reparaci\u00f3n de una tuber\u00eda de inyecci\u00f3n de agua en un yacimiento marino de Angola<\/h3>\n\t\t\t\t\t\t\t\t\t\tSuccessful repair enables customer to resume \noperations and enhance production.\n\t\t\t\t\t\t\t\t\t\t\t\tLearn More\n\t\t\t\t\t\t\t\t\t\t\t\t\t\t\t<\/a>\n\t\t\t\t\t\t\t\t\t\t\t\t\t\t\t<a href=\"https:\/\/oceaneering.canto.com\/download\/document\/blhk1da4p12ef5dvlf8mff6j14\/original.pdf\" target=\"_blank\" rel=\"noopener\">\n\t\t\t\t\t\t\t\t\t\t<img decoding=\"async\" src=\"https:\/\/oceaneering.com\/wp-content\/uploads\/2023\/11\/PCRS-5-1.jpg\" alt=\"\"\/>\n\t\t\t\t\t\t\t\t\t\t<h3>Oceaneering finaliza la instalaci\u00f3n de abrazaderas de reparaci\u00f3n de oleoductos<\/h3>\n\t\t\t\t\t\t\t\t\t\t<h3>Oceaneering finaliza la instalaci\u00f3n de abrazaderas de reparaci\u00f3n de oleoductos<\/h3>\n\t\t\t\t\t\t\t\t\t\tProject restores flow to 48 in pipelines off the \ncoast of Singapore.\n\t\t\t\t\t\t\t\t\t\t\t\tLearn More\n\t\t\t\t\t\t\t\t\t\t\t\t\t\t\t<\/a>\n\t\t\t\t\t\t\t\t\t\t\t\t\t\t\t<a href=\"https:\/\/oceaneering.canto.com\/download\/document\/f1ogrum4cd08ne1ovf49dugt34\/original.pdf\" target=\"_blank\" rel=\"noopener\">\n\t\t\t\t\t\t\t\t\t\t<img decoding=\"async\" src=\"https:\/\/oceaneering.com\/wp-content\/uploads\/2023\/11\/image-edited-1.jpg\" alt=\"\"\/>\n\t\t\t\t\t\t\t\t\t\t<h3>Oceaneering suministra un lanzador submarino de cerdos<\/h3>\n\t\t\t\t\t\t\t\t\t\t<h3>Oceaneering suministra un lanzador submarino de cerdos<\/h3>\n\t\t\t\t\t\t\t\t\t\t<p>Un cliente contrat\u00f3 a Oceaneering para dise\u00f1ar, construir y calificar un lanzador submarino reutilizable de Pigs para aguas profundas y el hardware de apoyo asociado. <\/p>\n\t\t\t\t\t\t\t\t\t\t\t\tM\u00e1s informaci\u00f3n\n\t\t\t\t\t\t\t\t\t\t\t\t\t\t\t<\/a>\n\t\t\t\t<img decoding=\"async\" src=\"https:\/\/oceaneering.com\/wp-content\/uploads\/2023\/11\/170531_M5_Connector_V2-1.jpg\" alt=\"170531_M5_Connector_V2-1\" itemprop=\"image\" title=\"170531_M5_Connector_V2-1\" onerror=\"this.style.display='none'\"  \/>\n\t\tWebinar\n<h3>\n\t\tAumente la eficacia y la fiabilidad con soluciones de conexi\u00f3n submarina probadas en la pr\u00e1ctica\n\t<\/h3>\n\t<p><strong>Serie de seminarios web sobre productos energ\u00e9ticos<\/strong><\/p>\n\t<p>El sistema de conexi\u00f3n M5 de Oceaneering, de gran fiabilidad, ofrece una soluci\u00f3n f\u00e1cil de instalar que permite inyectar gas o productos qu\u00edmicos en la infraestructura submarina y sirve como punto de acceso para futuras intervenciones durante la vida del yacimiento.<\/p>\n\t\t\t<a href=\"https:\/\/www.oceaneering.com\/es\/webinars\/boost-efficiency-and-reliability-with-field-proven-subsea-connection-solutions\/\" target=\"_self\" rel=\"noopener\">\n\t\t\t\t\t\t\tVer a la carta\n\t\t\t\t\t<\/a>\n<h1>\n\t\tContacte con nosotros\n\t<\/h1>\n<h2>\n\t\tNuestro equipo de expertos est\u00e1 listo para ayudarle a empezar.\n\t<\/h2>\n\t<p>Oceaneering ofrece los mejores productos y soluciones de su clase, respaldados por una calidad, fiabilidad y asistencia global inigualables. Rellene el formulario de consulta para iniciar una conversaci\u00f3n hoy mismo.<\/p>","protected":false},"excerpt":{"rendered":"<p>Discuta un proyecto Sistemas de conexi\u00f3n submarina Sistemas de conexi\u00f3n de l\u00ednea de flujo Nuestros sistemas de conexi\u00f3n de l\u00ednea de flujo proporcionan soluciones de conexi\u00f3n submarina rentables y se basan en nuestra tecnolog\u00eda probada de sellado metal-metal Oceaneering\u00ae Grayloc\u00ae. Conectores verticales y horizontales Nuestros conectores verticales y horizontales utilizan un \u00fanico tornillo de accionamiento y una cubeta de torsi\u00f3n API est\u00e1ndar para ... <a title=\"Sistemas de conexi\u00f3n de l\u00edneas de flujo\" class=\"read-more\" href=\"https:\/\/www.oceaneering.com\/es\/flowline-connection-systems\/\" aria-label=\"Leer m\u00e1s sobre Sistemas de conexi\u00f3n Flowline\">Seguir leyendo<\/a><\/p>","protected":false},"author":25,"featured_media":0,"parent":0,"menu_order":0,"comment_status":"closed","ping_status":"closed","template":"","meta":{"_acf_changed":false,"footnotes":"","_links_to":"","_links_to_target":""},"product_category":[1431],"search_tags":[1498],"class_list":["post-62465","page","type-page","status-publish","product_category-subsea-connection-systems","search_tags-subsea-connection-system"],"acf":[],"aioseo_notices":[],"_links":{"self":[{"href":"https:\/\/www.oceaneering.com\/es\/wp-json\/wp\/v2\/pages\/62465","targetHints":{"allow":["GET"]}}],"collection":[{"href":"https:\/\/www.oceaneering.com\/es\/wp-json\/wp\/v2\/pages"}],"about":[{"href":"https:\/\/www.oceaneering.com\/es\/wp-json\/wp\/v2\/types\/page"}],"author":[{"embeddable":true,"href":"https:\/\/www.oceaneering.com\/es\/wp-json\/wp\/v2\/users\/25"}],"replies":[{"embeddable":true,"href":"https:\/\/www.oceaneering.com\/es\/wp-json\/wp\/v2\/comments?post=62465"}],"version-history":[{"count":0,"href":"https:\/\/www.oceaneering.com\/es\/wp-json\/wp\/v2\/pages\/62465\/revisions"}],"wp:attachment":[{"href":"https:\/\/www.oceaneering.com\/es\/wp-json\/wp\/v2\/media?parent=62465"}],"wp:term":[{"taxonomy":"product_category","embeddable":true,"href":"https:\/\/www.oceaneering.com\/es\/wp-json\/wp\/v2\/product_category?post=62465"},{"taxonomy":"search_tags","embeddable":true,"href":"https:\/\/www.oceaneering.com\/es\/wp-json\/wp\/v2\/search_tags?post=62465"}],"curies":[{"name":"wp","href":"https:\/\/api.w.org\/{rel}","templated":true}]}}