{"id":61180,"date":"2023-11-09T09:03:35","date_gmt":"2023-11-09T14:03:35","guid":{"rendered":"https:\/\/oceaneering.com\/m5-connection-system\/"},"modified":"2025-10-20T10:21:54","modified_gmt":"2025-10-20T15:21:54","slug":"m5-connection-system","status":"publish","type":"page","link":"https:\/\/www.oceaneering.com\/es\/subsea-connection-systems\/m5-connection-system\/","title":{"rendered":"Sistema de conexi\u00f3n M5"},"content":{"rendered":"<a href=\"https:\/\/www.oceaneering.com\/es\/subsea-connection-systems\/#contact\" target=\"_self\">\n\t\t\t\t\t\t\tDebatir un proyecto\n\t\t\t\t\t<\/a>\n\t\tSistema de conexi\u00f3n submarina\n<h1>\n\t\tSistema de conexi\u00f3n M5\n\t<\/h1>\n\t<p>Nuestro sistema de conexi\u00f3n M5, de gran fiabilidad, ofrece una soluci\u00f3n de conexi\u00f3n f\u00e1cil de instalar que permite inyectar gas o productos qu\u00edmicos en la infraestructura submarina y sirve como punto de acceso para futuras intervenciones durante la vida \u00fatil del yacimiento.<\/p>\n<h2>\n\t\tTecnolog\u00eda de confianza para aplicaciones submarinas\n\t<\/h2>\n\t<p>El conector M5, que integra la inigualable tecnolog\u00eda de estanquidad metal-metal Grayloc, capaz de proporcionar 25 ciclos de apertura y cierre, es adecuado para el despliegue submarino a largo plazo en orientaciones vertical y horizontal, y puede utilizarse en diversas aplicaciones de l\u00edneas de servicio monotubo.<\/p>\n\t<ul>\n\t\t\t\t\t<li>\n\t\t\t\tInyecci\u00f3n de gas\n\t\t\t<\/li>\n\t\t\t\t\t<li>\n\t\t\t\tInyecci\u00f3n qu\u00edmica\n\t\t\t<\/li>\n\t\t\t\t\t<li>\n\t\t\t\tAseguramiento del flujo\n\t\t\t<\/li>\n\t\t\t\t\t<li>\n\t\t\t\tEliminaci\u00f3n de hidratos\n\t\t\t<\/li>\n\t\t\t\t\t<li>\n\t\t\t\tEstimulaci\u00f3n de pozos\n\t\t\t<\/li>\n\t\t\t\t\t<li>\n\t\t\t\tSistemas de instalaci\u00f3n, reparaci\u00f3n y control (IWOCS)\n\t\t\t<\/li>\n\t\t\t<\/ul>\n\t\t\t<a href=\"https:\/\/oceaneering.canto.com\/download\/document\/jiedc11mqh7gv0muna81d7gp6a\/original.pdf\" target=\"_blank\" rel=\"noopener\">\n\t\t\t\t\t\t\tM5 ROV Volable Conector de paso total\n\t\t\t\t\t<\/a>\n\t\t\t\t<img decoding=\"async\" src=\"https:\/\/oceaneering.com\/wp-content\/uploads\/2023\/12\/0468228-M5-Jumper-with-2in-HCR-1-e1652858083675.png\" alt=\"0468228-M5-Jumper-with-2in-HCR-1-e1652858083675\" itemprop=\"image\" title=\"0468228-M5-Jumper-with-2in-HCR-1-e1652858083675\" onerror=\"this.style.display='none'\"  \/>\n\t\t\t<img decoding=\"async\" src=\"https:\/\/oceaneering.com\/wp-content\/uploads\/2023\/12\/M5-video-thumb-1.jpg\" title=\"M5-v\u00eddeo-pulgar-1\" alt=\"\" \/>\t\t\t\t\t\t\t\n\t\t\t\t\tPlay Video\n\t\tConfigurable Design\n<h2>\n\t\tResolvemos sus retos con soluciones personalizadas\n\t<\/h2>\n\t<p>Nuestras soluciones de puentes llave en mano optimizan la gesti\u00f3n de interfaces y la rentabilidad. Est\u00e1n dise\u00f1adas para soportar las fuerzas de los puentes r\u00edgidos e incluyen un mecanismo de enclavamiento basado en nuestras placas de conexi\u00f3n de la serie M, de gran fiabilidad. El sistema de conectores M5 puede suministrarse en una amplia variedad de configuraciones, incluidos diversos tipos y materiales de conductos, en funci\u00f3n de las presiones nominales requeridas.<\/p>\n\t<ul>\n\t\t\t\t\t<li>\n\t\t\t\tTama\u00f1os de orificio: Hasta 3 pulgadas\n\t\t\t<\/li>\n\t\t\t\t\t<li>\n\t\t\t\tApto para ROV: No requiere herramientas especializadas\n\t\t\t<\/li>\n\t\t\t\t\t<li>\n\t\t\t\tEquipos auxiliares disponibles: cubiertas de crecimiento marino, paneles de intervenci\u00f3n, tapones de retenci\u00f3n de fluidos\n\t\t\t<\/li>\n\t\t\t\t\t<li>\n\t\t\t\tConductos: Mangueras termopl\u00e1sticas de alta resistencia al colapso, tubo compuesto, umbilical de tubo de acero agrupado, l\u00ednea de flujo flexible, tubo en espiral.\n\t\t\t<\/li>\n\t\t\t<\/ul>\n<h2>\n\t\tAhorre tiempo y dinero con la sustituci\u00f3n de juntas submarinas\n\t<\/h2>\n\t<p>El dise\u00f1o del conector M5 permite sustituir la junta submarina, lo que elimina la necesidad de recuperar el conector en la superficie para cambiar la junta. El innovador panel de sustituci\u00f3n de juntas submarinas M5 permite la sustituci\u00f3n de juntas submarinas y puede montarse en una jaula de ROV o en una estructura submarina.<\/p>\n\t\t\t<img decoding=\"async\" src=\"https:\/\/oceaneering.com\/wp-content\/uploads\/2023\/12\/M5-video-thumb-ovie2-1.jpg\" title=\"M5-video-thumb-ovie2-1\" alt=\"\" \/>\t\t\t\t\t\t\t\n\t\t\t\t\tReproducir v\u00eddeo\n<h1>\n\t\tContacte con nosotros\n\t<\/h1>\n<h2>\n\t\tNuestro equipo de expertos est\u00e1 listo para ayudarle a empezar.\n\t<\/h2>\n\t<p>Oceaneering ofrece los mejores productos y soluciones de su clase, respaldados por una calidad, fiabilidad y asistencia global inigualables. Rellene el formulario de consulta para iniciar una conversaci\u00f3n hoy mismo.<\/p>","protected":false},"excerpt":{"rendered":"<p>Discutir un proyecto Sistema de conexi\u00f3n submarina Sistema de conexi\u00f3n M5 Nuestro sistema de conexi\u00f3n M5 de gran fiabilidad proporciona una soluci\u00f3n de conexi\u00f3n f\u00e1cil de instalar que permite la inyecci\u00f3n de gas o productos qu\u00edmicos en la infraestructura submarina y sirve como punto de acceso para futuras intervenciones durante la vida \u00fatil del yacimiento. Tecnolog\u00eda de confianza para aplicaciones submarinas Integrando el inigualable sellado metal-metal Grayloc ... <a title=\"Sistema de conexi\u00f3n M5\" class=\"read-more\" href=\"https:\/\/www.oceaneering.com\/es\/subsea-connection-systems\/m5-connection-system\/\" aria-label=\"Leer m\u00e1s sobre Sistema de conexi\u00f3n M5\">Seguir leyendo<\/a><\/p>","protected":false},"author":20,"featured_media":0,"parent":61178,"menu_order":107,"comment_status":"closed","ping_status":"closed","template":"","meta":{"_acf_changed":false,"footnotes":"","_links_to":"","_links_to_target":""},"product_category":[1431],"search_tags":[1498],"class_list":["post-61180","page","type-page","status-publish","product_category-subsea-connection-systems","search_tags-subsea-connection-system"],"acf":[],"aioseo_notices":[],"_links":{"self":[{"href":"https:\/\/www.oceaneering.com\/es\/wp-json\/wp\/v2\/pages\/61180","targetHints":{"allow":["GET"]}}],"collection":[{"href":"https:\/\/www.oceaneering.com\/es\/wp-json\/wp\/v2\/pages"}],"about":[{"href":"https:\/\/www.oceaneering.com\/es\/wp-json\/wp\/v2\/types\/page"}],"author":[{"embeddable":true,"href":"https:\/\/www.oceaneering.com\/es\/wp-json\/wp\/v2\/users\/20"}],"replies":[{"embeddable":true,"href":"https:\/\/www.oceaneering.com\/es\/wp-json\/wp\/v2\/comments?post=61180"}],"version-history":[{"count":2,"href":"https:\/\/www.oceaneering.com\/es\/wp-json\/wp\/v2\/pages\/61180\/revisions"}],"predecessor-version":[{"id":79199,"href":"https:\/\/www.oceaneering.com\/es\/wp-json\/wp\/v2\/pages\/61180\/revisions\/79199"}],"up":[{"embeddable":true,"href":"https:\/\/www.oceaneering.com\/es\/wp-json\/wp\/v2\/pages\/61178"}],"wp:attachment":[{"href":"https:\/\/www.oceaneering.com\/es\/wp-json\/wp\/v2\/media?parent=61180"}],"wp:term":[{"taxonomy":"product_category","embeddable":true,"href":"https:\/\/www.oceaneering.com\/es\/wp-json\/wp\/v2\/product_category?post=61180"},{"taxonomy":"search_tags","embeddable":true,"href":"https:\/\/www.oceaneering.com\/es\/wp-json\/wp\/v2\/search_tags?post=61180"}],"curies":[{"name":"wp","href":"https:\/\/api.w.org\/{rel}","templated":true}]}}