{"id":61175,"date":"2023-11-09T09:02:31","date_gmt":"2023-11-09T14:02:31","guid":{"rendered":"https:\/\/oceaneering.com\/subsea-distribution-solutions\/services\/"},"modified":"2025-10-21T03:59:03","modified_gmt":"2025-10-21T08:59:03","slug":"services","status":"publish","type":"page","link":"https:\/\/www.oceaneering.com\/es\/subsea-distribution-solutions\/services\/","title":{"rendered":"Servicios de distribuci\u00f3n submarina"},"content":{"rendered":"<h1>Servicios de distribuci\u00f3n submarina<\/h1>\r\n<h2>Reducir el riesgo prediciendo el rendimiento<\/h2>\r\n<p>Reduzca los riesgos generales de su proyecto y prediga el rendimiento del producto en condiciones extremas con nuestras avanzadas funciones de modelado y an\u00e1lisis de sistemas. Nuestro experimentado equipo de ingenieros de an\u00e1lisis, equipado con herramientas de hardware y software avanzadas y totalmente validadas, respalda sus proyectos, desde el desarrollo del concepto hasta la entrega.<\/p>\r\n<p><strong>Ofrecemos soluciones integrales.<\/strong><\/p>\r\n<ul>\r\n<li>An\u00e1lisis din\u00e1mico global de tubos ascendentes (umbilicales y flexibles)<\/li>\r\n<li>An\u00e1lisis de tensiones locales en umbilicales (2D y 3D) y estructuras submarinas<\/li>\r\n<li>An\u00e1lisis de interferencias y colisiones<\/li>\r\n<li>An\u00e1lisis t\u00e9rmico<\/li>\r\n<li>An\u00e1lisis el\u00e9ctrico<\/li>\r\n<li>An\u00e1lisis del flujo<\/li>\r\n<\/ul>\r\n<p><img loading=\"lazy\" decoding=\"async\" title=\"Local-Analysis-of-Umbilicals\" src=\"https:\/\/oceaneering.com\/wp-content\/uploads\/2023\/11\/Local-Analysis-of-Umbilicals.png\" alt=\"Local-Analysis-of-Umbilicals\" width=\"539\" height=\"289\" \/> <img loading=\"lazy\" decoding=\"async\" title=\"An\u00e1lisis de hardware-3\" src=\"https:\/\/oceaneering.com\/wp-content\/uploads\/2023\/11\/Analysis-of-Hardware-3.png\" alt=\"Analysis-of-Hardware-3\" width=\"500\" height=\"546\" \/><\/p>\r\n<h2>Pruebas de validaci\u00f3n del dise\u00f1o y an\u00e1lisis de fiabilidad<\/h2>\r\n<p>La simulaci\u00f3n de escenarios cr\u00edticos de instalaci\u00f3n, funcionamiento y recuperaci\u00f3n nos permite validar y optimizar sus soluciones. Nuestros ingenieros utilizan equipos de prueba de \u00faltima generaci\u00f3n para comprender mejor las limitaciones del producto, retroalimentar ese conocimiento en el proceso de dise\u00f1o y mejorar continuamente el rendimiento y la fiabilidad del producto.<\/p>\r\n<p>Se pueden dise\u00f1ar pruebas espec\u00edficas para cada proyecto con el fin de validar una soluci\u00f3n para su entorno previsto. Oceaneering cuenta con los recursos necesarios para realizar todas las pruebas descritas en la norma ISO 13628-5.<\/p>\r\n<p><a href=\"https:\/\/www.oceaneering.com\/es\/global-component-and-product-testing-and-qualification-capabilities\/\" target=\"_self\" rel=\"noopener\"> M\u00e1s informaci\u00f3n <\/a><\/p>\r\n<h2>Instalaci\u00f3n y reparaci\u00f3n de hardware de distribuci\u00f3n submarina<\/h2>\r\n<p>Satisfacemos sus necesidades con los mejores servicios de instalaci\u00f3n, reparaci\u00f3n, mantenimiento y reacondicionamiento de umbilicales.<\/p>\r\n<p>Clientes de todo el mundo conf\u00edan en nosotros para el mantenimiento de sus umbilicales y equipos, independientemente de su tipo, funci\u00f3n o fabricante.<\/p>\r\n<ul>\r\n<li>T\u00e9cnicos desplegables y ubicados en todo el mundo<\/li>\r\n<li>Servicios disponibles para umbilicales de tubo termopl\u00e1stico y de acero<\/li>\r\n<li>Servicio disponible tanto para los umbilicales de producci\u00f3n como para los instalados temporalmente (IWOCS)<\/li>\r\n<li>Comprobaci\u00f3n, lavado e intercambio de fluidos<\/li>\r\n<li>Terminaci\u00f3n y reparaci\u00f3n de mangueras hidr\u00e1ulicas y l\u00edneas el\u00e9ctricas<\/li>\r\n<li>Enrollamiento del cord\u00f3n umbilical para medici\u00f3n o reparaci\u00f3n<\/li>\r\n<li>Reparaci\u00f3n de carretes umbilicales<\/li>\r\n<li>Intercambio de fluidos<\/li>\r\n<\/ul>\r\n<p>Contacte con nosotros<\/p>\r\n<h3>Nuestro equipo de expertos est\u00e1 listo para ayudarle a empezar.<\/h3>\r\n<p>Oceaneering ofrece los mejores productos y soluciones de su clase, respaldados por una calidad, fiabilidad y asistencia global inigualables. Rellene el formulario de consulta para iniciar una conversaci\u00f3n hoy mismo.<\/p>\r\n<p>\"*\" indica campos obligatorios<\/p>\r\n<form id=\"gform_4\" action=\"\/es\/?page_id=61175&#038;fl_builder#gf_4\" enctype=\"multipart\/form-data\" method=\"post\" target=\"gform_ajax_frame_4\" data-formid=\"4\" data-trp-original-action=\"\/?page_id=61175&amp;fl_builder#gf_4\"><fieldset id=\"field_4_1\" data-js-reload=\"field_4_1\"><legend class=\"gfield_label gform-field-label gfield_label_before_complex\">Nombre<\/legend> <input id=\"input_4_1_3\" tabindex=\"201\" name=\"input_1.3\" type=\"text\" value=\"\" aria-required=\"true\" \/> <label class=\"gform-field-label gform-field-label--type-sub\" for=\"input_4_1_3\">En primer lugar<\/label> <input id=\"input_4_1_6\" tabindex=\"203\" name=\"input_1.6\" type=\"text\" value=\"\" aria-required=\"true\" \/> <label class=\"gform-field-label gform-field-label--type-sub\" for=\"input_4_1_6\">\u00daltima<\/label><\/fieldset><label class=\"gfield_label gform-field-label\" for=\"input_4_4\">Tel\u00e9fono<\/label><input id=\"input_4_4\" class=\"large\" tabindex=\"205\" name=\"input_4\" type=\"text\" value=\"\" aria-required=\"true\" aria-invalid=\"false\" \/><label class=\"gfield_label gform-field-label\" for=\"input_4_3\">Correo electr\u00f3nico<\/label> <input id=\"input_4_3\" class=\"large\" tabindex=\"206\" name=\"input_3\" type=\"text\" value=\"\" aria-required=\"true\" aria-invalid=\"false\" \/> <label class=\"gfield_label gform-field-label\" for=\"input_4_5\">Otro<\/label><select id=\"input_4_5\" class=\"large gfield_select\" tabindex=\"207\" name=\"input_5\" aria-invalid=\"false\">\r\n<option class=\"gf_placeholder\" selected=\"selected\" value=\"\">Seleccione uno<\/option>\r\n<option value=\"First Choice\">Primera elecci\u00f3n<\/option>\r\n<option value=\"Second Choice\">Segunda opci\u00f3n<\/option>\r\n<option value=\"Third Choice\">Tercera opci\u00f3n<\/option>\r\n<\/select><label class=\"gfield_label gform-field-label\" for=\"input_4_6\">Otro<\/label><select id=\"input_4_6\" class=\"large gfield_select\" tabindex=\"208\" name=\"input_6\" aria-invalid=\"false\">\r\n<option class=\"gf_placeholder\" selected=\"selected\" value=\"\">Seleccione uno<\/option>\r\n<option value=\"First Choice\">Primera elecci\u00f3n<\/option>\r\n<option value=\"Second Choice\">Segunda opci\u00f3n<\/option>\r\n<option value=\"Third Choice\">Tercera opci\u00f3n<\/option>\r\n<\/select><label class=\"gfield_label gform-field-label\" for=\"input_4_7\">Otro<\/label><input id=\"input_4_7\" class=\"large\" tabindex=\"209\" name=\"input_7\" type=\"text\" value=\"\" aria-invalid=\"false\" \/> <label class=\"gfield_label gform-field-label\" for=\"input_4_8\">Otro<\/label><input id=\"input_4_8\" class=\"large\" tabindex=\"210\" name=\"input_8\" type=\"text\" value=\"\" aria-invalid=\"false\" \/>\r\n<p>Lorem ipsum dolor sit amet, consetetur sadipscing elitr, sed diam nonumy eirmod tempor invidunt ut labore et dolore magna aliquyam erat voluptua.<\/p>\r\n<input id=\"gform_submit_button_4\" class=\"gform_button button\" tabindex=\"211\" type=\"submit\" value=\"Solicitar presupuesto\" \/> <input name=\"gform_ajax\" type=\"hidden\" value=\"form_id=4&amp;title=&amp;description=&amp;tabindex=200\" \/> <input class=\"gform_hidden\" name=\"is_submit_4\" type=\"hidden\" value=\"1\" \/> <input class=\"gform_hidden\" name=\"gform_submit\" type=\"hidden\" value=\"4\" \/> <input class=\"gform_hidden\" name=\"gform_unique_id\" type=\"hidden\" value=\"\" \/> <input class=\"gform_hidden\" name=\"state_4\" type=\"hidden\" value=\"WyJ7XCI1XCI6W1wiZGYzN2E2ZTliYzJkYTVlMjU5ZDBmNDMwMTdlYjVhMGVcIixcImZhNGEwM2ZkMGU0YmYxOGMzYzM3NDhmYWZmMGIzYmJkXCIsXCIxMTAzYTVhMmJlZjQ3NWI5MjRhMmZmYTMyYTNhNzM1N1wiXSxcIjZcIjpbXCJkZjM3YTZlOWJjMmRhNWUyNTlkMGY0MzAxN2ViNWEwZVwiLFwiZmE0YTAzZmQwZTRiZjE4YzNjMzc0OGZhZmYwYjNiYmRcIixcIjExMDNhNWEyYmVmNDc1YjkyNGEyZmZhMzJhM2E3MzU3XCJdfSIsImExMTE4N2U4YmFkMGY5NmE2ZTIxYTQxYTMyMDZjM2E4Il0=\" \/> <input id=\"gform_target_page_number_4\" class=\"gform_hidden\" name=\"gform_target_page_number_4\" type=\"hidden\" value=\"0\" \/> <input id=\"gform_source_page_number_4\" class=\"gform_hidden\" name=\"gform_source_page_number_4\" type=\"hidden\" value=\"1\" \/> <input name=\"gform_field_values\" type=\"hidden\" value=\"\" \/>\r\n<p><label>\u0394<textarea cols=\"45\" maxlength=\"100\" name=\"ak_hp_textarea\" rows=\"8\"><\/textarea><\/label><input id=\"ak_js_1\" name=\"ak_js\" type=\"hidden\" value=\"118\" \/><\/p>\r\n<input type=\"hidden\" name=\"trp-form-language\" value=\"es\"\/><\/form>\r\n<p><iframe id=\"gform_ajax_frame_4\" style=\"display: none; width: 0px; height: 0px;\" title=\"Este iframe contiene la l\u00f3gica necesaria para manejar formularios Gravity con Ajax.\" src=\"about:blank\" name=\"gform_ajax_frame_4\"><\/iframe><\/p>","protected":false},"excerpt":{"rendered":"<p>Servicios de distribuci\u00f3n submarina Reduzca el riesgo prediciendo el rendimiento Reduzca los riesgos generales de su proyecto y prediga el rendimiento del producto en condiciones extremas con nuestras avanzadas capacidades de modelado y an\u00e1lisis de sistemas. Nuestro experimentado equipo de ingenieros de an\u00e1lisis, equipado con herramientas de hardware y software avanzadas y totalmente validadas, respalda sus proyectos, desde el desarrollo del concepto hasta la entrega. Ofrecemos soluciones integrales. Din\u00e1mica ... <a title=\"Servicios de distribuci\u00f3n submarina\" class=\"read-more\" href=\"https:\/\/www.oceaneering.com\/es\/subsea-distribution-solutions\/services\/\" aria-label=\"Leer m\u00e1s sobre Servicios de distribuci\u00f3n submarina\">Seguir leyendo<\/a><\/p>","protected":false},"author":20,"featured_media":0,"parent":61172,"menu_order":104,"comment_status":"closed","ping_status":"closed","template":"","meta":{"_acf_changed":false,"footnotes":"","_links_to":"","_links_to_target":""},"product_category":[1783],"search_tags":[1782],"class_list":["post-61175","page","type-page","status-publish","product_category-subsea-distribution-solutions","search_tags-subsea-distribution-solutions"],"acf":[],"aioseo_notices":[],"_links":{"self":[{"href":"https:\/\/www.oceaneering.com\/es\/wp-json\/wp\/v2\/pages\/61175","targetHints":{"allow":["GET"]}}],"collection":[{"href":"https:\/\/www.oceaneering.com\/es\/wp-json\/wp\/v2\/pages"}],"about":[{"href":"https:\/\/www.oceaneering.com\/es\/wp-json\/wp\/v2\/types\/page"}],"author":[{"embeddable":true,"href":"https:\/\/www.oceaneering.com\/es\/wp-json\/wp\/v2\/users\/20"}],"replies":[{"embeddable":true,"href":"https:\/\/www.oceaneering.com\/es\/wp-json\/wp\/v2\/comments?post=61175"}],"version-history":[{"count":1,"href":"https:\/\/www.oceaneering.com\/es\/wp-json\/wp\/v2\/pages\/61175\/revisions"}],"predecessor-version":[{"id":79221,"href":"https:\/\/www.oceaneering.com\/es\/wp-json\/wp\/v2\/pages\/61175\/revisions\/79221"}],"up":[{"embeddable":true,"href":"https:\/\/www.oceaneering.com\/es\/wp-json\/wp\/v2\/pages\/61172"}],"wp:attachment":[{"href":"https:\/\/www.oceaneering.com\/es\/wp-json\/wp\/v2\/media?parent=61175"}],"wp:term":[{"taxonomy":"product_category","embeddable":true,"href":"https:\/\/www.oceaneering.com\/es\/wp-json\/wp\/v2\/product_category?post=61175"},{"taxonomy":"search_tags","embeddable":true,"href":"https:\/\/www.oceaneering.com\/es\/wp-json\/wp\/v2\/search_tags?post=61175"}],"curies":[{"name":"wp","href":"https:\/\/api.w.org\/{rel}","templated":true}]}}