{"id":61174,"date":"2023-11-09T09:02:30","date_gmt":"2023-11-09T14:02:30","guid":{"rendered":"https:\/\/oceaneering.com\/subsea-distribution-solutions\/products\/"},"modified":"2026-04-10T03:58:12","modified_gmt":"2026-04-10T08:58:12","slug":"products","status":"publish","type":"page","link":"https:\/\/www.oceaneering.com\/es\/subsea-distribution-solutions\/products\/","title":{"rendered":"Productos de distribuci\u00f3n submarina"},"content":{"rendered":"<a href=\"https:\/\/www.oceaneering.com\/es\/subsea-distribution-solutions\/#contact\" target=\"_self\">\n\t\t\t\t\t\t\tDebatir un proyecto\n\t\t\t\t\t<\/a>\n<h1>\n\t\tProductos de distribuci\u00f3n submarina\n\t<\/h1>\n\t<p>Gracias a nuestras instalaciones de fabricaci\u00f3n y a nuestra experiencia en el sector, satisfacemos todas sus necesidades de distribuci\u00f3n submarina con soluciones optimizadas.<\/p>\n\t\t<!-- Comment to fix spacing issue\n\t-->\n\t\tWe have delivered more than0kmof subsea umbilical control systems\n\t<!-- Comment to fix spacing issue\n\t-->\t\n<h2>\n\t\tUmbilicales\n\t<\/h2>\n\t<p>Nuestros umbilicales submarinos proporcionan las conexiones cr\u00edticas entre la arquitectura submarina y distribuyen las funciones de energ\u00eda, control y comunicaci\u00f3n en los entornos m\u00e1s profundos y duros.<\/p>\n\t<ul>\n\t\t\t\t\t<li>\n\t\t\t\tLos dise\u00f1os optimizados y rentables y la selecci\u00f3n de componentes dan como resultado soluciones fiables y duraderas.\n\t\t\t<\/li>\n\t\t\t\t\t<li>\n\t\t\t\tCumplimiento de las normas internacionales y de los clientes\n\t\t\t<\/li>\n\t\t\t\t\t<li>\n\t\t\t\tProductos dise\u00f1ados para aplicaciones en aguas profundas de todo el mundo\n\t\t\t<\/li>\n\t\t\t\t\t<li>\n\t\t\t\tDisponibilidad de todo el sistema, desde la superficie hasta el pozo\n\t\t\t<\/li>\n\t\t\t\t\t<li>\n\t\t\t\tAmplia experiencia en el dise\u00f1o de cables umbilicales para bombas y cables el\u00e9ctricos\n\t\t\t<\/li>\n\t\t\t\t\t<li>\n\t\t\t\tLa cartera de umbilicales para sistemas de instalaci\u00f3n, reacondicionamiento y control (IWOC) m\u00e1s completa del mundo\n\t\t\t<\/li>\n\t\t\t\t\t<li>\n\t\t\t\tDise\u00f1o y fabricaci\u00f3n de arrays y cables de exportaci\u00f3n para el mercado de las energ\u00edas renovables\n\t\t\t<\/li>\n\t\t\t<\/ul>\n\t\t\t\t<img loading=\"lazy\" decoding=\"async\" src=\"https:\/\/www.oceaneering.com\/wp-content\/uploads\/2026\/04\/Umbilical-Render-copy.webp\" alt=\"Umbilical Render copy\" itemprop=\"image\" height=\"893\" width=\"893\" title=\"Umbilical Render copy\" onerror=\"this.style.display='none'\"  \/>\n\t\t\t\t<a href=\"https:\/\/oceaneering.canto.com\/download\/document\/kgf62lojft0gha0hr84gp9665g\/original.pdf\"  target=\"_blank\" rel=\"noopener\"  itemprop=\"url\">\n\t\t\t\t<img loading=\"lazy\" decoding=\"async\" src=\"https:\/\/www.oceaneering.com\/wp-content\/uploads\/2023\/11\/Steel-Tube-umbilical-1.jpeg\" alt=\"Steel-Tube-umbilical-1\" itemprop=\"image\" height=\"850\" width=\"567\" title=\"Tubo de acero-umbilical-1\" onerror=\"this.style.display='none'\"  \/>\n\t\t\t\t<\/a>\n<h3>\n\t\t<a href=\"https:\/\/www.oceaneering.com\/wp-content\/uploads\/2018\/05\/Distribution-unit-right.jpg\" title=\"Umbilicales de tubo de acero\"  target=\"_self\">\n\t\tUmbilicales de tubo de acero\n\t\t<\/a>\n\t<\/h3>\n\t<p>Soluciones intr\u00ednsecamente s\u00f3lidas para el control hidr\u00e1ulico y la inyecci\u00f3n qu\u00edmica<\/p>\n\t\t\t<a href=\"https:\/\/oceaneering.canto.com\/download\/document\/kgf62lojft0gha0hr84gp9665g\/original.pdf\" target=\"_blank\" rel=\"noopener\">\n\t\t\t\t\t\t\tUmbilicales de tubo de acero\n\t\t\t<\/a>\n\t\t\t\t<a href=\"https:\/\/oceaneering.canto.com\/download\/document\/r23makihut0pb75q4r49n1q83t\/original.pdf\"  target=\"_blank\" rel=\"noopener\"  itemprop=\"url\">\n\t\t\t\t<img loading=\"lazy\" decoding=\"async\" src=\"https:\/\/www.oceaneering.com\/wp-content\/uploads\/2023\/11\/Thermoplastic-umbilical.jpeg\" alt=\"Thermoplastic-umbilical\" itemprop=\"image\" height=\"850\" width=\"567\" title=\"Termopl\u00e1stico-umbilical\" onerror=\"this.style.display='none'\"  \/>\n\t\t\t\t<\/a>\n<h3>\n\t\t<a href=\"https:\/\/oceaneering.canto.com\/download\/document\/r23makihut0pb75q4r49n1q83t\/original.pdf\" title=\"Umbilicales de manguera termopl\u00e1stica\"  target=\"_self\">\n\t\tUmbilicales de manguera termopl\u00e1stica\n\t\t<\/a>\n\t<\/h3>\n\t<p>Soluciones fiables y probadas para satisfacer sus necesidades de distribuci\u00f3n submarina<\/p>\n\t\t\t<a href=\"https:\/\/oceaneering.canto.com\/download\/document\/r23makihut0pb75q4r49n1q83t\/original.pdf\" target=\"_blank\" rel=\"noopener\">\n\t\t\t\t\t\t\tUmbilicales de manguera termopl\u00e1stica\n\t\t\t<\/a>\n\t\t\t\t<a href=\"https:\/\/oceaneering.canto.com\/download\/document\/0dt96ep7sl2dvdfjlv49uegd6s\/original.pdf\"  target=\"_blank\" rel=\"noopener\"  itemprop=\"url\">\n\t\t\t\t<img loading=\"lazy\" decoding=\"async\" src=\"https:\/\/www.oceaneering.com\/wp-content\/uploads\/2023\/11\/Power-umbilical-1.jpeg\" alt=\"Power-umbilical-1\" itemprop=\"image\" height=\"850\" width=\"567\" title=\"Potencia-umbilical-1\" onerror=\"this.style.display='none'\"  \/>\n\t\t\t\t<\/a>\n<h3>\n\t\t<a href=\"https:\/\/oceaneering.canto.com\/download\/document\/0dt96ep7sl2dvdfjlv49uegd6s\/original.pdf\" title=\"Cables el\u00e9ctricos\"  target=\"_self\">\n\t\tCables el\u00e9ctricos\n\t\t<\/a>\n\t<\/h3>\n\t<p>Soluciones integradas que proporcionan energ\u00eda el\u00e9ctrica y comunicaciones a la infraestructura submarina<\/p>\n\t\t\t<a href=\"https:\/\/oceaneering.canto.com\/download\/document\/0dt96ep7sl2dvdfjlv49uegd6s\/original.pdf\" target=\"_blank\" rel=\"noopener\">\n\t\t\t\t\t\t\tCables el\u00e9ctricos\n\t\t\t<\/a>\n\t\t\t\t<a href=\"https:\/\/oceaneering.canto.com\/download\/document\/ij6tuada9l0o19m2hm5mhbi821\/original.pdf\"  target=\"_blank\" rel=\"noopener\"  itemprop=\"url\">\n\t\t\t\t<img loading=\"lazy\" decoding=\"async\" src=\"https:\/\/www.oceaneering.com\/wp-content\/uploads\/2023\/11\/IWOCS-umbilical.jpeg\" alt=\"IWOCS-umbilical\" itemprop=\"image\" height=\"850\" width=\"567\" title=\"IWOCS-umbilical\" onerror=\"this.style.display='none'\"  \/>\n\t\t\t\t<\/a>\n<h3>\n\t\t<a href=\"https:\/\/oceaneering.canto.com\/download\/document\/ij6tuada9l0o19m2hm5mhbi821\/original.pdf\" title=\"Umbilicales IWOCS\"  target=\"_self\">\n\t\tUmbilicales IWOCS\n\t\t<\/a>\n\t<\/h3>\n\t<p>Proporcionar conexiones hidr\u00e1ulicas temporales, energ\u00eda el\u00e9ctrica\/control y suministro de productos qu\u00edmicos.<\/p>\n\t\t\t<a href=\"https:\/\/oceaneering.canto.com\/download\/document\/ij6tuada9l0o19m2hm5mhbi821\/original.pdf\" target=\"_blank\" rel=\"noopener\">\n\t\t\t\t\t\t\tUmbilicales IWOCS\n\t\t\t<\/a>\n\t\tSoluciones de conexi\u00f3n multil\u00ednea, de gran caudal y operables por ROV\n<h2>\n\t\tPlacas de conexi\u00f3n de la serie M\n\t<\/h2>\n\t<p>Cumpla los diversos requisitos de sus proyectos con nuestras placas de uni\u00f3n de la serie M con conjuntos fijos, configurables y desmontables. Las placas permiten conectar remotamente estructuras submarinas para apoyar la inyecci\u00f3n de productos qu\u00edmicos evitando el bloqueo del pozo, suministrar energ\u00eda hidr\u00e1ulica para abrir y cerrar v\u00e1lvulas montadas submarinas y facilitar la supervisi\u00f3n de la presi\u00f3n del anillo del pozo.<\/p>\n<p>Nuestras placas de uni\u00f3n se incluyen a menudo en sistemas de cables volantes o en colectores, \u00e1rboles de navidad submarinos y estructuras submarinas.<\/p>\n\t<ul>\n\t\t\t\t\t<li>\n\t\t\t\tDotado de acoplamientos hidr\u00e1ulicos del tama\u00f1o adecuado para garantizar la m\u00e1xima integridad y optimizaci\u00f3n de las funciones\n\t\t\t<\/li>\n\t\t\t\t\t<li>\n\t\t\t\tCurabitur arcu erat accumsan id \n\t\t\t<\/li>\n\t\t\t\t\t<li>\n\t\t\t\tIncorporan un sistema de acoplamiento de pestillos extremadamente fiable, patentado y preroscado para ofrecer una soluci\u00f3n de conexi\u00f3n segura y eficaz.\n\t\t\t<\/li>\n\t\t\t\t\t<li>\n\t\t\t\tLa cartera de productos incluye equipos auxiliares como tapas l\u00f3gicas, tapas de crecimiento marino y placas de prueba y lavado\n\t\t\t<\/li>\n\t\t\t<\/ul>\n\t\t\t<a href=\"https:\/\/oceaneering.canto.com\/download\/document\/riaqrcsjm50871hj3im9r5k46n\/original.pdf\" target=\"_blank\" rel=\"noopener\">\n\t\t\t\t\t\t\tPlacas de uni\u00f3n submarina de la serie M\n\t\t\t\t\t<\/a>\n<h2>\n\t\tUnidades de distribuci\u00f3n submarina\n\t<\/h2>\n\t<p>Los dise\u00f1os espec\u00edficos para proyectos de unidades de distribuci\u00f3n el\u00e9ctrica, unidades de distribuci\u00f3n hidr\u00e1ulica y unidades de distribuci\u00f3n submarina responden a sus retos para una distribuci\u00f3n submarina optimizada de las funciones.<\/p>\n<p>Desplegadas en el fondo marino, las unidades de distribuci\u00f3n se configuran para incluir las interfaces hidr\u00e1ulicas y el\u00e9ctricas que soportan su sistema. De lo rutinario a lo complejo, nuestros ingenieros ofrecen las soluciones m\u00e1s eficaces y s\u00f3lidas para garantizar la producci\u00f3n y el tiempo de actividad.<\/p>\n\t\tConexiones seguras y eficaces entre los equipos de distribuci\u00f3n submarina\n<h2>\n\t\tCables volantes hidr\u00e1ulicos\n\t<\/h2>\n\t<p>Conecte su infraestructura submarina -desde conjuntos de terminaci\u00f3n umbilical (UTA) y colectores hasta \u00e1rboles de Navidad y unidades de distribuci\u00f3n submarinas- utilizando nuestros cables volantes probados en campo. Nuestros cables a\u00e9reos garantizan el transporte seguro y eficaz de fluidos hidr\u00e1ulicos y productos qu\u00edmicos.<\/p>\n<p>La combinaci\u00f3n de una secci\u00f3n de conducto primario -normalmente tubos de acero o mangueras termopl\u00e1sticas- con una soldadura de cabezal de terminaci\u00f3n y la placa de uni\u00f3n necesaria operable por ROV proporciona una funcionalidad completa.<\/p>\n\t<ul>\n\t\t\t\t\t<li>\n\t\t\t\tDise\u00f1os modulares para aplicaciones hidr\u00e1ulicas, electrohidr\u00e1ulicas e h\u00edbridas\n\t\t\t<\/li>\n\t\t\t\t\t<li>\n\t\t\t\tSecciones de conducto agrupadas o extruidas\n\t\t\t<\/li>\n\t\t\t\t\t<li>\n\t\t\t\tROV-friendly\n\t\t\t<\/li>\n\t\t\t\t\t<li>\n\t\t\t\tAmplio historial\n\t\t\t<\/li>\n\t\t\t\t\t<li>\n\t\t\t\tSoluciones para la estiba a largo plazo, el transporte a larga distancia y la instalaci\u00f3n\n\t\t\t<\/li>\n\t\t\t<\/ul>\n\t\t\t<a href=\"https:\/\/oceaneering.canto.com\/download\/document\/1pa0v34emd13rbds4kk63r6c3m\/original.pdf\" target=\"_blank\" rel=\"noopener\">\n\t\t\t\t\t\t\tCables volantes hidr\u00e1ulicos\n\t\t\t<\/a>\n\t\tUtilizaci\u00f3n de piezas est\u00e1ndar para ofrecer soluciones personalizadas\n<h2>\n\t\tConjuntos de terminaci\u00f3n de umbilicales submarinos\n\t<\/h2>\n\t<p>Nuestros conjuntos de terminaci\u00f3n umbilical (UTA) se configuran utilizando componentes modulares para satisfacer los requisitos de su proyecto de soluciones de conexi\u00f3n submarina robustas. Nuestros dise\u00f1os estandarizados y configurables satisfacen los requisitos operativos y de instalaci\u00f3n m\u00e1s exigentes. Tambi\u00e9n ofrecemos UTA de dise\u00f1o personalizado para satisfacer sus requisitos operativos.<\/p>\n<h3>\n\t\t\u00bfPor qu\u00e9 modular?\n\t<\/h3>\n\t<ul>\n\t\t\t\t\t<li>\n\t\t\t\tMejora del calendario gracias a la fabricaci\u00f3n paralela\n\t\t\t<\/li>\n\t\t\t\t\t<li>\n\t\t\t\tMejor acceso para soldadura y montaje\n\t\t\t<\/li>\n\t\t\t\t\t<li>\n\t\t\t\tApoya la finalizaci\u00f3n anticipada de las pruebas de carga y presi\u00f3n\n\t\t\t<\/li>\n\t\t\t\t\t<li>\n\t\t\t\tAplicar inmediatamente las lecciones aprendidas y beneficiarse de la repetibilidad de los dise\u00f1os\n\t\t\t<\/li>\n\t\t\t\t\t<li>\n\t\t\t\tLos paneles laterales configurables ofrecen soluciones de conectividad hidr\u00e1ulica, el\u00e9ctrica y de fibra \u00f3ptica\n\t\t\t<\/li>\n\t\t\t<\/ul>\n\t\t\t<a href=\"https:\/\/oceaneering.canto.com\/download\/document\/o7esiplnqt3lt5cefi0j2o5s0r\/original.pdf\" target=\"_blank\" rel=\"noopener\">\n\t\t\t\t\t\t\tConjunto de terminaci\u00f3n umbilical (UTA)\n\t\t\t\t\t<\/a>\n\t\t\t\t<img decoding=\"async\" src=\"https:\/\/oceaneering.com\/wp-content\/uploads\/2023\/12\/Termination-unit.jpg\" alt=\"Termination-unit\" itemprop=\"image\" title=\"Unidad de terminaci\u00f3n\" onerror=\"this.style.display='none'\"  \/>\n<h2>\n\t\tEquipos auxiliares y hardware de conexi\u00f3n en superficie\n\t<\/h2>\n\t<p>Los sistemas de conexi\u00f3n no est\u00e1n completos sin equipos auxiliares y hardware de superficie. Desde juntas de tubos en I y en J hasta eslabones d\u00e9biles umbilicales, respondemos a los diversos retos de dise\u00f1o que plantean sus sistemas.<\/p>\n\t\t\t\t<a href=\"https:\/\/oceaneering.canto.com\/download\/document\/i5075pl765497cjq572oiq354h\/original.pdf\"  target=\"_blank\" rel=\"noopener\"  itemprop=\"url\">\n\t\t\t\t<img decoding=\"async\" src=\"https:\/\/oceaneering.com\/wp-content\/uploads\/2023\/11\/IJ-Tube-Seals.jpeg\" alt=\"IJ-Tube-Seals\" itemprop=\"image\" title=\"IJ-Tube-Seals\" onerror=\"this.style.display='none'\"  \/>\n\t\t\t\t<\/a>\n<h3>\n\t\t<a href=\"https:\/\/oceaneering.canto.com\/download\/document\/i5075pl765497cjq572oiq354h\/original.pdf\" title=\"Juntas umbilicales de los tubos I y J\"  target=\"_blank\"  rel=\"noopener\">\n\t\tJuntas umbilicales de los tubos I y J\n\t\t<\/a>\n\t<\/h3>\n\t\t\t<a href=\"https:\/\/oceaneering.canto.com\/download\/document\/i5075pl765497cjq572oiq354h\/original.pdf\" target=\"_blank\" rel=\"noopener\">\n\t\t\t\t\t\t\tJuntas de tubo I\/J\n\t\t\t<\/a>\n\t\t\t\t<a href=\"https:\/\/oceaneering.canto.com\/download\/document\/cnp8sjmcjd5ut8k7qcib8r9c5v\/original.pdf\"  target=\"_blank\" rel=\"noopener\"  itemprop=\"url\">\n\t\t\t\t<img decoding=\"async\" src=\"https:\/\/oceaneering.com\/wp-content\/uploads\/2023\/11\/Pull-in-and-hang-off-systems.jpeg\" alt=\"Pull-in-and-hang-off-systems\" itemprop=\"image\" title=\"Sistemas de apertura y cierre\" onerror=\"this.style.display='none'\"  \/>\n\t\t\t\t<\/a>\n<h3>\n\t\t<a href=\"https:\/\/oceaneering.canto.com\/download\/document\/cnp8sjmcjd5ut8k7qcib8r9c5v\/original.pdf\" title=\"Sistemas Pull-In y Hang Off\"  target=\"_blank\"  rel=\"noopener\">\n\t\tSistemas Pull-In y Hang Off\n\t\t<\/a>\n\t<\/h3>\n\t\t\t<a href=\"https:\/\/oceaneering.canto.com\/download\/document\/cnp8sjmcjd5ut8k7qcib8r9c5v\/original.pdf\" target=\"_blank\" rel=\"noopener\">\n\t\t\t\t\t\t\tSistemas Pull-In y Hang Off\n\t\t\t<\/a>\n\t\t\t\t<a href=\"https:\/\/oceaneering.canto.com\/download\/document\/jasm8ugf411pj8mn88a63rqp68\/original.pdf\"  target=\"_blank\" rel=\"noopener\"  itemprop=\"url\">\n\t\t\t\t<img decoding=\"async\" src=\"https:\/\/oceaneering.com\/wp-content\/uploads\/2023\/11\/Subsea-umbilical-termination-interfaces.jpeg\" alt=\"Subsea-umbilical-termination-interfaces\" itemprop=\"image\" title=\"Subsea-umbilical-termination-interfaces\" onerror=\"this.style.display='none'\"  \/>\n\t\t\t\t<\/a>\n<h3>\n\t\t<a href=\"https:\/\/oceaneering.canto.com\/download\/document\/jasm8ugf411pj8mn88a63rqp68\/original.pdf\" title=\"Interfaces de terminaci\u00f3n de umbilicales submarinos\"  target=\"_blank\"  rel=\"noopener\">\n\t\tInterfaces de terminaci\u00f3n de umbilicales submarinos\n\t\t<\/a>\n\t<\/h3>\n\t\t\t<a href=\"https:\/\/oceaneering.canto.com\/download\/document\/jasm8ugf411pj8mn88a63rqp68\/original.pdf\" target=\"_blank\" rel=\"noopener\">\n\t\t\t\t\t\t\tInterfaz de terminaci\u00f3n del cable submarino\n\t\t\t<\/a>\n\t\t\t\t<a href=\"https:\/\/oceaneering.canto.com\/download\/document\/vhdkfvekg136pcq5va56bvbg36\/original.pdf\"  target=\"_blank\" rel=\"noopener\"  itemprop=\"url\">\n\t\t\t\t<img decoding=\"async\" src=\"https:\/\/oceaneering.com\/wp-content\/uploads\/2023\/11\/Umbilical-tie-back.jpeg\" alt=\"Umbilical-tie-back\" itemprop=\"image\" title=\"Umbilical-tie-back\" onerror=\"this.style.display='none'\"  \/>\n\t\t\t\t<\/a>\n<h3>\n\t\t<a href=\"https:\/\/oceaneering.canto.com\/download\/document\/vhdkfvekg136pcq5va56bvbg36\/original.pdf\" title=\"Collares de amarre umbilicales\"  target=\"_blank\"  rel=\"noopener\">\n\t\tCollares de amarre umbilicales\n\t\t<\/a>\n\t<\/h3>\n\t\t\t<a href=\"https:\/\/oceaneering.canto.com\/download\/document\/vhdkfvekg136pcq5va56bvbg36\/original.pdf\" target=\"_blank\" rel=\"noopener\">\n\t\t\t\t\t\t\tCuello Umbilical\n\t\t\t<\/a>\n\t\t\t\t<a href=\"https:\/\/oceaneering.canto.com\/download\/document\/doh2tlq2lh7kr86rcq19v7r770\/original.pdf\"  target=\"_blank\" rel=\"noopener\"  itemprop=\"url\">\n\t\t\t\t<img decoding=\"async\" src=\"https:\/\/oceaneering.com\/wp-content\/uploads\/2023\/11\/Weak-link.jpeg\" alt=\"Weak-link\" itemprop=\"image\" title=\"Enlace d\u00e9bil\" onerror=\"this.style.display='none'\"  \/>\n\t\t\t\t<\/a>\n<h3>\n\t\t<a href=\"https:\/\/oceaneering.canto.com\/download\/document\/doh2tlq2lh7kr86rcq19v7r770\/original.pdf\" title=\"Eslabones d\u00e9biles del umbilical submarino\"  target=\"_blank\"  rel=\"noopener\">\n\t\tEslabones d\u00e9biles del umbilical submarino\n\t\t<\/a>\n\t<\/h3>\n\t\t\t<a href=\"https:\/\/oceaneering.canto.com\/download\/document\/doh2tlq2lh7kr86rcq19v7r770\/original.pdf\" target=\"_blank\" rel=\"noopener\">\n\t\t\t\t\t\t\tEslabones d\u00e9biles\n\t\t\t<\/a>\n<h2>\n\t\tContacte con nosotros\n\t<\/h2>\n<h3>\n\t\tNuestro equipo de expertos est\u00e1 listo para ayudarle a empezar.\n\t<\/h3>\n\t<p>Oceaneering ofrece los mejores productos y soluciones de su clase, respaldados por una calidad, fiabilidad y asistencia global inigualables. Rellene el formulario de consulta para iniciar una conversaci\u00f3n hoy mismo.<\/p>","protected":false},"excerpt":{"rendered":"<p>Discuss a Project Subsea Distribution Products With world-class global manufacturing facilities and industry experience, we meet your complete subsea distribution requirements with optimized solutions. We have delivered more than0kmof subsea umbilical control systems Umbilicals Our subsea umbilicals provide the critical connections between subsea architecture and distribute power, control, and communication functions in the deepest and &#8230; <a title=\"Productos de distribuci\u00f3n submarina\" class=\"read-more\" href=\"https:\/\/www.oceaneering.com\/es\/subsea-distribution-solutions\/products\/\" aria-label=\"Leer m\u00e1s sobre Productos de distribuci\u00f3n submarina\">Seguir leyendo<\/a><\/p>","protected":false},"author":20,"featured_media":0,"parent":61172,"menu_order":103,"comment_status":"closed","ping_status":"closed","template":"","meta":{"_acf_changed":false,"footnotes":"","_links_to":"","_links_to_target":""},"product_category":[1783],"search_tags":[1782,1394],"class_list":["post-61174","page","type-page","status-publish","product_category-subsea-distribution-solutions","search_tags-subsea-distribution-solutions","search_tags-umbilical"],"acf":[],"aioseo_notices":[],"_links":{"self":[{"href":"https:\/\/www.oceaneering.com\/es\/wp-json\/wp\/v2\/pages\/61174","targetHints":{"allow":["GET"]}}],"collection":[{"href":"https:\/\/www.oceaneering.com\/es\/wp-json\/wp\/v2\/pages"}],"about":[{"href":"https:\/\/www.oceaneering.com\/es\/wp-json\/wp\/v2\/types\/page"}],"author":[{"embeddable":true,"href":"https:\/\/www.oceaneering.com\/es\/wp-json\/wp\/v2\/users\/20"}],"replies":[{"embeddable":true,"href":"https:\/\/www.oceaneering.com\/es\/wp-json\/wp\/v2\/comments?post=61174"}],"version-history":[{"count":3,"href":"https:\/\/www.oceaneering.com\/es\/wp-json\/wp\/v2\/pages\/61174\/revisions"}],"predecessor-version":[{"id":82022,"href":"https:\/\/www.oceaneering.com\/es\/wp-json\/wp\/v2\/pages\/61174\/revisions\/82022"}],"up":[{"embeddable":true,"href":"https:\/\/www.oceaneering.com\/es\/wp-json\/wp\/v2\/pages\/61172"}],"wp:attachment":[{"href":"https:\/\/www.oceaneering.com\/es\/wp-json\/wp\/v2\/media?parent=61174"}],"wp:term":[{"taxonomy":"product_category","embeddable":true,"href":"https:\/\/www.oceaneering.com\/es\/wp-json\/wp\/v2\/product_category?post=61174"},{"taxonomy":"search_tags","embeddable":true,"href":"https:\/\/www.oceaneering.com\/es\/wp-json\/wp\/v2\/search_tags?post=61174"}],"curies":[{"name":"wp","href":"https:\/\/api.w.org\/{rel}","templated":true}]}}