{"id":61172,"date":"2023-11-09T09:01:52","date_gmt":"2023-11-09T14:01:52","guid":{"rendered":"https:\/\/oceaneering.com\/subsea-distribution-solutions\/"},"modified":"2026-03-10T07:43:46","modified_gmt":"2026-03-10T12:43:46","slug":"subsea-distribution-solutions","status":"publish","type":"page","link":"https:\/\/www.oceaneering.com\/es\/subsea-distribution-solutions\/","title":{"rendered":"Soluciones de distribuci\u00f3n submarina"},"content":{"rendered":"<h1>Soluciones de distribuci\u00f3n submarina<\/h1>\r\n<p>Reduzca los riesgos en entornos submarinos dif\u00edciles con nuestras rentables soluciones de distribuci\u00f3n submarina dise\u00f1adas espec\u00edficamente para condiciones dif\u00edciles.<\/p>\r\n<h2>Trabajar juntos para reducir riesgos y cumplir requisitos<\/h2>\r\n<p>El compromiso temprano con los clientes garantiza la optimizaci\u00f3n del dise\u00f1o del sistema, la reducci\u00f3n del riesgo del proyecto y el cumplimiento del calendario y los requisitos presupuestarios.<\/p>\r\n<ul>\r\n<li>Los sistemas integrales reducen la gesti\u00f3n de proveedores y el riesgo de los proyectos<\/li>\r\n<li>La experiencia y los conocimientos t\u00e9cnicos se utilizan para suministrar sistemas fiables dise\u00f1ados para grandes profundidades, aguas ultraprofundas y aplicaciones de alta temperatura.<\/li>\r\n<li>La ingenier\u00eda interna global, el an\u00e1lisis, las capacidades de cualificaci\u00f3n y las instalaciones de fabricaci\u00f3n de categor\u00eda mundial hacen que sus sistemas se beneficien de una inversi\u00f3n y una mejora continuas.<\/li>\r\n<li>\u00c9nfasis en la fabricabilidad y el funcionamiento sin mantenimiento durante toda la vida \u00fatil del sistema.<\/li>\r\n<\/ul>\r\n<h2>An\u00e1lisis, pruebas y cualificaci\u00f3n internos<\/h2>\r\n<p>Comprendemos la importancia de sus sistemas de distribuci\u00f3n submarina y ofrecemos soluciones dise\u00f1adas para funcionar eficazmente, sin mantenimiento, durante toda la vida \u00fatil del dise\u00f1o.<\/p>\r\n<p>Ofrecemos tranquilidad y fiabilidad dise\u00f1ando y fabricando sistemas con m\u00e9todos verificados por terceros que nos ayudan a predecir y demostrar el rendimiento de los productos. Las capacidades internas de an\u00e1lisis, pruebas y cualificaci\u00f3n aumentan la confianza en la previsibilidad. Este conocimiento detallado le ofrece la garant\u00eda de que los sistemas funcionar\u00e1n de forma segura y seg\u00fan lo esperado cuando se implanten.<\/p>\r\n<p><a href=\"https:\/\/www.oceaneering.com\/es\/subsea-distribution-solutions\/services\/\" target=\"_self\" rel=\"noopener\"> M\u00e1s informaci\u00f3n <\/a> Contacte con nosotros<\/p>\r\n<h3>Nuestro equipo de expertos est\u00e1 listo para ayudarle a empezar.<\/h3>\r\n<p>Oceaneering ofrece los mejores productos y soluciones de su clase, respaldados por una calidad, fiabilidad y asistencia global inigualables. Rellene el formulario de consulta para iniciar una conversaci\u00f3n hoy mismo.<\/p>\r\n<p>\"*\" indica campos obligatorios<\/p>\r\n<form id=\"gform_4\" action=\"\/es\/?page_id=61172&#038;fl_builder#gf_4\" enctype=\"multipart\/form-data\" method=\"post\" target=\"gform_ajax_frame_4\" data-formid=\"4\" data-trp-original-action=\"\/?page_id=61172&amp;fl_builder#gf_4\"><fieldset id=\"field_4_1\" data-js-reload=\"field_4_1\"><legend class=\"gfield_label gform-field-label gfield_label_before_complex\">Nombre<\/legend> <input id=\"input_4_1_3\" tabindex=\"201\" name=\"input_1.3\" type=\"text\" value=\"\" aria-required=\"true\" \/> <label class=\"gform-field-label gform-field-label--type-sub\" for=\"input_4_1_3\">En primer lugar<\/label> <input id=\"input_4_1_6\" tabindex=\"203\" name=\"input_1.6\" type=\"text\" value=\"\" aria-required=\"true\" \/> <label class=\"gform-field-label gform-field-label--type-sub\" for=\"input_4_1_6\">\u00daltima<\/label><\/fieldset><label class=\"gfield_label gform-field-label\" for=\"input_4_4\">Tel\u00e9fono<\/label><input id=\"input_4_4\" class=\"large\" tabindex=\"205\" name=\"input_4\" type=\"text\" value=\"\" aria-required=\"true\" aria-invalid=\"false\" \/><label class=\"gfield_label gform-field-label\" for=\"input_4_3\">Correo electr\u00f3nico<\/label> <input id=\"input_4_3\" class=\"large\" tabindex=\"206\" name=\"input_3\" type=\"text\" value=\"\" aria-required=\"true\" aria-invalid=\"false\" \/> <label class=\"gfield_label gform-field-label\" for=\"input_4_5\">Otro<\/label><select id=\"input_4_5\" class=\"large gfield_select\" tabindex=\"207\" name=\"input_5\" aria-invalid=\"false\">\r\n<option class=\"gf_placeholder\" selected=\"selected\" value=\"\">Seleccione uno<\/option>\r\n<option value=\"First Choice\">Primera elecci\u00f3n<\/option>\r\n<option value=\"Second Choice\">Segunda opci\u00f3n<\/option>\r\n<option value=\"Third Choice\">Tercera opci\u00f3n<\/option>\r\n<\/select><label class=\"gfield_label gform-field-label\" for=\"input_4_6\">Otro<\/label><select id=\"input_4_6\" class=\"large gfield_select\" tabindex=\"208\" name=\"input_6\" aria-invalid=\"false\">\r\n<option class=\"gf_placeholder\" selected=\"selected\" value=\"\">Seleccione uno<\/option>\r\n<option value=\"First Choice\">Primera elecci\u00f3n<\/option>\r\n<option value=\"Second Choice\">Segunda opci\u00f3n<\/option>\r\n<option value=\"Third Choice\">Tercera opci\u00f3n<\/option>\r\n<\/select><label class=\"gfield_label gform-field-label\" for=\"input_4_7\">Otro<\/label><input id=\"input_4_7\" class=\"large\" tabindex=\"209\" name=\"input_7\" type=\"text\" value=\"\" aria-invalid=\"false\" \/> <label class=\"gfield_label gform-field-label\" for=\"input_4_8\">Otro<\/label><input id=\"input_4_8\" class=\"large\" tabindex=\"210\" name=\"input_8\" type=\"text\" value=\"\" aria-invalid=\"false\" \/>\r\n<p>Lorem ipsum dolor sit amet, consetetur sadipscing elitr, sed diam nonumy eirmod tempor invidunt ut labore et dolore magna aliquyam erat voluptua.<\/p>\r\n<input id=\"gform_submit_button_4\" class=\"gform_button button\" tabindex=\"211\" type=\"submit\" value=\"Solicitar presupuesto\" \/> <input name=\"gform_ajax\" type=\"hidden\" value=\"form_id=4&amp;title=&amp;description=&amp;tabindex=200\" \/> <input class=\"gform_hidden\" name=\"is_submit_4\" type=\"hidden\" value=\"1\" \/> <input class=\"gform_hidden\" name=\"gform_submit\" type=\"hidden\" value=\"4\" \/> <input class=\"gform_hidden\" name=\"gform_unique_id\" type=\"hidden\" value=\"\" \/> <input class=\"gform_hidden\" name=\"state_4\" type=\"hidden\" value=\"WyJ7XCI1XCI6W1wiZGYzN2E2ZTliYzJkYTVlMjU5ZDBmNDMwMTdlYjVhMGVcIixcImZhNGEwM2ZkMGU0YmYxOGMzYzM3NDhmYWZmMGIzYmJkXCIsXCIxMTAzYTVhMmJlZjQ3NWI5MjRhMmZmYTMyYTNhNzM1N1wiXSxcIjZcIjpbXCJkZjM3YTZlOWJjMmRhNWUyNTlkMGY0MzAxN2ViNWEwZVwiLFwiZmE0YTAzZmQwZTRiZjE4YzNjMzc0OGZhZmYwYjNiYmRcIixcIjExMDNhNWEyYmVmNDc1YjkyNGEyZmZhMzJhM2E3MzU3XCJdfSIsImExMTE4N2U4YmFkMGY5NmE2ZTIxYTQxYTMyMDZjM2E4Il0=\" \/> <input id=\"gform_target_page_number_4\" class=\"gform_hidden\" name=\"gform_target_page_number_4\" type=\"hidden\" value=\"0\" \/> <input id=\"gform_source_page_number_4\" class=\"gform_hidden\" name=\"gform_source_page_number_4\" type=\"hidden\" value=\"1\" \/> <input name=\"gform_field_values\" type=\"hidden\" value=\"\" \/>\r\n<p><label>\u0394<textarea cols=\"45\" maxlength=\"100\" name=\"ak_hp_textarea\" rows=\"8\"><\/textarea><\/label><input id=\"ak_js_1\" name=\"ak_js\" type=\"hidden\" value=\"138\" \/><\/p>\r\n<input type=\"hidden\" name=\"trp-form-language\" value=\"es\"\/><\/form>\r\n<p><iframe id=\"gform_ajax_frame_4\" style=\"display: none; width: 0px; height: 0px;\" title=\"Este iframe contiene la l\u00f3gica necesaria para manejar formularios Gravity con Ajax.\" src=\"about:blank\" name=\"gform_ajax_frame_4\"><\/iframe><\/p>","protected":false},"excerpt":{"rendered":"<p>Soluciones de distribuci\u00f3n submarina Reduzca el riesgo en entornos submarinos dif\u00edciles con nuestras rentables soluciones de distribuci\u00f3n submarina dise\u00f1adas espec\u00edficamente para condiciones dif\u00edciles. Trabajando juntos para reducir riesgos y cumplir requisitos El compromiso temprano con los clientes garantiza un dise\u00f1o optimizado del sistema, la reducci\u00f3n del riesgo del proyecto y el cumplimiento de los requisitos de calendario y presupuesto. Los sistemas integrales reducen la gesti\u00f3n de proveedores y el riesgo del proyecto ... <a title=\"Soluciones de distribuci\u00f3n submarina\" class=\"read-more\" href=\"https:\/\/www.oceaneering.com\/es\/subsea-distribution-solutions\/\" aria-label=\"Leer m\u00e1s sobre Soluciones de distribuci\u00f3n submarina\">Seguir leyendo<\/a><\/p>","protected":false},"author":20,"featured_media":0,"parent":0,"menu_order":102,"comment_status":"closed","ping_status":"closed","template":"","meta":{"_acf_changed":false,"footnotes":"","_links_to":"","_links_to_target":""},"product_category":[1783],"search_tags":[1782],"class_list":["post-61172","page","type-page","status-publish","product_category-subsea-distribution-solutions","search_tags-subsea-distribution-solutions"],"acf":[],"aioseo_notices":[],"_links":{"self":[{"href":"https:\/\/www.oceaneering.com\/es\/wp-json\/wp\/v2\/pages\/61172","targetHints":{"allow":["GET"]}}],"collection":[{"href":"https:\/\/www.oceaneering.com\/es\/wp-json\/wp\/v2\/pages"}],"about":[{"href":"https:\/\/www.oceaneering.com\/es\/wp-json\/wp\/v2\/types\/page"}],"author":[{"embeddable":true,"href":"https:\/\/www.oceaneering.com\/es\/wp-json\/wp\/v2\/users\/20"}],"replies":[{"embeddable":true,"href":"https:\/\/www.oceaneering.com\/es\/wp-json\/wp\/v2\/comments?post=61172"}],"version-history":[{"count":1,"href":"https:\/\/www.oceaneering.com\/es\/wp-json\/wp\/v2\/pages\/61172\/revisions"}],"predecessor-version":[{"id":79223,"href":"https:\/\/www.oceaneering.com\/es\/wp-json\/wp\/v2\/pages\/61172\/revisions\/79223"}],"wp:attachment":[{"href":"https:\/\/www.oceaneering.com\/es\/wp-json\/wp\/v2\/media?parent=61172"}],"wp:term":[{"taxonomy":"product_category","embeddable":true,"href":"https:\/\/www.oceaneering.com\/es\/wp-json\/wp\/v2\/product_category?post=61172"},{"taxonomy":"search_tags","embeddable":true,"href":"https:\/\/www.oceaneering.com\/es\/wp-json\/wp\/v2\/search_tags?post=61172"}],"curies":[{"name":"wp","href":"https:\/\/api.w.org\/{rel}","templated":true}]}}