{"id":61171,"date":"2023-11-09T09:01:51","date_gmt":"2023-11-09T14:01:51","guid":{"rendered":"https:\/\/oceaneering.com\/global-component-and-product-testing-and-qualification-capabilities\/"},"modified":"2025-10-21T04:11:36","modified_gmt":"2025-10-21T09:11:36","slug":"global-component-and-product-testing-and-qualification-capabilities","status":"publish","type":"page","link":"https:\/\/www.oceaneering.com\/es\/subsea-distribution-solutions\/global-component-and-product-testing-and-qualification-capabilities\/","title":{"rendered":"Pruebas y cualificaci\u00f3n de productos"},"content":{"rendered":"<p><a href=\"https:\/\/www.oceaneering.com\/es\/subsea-distribution-solutions\/#contact\" target=\"_self\" rel=\"noopener\"> Debatir un proyecto <\/a><\/p>\r\n<h1>Pruebas y cualificaci\u00f3n de productos<\/h1>\r\n<p>Cumplimiento de sus requisitos de cualificaci\u00f3n y aceptaci\u00f3n en f\u00e1brica de componentes y conjuntos submarinos y de superficie.<\/p>\r\n<p>Las instalaciones mundiales de ensayo ayudan a avanzar en el conocimiento y la comprensi\u00f3n general de los productos a partir del an\u00e1lisis de los resultados de los ensayos y los modelos de fiabilidad. De este modo se mejora la toma de decisiones empresariales y se garantiza que los componentes y conjuntos sean seguros y est\u00e9n listos para su uso en el mercado.<\/p>\r\n<p>Ofrecemos programas a medida, equipos de pruebas especializados y amplias capacidades de pruebas internas en nuestras sedes de Kristiansand (Noruega), Niter\u00f3i (Brasil) y Rosyth (Escocia). Los clientes se benefician de nuestra experiencia en programas de pruebas plug-and-play y personalizados de larga duraci\u00f3n.<\/p>\r\n<p><img decoding=\"async\" title=\"Large-Flex-Fatigue-Rig-Rosyth-3\" src=\"https:\/\/oceaneering.com\/wp-content\/uploads\/2023\/11\/Large-Flex-Fatigue-Rig-Rosyth-3.png\" alt=\"Large-Flex-Fatigue-Rig-Rosyth-3\" \/><\/p>\r\n<h2>Capacidades de ensayo<\/h2>\r\n<p>Kristiansand, Noruega<\/p>\r\n<p>Desde peque\u00f1os componentes hasta grandes conjuntos, tanto mec\u00e1nicos como el\u00e9ctricos.<\/p>\r\n<ul>\r\n<li>V\u00e1lvulas hidr\u00e1ulicas de compuerta, de control direccional y de bola<\/li>\r\n<li>Electr\u00f3nica<\/li>\r\n<li>Bidones electr\u00f3nicos<\/li>\r\n<li>Conectores el\u00e9ctricos y penetradores el\u00e9ctricos<\/li>\r\n<li>Soluciones de estanquidad est\u00e1ticas y din\u00e1micas<\/li>\r\n<li>C\u00e1maras<\/li>\r\n<li>Pruebas de veh\u00edculos teledirigidos (ROV) de observaci\u00f3n<\/li>\r\n<\/ul>\r\n<p>Niter\u00f3i (Brasil) y Rosyth (Escocia)<\/p>\r\n<p>Secciones umbilicales, componentes y hardware asociado.<\/p>\r\n<ul>\r\n<li>Prototipos de longitud de los productos umbilicales<\/li>\r\n<li>Aliviadores de tensi\u00f3n de flexi\u00f3n (BSR)<\/li>\r\n<li>Abrazaderas<\/li>\r\n<li>Alambres de acero<\/li>\r\n<li>M\u00f3dulos de flotabilidad<\/li>\r\n<li>Tubos de acero<\/li>\r\n<li>Cables el\u00e9ctricos<\/li>\r\n<li>Cables de fibra \u00f3ptica<\/li>\r\n<li>Conductores de cobre<\/li>\r\n<li>Chaquetas de pol\u00edmero<\/li>\r\n<li>Fibras de aramida<\/li>\r\n<\/ul>\r\n<h2>Asistencia t\u00e9cnica, personal certificado y seguridad sin compromisos<\/h2>\r\n<p>Nuestro compromiso en la fase de dise\u00f1o le proporciona una valiosa orientaci\u00f3n sobre las normas aplicables y los l\u00edmites de dise\u00f1o. Nuestros conocimientos y experiencia en el mercado de la energ\u00eda en alta mar, altamente regulado, nos permiten responder a sus diversas necesidades.<\/p>\r\n<p>Nuestra capacidad para desarrollar programas de ensayo a medida supera la oferta de muchas empresas de ensayo est\u00e1ndar. Entendemos que sus retos son \u00fanicos y respondemos con soluciones de ensayo para satisfacer los requisitos, desde los m\u00e1s rutinarios hasta los m\u00e1s extremos.<\/p>\r\n<h3>Seguridad<\/h3>\r\n<p>La seguridad es nuestra principal prioridad. Nuestros equipos son mantenidos por personal cualificado y las pruebas siguen procedimientos y procesos maduros.<\/p>\r\n<h3>Personal<\/h3>\r\n<p>Las pruebas son realizadas por personal certificado con formaci\u00f3n y experiencia en el equipo utilizado.<\/p>\r\n<h3>Datos<\/h3>\r\n<p>Nos aseguramos de que se recopilan, organizan y preparan los datos correctos para la evaluaci\u00f3n.<\/p>\r\n<h3>Resultados<\/h3>\r\n<p>Nuestras pruebas generan resultados v\u00e1lidos con una precisi\u00f3n y una distribuci\u00f3n de la variabilidad confirmadas.<\/p>\r\n<h1>Contacte con nosotros<\/h1>\r\n<h2>Nuestro equipo de expertos est\u00e1 listo para ayudarle a empezar.<\/h2>\r\n<p>Oceaneering ofrece los mejores productos y soluciones de su clase, respaldados por una calidad, fiabilidad y asistencia global inigualables. Rellene el formulario de consulta para iniciar una conversaci\u00f3n hoy mismo.<\/p>","protected":false},"excerpt":{"rendered":"<p>Discuss a Project Product Testing and Qualification Meeting your requirements for topside and subsea component and assembly qualification and factory acceptance testing. Global testing facilities assist in advancing the overall knowledge and understanding of products based on analysis of test results and reliability models. This supports the ability to make better business decisions, and ensures &#8230; <a title=\"Pruebas y cualificaci\u00f3n de productos\" class=\"read-more\" href=\"https:\/\/www.oceaneering.com\/es\/subsea-distribution-solutions\/global-component-and-product-testing-and-qualification-capabilities\/\" aria-label=\"Leer m\u00e1s sobre Ensayos y cualificaci\u00f3n de productos\">Seguir leyendo<\/a><\/p>","protected":false},"author":20,"featured_media":0,"parent":61172,"menu_order":101,"comment_status":"closed","ping_status":"closed","template":"","meta":{"_acf_changed":false,"footnotes":"","_links_to":"","_links_to_target":""},"product_category":[1783],"search_tags":[1782],"class_list":["post-61171","page","type-page","status-publish","product_category-subsea-distribution-solutions","search_tags-subsea-distribution-solutions"],"acf":[],"aioseo_notices":[],"_links":{"self":[{"href":"https:\/\/www.oceaneering.com\/es\/wp-json\/wp\/v2\/pages\/61171","targetHints":{"allow":["GET"]}}],"collection":[{"href":"https:\/\/www.oceaneering.com\/es\/wp-json\/wp\/v2\/pages"}],"about":[{"href":"https:\/\/www.oceaneering.com\/es\/wp-json\/wp\/v2\/types\/page"}],"author":[{"embeddable":true,"href":"https:\/\/www.oceaneering.com\/es\/wp-json\/wp\/v2\/users\/20"}],"replies":[{"embeddable":true,"href":"https:\/\/www.oceaneering.com\/es\/wp-json\/wp\/v2\/comments?post=61171"}],"version-history":[{"count":1,"href":"https:\/\/www.oceaneering.com\/es\/wp-json\/wp\/v2\/pages\/61171\/revisions"}],"predecessor-version":[{"id":79224,"href":"https:\/\/www.oceaneering.com\/es\/wp-json\/wp\/v2\/pages\/61171\/revisions\/79224"}],"up":[{"embeddable":true,"href":"https:\/\/www.oceaneering.com\/es\/wp-json\/wp\/v2\/pages\/61172"}],"wp:attachment":[{"href":"https:\/\/www.oceaneering.com\/es\/wp-json\/wp\/v2\/media?parent=61171"}],"wp:term":[{"taxonomy":"product_category","embeddable":true,"href":"https:\/\/www.oceaneering.com\/es\/wp-json\/wp\/v2\/product_category?post=61171"},{"taxonomy":"search_tags","embeddable":true,"href":"https:\/\/www.oceaneering.com\/es\/wp-json\/wp\/v2\/search_tags?post=61171"}],"curies":[{"name":"wp","href":"https:\/\/api.w.org\/{rel}","templated":true}]}}