{"id":61163,"date":"2023-11-09T08:58:34","date_gmt":"2023-11-09T13:58:34","guid":{"rendered":"https:\/\/oceaneering.com\/science-and-research\/"},"modified":"2025-11-18T04:55:57","modified_gmt":"2025-11-18T10:55:57","slug":"science-and-research","status":"publish","type":"page","link":"https:\/\/www.oceaneering.com\/es\/science-and-research\/","title":{"rendered":"Ciencia e investigaci\u00f3n"},"content":{"rendered":"<h1>\n\t\tCiencia e investigaci\u00f3n\n\t<\/h1>\n\t<p>Tenemos una larga trayectoria en la resoluci\u00f3n de retos t\u00e9cnicos y operativos para una amplia gama de clientes. Colaboramos con usted para controlar los costes y maximizar la eficiencia operativa.<\/p>\n\n\t\tNuestros equipos adquieren continuamente experiencia y aprenden nuevas lecciones que pueden aplicarse a sus operaciones. Nuestra motivaci\u00f3n no es fomentar nuestras propias misiones de investigaci\u00f3n, sino proporcionarle las tecnolog\u00edas y el personal de categor\u00eda mundial necesarios para alcanzar sus objetivos. Sea cual sea el proyecto, la eficacia y el respeto est\u00e1n en nuestro ADN. A lo largo de la vida de un proyecto, buscamos continuamente oportunidades de mejora, desde la planificaci\u00f3n previa y el dise\u00f1o hasta la movilizaci\u00f3n. Somos el socio comprometido para sus necesidades cient\u00edficas y de investigaci\u00f3n.\n\t\n<h2>\n\t\tPlanificaci\u00f3n previa y log\u00edstica simplificadas\n\t<\/h2>\n\t<p>Para ayudarle a cumplir sus objetivos de investigaci\u00f3n, aprovechamos nuestra presencia mundial y pensamos de forma creativa. Los presupuestos limitados no tienen por qu\u00e9 significar capacidades limitadas. Por ejemplo, nuestros <a href=\"https:\/\/www.oceaneering.com\/es\/subsea-projects\/vessel-fleet\/\">buques multiservicio (MSV)<\/a>, <a href=\"https:\/\/www.oceaneering.com\/es\/rov-services\/\">ROVs<\/a>y <a href=\"https:\/\/www.oceaneering.com\/es\/survey-and-mapping\/geoscience-and-auv-surveys\/\">veh\u00edculos submarinos aut\u00f3nomos (AUV)<\/a> operan en todo el mundo, lo que nos permite ser m\u00e1s estrat\u00e9gicos a la hora de planificar los proyectos. Al identificar los activos que est\u00e1 previsto que se encuentren en su zona de investigaci\u00f3n en un momento dado, reducimos significativamente los costes de env\u00edo y el tiempo de inactividad.<\/p>\n<p>Para aumentar a\u00fan m\u00e1s la eficiencia, ahora podemos enviar kits de equipos cient\u00edficos espec\u00edficos a lugares de todo el mundo. Los kits mejoran nuestros ROV de clase de trabajo existentes, que ya han sido movilizados, para realizar tareas espec\u00edficas de investigaci\u00f3n.<\/p>\n\t\t\t<a href=\"https:\/\/www.oceaneering.com\/es\/subsea-projects\/vessel-fleet\/\" target=\"_self\">\n\t\t\t\t\t\t\tRecipientes\n\t\t\t<\/a>\n\t\t\t<a href=\"https:\/\/www.oceaneering.com\/es\/rov-services\/\" target=\"_self\">\n\t\t\t\t\t\t\tServicios ROV\n\t\t\t<\/a>\n\t\t\t<a href=\"https:\/\/www.oceaneering.com\/es\/positioning-solutions\/\" target=\"_self\">\n\t\t\t\t\t\t\tSoluciones de posicionamiento C-Nav\n\t\t\t<\/a>\n\t\t\t\t<img decoding=\"async\" src=\"https:\/\/oceaneering.com\/wp-content\/uploads\/2023\/11\/Global_Explorer_ROV-800-portrait.jpeg\" alt=\"Global_Explorer_ROV-800-portrait\" itemprop=\"image\" title=\"Global_Explorer_ROV-800-retrato\" onerror=\"this.style.display='none'\"  \/>\n\t\t\t\t<img decoding=\"async\" src=\"https:\/\/oceaneering.com\/wp-content\/uploads\/2023\/11\/ROV-operations2-1.jpeg\" alt=\"ROV-operations2-1\" itemprop=\"image\" title=\"ROV-operaciones2-1\" onerror=\"this.style.display='none'\"  \/>\n<h2>\n\t\tExperimente las ventajas\n\t<\/h2>\n\t<p>Nuestros equipos incluyen expertos en operaci\u00f3n de ROV, topograf\u00eda submarina, an\u00e1lisis de sistemas de informaci\u00f3n geogr\u00e1fica (GIS), gesti\u00f3n de buques, fabricaci\u00f3n y mucho m\u00e1s.<\/p>\n<p>Como l\u00edder mundial en servicios de ROV, nuestros equipos incluyen supervisores de ROV y t\u00e9cnicos de pilotaje altamente cualificados. En comparaci\u00f3n con los pilotos que solo realizan trabajos de investigaci\u00f3n, nuestros t\u00e9cnicos registran muchas m\u00e1s horas de pilotaje al a\u00f1o en una gran variedad de trabajos.<\/p>\n<p>En el \u00e1mbito de la prospecci\u00f3n submarina, nuestro personal aprovecha su experiencia para realizar operaciones m\u00e1s r\u00e1pidas y satisfactorias. Le permitimos alcanzar m\u00e1s objetivos por despliegue, ayud\u00e1ndole a controlar los costes y a mejorar los tiempos de respuesta entre despliegues.<\/p>\n<h2>\n\t\tClase de investigaci\u00f3n y trabajo ROV\n\t<\/h2>\n\t<p>Para realizar prospecciones o capturas de v\u00eddeo con ROV en aguas someras o profundas, utilizamos el ROV Global Explorer, ligero y f\u00e1cil de desplegar. Este veh\u00edculo puede alcanzar los 3.000 m de profundidad y ofrece una claridad de v\u00eddeo y fotograf\u00eda inigualable a cualquier profundidad.<\/p>\n<p>Alternativamente, si el alcance del trabajo lo requiere, podemos utilizar uno de nuestros muchos ROVs de trabajo ligero o de clase de trabajo, adem\u00e1s de nuestros kits cient\u00edficos dedicados. Visite nuestra <a href=\"https:\/\/www.oceaneering.com\/es\/rov-services\/rov-systems\/\">Sistemas ROV<\/a> para conocer la variedad de veh\u00edculos que tenemos listos para trabajar.<\/p>\n\t\t\t<a href=\"https:\/\/www.oceaneering.com\/es\/global-explorer-rov\/\" target=\"_self\">\n\t\t\t\t\t\t\tROV Global Explorer\n\t\t\t<\/a>\n\t\t\t\t<img decoding=\"async\" src=\"https:\/\/oceaneering.com\/wp-content\/uploads\/2023\/11\/ROV_Global_Explorer-edited-1.jpeg\" alt=\"ROV_Global_Explorer-edited-1\" itemprop=\"image\" title=\"ROV_Global_Explorer-edited-1\" onerror=\"this.style.display='none'\"  \/>\n\t\t\t\t<img decoding=\"async\" src=\"https:\/\/oceaneering.com\/wp-content\/uploads\/2023\/11\/AUV-Survey-Landscape-portrait-edited-1-portrait.jpeg\" alt=\"AUV-Survey-Landscape-portrait-edited-1-portrait\" itemprop=\"image\" title=\"AUV-Survey-Paisaje-retrato-editado-1-retrato\" onerror=\"this.style.display='none'\"  \/>\n<h2>\n\t\tProspecci\u00f3n y cartograf\u00eda submarinas\n\t<\/h2>\n\t<p>Ofrecemos una amplia gama de servicios de prospecci\u00f3n, cartograf\u00eda, datos y geociencia. Nuestra amplia cartera de buques (incluido el <a href=\"https:\/\/www.oceaneering.com\/es\/survey-and-mapping\/geoscience-and-auv-surveys\/\">Proyecto DSV Ocean<\/a> y embarcaciones m\u00e1s peque\u00f1as, as\u00ed como AUV) pueden utilizarse en aguas profundas y costeras.<\/p>\n<p>Tambi\u00e9n ofrecemos <a href=\"https:\/\/www.oceaneering.com\/es\/positioning-solutions\/products-and-services\/\">posicionamiento diferencial del sistema mundial de navegaci\u00f3n por sat\u00e9lite (DGNSS)<\/a> y afines <a href=\"https:\/\/www.oceaneering.com\/es\/data-management\/\">servicios de tratamiento de datos<\/a> para proporcionar informaci\u00f3n de misi\u00f3n cr\u00edtica. Conseguir\u00e1 sus objetivos de prospecci\u00f3n bent\u00f3nica, pel\u00e1gica y de filtraciones del fondo marino, arqueolog\u00eda, extracci\u00f3n de testigos y piscicultura con mayor precisi\u00f3n y menos tiempo de inactividad.<\/p>\n<p>Adem\u00e1s, trabajamos con usted para proporcionar documentaci\u00f3n a organismos como el <a href=\"https:\/\/www.boem.gov\/\" target=\"_blank\" rel=\"noopener\">Oficina de Gesti\u00f3n de la Energ\u00eda Oce\u00e1nica (BOEM)<\/a>El <a href=\"https:\/\/www.bsee.gov\/\" target=\"_blank\" rel=\"noopener\">Oficina de Seguridad y Cumplimiento de la Normativa Medioambiental (BSEE)<\/a>y el <a href=\"https:\/\/www.noaa.gov\/\" target=\"_blank\" rel=\"noopener\">Administraci\u00f3n Nacional Oce\u00e1nica y Atmosf\u00e9rica (NOAA)<\/a>.<\/p>\n<h2>\n\t\tSoluciones de datos y comunicaciones\n\t<\/h2>\n\t<p>Nuestros expertos internos en datos dise\u00f1an e implantan soluciones SIG personalizadas que proporcionan una visibilidad precisa de par\u00e1metros como la meteorolog\u00eda y la posici\u00f3n de los buques. Facilitamos la comunicaci\u00f3n de alta velocidad entre los equipos en tierra y en alta mar, lo que aumenta la eficiencia total del proyecto.<\/p>\n<p>Ofrecemos <a href=\"https:\/\/www.oceaneering.com\/es\/data-management\/#videoservices\" rel=\"noopener\">transmisi\u00f3n de v\u00eddeo de alta resoluci\u00f3n<\/a> tanto de c\u00e1maras submarinas desplegadas en ROV como de sistemas a\u00e9reos no tripulados (UAS). Combinado con un almacenamiento de medios f\u00e1cil de usar, proporcionamos un acceso inigualable a los datos de su proyecto.<\/p>\n\t\t\t\t<img decoding=\"async\" src=\"https:\/\/oceaneering.com\/wp-content\/uploads\/2023\/11\/Project-Management2-1-square.jpeg\" alt=\"Project-Management2-1-square\" itemprop=\"image\" title=\"Gesti\u00f3n de proyectos2-1-cuadrado\" onerror=\"this.style.display='none'\"  \/>\n<h2>\n\t\tIngenier\u00eda y gesti\u00f3n de proyectos\n\t<\/h2>\n\t<p>Colaboramos con usted de principio a fin del proyecto. Si necesita equipos personalizados o acceso a lugares de dif\u00edcil acceso, nuestros expertos en ROV, AUV, herramientas y sensores pueden encontrar la soluci\u00f3n.<\/p>\n<p>Utilizamos nuestra experiencia en la gesti\u00f3n de una base global de activos para ayudar a gestionar su proyecto con mayor eficacia. Los miembros de nuestro equipo est\u00e1n disponibles cuando es necesario para planificar previamente las operaciones, resolver los retos log\u00edsticos y movilizar recursos para que su proyecto se mantenga a tiempo y dentro del presupuesto.<\/p>\n\n\t\tContacte con nosotros\n\t\n<h2>\n\t\tNuestro equipo de expertos est\u00e1 listo para ayudarle a empezar.\n\t<\/h2>\n\t<p>Oceaneering ofrece los mejores productos y soluciones de su clase, respaldados por una calidad, fiabilidad y asistencia global inigualables. Rellene el formulario de consulta para iniciar una conversaci\u00f3n hoy mismo.<\/p>","protected":false},"excerpt":{"rendered":"<p>Ciencia e investigaci\u00f3n Contamos con una larga trayectoria en la resoluci\u00f3n de retos t\u00e9cnicos y operativos para una amplia gama de clientes. Colaboramos con usted para controlar los costes y maximizar la eficiencia operativa. Nuestros equipos adquieren experiencia continuamente y aprenden nuevas lecciones que pueden aplicarse a sus operaciones. Nuestra motivaci\u00f3n no es ... <a title=\"Ciencia e investigaci\u00f3n\" class=\"read-more\" href=\"https:\/\/www.oceaneering.com\/es\/science-and-research\/\" aria-label=\"Leer m\u00e1s sobre Ciencia e investigaci\u00f3n\">Seguir leyendo<\/a><\/p>","protected":false},"author":20,"featured_media":0,"parent":0,"menu_order":94,"comment_status":"closed","ping_status":"closed","template":"","meta":{"_acf_changed":false,"footnotes":"","_links_to":"","_links_to_target":""},"product_category":[],"search_tags":[1797],"class_list":["post-61163","page","type-page","status-publish","search_tags-science-and-research"],"acf":[],"aioseo_notices":[],"_links":{"self":[{"href":"https:\/\/www.oceaneering.com\/es\/wp-json\/wp\/v2\/pages\/61163","targetHints":{"allow":["GET"]}}],"collection":[{"href":"https:\/\/www.oceaneering.com\/es\/wp-json\/wp\/v2\/pages"}],"about":[{"href":"https:\/\/www.oceaneering.com\/es\/wp-json\/wp\/v2\/types\/page"}],"author":[{"embeddable":true,"href":"https:\/\/www.oceaneering.com\/es\/wp-json\/wp\/v2\/users\/20"}],"replies":[{"embeddable":true,"href":"https:\/\/www.oceaneering.com\/es\/wp-json\/wp\/v2\/comments?post=61163"}],"version-history":[{"count":2,"href":"https:\/\/www.oceaneering.com\/es\/wp-json\/wp\/v2\/pages\/61163\/revisions"}],"predecessor-version":[{"id":80007,"href":"https:\/\/www.oceaneering.com\/es\/wp-json\/wp\/v2\/pages\/61163\/revisions\/80007"}],"wp:attachment":[{"href":"https:\/\/www.oceaneering.com\/es\/wp-json\/wp\/v2\/media?parent=61163"}],"wp:term":[{"taxonomy":"product_category","embeddable":true,"href":"https:\/\/www.oceaneering.com\/es\/wp-json\/wp\/v2\/product_category?post=61163"},{"taxonomy":"search_tags","embeddable":true,"href":"https:\/\/www.oceaneering.com\/es\/wp-json\/wp\/v2\/search_tags?post=61163"}],"curies":[{"name":"wp","href":"https:\/\/api.w.org\/{rel}","templated":true}]}}