{"id":61162,"date":"2023-11-09T08:58:09","date_gmt":"2023-11-09T13:58:09","guid":{"rendered":"https:\/\/oceaneering.com\/renewable-energy-solutions\/offshore-renewables\/ocean-perception\/"},"modified":"2025-07-23T07:02:31","modified_gmt":"2025-07-23T12:02:31","slug":"ocean-perception","status":"publish","type":"page","link":"https:\/\/www.oceaneering.com\/es\/renewable-energy-solutions\/fixed-offshore-wind\/ocean-perception\/","title":{"rendered":"Percepci\u00f3n del oc\u00e9ano"},"content":{"rendered":"<p><a href=\"https:\/\/www.oceaneering.com\/es\/renewable-energy-solutions\/#contact\" target=\"_self\" rel=\"noopener\"> Debatir un proyecto <\/a><\/p>\r\n<h1>Percepci\u00f3n del oc\u00e9ano\u2122.<\/h1>\r\n<p>Avance en sus operaciones de mitigaci\u00f3n de mam\u00edferos marinos y vigilancia mar\u00edtima.<\/p>\r\n<h2>Innovaci\u00f3n en la vigilancia de mam\u00edferos marinos<\/h2>\r\n<p>Ocean Perception\u2122 es una soluci\u00f3n de software \u00fanica y patentada que integra informaci\u00f3n sobre equipos y sensores en un centro de control basado en el buque, lo que agiliza las operaciones y el conocimiento general de la situaci\u00f3n. La infraestructura de operaciones remotas permite compartir datos con otras partes interesadas en tierra.<\/p>\r\n<p><img decoding=\"async\" title=\"551bedd1dd5f4e47a89fe748d72020dc.800\" src=\"https:\/\/oceaneering.com\/wp-content\/uploads\/2023\/11\/551bedd1dd5f4e47a89fe748d72020dc.800.jpg\" alt=\"\" \/> Reproducir v\u00eddeo<\/p>\r\n<h2>Mejore su r\u00e9gimen de cumplimiento y consiga el m\u00e1ximo conocimiento de la situaci\u00f3n<\/h2>\r\n<p>Ocean Perception ofrece varias ventajas para sus operaciones, como una mayor localizaci\u00f3n de las vocalizaciones de los mam\u00edferos marinos, un mejor cumplimiento de la normativa con la supervisi\u00f3n de la velocidad de los buques y c\u00e1maras t\u00e9rmicas para las operaciones nocturnas.<\/p>\r\n<h3>Optimizaci\u00f3n<\/h3>\r\n<p>Mejore la eficacia operativa con operaciones ininterrumpidas y conocimientos documentables<\/p>\r\n<h3>Rentable<\/h3>\r\n<p>Reduzca costes y riesgos y aumente la colaboraci\u00f3n<\/p>\r\n<h3>Fiabilidad<\/h3>\r\n<p>Aumente la fiabilidad y la precisi\u00f3n con tecnolog\u00eda avanzada y agn\u00f3stica<\/p>\r\n<h3>Conformidad<\/h3>\r\n<p>Verificar el cumplimiento de la normativa con datos rastreables y documentados<\/p>\r\n<h3>Automatizaci\u00f3n<\/h3>\r\n<p>Aproveche las funciones automatizadas de detecci\u00f3n y alarma para proteger a los mam\u00edferos marinos y las operaciones mar\u00edtimas.<\/p>\r\n<h2>Ecosistema de percepci\u00f3n oce\u00e1nica<\/h2>\r\n<p><img decoding=\"async\" src=\"https:\/\/www.oceaneering.com\/wp-content\/uploads\/2024\/02\/220308_Ocean_perception_02-3-2.jpg\" alt=\"\" \/> En tierra<\/p>\r\n<h5>En tierra<br \/>Principales partes interesadas<\/h5>\r\n<p>Conexi\u00f3n por cable de fibra o 4G<\/p>\r\n<h5>Conexi\u00f3n por cable de fibra o 4G<\/h5>\r\n<p>Booy Systems - PAM<\/p>\r\n<h5>Sistemas de boyas - PAM<\/h5>\r\n<p>En alta mar<\/p>\r\n<h5>En alta mar<\/h5>\r\n<h2>La percepci\u00f3n es visualizaci\u00f3n<\/h2>\r\n<p>Ocean Perception\u2122 es una soluci\u00f3n pionera que ofrece visualizaci\u00f3n del r\u00e9gimen y las operaciones de mitigaci\u00f3n para las zonas de vigilancia, los temporizadores de observaci\u00f3n, las detecciones de mam\u00edferos y el tr\u00e1fico de buques.<\/p>\r\n<p>Esta soluci\u00f3n aumenta el conocimiento de la situaci\u00f3n con comportamientos de alarma que ofrecen una mejor mitigaci\u00f3n y coordinaci\u00f3n con todas las partes interesadas del proyecto, tanto en tierra como en alta mar.<\/p>\r\n<p><a href=\"https:\/\/oceaneering.canto.com\/download\/document\/jcjultlbk9355e8sib3up2ra6g\/original.pdf\" target=\"_blank\" rel=\"noopener\"> <img loading=\"lazy\" decoding=\"async\" title=\"Ocean-Perception-brochure-thumb\" src=\"https:\/\/www.oceaneering.com\/wp-content\/uploads\/2024\/09\/Ocean-Perception-brochure-thumb.jpg\" alt=\"Ocean-Perception-brochure-thumb\" width=\"618\" height=\"800\" \/> <\/a> <a href=\"https:\/\/oceaneering.canto.com\/download\/document\/jcjultlbk9355e8sib3up2ra6g\/original.pdf\" target=\"_blank\" rel=\"noopener\"> Ocean Perception\u2122 &#8211; Marine Mammal Mitigation Operations <\/a> <a href=\"https:\/\/oceaneering.canto.com\/download\/document\/920efidofh3tld82cunecmo33e\/original.pdf\" target=\"_blank\" rel=\"noopener\"> <img loading=\"lazy\" decoding=\"async\" title=\"Ocean-percetion---brochure-thumb-2\" src=\"https:\/\/www.oceaneering.com\/wp-content\/uploads\/2024\/09\/Ocean-percetion-brochure-thumb-2.jpg\" alt=\"Ocean-percetion---brochure-thumb-2\" width=\"618\" height=\"800\" \/> <\/a> <a href=\"https:\/\/oceaneering.canto.com\/download\/document\/920efidofh3tld82cunecmo33e\/original.pdf\" target=\"_blank\" rel=\"noopener\"> Ocean Perception\u2122 - Operaciones de vigilancia mar\u00edtima <\/a><\/p>\r\n<h2>Mejore la protecci\u00f3n con tecnolog\u00edas avanzadas<\/h2>\r\n<p>The platform increases protection and awareness by bundling advanced sensor technology, communication links, and data processing and management to support the industry&#8217;s most comprehensive marine wildlife and maritime surveillance operations.<\/p>\r\n<h3>Aumentar la protecci\u00f3n de la fauna marina<\/h3>\r\n<ul>\r\n<li>Detecci\u00f3n fiable de mam\u00edferos hasta 3.000 m con c\u00e1maras t\u00e9rmicas<\/li>\r\n<li>Los sistemas de boyas CAB Guardian ofrecen una mayor localizaci\u00f3n de mam\u00edferos<\/li>\r\n<li>Detecci\u00f3n y seguimiento de mam\u00edferos mediante sensores para la confirmaci\u00f3n de especies<\/li>\r\n<li>Detecci\u00f3n automatizada con IA<\/li>\r\n<\/ul>\r\n<h3>Reducir los efectos operativos<\/h3>\r\n<ul>\r\n<li>Estabilizaci\u00f3n en mar gruesa<\/li>\r\n<li>Visibilidad clara a trav\u00e9s de la oscuridad, la niebla, la lluvia, etc.<\/li>\r\n<li>Opci\u00f3n de infrarrojos t\u00e9rmicos<\/li>\r\n<\/ul>\r\n<h3>Mejora del cumplimiento de la normativa<\/h3>\r\n<ul>\r\n<li>Control AIS de la velocidad de los buques de apoyo<\/li>\r\n<li>Seguimiento en tiempo real de buques con GPS<\/li>\r\n<li>Capacidad de reproducci\u00f3n de confirmaciones de especies<\/li>\r\n<li>Algoritmo de herramienta de telemetr\u00eda para c\u00e1maras t\u00e9rmicas<\/li>\r\n<\/ul>\r\n<h1>Contacte con nosotros<\/h1>\r\n<h2>Nuestro equipo de expertos est\u00e1 listo para ayudarle a empezar.<\/h2>\r\n<p>Oceaneering ofrece los mejores productos y soluciones de su clase, respaldados por una calidad, fiabilidad y asistencia global inigualables. Rellene el formulario de consulta para iniciar una conversaci\u00f3n hoy mismo.<\/p>","protected":false},"excerpt":{"rendered":"<p>Discuss a Project Ocean Perception\u2122 Advance your marine mammal mitigation and maritime surveillance operations. Innovating Marine Mammal Monitoring Ocean Perception\u2122 is a unique, patented software solution that integrates equipment and sensor information into a vessel-based control center, streamlining operations and overall situational awareness. Remote operations infrastructure allows data to be shared with other key stakeholders &#8230; <a title=\"Percepci\u00f3n del oc\u00e9ano\" class=\"read-more\" href=\"https:\/\/www.oceaneering.com\/es\/renewable-energy-solutions\/fixed-offshore-wind\/ocean-perception\/\" aria-label=\"Leer m\u00e1s sobre Percepci\u00f3n de los oc\u00e9anos\">Seguir leyendo<\/a><\/p>","protected":false},"author":20,"featured_media":0,"parent":71741,"menu_order":93,"comment_status":"closed","ping_status":"closed","template":"","meta":{"_acf_changed":false,"footnotes":"","_links_to":"","_links_to_target":""},"product_category":[1159],"search_tags":[1398],"class_list":["post-61162","page","type-page","status-publish","product_category-renewables","search_tags-renewable-energy"],"acf":[],"aioseo_notices":[],"_links":{"self":[{"href":"https:\/\/www.oceaneering.com\/es\/wp-json\/wp\/v2\/pages\/61162","targetHints":{"allow":["GET"]}}],"collection":[{"href":"https:\/\/www.oceaneering.com\/es\/wp-json\/wp\/v2\/pages"}],"about":[{"href":"https:\/\/www.oceaneering.com\/es\/wp-json\/wp\/v2\/types\/page"}],"author":[{"embeddable":true,"href":"https:\/\/www.oceaneering.com\/es\/wp-json\/wp\/v2\/users\/20"}],"replies":[{"embeddable":true,"href":"https:\/\/www.oceaneering.com\/es\/wp-json\/wp\/v2\/comments?post=61162"}],"version-history":[{"count":0,"href":"https:\/\/www.oceaneering.com\/es\/wp-json\/wp\/v2\/pages\/61162\/revisions"}],"up":[{"embeddable":true,"href":"https:\/\/www.oceaneering.com\/es\/wp-json\/wp\/v2\/pages\/71741"}],"wp:attachment":[{"href":"https:\/\/www.oceaneering.com\/es\/wp-json\/wp\/v2\/media?parent=61162"}],"wp:term":[{"taxonomy":"product_category","embeddable":true,"href":"https:\/\/www.oceaneering.com\/es\/wp-json\/wp\/v2\/product_category?post=61162"},{"taxonomy":"search_tags","embeddable":true,"href":"https:\/\/www.oceaneering.com\/es\/wp-json\/wp\/v2\/search_tags?post=61162"}],"curies":[{"name":"wp","href":"https:\/\/api.w.org\/{rel}","templated":true}]}}